{"id":5640,"date":"2025-07-15T14:30:56","date_gmt":"2025-07-15T14:30:56","guid":{"rendered":"https:\/\/mimoravel.com.br\/?post_type=product&#038;p=5640"},"modified":"2025-11-15T21:16:17","modified_gmt":"2025-11-15T21:16:17","slug":"caneca-avos-prepara-o-colinho","status":"publish","type":"product","link":"https:\/\/mimoravel.com.br\/en\/product\/caneca-avos-prepara-o-colinho\/","title":{"rendered":"Caneca Av\u00f3s &#8211; Prepara o colinho!"},"content":{"rendered":"<p>A Caneca Av\u00f3s &#8211; Prepara o colinho \u00e9 um presente em forma de mensagem, uma mensagem que anuncia um dos momentos mais emocionante na vida de uma fam\u00edlia, uma nova folhinha na \u00e1rvore geneal\u00f3gica. Uma grande not\u00edcia para a vov\u00f3 e o vov\u00f4.<\/p>\n<p>Uma cartinha pequena expande a mensagem da caneca, transcrevendo ainda mais emo\u00e7\u00e3o e expectativa. Feita para ser guardada, s\u00e3o palavras hist\u00f3ricas!<\/p>\n<p>Uma caneca com caligrafia autoral, desenhadas por m\u00e3os de quem o cora\u00e7\u00e3o bate por amor, carinho e gratid\u00e3o. \u00c9 a ess\u00eancia da Mimor\u00e1vel.<\/p>\n<h5>Caracter\u00edsticas do produto:<\/h5>\n<p>Caneca de Cer\u00e2mica Branca 325ml<\/p>\n<p>Estampagem por sublima\u00e7\u00e3o<\/p>\n<p>Tampa de Bambu Herm\u00e9tica<\/p>\n<p>Cartinha em colorplus Marfim com fecho de madeira balsa.<\/p>\n<h5>Ocasi\u00f5es:<\/h5>\n<p>Dia dos Av\u00f3s;<\/p>\n<p>Jantar em fam\u00edlia de anuncia\u00e7\u00e3o da gravidez;<\/p>\n<p>Natal em fam\u00edlia;<\/p>\n<p>&nbsp;<\/p>","protected":false},"excerpt":{"rendered":"<p>Escolha se gostaria da caneca com ou sem Tampa de Bambu;<\/p>\n<p>Preencha os campos com a(s) mensagem(ns) da cartinha e o(s) nome(s) do verso da caneca.<\/p>","protected":false},"featured_media":5646,"comment_status":"open","ping_status":"closed","template":"","meta":{"_acf_changed":false,"_joinchat":[]},"product_brand":[],"product_cat":[70],"product_tag":[],"class_list":{"0":"post-5640","1":"product","2":"type-product","3":"status-publish","4":"has-post-thumbnail","6":"product_cat-produto-caneca-personalizada","7":"product_shipping_class-envios","8":"wcpa_has_options","10":"first","11":"onbackorder","12":"taxable","13":"shipping-taxable","14":"purchasable","15":"product-type-variable","swatches":"rey-swatches","show_selected":""},"acf":[],"yoast_head":"<!-- This site is optimized with the Yoast SEO plugin v24.4 - https:\/\/yoast.com\/wordpress\/plugins\/seo\/ -->\n<title>Caneca Av\u00f3s - Prepara o colinho! - mimoravel.com.br<\/title>\n<meta name=\"description\" content=\"A Caneca Av\u00f3s - Prepara o colinho \u00e9 um presente em forma de mensagem, uma mensagem que anuncia um dos momentos mais emocionante na vida de uma fam\u00edlia.\" \/>\n<meta name=\"robots\" content=\"index, follow, max-snippet:-1, max-image-preview:large, max-video-preview:-1\" \/>\n<link rel=\"canonical\" href=\"https:\/\/mimoravel.com.br\/en\/product\/caneca-avos-prepara-o-colinho\/\" \/>\n<meta property=\"og:locale\" content=\"en_US\" \/>\n<meta property=\"og:type\" content=\"article\" \/>\n<meta property=\"og:title\" content=\"Caneca Av\u00f3s - Prepara o colinho! - mimoravel.com.br\" \/>\n<meta property=\"og:description\" content=\"A Caneca Av\u00f3s - Prepara o colinho \u00e9 um presente em forma de mensagem, uma mensagem que anuncia um dos momentos mais emocionante na vida de uma fam\u00edlia.\" \/>\n<meta property=\"og:url\" content=\"https:\/\/mimoravel.com.br\/en\/product\/caneca-avos-prepara-o-colinho\/\" \/>\n<meta property=\"og:site_name\" content=\"mimoravel.com.br\" \/>\n<meta property=\"article:publisher\" content=\"https:\/\/www.instagram.com\/mimoravel_\/\" \/>\n<meta property=\"article:modified_time\" content=\"2025-11-15T21:16:17+00:00\" \/>\n<meta property=\"og:image\" content=\"https:\/\/mimoravel.com.br\/wp-content\/uploads\/2025\/07\/4-_MG_5818.jpg\" \/>\n\t<meta property=\"og:image:width\" content=\"1280\" \/>\n\t<meta property=\"og:image:height\" content=\"1920\" \/>\n\t<meta property=\"og:image:type\" content=\"image\/jpeg\" \/>\n<meta name=\"twitter:card\" content=\"summary_large_image\" \/>\n<meta name=\"twitter:label1\" content=\"Est. reading time\" \/>\n\t<meta name=\"twitter:data1\" content=\"1 minute\" \/>\n<script type=\"application\/ld+json\" class=\"yoast-schema-graph\">{\"@context\":\"https:\/\/schema.org\",\"@graph\":[{\"@type\":\"WebPage\",\"@id\":\"https:\/\/mimoravel.com.br\/product\/caneca-avos-prepara-o-colinho\/\",\"url\":\"https:\/\/mimoravel.com.br\/product\/caneca-avos-prepara-o-colinho\/\",\"name\":\"Caneca Av\u00f3s - Prepara o colinho! - mimoravel.com.br\",\"isPartOf\":{\"@id\":\"https:\/\/mimoravel.com.br\/#website\"},\"primaryImageOfPage\":{\"@id\":\"https:\/\/mimoravel.com.br\/product\/caneca-avos-prepara-o-colinho\/#primaryimage\"},\"image\":{\"@id\":\"https:\/\/mimoravel.com.br\/product\/caneca-avos-prepara-o-colinho\/#primaryimage\"},\"thumbnailUrl\":\"https:\/\/mimoravel.com.br\/wp-content\/uploads\/2025\/07\/4-_MG_5818.jpg\",\"datePublished\":\"2025-07-15T14:30:56+00:00\",\"dateModified\":\"2025-11-15T21:16:17+00:00\",\"description\":\"A Caneca Av\u00f3s - Prepara o colinho \u00e9 um presente em forma de mensagem, uma mensagem que anuncia um dos momentos mais emocionante na vida de uma fam\u00edlia.\",\"breadcrumb\":{\"@id\":\"https:\/\/mimoravel.com.br\/product\/caneca-avos-prepara-o-colinho\/#breadcrumb\"},\"inLanguage\":\"en-US\",\"potentialAction\":[{\"@type\":\"ReadAction\",\"target\":[\"https:\/\/mimoravel.com.br\/product\/caneca-avos-prepara-o-colinho\/\"]}]},{\"@type\":\"ImageObject\",\"inLanguage\":\"en-US\",\"@id\":\"https:\/\/mimoravel.com.br\/product\/caneca-avos-prepara-o-colinho\/#primaryimage\",\"url\":\"https:\/\/mimoravel.com.br\/wp-content\/uploads\/2025\/07\/4-_MG_5818.jpg\",\"contentUrl\":\"https:\/\/mimoravel.com.br\/wp-content\/uploads\/2025\/07\/4-_MG_5818.jpg\",\"width\":1280,\"height\":1920,\"caption\":\"Caneca Av\u00f3s - Prepara o colinho!\"},{\"@type\":\"BreadcrumbList\",\"@id\":\"https:\/\/mimoravel.com.br\/product\/caneca-avos-prepara-o-colinho\/#breadcrumb\",\"itemListElement\":[{\"@type\":\"ListItem\",\"position\":1,\"name\":\"Home\",\"item\":\"https:\/\/mimoravel.com.br\/\"},{\"@type\":\"ListItem\",\"position\":2,\"name\":\"Loja\",\"item\":\"https:\/\/mimoravel.com.br\/loja\/\"},{\"@type\":\"ListItem\",\"position\":3,\"name\":\"Caneca Av\u00f3s &#8211; Prepara o colinho!\"}]},{\"@type\":\"WebSite\",\"@id\":\"https:\/\/mimoravel.com.br\/#website\",\"url\":\"https:\/\/mimoravel.com.br\/\",\"name\":\"mimoravel.com.br\",\"description\":\"\",\"publisher\":{\"@id\":\"https:\/\/mimoravel.com.br\/#organization\"},\"potentialAction\":[{\"@type\":\"SearchAction\",\"target\":{\"@type\":\"EntryPoint\",\"urlTemplate\":\"https:\/\/mimoravel.com.br\/?s={search_term_string}\"},\"query-input\":{\"@type\":\"PropertyValueSpecification\",\"valueRequired\":true,\"valueName\":\"search_term_string\"}}],\"inLanguage\":\"en-US\"},{\"@type\":\"Organization\",\"@id\":\"https:\/\/mimoravel.com.br\/#organization\",\"name\":\"Mimor\u00e1vel\",\"url\":\"https:\/\/mimoravel.com.br\/\",\"logo\":{\"@type\":\"ImageObject\",\"inLanguage\":\"en-US\",\"@id\":\"https:\/\/mimoravel.com.br\/#\/schema\/logo\/image\/\",\"url\":\"https:\/\/mimoravel.com.br\/wp-content\/uploads\/2024\/10\/logo_verde-scaled.webp\",\"contentUrl\":\"https:\/\/mimoravel.com.br\/wp-content\/uploads\/2024\/10\/logo_verde-scaled.webp\",\"width\":2560,\"height\":757,\"caption\":\"Mimor\u00e1vel\"},\"image\":{\"@id\":\"https:\/\/mimoravel.com.br\/#\/schema\/logo\/image\/\"},\"sameAs\":[\"https:\/\/www.instagram.com\/mimoravel_\/\",\"https:\/\/br.pinterest.com\/mimoravel\/\"]}]}<\/script>\n<!-- \/ Yoast SEO plugin. -->","yoast_head_json":{"title":"Caneca Av\u00f3s - Prepara o colinho! - mimoravel.com.br","description":"A Caneca Av\u00f3s - Prepara o colinho \u00e9 um presente em forma de mensagem, uma mensagem que anuncia um dos momentos mais emocionante na vida de uma fam\u00edlia.","robots":{"index":"index","follow":"follow","max-snippet":"max-snippet:-1","max-image-preview":"max-image-preview:large","max-video-preview":"max-video-preview:-1"},"canonical":"https:\/\/mimoravel.com.br\/en\/product\/caneca-avos-prepara-o-colinho\/","og_locale":"en_US","og_type":"article","og_title":"Caneca Av\u00f3s - Prepara o colinho! - mimoravel.com.br","og_description":"A Caneca Av\u00f3s - Prepara o colinho \u00e9 um presente em forma de mensagem, uma mensagem que anuncia um dos momentos mais emocionante na vida de uma fam\u00edlia.","og_url":"https:\/\/mimoravel.com.br\/en\/product\/caneca-avos-prepara-o-colinho\/","og_site_name":"mimoravel.com.br","article_publisher":"https:\/\/www.instagram.com\/mimoravel_\/","article_modified_time":"2025-11-15T21:16:17+00:00","og_image":[{"width":1280,"height":1920,"url":"https:\/\/mimoravel.com.br\/wp-content\/uploads\/2025\/07\/4-_MG_5818.jpg","type":"image\/jpeg"}],"twitter_card":"summary_large_image","twitter_misc":{"Est. reading time":"1 minute"},"schema":{"@context":"https:\/\/schema.org","@graph":[{"@type":"WebPage","@id":"https:\/\/mimoravel.com.br\/product\/caneca-avos-prepara-o-colinho\/","url":"https:\/\/mimoravel.com.br\/product\/caneca-avos-prepara-o-colinho\/","name":"Caneca Av\u00f3s - Prepara o colinho! - mimoravel.com.br","isPartOf":{"@id":"https:\/\/mimoravel.com.br\/#website"},"primaryImageOfPage":{"@id":"https:\/\/mimoravel.com.br\/product\/caneca-avos-prepara-o-colinho\/#primaryimage"},"image":{"@id":"https:\/\/mimoravel.com.br\/product\/caneca-avos-prepara-o-colinho\/#primaryimage"},"thumbnailUrl":"https:\/\/mimoravel.com.br\/wp-content\/uploads\/2025\/07\/4-_MG_5818.jpg","datePublished":"2025-07-15T14:30:56+00:00","dateModified":"2025-11-15T21:16:17+00:00","description":"A Caneca Av\u00f3s - Prepara o colinho \u00e9 um presente em forma de mensagem, uma mensagem que anuncia um dos momentos mais emocionante na vida de uma fam\u00edlia.","breadcrumb":{"@id":"https:\/\/mimoravel.com.br\/product\/caneca-avos-prepara-o-colinho\/#breadcrumb"},"inLanguage":"en-US","potentialAction":[{"@type":"ReadAction","target":["https:\/\/mimoravel.com.br\/product\/caneca-avos-prepara-o-colinho\/"]}]},{"@type":"ImageObject","inLanguage":"en-US","@id":"https:\/\/mimoravel.com.br\/product\/caneca-avos-prepara-o-colinho\/#primaryimage","url":"https:\/\/mimoravel.com.br\/wp-content\/uploads\/2025\/07\/4-_MG_5818.jpg","contentUrl":"https:\/\/mimoravel.com.br\/wp-content\/uploads\/2025\/07\/4-_MG_5818.jpg","width":1280,"height":1920,"caption":"Caneca Av\u00f3s - Prepara o colinho!"},{"@type":"BreadcrumbList","@id":"https:\/\/mimoravel.com.br\/product\/caneca-avos-prepara-o-colinho\/#breadcrumb","itemListElement":[{"@type":"ListItem","position":1,"name":"Home","item":"https:\/\/mimoravel.com.br\/"},{"@type":"ListItem","position":2,"name":"Loja","item":"https:\/\/mimoravel.com.br\/loja\/"},{"@type":"ListItem","position":3,"name":"Caneca Av\u00f3s &#8211; Prepara o colinho!"}]},{"@type":"WebSite","@id":"https:\/\/mimoravel.com.br\/#website","url":"https:\/\/mimoravel.com.br\/","name":"mimoravel.com.br","description":"","publisher":{"@id":"https:\/\/mimoravel.com.br\/#organization"},"potentialAction":[{"@type":"SearchAction","target":{"@type":"EntryPoint","urlTemplate":"https:\/\/mimoravel.com.br\/?s={search_term_string}"},"query-input":{"@type":"PropertyValueSpecification","valueRequired":true,"valueName":"search_term_string"}}],"inLanguage":"en-US"},{"@type":"Organization","@id":"https:\/\/mimoravel.com.br\/#organization","name":"Mimor\u00e1vel","url":"https:\/\/mimoravel.com.br\/","logo":{"@type":"ImageObject","inLanguage":"en-US","@id":"https:\/\/mimoravel.com.br\/#\/schema\/logo\/image\/","url":"https:\/\/mimoravel.com.br\/wp-content\/uploads\/2024\/10\/logo_verde-scaled.webp","contentUrl":"https:\/\/mimoravel.com.br\/wp-content\/uploads\/2024\/10\/logo_verde-scaled.webp","width":2560,"height":757,"caption":"Mimor\u00e1vel"},"image":{"@id":"https:\/\/mimoravel.com.br\/#\/schema\/logo\/image\/"},"sameAs":["https:\/\/www.instagram.com\/mimoravel_\/","https:\/\/br.pinterest.com\/mimoravel\/"]}]}},"_links":{"self":[{"href":"https:\/\/mimoravel.com.br\/en\/wp-json\/wp\/v2\/product\/5640","targetHints":{"allow":["GET"]}}],"collection":[{"href":"https:\/\/mimoravel.com.br\/en\/wp-json\/wp\/v2\/product"}],"about":[{"href":"https:\/\/mimoravel.com.br\/en\/wp-json\/wp\/v2\/types\/product"}],"replies":[{"embeddable":true,"href":"https:\/\/mimoravel.com.br\/en\/wp-json\/wp\/v2\/comments?post=5640"}],"version-history":[{"count":1,"href":"https:\/\/mimoravel.com.br\/en\/wp-json\/wp\/v2\/product\/5640\/revisions"}],"predecessor-version":[{"id":5647,"href":"https:\/\/mimoravel.com.br\/en\/wp-json\/wp\/v2\/product\/5640\/revisions\/5647"}],"wp:featuredmedia":[{"embeddable":true,"href":"https:\/\/mimoravel.com.br\/en\/wp-json\/wp\/v2\/media\/5646"}],"wp:attachment":[{"href":"https:\/\/mimoravel.com.br\/en\/wp-json\/wp\/v2\/media?parent=5640"}],"wp:term":[{"taxonomy":"product_brand","embeddable":true,"href":"https:\/\/mimoravel.com.br\/en\/wp-json\/wp\/v2\/product_brand?post=5640"},{"taxonomy":"product_cat","embeddable":true,"href":"https:\/\/mimoravel.com.br\/en\/wp-json\/wp\/v2\/product_cat?post=5640"},{"taxonomy":"product_tag","embeddable":true,"href":"https:\/\/mimoravel.com.br\/en\/wp-json\/wp\/v2\/product_tag?post=5640"}],"curies":[{"name":"wp","href":"https:\/\/api.w.org\/{rel}","templated":true}]}}