{"id":5631,"date":"2025-07-11T15:46:18","date_gmt":"2025-07-11T15:46:18","guid":{"rendered":"https:\/\/mimoravel.com.br\/?post_type=product&#038;p=5631"},"modified":"2025-11-15T21:16:52","modified_gmt":"2025-11-15T21:16:52","slug":"caneca-dia-dos-pais-pinguins","status":"publish","type":"product","link":"https:\/\/mimoravel.com.br\/en\/product\/caneca-dia-dos-pais-pinguins\/","title":{"rendered":"Caneca Dia dos Pais &#8211; Pinguins"},"content":{"rendered":"<p data-start=\"96\" data-end=\"130\"><strong data-start=\"96\" data-end=\"130\">Caneca Dia dos Pais \u2013 Pinguins<\/strong><\/p>\n<p data-start=\"132\" data-end=\"276\">Para os pais que sempre estiveram presentes, com amor, persist\u00eancia e companheirismo, como os pinguins que aquecem e protegem seus filhotes em meio ao frio durante v\u00e1rias semanas, sem desistir, prezando pela vida do filhote.<\/p>\n<p data-start=\"278\" data-end=\"424\">A estampa autoral Mimor\u00e1vel traz dois pinguins lado a lado, o pai e o filhote cercados por estrelas numa noite fria e a frase:<br data-start=\"370\" data-end=\"373\" \/><strong data-start=\"373\" data-end=\"424\">&#8220;Sempre esteve comigo. Sempre estarei contigo.&#8221; Uma frase que transmite companheirismo, amizade e paternidade.<\/strong><\/p>\n<p data-start=\"426\" data-end=\"532\">Mais do que um presente, essa caneca \u00e9 um s\u00edmbolo de cuidado, prote\u00e7\u00e3o e v\u00ednculo eterno entre pai e filho.<\/p>\n<p data-start=\"534\" data-end=\"728\"><strong data-start=\"534\" data-end=\"557\">Detalhes do produto<\/strong><br data-start=\"557\" data-end=\"560\" \/>\u2013 Caneca branca 325ml<br data-start=\"581\" data-end=\"584\" \/>\u2013 Estampa exclusiva Mimor\u00e1vel<br data-start=\"613\" data-end=\"616\" \/>\u2013 Impress\u00e3o em alta qualidade<br data-start=\"645\" data-end=\"648\" \/>\u2013 J\u00e1 vai pronta para presentear<\/p>","protected":false},"excerpt":{"rendered":"<p>Caneca Dia dos Pais \u2013 Pinguins Para os pais que sempre estiveram presentes, com amor, persist\u00eancia e companheirismo, como os pinguins que aquecem e protegem seus filhotes em meio ao frio durante v\u00e1rias semanas, sem desistir, prezando pela vida do filhote. A estampa autoral Mimor\u00e1vel traz dois pinguins lado a lado, o pai e [&hellip;]<\/p>","protected":false},"featured_media":5634,"comment_status":"open","ping_status":"closed","template":"","meta":{"_acf_changed":false,"_joinchat":[]},"product_brand":[],"product_cat":[70],"product_tag":[],"class_list":{"0":"post-5631","1":"product","2":"type-product","3":"status-publish","4":"has-post-thumbnail","6":"product_cat-produto-caneca-personalizada","7":"product_shipping_class-envios","9":"first","10":"onbackorder","11":"taxable","12":"shipping-taxable","13":"purchasable","14":"product-type-variable","swatches":"rey-swatches","show_selected":""},"acf":[],"yoast_head":"<!-- This site is optimized with the Yoast SEO plugin v24.4 - https:\/\/yoast.com\/wordpress\/plugins\/seo\/ -->\n<title>Caneca Dia dos Pais - Pinguins - mimoravel.com.br<\/title>\n<meta name=\"description\" content=\"Caneca Dia dos Pais - Pinguins, com estampa autoral e frase afetuosa. Um presente autoral Mimor\u00e1vel para pais que sempre estiveram presentes.\" \/>\n<meta name=\"robots\" content=\"index, follow, max-snippet:-1, max-image-preview:large, max-video-preview:-1\" \/>\n<link rel=\"canonical\" href=\"https:\/\/mimoravel.com.br\/en\/product\/caneca-dia-dos-pais-pinguins\/\" \/>\n<meta property=\"og:locale\" content=\"en_US\" \/>\n<meta property=\"og:type\" content=\"article\" \/>\n<meta property=\"og:title\" content=\"Caneca Dia dos Pais - Pinguins - mimoravel.com.br\" \/>\n<meta property=\"og:description\" content=\"Caneca Dia dos Pais - Pinguins, com estampa autoral e frase afetuosa. Um presente autoral Mimor\u00e1vel para pais que sempre estiveram presentes.\" \/>\n<meta property=\"og:url\" content=\"https:\/\/mimoravel.com.br\/en\/product\/caneca-dia-dos-pais-pinguins\/\" \/>\n<meta property=\"og:site_name\" content=\"mimoravel.com.br\" \/>\n<meta property=\"article:publisher\" content=\"https:\/\/www.instagram.com\/mimoravel_\/\" \/>\n<meta property=\"article:modified_time\" content=\"2025-11-15T21:16:52+00:00\" \/>\n<meta property=\"og:image\" content=\"https:\/\/mimoravel.com.br\/wp-content\/uploads\/2025\/07\/20240806155520__MG_9387.jpg\" \/>\n\t<meta property=\"og:image:width\" content=\"1280\" \/>\n\t<meta property=\"og:image:height\" content=\"1920\" \/>\n\t<meta property=\"og:image:type\" content=\"image\/jpeg\" \/>\n<meta name=\"twitter:card\" content=\"summary_large_image\" \/>\n<meta name=\"twitter:label1\" content=\"Est. reading time\" \/>\n\t<meta name=\"twitter:data1\" content=\"1 minute\" \/>\n<script type=\"application\/ld+json\" class=\"yoast-schema-graph\">{\"@context\":\"https:\/\/schema.org\",\"@graph\":[{\"@type\":\"WebPage\",\"@id\":\"https:\/\/mimoravel.com.br\/product\/caneca-dia-dos-pais-pinguins\/\",\"url\":\"https:\/\/mimoravel.com.br\/product\/caneca-dia-dos-pais-pinguins\/\",\"name\":\"Caneca Dia dos Pais - Pinguins - mimoravel.com.br\",\"isPartOf\":{\"@id\":\"https:\/\/mimoravel.com.br\/#website\"},\"primaryImageOfPage\":{\"@id\":\"https:\/\/mimoravel.com.br\/product\/caneca-dia-dos-pais-pinguins\/#primaryimage\"},\"image\":{\"@id\":\"https:\/\/mimoravel.com.br\/product\/caneca-dia-dos-pais-pinguins\/#primaryimage\"},\"thumbnailUrl\":\"https:\/\/mimoravel.com.br\/wp-content\/uploads\/2025\/07\/20240806155520__MG_9387.jpg\",\"datePublished\":\"2025-07-11T15:46:18+00:00\",\"dateModified\":\"2025-11-15T21:16:52+00:00\",\"description\":\"Caneca Dia dos Pais - Pinguins, com estampa autoral e frase afetuosa. Um presente autoral Mimor\u00e1vel para pais que sempre estiveram presentes.\",\"breadcrumb\":{\"@id\":\"https:\/\/mimoravel.com.br\/product\/caneca-dia-dos-pais-pinguins\/#breadcrumb\"},\"inLanguage\":\"en-US\",\"potentialAction\":[{\"@type\":\"ReadAction\",\"target\":[\"https:\/\/mimoravel.com.br\/product\/caneca-dia-dos-pais-pinguins\/\"]}]},{\"@type\":\"ImageObject\",\"inLanguage\":\"en-US\",\"@id\":\"https:\/\/mimoravel.com.br\/product\/caneca-dia-dos-pais-pinguins\/#primaryimage\",\"url\":\"https:\/\/mimoravel.com.br\/wp-content\/uploads\/2025\/07\/20240806155520__MG_9387.jpg\",\"contentUrl\":\"https:\/\/mimoravel.com.br\/wp-content\/uploads\/2025\/07\/20240806155520__MG_9387.jpg\",\"width\":1280,\"height\":1920,\"caption\":\"Caneca Dia dos Pais - Pinguins\"},{\"@type\":\"BreadcrumbList\",\"@id\":\"https:\/\/mimoravel.com.br\/product\/caneca-dia-dos-pais-pinguins\/#breadcrumb\",\"itemListElement\":[{\"@type\":\"ListItem\",\"position\":1,\"name\":\"Home\",\"item\":\"https:\/\/mimoravel.com.br\/\"},{\"@type\":\"ListItem\",\"position\":2,\"name\":\"Loja\",\"item\":\"https:\/\/mimoravel.com.br\/loja\/\"},{\"@type\":\"ListItem\",\"position\":3,\"name\":\"Caneca Dia dos Pais &#8211; Pinguins\"}]},{\"@type\":\"WebSite\",\"@id\":\"https:\/\/mimoravel.com.br\/#website\",\"url\":\"https:\/\/mimoravel.com.br\/\",\"name\":\"mimoravel.com.br\",\"description\":\"\",\"publisher\":{\"@id\":\"https:\/\/mimoravel.com.br\/#organization\"},\"potentialAction\":[{\"@type\":\"SearchAction\",\"target\":{\"@type\":\"EntryPoint\",\"urlTemplate\":\"https:\/\/mimoravel.com.br\/?s={search_term_string}\"},\"query-input\":{\"@type\":\"PropertyValueSpecification\",\"valueRequired\":true,\"valueName\":\"search_term_string\"}}],\"inLanguage\":\"en-US\"},{\"@type\":\"Organization\",\"@id\":\"https:\/\/mimoravel.com.br\/#organization\",\"name\":\"Mimor\u00e1vel\",\"url\":\"https:\/\/mimoravel.com.br\/\",\"logo\":{\"@type\":\"ImageObject\",\"inLanguage\":\"en-US\",\"@id\":\"https:\/\/mimoravel.com.br\/#\/schema\/logo\/image\/\",\"url\":\"https:\/\/mimoravel.com.br\/wp-content\/uploads\/2024\/10\/logo_verde-scaled.webp\",\"contentUrl\":\"https:\/\/mimoravel.com.br\/wp-content\/uploads\/2024\/10\/logo_verde-scaled.webp\",\"width\":2560,\"height\":757,\"caption\":\"Mimor\u00e1vel\"},\"image\":{\"@id\":\"https:\/\/mimoravel.com.br\/#\/schema\/logo\/image\/\"},\"sameAs\":[\"https:\/\/www.instagram.com\/mimoravel_\/\",\"https:\/\/br.pinterest.com\/mimoravel\/\"]}]}<\/script>\n<!-- \/ Yoast SEO plugin. -->","yoast_head_json":{"title":"Caneca Dia dos Pais - Pinguins - mimoravel.com.br","description":"Caneca Dia dos Pais - Pinguins, com estampa autoral e frase afetuosa. Um presente autoral Mimor\u00e1vel para pais que sempre estiveram presentes.","robots":{"index":"index","follow":"follow","max-snippet":"max-snippet:-1","max-image-preview":"max-image-preview:large","max-video-preview":"max-video-preview:-1"},"canonical":"https:\/\/mimoravel.com.br\/en\/product\/caneca-dia-dos-pais-pinguins\/","og_locale":"en_US","og_type":"article","og_title":"Caneca Dia dos Pais - Pinguins - mimoravel.com.br","og_description":"Caneca Dia dos Pais - Pinguins, com estampa autoral e frase afetuosa. Um presente autoral Mimor\u00e1vel para pais que sempre estiveram presentes.","og_url":"https:\/\/mimoravel.com.br\/en\/product\/caneca-dia-dos-pais-pinguins\/","og_site_name":"mimoravel.com.br","article_publisher":"https:\/\/www.instagram.com\/mimoravel_\/","article_modified_time":"2025-11-15T21:16:52+00:00","og_image":[{"width":1280,"height":1920,"url":"https:\/\/mimoravel.com.br\/wp-content\/uploads\/2025\/07\/20240806155520__MG_9387.jpg","type":"image\/jpeg"}],"twitter_card":"summary_large_image","twitter_misc":{"Est. reading time":"1 minute"},"schema":{"@context":"https:\/\/schema.org","@graph":[{"@type":"WebPage","@id":"https:\/\/mimoravel.com.br\/product\/caneca-dia-dos-pais-pinguins\/","url":"https:\/\/mimoravel.com.br\/product\/caneca-dia-dos-pais-pinguins\/","name":"Caneca Dia dos Pais - Pinguins - mimoravel.com.br","isPartOf":{"@id":"https:\/\/mimoravel.com.br\/#website"},"primaryImageOfPage":{"@id":"https:\/\/mimoravel.com.br\/product\/caneca-dia-dos-pais-pinguins\/#primaryimage"},"image":{"@id":"https:\/\/mimoravel.com.br\/product\/caneca-dia-dos-pais-pinguins\/#primaryimage"},"thumbnailUrl":"https:\/\/mimoravel.com.br\/wp-content\/uploads\/2025\/07\/20240806155520__MG_9387.jpg","datePublished":"2025-07-11T15:46:18+00:00","dateModified":"2025-11-15T21:16:52+00:00","description":"Caneca Dia dos Pais - Pinguins, com estampa autoral e frase afetuosa. Um presente autoral Mimor\u00e1vel para pais que sempre estiveram presentes.","breadcrumb":{"@id":"https:\/\/mimoravel.com.br\/product\/caneca-dia-dos-pais-pinguins\/#breadcrumb"},"inLanguage":"en-US","potentialAction":[{"@type":"ReadAction","target":["https:\/\/mimoravel.com.br\/product\/caneca-dia-dos-pais-pinguins\/"]}]},{"@type":"ImageObject","inLanguage":"en-US","@id":"https:\/\/mimoravel.com.br\/product\/caneca-dia-dos-pais-pinguins\/#primaryimage","url":"https:\/\/mimoravel.com.br\/wp-content\/uploads\/2025\/07\/20240806155520__MG_9387.jpg","contentUrl":"https:\/\/mimoravel.com.br\/wp-content\/uploads\/2025\/07\/20240806155520__MG_9387.jpg","width":1280,"height":1920,"caption":"Caneca Dia dos Pais - Pinguins"},{"@type":"BreadcrumbList","@id":"https:\/\/mimoravel.com.br\/product\/caneca-dia-dos-pais-pinguins\/#breadcrumb","itemListElement":[{"@type":"ListItem","position":1,"name":"Home","item":"https:\/\/mimoravel.com.br\/"},{"@type":"ListItem","position":2,"name":"Loja","item":"https:\/\/mimoravel.com.br\/loja\/"},{"@type":"ListItem","position":3,"name":"Caneca Dia dos Pais &#8211; Pinguins"}]},{"@type":"WebSite","@id":"https:\/\/mimoravel.com.br\/#website","url":"https:\/\/mimoravel.com.br\/","name":"mimoravel.com.br","description":"","publisher":{"@id":"https:\/\/mimoravel.com.br\/#organization"},"potentialAction":[{"@type":"SearchAction","target":{"@type":"EntryPoint","urlTemplate":"https:\/\/mimoravel.com.br\/?s={search_term_string}"},"query-input":{"@type":"PropertyValueSpecification","valueRequired":true,"valueName":"search_term_string"}}],"inLanguage":"en-US"},{"@type":"Organization","@id":"https:\/\/mimoravel.com.br\/#organization","name":"Mimor\u00e1vel","url":"https:\/\/mimoravel.com.br\/","logo":{"@type":"ImageObject","inLanguage":"en-US","@id":"https:\/\/mimoravel.com.br\/#\/schema\/logo\/image\/","url":"https:\/\/mimoravel.com.br\/wp-content\/uploads\/2024\/10\/logo_verde-scaled.webp","contentUrl":"https:\/\/mimoravel.com.br\/wp-content\/uploads\/2024\/10\/logo_verde-scaled.webp","width":2560,"height":757,"caption":"Mimor\u00e1vel"},"image":{"@id":"https:\/\/mimoravel.com.br\/#\/schema\/logo\/image\/"},"sameAs":["https:\/\/www.instagram.com\/mimoravel_\/","https:\/\/br.pinterest.com\/mimoravel\/"]}]}},"_links":{"self":[{"href":"https:\/\/mimoravel.com.br\/en\/wp-json\/wp\/v2\/product\/5631","targetHints":{"allow":["GET"]}}],"collection":[{"href":"https:\/\/mimoravel.com.br\/en\/wp-json\/wp\/v2\/product"}],"about":[{"href":"https:\/\/mimoravel.com.br\/en\/wp-json\/wp\/v2\/types\/product"}],"replies":[{"embeddable":true,"href":"https:\/\/mimoravel.com.br\/en\/wp-json\/wp\/v2\/comments?post=5631"}],"version-history":[{"count":1,"href":"https:\/\/mimoravel.com.br\/en\/wp-json\/wp\/v2\/product\/5631\/revisions"}],"predecessor-version":[{"id":5636,"href":"https:\/\/mimoravel.com.br\/en\/wp-json\/wp\/v2\/product\/5631\/revisions\/5636"}],"wp:featuredmedia":[{"embeddable":true,"href":"https:\/\/mimoravel.com.br\/en\/wp-json\/wp\/v2\/media\/5634"}],"wp:attachment":[{"href":"https:\/\/mimoravel.com.br\/en\/wp-json\/wp\/v2\/media?parent=5631"}],"wp:term":[{"taxonomy":"product_brand","embeddable":true,"href":"https:\/\/mimoravel.com.br\/en\/wp-json\/wp\/v2\/product_brand?post=5631"},{"taxonomy":"product_cat","embeddable":true,"href":"https:\/\/mimoravel.com.br\/en\/wp-json\/wp\/v2\/product_cat?post=5631"},{"taxonomy":"product_tag","embeddable":true,"href":"https:\/\/mimoravel.com.br\/en\/wp-json\/wp\/v2\/product_tag?post=5631"}],"curies":[{"name":"wp","href":"https:\/\/api.w.org\/{rel}","templated":true}]}}