{"id":5624,"date":"2025-07-11T15:18:48","date_gmt":"2025-07-11T15:18:48","guid":{"rendered":"https:\/\/mimoravel.com.br\/?post_type=product&#038;p=5624"},"modified":"2025-11-15T21:17:39","modified_gmt":"2025-11-15T21:17:39","slug":"caneca-dia-dos-pais-ultrassom","status":"publish","type":"product","link":"https:\/\/mimoravel.com.br\/en\/product\/caneca-dia-dos-pais-ultrassom\/","title":{"rendered":"Caneca Dia dos Pais &#8211; Ultrassom"},"content":{"rendered":"<p data-start=\"88\" data-end=\"125\"><strong data-start=\"126\" data-end=\"174\">Um presente que emociona antes mesmo do colo. A Caneca Dia dos Pais &#8211; Ultrassom \u00e9 p<\/strong>ara os pais que ainda n\u00e3o seguraram seus beb\u00eas nos bra\u00e7os, mas j\u00e1 os carregam no cora\u00e7\u00e3o<br data-start=\"265\" data-end=\"268\" \/>Essa caneca especial para o Dia dos Pais celebra o primeiro v\u00ednculo, ainda na barriga da mam\u00e3e<br data-start=\"362\" data-end=\"365\" \/>Com caligrafia autoral Mimor\u00e1vel, ela traz duas frases que traduzem esse amor que j\u00e1 \u00e9 real, mesmo antes de nascer<br data-start=\"479\" data-end=\"482\" \/>Na frente, a mensagem \u201cPapai, passei esse Dia dos Pais na barriga da mam\u00e3e, mas no pr\u00f3ximo estarei nos seus bra\u00e7os\u201d<br data-start=\"597\" data-end=\"600\" \/>E no verso, um espa\u00e7o afetuoso para colocar a foto do ultrassom, com a frase \u201cPrepara o colinho, papai\u201d<\/p>\n<p data-start=\"705\" data-end=\"804\">\u00c9 um presente simb\u00f3lico e delicado para surpreender com ternura e marcar para sempre esse momento<\/p>\n<hr data-start=\"806\" data-end=\"809\" \/>\n<p data-start=\"811\" data-end=\"1041\"><strong data-start=\"811\" data-end=\"834\">Detalhes do produto<\/strong><br data-start=\"834\" data-end=\"837\" \/>Caneca branca 325ml com acabamento brilhante<br data-start=\"881\" data-end=\"884\" \/>Caligrafia exclusiva Mimor\u00e1vel<br data-start=\"914\" data-end=\"917\" \/>Espa\u00e7o personalizado para foto do ultrassom<br data-start=\"960\" data-end=\"963\" \/>Impress\u00e3o sublimada de alta durabilidade<br data-start=\"1003\" data-end=\"1006\" \/>J\u00e1 vai para presentear<\/p>\n<hr data-start=\"1043\" data-end=\"1046\" \/>\n<p data-start=\"1048\" data-end=\"1206\"><strong data-start=\"1048\" data-end=\"1069\">Quando presentear<\/strong><br data-start=\"1069\" data-end=\"1072\" \/>No Dia dos Pais durante a gesta\u00e7\u00e3o<br data-start=\"1106\" data-end=\"1109\" \/>Para revelar a gravidez de forma emocionante<br data-start=\"1153\" data-end=\"1156\" \/>Como lembran\u00e7a do primeiro Dia dos Pais vivenciado<\/p>","protected":false},"excerpt":{"rendered":"<p>Preencha abaixo o formul\u00e1rio para enviar a imagem da ultrassom:<br \/>\nClique em [choose flie] para carregar a imagem.<br \/>\nAp\u00f3s o carregamento, clique em [Enviar fotos].<\/p>\n<div class=\"forminator-ui forminator-custom-form forminator-custom-form-5629 forminator-design--default  forminator_ajax\" data-forminator-render=\"0\" data-form=\"forminator-module-5629\" data-uid=\"69f4bfad460b9\"><\/div>\n<form\n\t\t\t\tid=\"forminator-module-5629\"\n\t\t\t\tclass=\"forminator-ui forminator-custom-form forminator-custom-form-5629 forminator-design--default  forminator_ajax\"\n\t\t\t\tmethod=\"post\"\n\t\t\t\tdata-forminator-render=\"0\"\n\t\t\t\tdata-form-id=\"5629\"\n\t\t\t\t\n\t\t\t\tdata-design=\"default\"\n\t\t\t\t\n\t\t\t\t\n\t\t\t\t\n\t\t\t\tdata-grid=\"open\"\n\t\t\t\tenctype=\"multipart\/form-data\"\n\t\t\t\t\n\t\t\t\tstyle=\"display: none;\"\n\t\t\t\t\n\t\t\t\tdata-uid=\"69f4bfad460b9\" action=\"\"\n\t\t\t><\/p>\n<div role=\"alert\" aria-live=\"polite\" class=\"forminator-response-message forminator-error\" aria-hidden=\"true\"><\/div>\n<div class=\"forminator-row\">\n<div id=\"name-1\" class=\"forminator-field-name forminator-col forminator-col-12\">\n<div class=\"forminator-field\"><label for=\"forminator-field-name-1_69f4bfad460b9\" id=\"forminator-field-name-1_69f4bfad460b9-label\" class=\"forminator-label\">Nome completo <span class=\"forminator-required\">*<\/span><\/label><span id=\"forminator-field-name-1_69f4bfad460b9-description\" class=\"forminator-description\">Nos ajude a identificar seu pedido! Pode ser o nome usado na compra.<\/span><input type=\"text\" name=\"name-1\" value=\"\" placeholder=\"Digite seu nome completo\" id=\"forminator-field-name-1_69f4bfad460b9\" class=\"forminator-input forminator-name--field\" aria-required=\"true\" aria-describedby=\"forminator-field-name-1_69f4bfad460b9-description\" \/><\/div>\n<\/div>\n<\/div>\n<div class=\"forminator-row\">\n<div id=\"upload-1\" class=\"forminator-field-upload forminator-col forminator-col-12\">\n<div class=\"forminator-field\"><label for=\"forminator-field-upload-1_69f4bfad460b9\" id=\"forminator-field-upload-1_69f4bfad460b9-label\" class=\"forminator-label\">Carregue a imagem da ultrassom. <span class=\"forminator-required\">*<\/span><\/label><span id=\"forminator-field-upload-1_69f4bfad460b9-description\" class=\"forminator-description\">Escolha a imagem mais n\u00edtida e clara da ultrassom.<\/span><\/p>\n<div class=\"forminator-file-upload\" data-element=\"upload-1_69f4bfad460b9\" aria-describedby=\"forminator-field-upload-1_69f4bfad460b9-description\"><input type=\"file\" name=\"upload-1\" id=\"forminator-field-upload-1_69f4bfad460b9\" class=\"forminator-input-file-required do-validate\" accept=\".jpg,.jpeg,.jpe,.gif,.png,.bmp,.tiff,.tif,.webp,.avif,.ico,.heic,.heif,.heics,.heifs,.wav,.psd,.xcf,.otf,.woff,.woff2,.ttf,.eot\"><button id=\"forminator-field-upload-1_69f4bfad460b9_button\" class=\"forminator-button forminator-button-upload\" data-id=\"forminator-field-upload-1_69f4bfad460b9\">Choose File<\/button><span data-empty-text=\"No file chosen\">No file chosen<\/span><button class=\"forminator-button-delete\" style=\"display: none;\"><i class=\"forminator-icon-close\" aria-hidden=\"true\"><\/i><span class=\"forminator-screen-reader-only\">Delete uploaded file<\/span><\/button><\/div>\n<\/div>\n<\/div>\n<\/div>\n<div class=\"forminator-row\">\n<div id=\"email-1\" class=\"forminator-field-email forminator-col forminator-col-12\">\n<div class=\"forminator-field\"><label for=\"forminator-field-email-1_69f4bfad460b9\" id=\"forminator-field-email-1_69f4bfad460b9-label\" class=\"forminator-label\">E-mail <span class=\"forminator-required\">*<\/span><\/label><span id=\"forminator-field-email-1_69f4bfad460b9-description\" class=\"forminator-description\">O e-mail ser\u00e1 usado confirma\u00e7\u00e3o de envio das fotos.<\/span><input type=\"email\" name=\"email-1\" value=\"\" placeholder=\"Coloque aqui seu e-mail cadastrado no site.\" id=\"forminator-field-email-1_69f4bfad460b9\" class=\"forminator-input forminator-email--field\" data-required=\"1\" aria-required=\"true\" aria-describedby=\"forminator-field-email-1_69f4bfad460b9-description\" \/><\/div>\n<\/div>\n<\/div>\n<p><input type=\"hidden\" name=\"referer_url\" value=\"\" \/><\/p>\n<div class=\"forminator-row forminator-row-last\">\n<div class=\"forminator-col\">\n<div class=\"forminator-field\"><button class=\"forminator-button forminator-button-submit\">Enviar fotos<\/button><\/div>\n<\/div>\n<\/div>\n<p><input type=\"hidden\" id=\"forminator_nonce\" name=\"forminator_nonce\" value=\"d692cd179b\" \/><input type=\"hidden\" name=\"_wp_http_referer\" value=\"\/en\/wp-json\/wp\/v2\/product\/5624\" \/><input type=\"hidden\" name=\"form_id\" value=\"5629\"><input type=\"hidden\" name=\"page_id\" value=\"5624\"><input type=\"hidden\" name=\"form_type\" value=\"default\"><input type=\"hidden\" name=\"current_url\" value=\"https:\/\/mimoravel.com.br\/en\/product\/caneca-dia-dos-pais-ultrassom\/\"><input type=\"hidden\" name=\"render_id\" value=\"0\"><input type=\"hidden\" name=\"action\" value=\"forminator_submit_form_custom-forms\"><input type=\"hidden\" name=\"trp-form-language\" value=\"en\"\/><\/form>","protected":false},"featured_media":5627,"comment_status":"open","ping_status":"closed","template":"","meta":{"_acf_changed":false,"_joinchat":[]},"product_brand":[],"product_cat":[70],"product_tag":[],"class_list":{"0":"post-5624","1":"product","2":"type-product","3":"status-publish","4":"has-post-thumbnail","6":"product_cat-produto-caneca-personalizada","7":"product_shipping_class-envios","9":"first","10":"onbackorder","11":"taxable","12":"shipping-taxable","13":"purchasable","14":"product-type-variable","swatches":"rey-swatches","show_selected":""},"acf":[],"yoast_head":"<!-- This site is optimized with the Yoast SEO plugin v24.4 - https:\/\/yoast.com\/wordpress\/plugins\/seo\/ -->\n<title>Caneca Dia dos Pais - Ultrassom - mimoravel.com.br<\/title>\n<meta name=\"description\" content=\"Caneca Dia dos Pais - Ultrassom personalizada com frase emocionante e espa\u00e7o para ultrassom. Para anunciar a chegada do beb\u00ea.\" \/>\n<meta name=\"robots\" content=\"index, follow, max-snippet:-1, max-image-preview:large, max-video-preview:-1\" \/>\n<link rel=\"canonical\" href=\"https:\/\/mimoravel.com.br\/en\/product\/caneca-dia-dos-pais-ultrassom\/\" \/>\n<meta property=\"og:locale\" content=\"en_US\" \/>\n<meta property=\"og:type\" content=\"article\" \/>\n<meta property=\"og:title\" content=\"Caneca Dia dos Pais - Ultrassom - mimoravel.com.br\" \/>\n<meta property=\"og:description\" content=\"Caneca Dia dos Pais - Ultrassom personalizada com frase emocionante e espa\u00e7o para ultrassom. Para anunciar a chegada do beb\u00ea.\" \/>\n<meta property=\"og:url\" content=\"https:\/\/mimoravel.com.br\/en\/product\/caneca-dia-dos-pais-ultrassom\/\" \/>\n<meta property=\"og:site_name\" content=\"mimoravel.com.br\" \/>\n<meta property=\"article:publisher\" content=\"https:\/\/www.instagram.com\/mimoravel_\/\" \/>\n<meta property=\"article:modified_time\" content=\"2025-11-15T21:17:39+00:00\" \/>\n<meta property=\"og:image\" content=\"https:\/\/mimoravel.com.br\/wp-content\/uploads\/2025\/07\/20240805105853__MG_9319.jpg\" \/>\n\t<meta property=\"og:image:width\" content=\"1280\" \/>\n\t<meta property=\"og:image:height\" content=\"1920\" \/>\n\t<meta property=\"og:image:type\" content=\"image\/jpeg\" \/>\n<meta name=\"twitter:card\" content=\"summary_large_image\" \/>\n<meta name=\"twitter:label1\" content=\"Est. reading time\" \/>\n\t<meta name=\"twitter:data1\" content=\"2 minutes\" \/>\n<script type=\"application\/ld+json\" class=\"yoast-schema-graph\">{\"@context\":\"https:\/\/schema.org\",\"@graph\":[{\"@type\":\"WebPage\",\"@id\":\"https:\/\/mimoravel.com.br\/product\/caneca-dia-dos-pais-ultrassom\/\",\"url\":\"https:\/\/mimoravel.com.br\/product\/caneca-dia-dos-pais-ultrassom\/\",\"name\":\"Caneca Dia dos Pais - Ultrassom - mimoravel.com.br\",\"isPartOf\":{\"@id\":\"https:\/\/mimoravel.com.br\/#website\"},\"primaryImageOfPage\":{\"@id\":\"https:\/\/mimoravel.com.br\/product\/caneca-dia-dos-pais-ultrassom\/#primaryimage\"},\"image\":{\"@id\":\"https:\/\/mimoravel.com.br\/product\/caneca-dia-dos-pais-ultrassom\/#primaryimage\"},\"thumbnailUrl\":\"https:\/\/mimoravel.com.br\/wp-content\/uploads\/2025\/07\/20240805105853__MG_9319.jpg\",\"datePublished\":\"2025-07-11T15:18:48+00:00\",\"dateModified\":\"2025-11-15T21:17:39+00:00\",\"description\":\"Caneca Dia dos Pais - Ultrassom personalizada com frase emocionante e espa\u00e7o para ultrassom. Para anunciar a chegada do beb\u00ea.\",\"breadcrumb\":{\"@id\":\"https:\/\/mimoravel.com.br\/product\/caneca-dia-dos-pais-ultrassom\/#breadcrumb\"},\"inLanguage\":\"en-US\",\"potentialAction\":[{\"@type\":\"ReadAction\",\"target\":[\"https:\/\/mimoravel.com.br\/product\/caneca-dia-dos-pais-ultrassom\/\"]}]},{\"@type\":\"ImageObject\",\"inLanguage\":\"en-US\",\"@id\":\"https:\/\/mimoravel.com.br\/product\/caneca-dia-dos-pais-ultrassom\/#primaryimage\",\"url\":\"https:\/\/mimoravel.com.br\/wp-content\/uploads\/2025\/07\/20240805105853__MG_9319.jpg\",\"contentUrl\":\"https:\/\/mimoravel.com.br\/wp-content\/uploads\/2025\/07\/20240805105853__MG_9319.jpg\",\"width\":1280,\"height\":1920,\"caption\":\"Caneca Dia dos Pais - Ultrassom\"},{\"@type\":\"BreadcrumbList\",\"@id\":\"https:\/\/mimoravel.com.br\/product\/caneca-dia-dos-pais-ultrassom\/#breadcrumb\",\"itemListElement\":[{\"@type\":\"ListItem\",\"position\":1,\"name\":\"Home\",\"item\":\"https:\/\/mimoravel.com.br\/\"},{\"@type\":\"ListItem\",\"position\":2,\"name\":\"Loja\",\"item\":\"https:\/\/mimoravel.com.br\/loja\/\"},{\"@type\":\"ListItem\",\"position\":3,\"name\":\"Caneca Dia dos Pais &#8211; Ultrassom\"}]},{\"@type\":\"WebSite\",\"@id\":\"https:\/\/mimoravel.com.br\/#website\",\"url\":\"https:\/\/mimoravel.com.br\/\",\"name\":\"mimoravel.com.br\",\"description\":\"\",\"publisher\":{\"@id\":\"https:\/\/mimoravel.com.br\/#organization\"},\"potentialAction\":[{\"@type\":\"SearchAction\",\"target\":{\"@type\":\"EntryPoint\",\"urlTemplate\":\"https:\/\/mimoravel.com.br\/?s={search_term_string}\"},\"query-input\":{\"@type\":\"PropertyValueSpecification\",\"valueRequired\":true,\"valueName\":\"search_term_string\"}}],\"inLanguage\":\"en-US\"},{\"@type\":\"Organization\",\"@id\":\"https:\/\/mimoravel.com.br\/#organization\",\"name\":\"Mimor\u00e1vel\",\"url\":\"https:\/\/mimoravel.com.br\/\",\"logo\":{\"@type\":\"ImageObject\",\"inLanguage\":\"en-US\",\"@id\":\"https:\/\/mimoravel.com.br\/#\/schema\/logo\/image\/\",\"url\":\"https:\/\/mimoravel.com.br\/wp-content\/uploads\/2024\/10\/logo_verde-scaled.webp\",\"contentUrl\":\"https:\/\/mimoravel.com.br\/wp-content\/uploads\/2024\/10\/logo_verde-scaled.webp\",\"width\":2560,\"height\":757,\"caption\":\"Mimor\u00e1vel\"},\"image\":{\"@id\":\"https:\/\/mimoravel.com.br\/#\/schema\/logo\/image\/\"},\"sameAs\":[\"https:\/\/www.instagram.com\/mimoravel_\/\",\"https:\/\/br.pinterest.com\/mimoravel\/\"]}]}<\/script>\n<!-- \/ Yoast SEO plugin. -->","yoast_head_json":{"title":"Caneca Dia dos Pais - Ultrassom - mimoravel.com.br","description":"Caneca Dia dos Pais - Ultrassom personalizada com frase emocionante e espa\u00e7o para ultrassom. Para anunciar a chegada do beb\u00ea.","robots":{"index":"index","follow":"follow","max-snippet":"max-snippet:-1","max-image-preview":"max-image-preview:large","max-video-preview":"max-video-preview:-1"},"canonical":"https:\/\/mimoravel.com.br\/en\/product\/caneca-dia-dos-pais-ultrassom\/","og_locale":"en_US","og_type":"article","og_title":"Caneca Dia dos Pais - Ultrassom - mimoravel.com.br","og_description":"Caneca Dia dos Pais - Ultrassom personalizada com frase emocionante e espa\u00e7o para ultrassom. Para anunciar a chegada do beb\u00ea.","og_url":"https:\/\/mimoravel.com.br\/en\/product\/caneca-dia-dos-pais-ultrassom\/","og_site_name":"mimoravel.com.br","article_publisher":"https:\/\/www.instagram.com\/mimoravel_\/","article_modified_time":"2025-11-15T21:17:39+00:00","og_image":[{"width":1280,"height":1920,"url":"https:\/\/mimoravel.com.br\/wp-content\/uploads\/2025\/07\/20240805105853__MG_9319.jpg","type":"image\/jpeg"}],"twitter_card":"summary_large_image","twitter_misc":{"Est. reading time":"2 minutes"},"schema":{"@context":"https:\/\/schema.org","@graph":[{"@type":"WebPage","@id":"https:\/\/mimoravel.com.br\/product\/caneca-dia-dos-pais-ultrassom\/","url":"https:\/\/mimoravel.com.br\/product\/caneca-dia-dos-pais-ultrassom\/","name":"Caneca Dia dos Pais - Ultrassom - mimoravel.com.br","isPartOf":{"@id":"https:\/\/mimoravel.com.br\/#website"},"primaryImageOfPage":{"@id":"https:\/\/mimoravel.com.br\/product\/caneca-dia-dos-pais-ultrassom\/#primaryimage"},"image":{"@id":"https:\/\/mimoravel.com.br\/product\/caneca-dia-dos-pais-ultrassom\/#primaryimage"},"thumbnailUrl":"https:\/\/mimoravel.com.br\/wp-content\/uploads\/2025\/07\/20240805105853__MG_9319.jpg","datePublished":"2025-07-11T15:18:48+00:00","dateModified":"2025-11-15T21:17:39+00:00","description":"Caneca Dia dos Pais - Ultrassom personalizada com frase emocionante e espa\u00e7o para ultrassom. Para anunciar a chegada do beb\u00ea.","breadcrumb":{"@id":"https:\/\/mimoravel.com.br\/product\/caneca-dia-dos-pais-ultrassom\/#breadcrumb"},"inLanguage":"en-US","potentialAction":[{"@type":"ReadAction","target":["https:\/\/mimoravel.com.br\/product\/caneca-dia-dos-pais-ultrassom\/"]}]},{"@type":"ImageObject","inLanguage":"en-US","@id":"https:\/\/mimoravel.com.br\/product\/caneca-dia-dos-pais-ultrassom\/#primaryimage","url":"https:\/\/mimoravel.com.br\/wp-content\/uploads\/2025\/07\/20240805105853__MG_9319.jpg","contentUrl":"https:\/\/mimoravel.com.br\/wp-content\/uploads\/2025\/07\/20240805105853__MG_9319.jpg","width":1280,"height":1920,"caption":"Caneca Dia dos Pais - Ultrassom"},{"@type":"BreadcrumbList","@id":"https:\/\/mimoravel.com.br\/product\/caneca-dia-dos-pais-ultrassom\/#breadcrumb","itemListElement":[{"@type":"ListItem","position":1,"name":"Home","item":"https:\/\/mimoravel.com.br\/"},{"@type":"ListItem","position":2,"name":"Loja","item":"https:\/\/mimoravel.com.br\/loja\/"},{"@type":"ListItem","position":3,"name":"Caneca Dia dos Pais &#8211; Ultrassom"}]},{"@type":"WebSite","@id":"https:\/\/mimoravel.com.br\/#website","url":"https:\/\/mimoravel.com.br\/","name":"mimoravel.com.br","description":"","publisher":{"@id":"https:\/\/mimoravel.com.br\/#organization"},"potentialAction":[{"@type":"SearchAction","target":{"@type":"EntryPoint","urlTemplate":"https:\/\/mimoravel.com.br\/?s={search_term_string}"},"query-input":{"@type":"PropertyValueSpecification","valueRequired":true,"valueName":"search_term_string"}}],"inLanguage":"en-US"},{"@type":"Organization","@id":"https:\/\/mimoravel.com.br\/#organization","name":"Mimor\u00e1vel","url":"https:\/\/mimoravel.com.br\/","logo":{"@type":"ImageObject","inLanguage":"en-US","@id":"https:\/\/mimoravel.com.br\/#\/schema\/logo\/image\/","url":"https:\/\/mimoravel.com.br\/wp-content\/uploads\/2024\/10\/logo_verde-scaled.webp","contentUrl":"https:\/\/mimoravel.com.br\/wp-content\/uploads\/2024\/10\/logo_verde-scaled.webp","width":2560,"height":757,"caption":"Mimor\u00e1vel"},"image":{"@id":"https:\/\/mimoravel.com.br\/#\/schema\/logo\/image\/"},"sameAs":["https:\/\/www.instagram.com\/mimoravel_\/","https:\/\/br.pinterest.com\/mimoravel\/"]}]}},"_links":{"self":[{"href":"https:\/\/mimoravel.com.br\/en\/wp-json\/wp\/v2\/product\/5624","targetHints":{"allow":["GET"]}}],"collection":[{"href":"https:\/\/mimoravel.com.br\/en\/wp-json\/wp\/v2\/product"}],"about":[{"href":"https:\/\/mimoravel.com.br\/en\/wp-json\/wp\/v2\/types\/product"}],"replies":[{"embeddable":true,"href":"https:\/\/mimoravel.com.br\/en\/wp-json\/wp\/v2\/comments?post=5624"}],"version-history":[{"count":3,"href":"https:\/\/mimoravel.com.br\/en\/wp-json\/wp\/v2\/product\/5624\/revisions"}],"predecessor-version":[{"id":5638,"href":"https:\/\/mimoravel.com.br\/en\/wp-json\/wp\/v2\/product\/5624\/revisions\/5638"}],"wp:featuredmedia":[{"embeddable":true,"href":"https:\/\/mimoravel.com.br\/en\/wp-json\/wp\/v2\/media\/5627"}],"wp:attachment":[{"href":"https:\/\/mimoravel.com.br\/en\/wp-json\/wp\/v2\/media?parent=5624"}],"wp:term":[{"taxonomy":"product_brand","embeddable":true,"href":"https:\/\/mimoravel.com.br\/en\/wp-json\/wp\/v2\/product_brand?post=5624"},{"taxonomy":"product_cat","embeddable":true,"href":"https:\/\/mimoravel.com.br\/en\/wp-json\/wp\/v2\/product_cat?post=5624"},{"taxonomy":"product_tag","embeddable":true,"href":"https:\/\/mimoravel.com.br\/en\/wp-json\/wp\/v2\/product_tag?post=5624"}],"curies":[{"name":"wp","href":"https:\/\/api.w.org\/{rel}","templated":true}]}}