{"id":5582,"date":"2025-07-07T20:57:23","date_gmt":"2025-07-07T20:57:23","guid":{"rendered":"https:\/\/mimoravel.com.br\/?post_type=product&#038;p=5582"},"modified":"2025-07-07T22:41:39","modified_gmt":"2025-07-07T22:41:39","slug":"quadrinho-de-12-fotos-pinus","status":"publish","type":"product","link":"https:\/\/mimoravel.com.br\/en\/product\/quadrinho-de-12-fotos-pinus\/","title":{"rendered":"Quadrinho de 12 Fotos Pinus"},"content":{"rendered":"<p data-start=\"180\" data-end=\"270\">O Quadrinho de 12 fotos pinus \u00e9 um presente afetivo que eterniza os melhores momentos vividos ao lado de quem a gente ama.<\/p>\n<p data-start=\"272\" data-end=\"480\">Nosso <strong data-start=\"278\" data-end=\"308\">Quadrinho de Madeira Pinus<\/strong> vem com 12 fotos impressas e prontas para emocionar.<br data-start=\"361\" data-end=\"364\" \/>As imagens ficam presas com um gancho met\u00e1lico, podendo ser trocadas facilmente, como um varal de mem\u00f3rias afetivas.<\/p>\n<h4 data-start=\"482\" data-end=\"511\"><strong data-start=\"487\" data-end=\"510\">Detalhes do produto<\/strong>:<\/h4>\n<ul data-start=\"512\" data-end=\"777\">\n<li data-start=\"512\" data-end=\"544\">\n<p data-start=\"514\" data-end=\"544\">Feito em madeira pinus natural<\/p>\n<\/li>\n<li data-start=\"545\" data-end=\"606\">\n<p data-start=\"547\" data-end=\"606\">Acompanha 12 fotos impressas em papel fotogr\u00e1fico adesivo<\/p>\n<\/li>\n<li data-start=\"607\" data-end=\"669\">\n<p data-start=\"609\" data-end=\"669\">As fotos s\u00e3o laminadas em BOPP fosco para maior durabilidade<\/p>\n<\/li>\n<li data-start=\"670\" data-end=\"720\">\n<p data-start=\"672\" data-end=\"720\">Cada foto \u00e9 refor\u00e7ada com papel kraft no verso<\/p>\n<\/li>\n<li data-start=\"721\" data-end=\"777\">\n<p data-start=\"723\" data-end=\"777\"><strong data-start=\"723\" data-end=\"743\">Medida das fotos<\/strong>: 8,4cm (altura) x 7,7cm (largura)<\/p>\n<\/li>\n<\/ul>\n<p data-start=\"779\" data-end=\"875\">Ideal para presentear av\u00f3s, pais, amigos ou at\u00e9 decorar o seu cantinho com lembran\u00e7as especiais.<\/p>","protected":false},"excerpt":{"rendered":"<p><strong data-start=\"723\" data-end=\"743\">Medida das fotos<\/strong>: 8,4cm (altura) x 7,7cm (largura)<br \/>\nEnvie as fotos preenchendo o formul\u00e1rio abaixo:<\/p>\n<div class=\"forminator-ui forminator-custom-form forminator-custom-form-5593 forminator-design--default  forminator_ajax\" data-forminator-render=\"0\" data-form=\"forminator-module-5593\" data-uid=\"69fb22b735b9c\"><\/div>\n<form\n\t\t\t\tid=\"forminator-module-5593\"\n\t\t\t\tclass=\"forminator-ui forminator-custom-form forminator-custom-form-5593 forminator-design--default  forminator_ajax\"\n\t\t\t\tmethod=\"post\"\n\t\t\t\tdata-forminator-render=\"0\"\n\t\t\t\tdata-form-id=\"5593\"\n\t\t\t\t\n\t\t\t\tdata-design=\"default\"\n\t\t\t\t\n\t\t\t\t\n\t\t\t\t\n\t\t\t\tdata-grid=\"open\"\n\t\t\t\tenctype=\"multipart\/form-data\"\n\t\t\t\t\n\t\t\t\tstyle=\"display: none;\"\n\t\t\t\t\n\t\t\t\tdata-uid=\"69fb22b735b9c\" action=\"\"\n\t\t\t><\/p>\n<div role=\"alert\" aria-live=\"polite\" class=\"forminator-response-message forminator-error\" aria-hidden=\"true\"><\/div>\n<div class=\"forminator-row\">\n<div id=\"name-1\" class=\"forminator-field-name forminator-col forminator-col-12\">\n<div class=\"forminator-field\"><label for=\"forminator-field-name-1_69fb22b735b9c\" id=\"forminator-field-name-1_69fb22b735b9c-label\" class=\"forminator-label\">Nome completo <span class=\"forminator-required\">*<\/span><\/label><span id=\"forminator-field-name-1_69fb22b735b9c-description\" class=\"forminator-description\">Nos ajude a identificar seu pedido! Pode ser o nome usado na compra.<\/span><input type=\"text\" name=\"name-1\" value=\"\" placeholder=\"Digite seu nome completo\" id=\"forminator-field-name-1_69fb22b735b9c\" class=\"forminator-input forminator-name--field\" aria-required=\"true\" aria-describedby=\"forminator-field-name-1_69fb22b735b9c-description\" \/><\/div>\n<\/div>\n<\/div>\n<div class=\"forminator-row\">\n<div id=\"phone-1\" class=\"forminator-field-phone forminator-col forminator-col-12\">\n<div class=\"forminator-field\"><label for=\"forminator-field-phone-1_69fb22b735b9c\" id=\"forminator-field-phone-1_69fb22b735b9c-label\" class=\"forminator-label\">Whatsapp<\/label><span id=\"forminator-field-phone-1_69fb22b735b9c-description\" class=\"forminator-description\">Iremos entrar em contato para tirar d\u00favidas se necess\u00e1rio.<\/span><input type=\"text\" name=\"phone-1\" value=\"\" placeholder=\"Escreva seu n\u00famero do Whatsapp\" id=\"forminator-field-phone-1_69fb22b735b9c\" class=\"forminator-input forminator-field--phone\" data-required=\"\" aria-required=\"false\" autocomplete=\"off\" aria-describedby=\"forminator-field-phone-1_69fb22b735b9c-description\" \/><\/div>\n<\/div>\n<\/div>\n<div class=\"forminator-row\">\n<div id=\"upload-1\" class=\"forminator-field-upload forminator-col forminator-col-12\">\n<div class=\"forminator-field\"><label for=\"forminator-field-upload-1_69fb22b735b9c\" id=\"forminator-field-upload-1_69fb22b735b9c-label\" class=\"forminator-label\">Envie 12 fotos <span class=\"forminator-required\">*<\/span><\/label><span id=\"forminator-field-upload-1_69fb22b735b9c-description\" class=\"forminator-description\">Envie 12 fotos que possam caber no tamanho que informamos na descri\u00e7\u00e3o.<\/span><\/p>\n<div class=\"forminator-multi-upload\" data-element=\"upload-1_69fb22b735b9c\" aria-describedby=\"forminator-field-upload-1_69fb22b735b9c-description\"><input type=\"file\" name=\"upload-1[]\" id=\"forminator-field-upload-1_69fb22b735b9c\" class=\"forminator-input-file-required do-validate forminator-field-upload-1_69fb22b735b9c-5593\" multiple=\"multiple\" data-method=\"ajax\" accept=\".jpg,.jpeg,.jpe,.gif,.png,.bmp,.tiff,.tif,.webp,.avif,.ico,.heic,.heif,.heics,.heifs,.wav,.psd,.xcf,.otf,.woff,.woff2,.ttf,.eot\" data-limit=\"12\" data-limit-message=\"You can upload a maximum of 12 files.\" data-size=\"15000000\" data-size-message=\"Maximum file size allowed is 15 MB. \" data-filetype=\"jpg|jpeg|jpe|gif|png|bmp|tiff|tif|webp|avif|ico|heic|heif|heics|heifs|wav|psd|xcf|otf|woff|woff2|ttf|eot\" data-filetype-message=\"file extension is not allowed.\"><\/p>\n<div class=\"forminator-multi-upload-message\" aria-hidden=\"true\"><span class=\"forminator-icon-upload\" aria-hidden=\"true\"><\/span><\/p>\n<p>Drag and Drop (or) <a class=\"forminator-upload-file--forminator-field-upload-1_69fb22b735b9c\" href=\"#\" onclick=\"return false;\">Choose Files<\/a><\/p>\n<\/div>\n<\/div>\n<ul class=\"forminator-uploaded-files upload-container-upload-1_69fb22b735b9c\"><\/ul>\n<\/div>\n<\/div>\n<\/div>\n<div class=\"forminator-row\">\n<div id=\"email-1\" class=\"forminator-field-email forminator-col forminator-col-12\">\n<div class=\"forminator-field\"><label for=\"forminator-field-email-1_69fb22b735b9c\" id=\"forminator-field-email-1_69fb22b735b9c-label\" class=\"forminator-label\">E-mail <span class=\"forminator-required\">*<\/span><\/label><span id=\"forminator-field-email-1_69fb22b735b9c-description\" class=\"forminator-description\">O e-mail ser\u00e1 usado confirma\u00e7\u00e3o de envio das fotos.<\/span><input type=\"email\" name=\"email-1\" value=\"\" placeholder=\"Coloque aqui seu e-mail cadastrado no site.\" id=\"forminator-field-email-1_69fb22b735b9c\" class=\"forminator-input forminator-email--field\" data-required=\"1\" aria-required=\"true\" aria-describedby=\"forminator-field-email-1_69fb22b735b9c-description\" \/><\/div>\n<\/div>\n<\/div>\n<p><input type=\"hidden\" name=\"referer_url\" value=\"\" \/><\/p>\n<div class=\"forminator-row forminator-row-last\">\n<div class=\"forminator-col\">\n<div class=\"forminator-field\"><button class=\"forminator-button forminator-button-submit\">Enviar fotos<\/button><\/div>\n<\/div>\n<\/div>\n<p><input type=\"hidden\" id=\"forminator_nonce\" name=\"forminator_nonce\" value=\"873f5e25c1\" \/><input type=\"hidden\" name=\"_wp_http_referer\" value=\"\/en\/wp-json\/wp\/v2\/product\/5582\" \/><input type=\"hidden\" name=\"form_id\" value=\"5593\"><input type=\"hidden\" name=\"page_id\" value=\"5582\"><input type=\"hidden\" name=\"form_type\" value=\"default\"><input type=\"hidden\" name=\"current_url\" value=\"https:\/\/mimoravel.com.br\/en\/product\/quadrinho-de-12-fotos-pinus\/\"><input type=\"hidden\" name=\"render_id\" value=\"0\"><input type=\"hidden\" name=\"forminator-multifile-hidden\" class=\"forminator-multifile-hidden\"><input type=\"hidden\" name=\"action\" value=\"forminator_submit_form_custom-forms\"><input type=\"hidden\" name=\"trp-form-language\" value=\"en\"\/><\/form>","protected":false},"featured_media":5570,"comment_status":"open","ping_status":"closed","template":"","meta":{"_acf_changed":false,"_joinchat":[]},"product_brand":[],"product_cat":[119,64],"product_tag":[],"class_list":{"0":"post-5582","1":"product","2":"type-product","3":"status-publish","4":"has-post-thumbnail","6":"product_cat-papelaria","7":"product_cat-produtos-de-madeira","8":"product_shipping_class-envios","10":"first","11":"onbackorder","12":"taxable","13":"shipping-taxable","14":"purchasable","15":"product-type-simple","swatches":"rey-swatches","show_selected":""},"acf":[],"yoast_head":"<!-- This site is optimized with the Yoast SEO plugin v24.4 - https:\/\/yoast.com\/wordpress\/plugins\/seo\/ -->\n<title>Quadrinho de 12 Fotos Pinus - mimoravel.com.br<\/title>\n<meta name=\"description\" content=\"Quadrinho de 12 fotos em madeira pinus com acabamento fosco. Um presente afetivo para eternizar mem\u00f3rias com charme e durabilidade.\" \/>\n<meta name=\"robots\" content=\"index, follow, max-snippet:-1, max-image-preview:large, max-video-preview:-1\" \/>\n<link rel=\"canonical\" href=\"https:\/\/mimoravel.com.br\/en\/product\/quadrinho-de-12-fotos-pinus\/\" \/>\n<meta property=\"og:locale\" content=\"en_US\" \/>\n<meta property=\"og:type\" content=\"article\" \/>\n<meta property=\"og:title\" content=\"Quadrinho de 12 Fotos Pinus - mimoravel.com.br\" \/>\n<meta property=\"og:description\" content=\"Quadrinho de 12 fotos em madeira pinus com acabamento fosco. Um presente afetivo para eternizar mem\u00f3rias com charme e durabilidade.\" \/>\n<meta property=\"og:url\" content=\"https:\/\/mimoravel.com.br\/en\/product\/quadrinho-de-12-fotos-pinus\/\" \/>\n<meta property=\"og:site_name\" content=\"mimoravel.com.br\" \/>\n<meta property=\"article:publisher\" content=\"https:\/\/www.instagram.com\/mimoravel_\/\" \/>\n<meta property=\"article:modified_time\" content=\"2025-07-07T22:41:39+00:00\" \/>\n<meta property=\"og:image\" content=\"https:\/\/mimoravel.com.br\/wp-content\/uploads\/2025\/07\/3-_MG_5795.jpg\" \/>\n\t<meta property=\"og:image:width\" content=\"1280\" \/>\n\t<meta property=\"og:image:height\" content=\"1920\" \/>\n\t<meta property=\"og:image:type\" content=\"image\/jpeg\" \/>\n<meta name=\"twitter:card\" content=\"summary_large_image\" \/>\n<meta name=\"twitter:label1\" content=\"Est. reading time\" \/>\n\t<meta name=\"twitter:data1\" content=\"1 minute\" \/>\n<script type=\"application\/ld+json\" class=\"yoast-schema-graph\">{\"@context\":\"https:\/\/schema.org\",\"@graph\":[{\"@type\":\"WebPage\",\"@id\":\"https:\/\/mimoravel.com.br\/product\/quadrinho-de-12-fotos-pinus\/\",\"url\":\"https:\/\/mimoravel.com.br\/product\/quadrinho-de-12-fotos-pinus\/\",\"name\":\"Quadrinho de 12 Fotos Pinus - mimoravel.com.br\",\"isPartOf\":{\"@id\":\"https:\/\/mimoravel.com.br\/#website\"},\"primaryImageOfPage\":{\"@id\":\"https:\/\/mimoravel.com.br\/product\/quadrinho-de-12-fotos-pinus\/#primaryimage\"},\"image\":{\"@id\":\"https:\/\/mimoravel.com.br\/product\/quadrinho-de-12-fotos-pinus\/#primaryimage\"},\"thumbnailUrl\":\"https:\/\/mimoravel.com.br\/wp-content\/uploads\/2025\/07\/3-_MG_5795.jpg\",\"datePublished\":\"2025-07-07T20:57:23+00:00\",\"dateModified\":\"2025-07-07T22:41:39+00:00\",\"description\":\"Quadrinho de 12 fotos em madeira pinus com acabamento fosco. Um presente afetivo para eternizar mem\u00f3rias com charme e durabilidade.\",\"breadcrumb\":{\"@id\":\"https:\/\/mimoravel.com.br\/product\/quadrinho-de-12-fotos-pinus\/#breadcrumb\"},\"inLanguage\":\"en-US\",\"potentialAction\":[{\"@type\":\"ReadAction\",\"target\":[\"https:\/\/mimoravel.com.br\/product\/quadrinho-de-12-fotos-pinus\/\"]}]},{\"@type\":\"ImageObject\",\"inLanguage\":\"en-US\",\"@id\":\"https:\/\/mimoravel.com.br\/product\/quadrinho-de-12-fotos-pinus\/#primaryimage\",\"url\":\"https:\/\/mimoravel.com.br\/wp-content\/uploads\/2025\/07\/3-_MG_5795.jpg\",\"contentUrl\":\"https:\/\/mimoravel.com.br\/wp-content\/uploads\/2025\/07\/3-_MG_5795.jpg\",\"width\":1280,\"height\":1920,\"caption\":\"Quadrinho de 12 Fotos Pinus\"},{\"@type\":\"BreadcrumbList\",\"@id\":\"https:\/\/mimoravel.com.br\/product\/quadrinho-de-12-fotos-pinus\/#breadcrumb\",\"itemListElement\":[{\"@type\":\"ListItem\",\"position\":1,\"name\":\"Home\",\"item\":\"https:\/\/mimoravel.com.br\/\"},{\"@type\":\"ListItem\",\"position\":2,\"name\":\"Loja\",\"item\":\"https:\/\/mimoravel.com.br\/loja\/\"},{\"@type\":\"ListItem\",\"position\":3,\"name\":\"Quadrinho de 12 Fotos Pinus\"}]},{\"@type\":\"WebSite\",\"@id\":\"https:\/\/mimoravel.com.br\/#website\",\"url\":\"https:\/\/mimoravel.com.br\/\",\"name\":\"mimoravel.com.br\",\"description\":\"\",\"publisher\":{\"@id\":\"https:\/\/mimoravel.com.br\/#organization\"},\"potentialAction\":[{\"@type\":\"SearchAction\",\"target\":{\"@type\":\"EntryPoint\",\"urlTemplate\":\"https:\/\/mimoravel.com.br\/?s={search_term_string}\"},\"query-input\":{\"@type\":\"PropertyValueSpecification\",\"valueRequired\":true,\"valueName\":\"search_term_string\"}}],\"inLanguage\":\"en-US\"},{\"@type\":\"Organization\",\"@id\":\"https:\/\/mimoravel.com.br\/#organization\",\"name\":\"Mimor\u00e1vel\",\"url\":\"https:\/\/mimoravel.com.br\/\",\"logo\":{\"@type\":\"ImageObject\",\"inLanguage\":\"en-US\",\"@id\":\"https:\/\/mimoravel.com.br\/#\/schema\/logo\/image\/\",\"url\":\"https:\/\/mimoravel.com.br\/wp-content\/uploads\/2024\/10\/logo_verde-scaled.webp\",\"contentUrl\":\"https:\/\/mimoravel.com.br\/wp-content\/uploads\/2024\/10\/logo_verde-scaled.webp\",\"width\":2560,\"height\":757,\"caption\":\"Mimor\u00e1vel\"},\"image\":{\"@id\":\"https:\/\/mimoravel.com.br\/#\/schema\/logo\/image\/\"},\"sameAs\":[\"https:\/\/www.instagram.com\/mimoravel_\/\",\"https:\/\/br.pinterest.com\/mimoravel\/\"]}]}<\/script>\n<!-- \/ Yoast SEO plugin. -->","yoast_head_json":{"title":"Quadrinho de 12 Fotos Pinus - mimoravel.com.br","description":"Quadrinho de 12 fotos em madeira pinus com acabamento fosco. Um presente afetivo para eternizar mem\u00f3rias com charme e durabilidade.","robots":{"index":"index","follow":"follow","max-snippet":"max-snippet:-1","max-image-preview":"max-image-preview:large","max-video-preview":"max-video-preview:-1"},"canonical":"https:\/\/mimoravel.com.br\/en\/product\/quadrinho-de-12-fotos-pinus\/","og_locale":"en_US","og_type":"article","og_title":"Quadrinho de 12 Fotos Pinus - mimoravel.com.br","og_description":"Quadrinho de 12 fotos em madeira pinus com acabamento fosco. Um presente afetivo para eternizar mem\u00f3rias com charme e durabilidade.","og_url":"https:\/\/mimoravel.com.br\/en\/product\/quadrinho-de-12-fotos-pinus\/","og_site_name":"mimoravel.com.br","article_publisher":"https:\/\/www.instagram.com\/mimoravel_\/","article_modified_time":"2025-07-07T22:41:39+00:00","og_image":[{"width":1280,"height":1920,"url":"https:\/\/mimoravel.com.br\/wp-content\/uploads\/2025\/07\/3-_MG_5795.jpg","type":"image\/jpeg"}],"twitter_card":"summary_large_image","twitter_misc":{"Est. reading time":"1 minute"},"schema":{"@context":"https:\/\/schema.org","@graph":[{"@type":"WebPage","@id":"https:\/\/mimoravel.com.br\/product\/quadrinho-de-12-fotos-pinus\/","url":"https:\/\/mimoravel.com.br\/product\/quadrinho-de-12-fotos-pinus\/","name":"Quadrinho de 12 Fotos Pinus - mimoravel.com.br","isPartOf":{"@id":"https:\/\/mimoravel.com.br\/#website"},"primaryImageOfPage":{"@id":"https:\/\/mimoravel.com.br\/product\/quadrinho-de-12-fotos-pinus\/#primaryimage"},"image":{"@id":"https:\/\/mimoravel.com.br\/product\/quadrinho-de-12-fotos-pinus\/#primaryimage"},"thumbnailUrl":"https:\/\/mimoravel.com.br\/wp-content\/uploads\/2025\/07\/3-_MG_5795.jpg","datePublished":"2025-07-07T20:57:23+00:00","dateModified":"2025-07-07T22:41:39+00:00","description":"Quadrinho de 12 fotos em madeira pinus com acabamento fosco. Um presente afetivo para eternizar mem\u00f3rias com charme e durabilidade.","breadcrumb":{"@id":"https:\/\/mimoravel.com.br\/product\/quadrinho-de-12-fotos-pinus\/#breadcrumb"},"inLanguage":"en-US","potentialAction":[{"@type":"ReadAction","target":["https:\/\/mimoravel.com.br\/product\/quadrinho-de-12-fotos-pinus\/"]}]},{"@type":"ImageObject","inLanguage":"en-US","@id":"https:\/\/mimoravel.com.br\/product\/quadrinho-de-12-fotos-pinus\/#primaryimage","url":"https:\/\/mimoravel.com.br\/wp-content\/uploads\/2025\/07\/3-_MG_5795.jpg","contentUrl":"https:\/\/mimoravel.com.br\/wp-content\/uploads\/2025\/07\/3-_MG_5795.jpg","width":1280,"height":1920,"caption":"Quadrinho de 12 Fotos Pinus"},{"@type":"BreadcrumbList","@id":"https:\/\/mimoravel.com.br\/product\/quadrinho-de-12-fotos-pinus\/#breadcrumb","itemListElement":[{"@type":"ListItem","position":1,"name":"Home","item":"https:\/\/mimoravel.com.br\/"},{"@type":"ListItem","position":2,"name":"Loja","item":"https:\/\/mimoravel.com.br\/loja\/"},{"@type":"ListItem","position":3,"name":"Quadrinho de 12 Fotos Pinus"}]},{"@type":"WebSite","@id":"https:\/\/mimoravel.com.br\/#website","url":"https:\/\/mimoravel.com.br\/","name":"mimoravel.com.br","description":"","publisher":{"@id":"https:\/\/mimoravel.com.br\/#organization"},"potentialAction":[{"@type":"SearchAction","target":{"@type":"EntryPoint","urlTemplate":"https:\/\/mimoravel.com.br\/?s={search_term_string}"},"query-input":{"@type":"PropertyValueSpecification","valueRequired":true,"valueName":"search_term_string"}}],"inLanguage":"en-US"},{"@type":"Organization","@id":"https:\/\/mimoravel.com.br\/#organization","name":"Mimor\u00e1vel","url":"https:\/\/mimoravel.com.br\/","logo":{"@type":"ImageObject","inLanguage":"en-US","@id":"https:\/\/mimoravel.com.br\/#\/schema\/logo\/image\/","url":"https:\/\/mimoravel.com.br\/wp-content\/uploads\/2024\/10\/logo_verde-scaled.webp","contentUrl":"https:\/\/mimoravel.com.br\/wp-content\/uploads\/2024\/10\/logo_verde-scaled.webp","width":2560,"height":757,"caption":"Mimor\u00e1vel"},"image":{"@id":"https:\/\/mimoravel.com.br\/#\/schema\/logo\/image\/"},"sameAs":["https:\/\/www.instagram.com\/mimoravel_\/","https:\/\/br.pinterest.com\/mimoravel\/"]}]}},"_links":{"self":[{"href":"https:\/\/mimoravel.com.br\/en\/wp-json\/wp\/v2\/product\/5582","targetHints":{"allow":["GET"]}}],"collection":[{"href":"https:\/\/mimoravel.com.br\/en\/wp-json\/wp\/v2\/product"}],"about":[{"href":"https:\/\/mimoravel.com.br\/en\/wp-json\/wp\/v2\/types\/product"}],"replies":[{"embeddable":true,"href":"https:\/\/mimoravel.com.br\/en\/wp-json\/wp\/v2\/comments?post=5582"}],"version-history":[{"count":2,"href":"https:\/\/mimoravel.com.br\/en\/wp-json\/wp\/v2\/product\/5582\/revisions"}],"predecessor-version":[{"id":5594,"href":"https:\/\/mimoravel.com.br\/en\/wp-json\/wp\/v2\/product\/5582\/revisions\/5594"}],"wp:featuredmedia":[{"embeddable":true,"href":"https:\/\/mimoravel.com.br\/en\/wp-json\/wp\/v2\/media\/5570"}],"wp:attachment":[{"href":"https:\/\/mimoravel.com.br\/en\/wp-json\/wp\/v2\/media?parent=5582"}],"wp:term":[{"taxonomy":"product_brand","embeddable":true,"href":"https:\/\/mimoravel.com.br\/en\/wp-json\/wp\/v2\/product_brand?post=5582"},{"taxonomy":"product_cat","embeddable":true,"href":"https:\/\/mimoravel.com.br\/en\/wp-json\/wp\/v2\/product_cat?post=5582"},{"taxonomy":"product_tag","embeddable":true,"href":"https:\/\/mimoravel.com.br\/en\/wp-json\/wp\/v2\/product_tag?post=5582"}],"curies":[{"name":"wp","href":"https:\/\/api.w.org\/{rel}","templated":true}]}}