{"id":5580,"date":"2025-07-07T20:36:46","date_gmt":"2025-07-07T20:36:46","guid":{"rendered":"https:\/\/mimoravel.com.br\/?post_type=product&#038;p=5580"},"modified":"2025-07-07T20:43:55","modified_gmt":"2025-07-07T20:43:55","slug":"kit-cantinho-da-vovo-e-do-vovo","status":"publish","type":"product","link":"https:\/\/mimoravel.com.br\/en\/product\/kit-cantinho-da-vovo-e-do-vovo\/","title":{"rendered":"Kit Cantinho da Vov\u00f3 e do Vov\u00f4"},"content":{"rendered":"<p data-start=\"146\" data-end=\"517\">O Kit Cantinho da Vov\u00f3 e do Vov\u00f4 nasceu inspirado na frase que estampa nossas canecas autorais Mimor\u00e1vel:<br data-start=\"251\" data-end=\"254\" \/>\u201cQuem dera todos os lugares do mundo fossem como o teu abra\u00e7o.\u201d<br data-start=\"317\" data-end=\"320\" \/>Com esse sentimento, criamos um presente para transformar qualquer cantinho da casa num ref\u00fagio de afeto. Cada detalhe evoca lembran\u00e7as, aconchego e o calor dos abra\u00e7os que marcam a nossa hist\u00f3ria.<\/p>\n<p data-start=\"519\" data-end=\"853\"><strong data-start=\"519\" data-end=\"544\">O que acompanha o Kit Cantinho da Vov\u00f3 e do Vov\u00f4<\/strong><br data-start=\"544\" data-end=\"547\" \/>2 Canecas Pixutinhas (180ml) com caligrafia autoral Mimor\u00e1vel\u00a0<br data-start=\"630\" data-end=\"633\" \/>2 Mini bastidores bordados com as palavras \u201cVov\u00f3\u201d e \u201cVov\u00f4\u201d (acompanham suporte)<br data-start=\"712\" data-end=\"715\" \/>Mini arranjo afetivo em vidro com flores secas e cora\u00e7\u00e3o bordado<br data-start=\"779\" data-end=\"782\" \/>2 Cartinhas Mimor\u00e1vel, uma para a vov\u00f3 e outra para o vov\u00f4<\/p>\n<p data-start=\"855\" data-end=\"1149\"><strong data-start=\"855\" data-end=\"907\">Utilidade, beleza e significado para o dia a dia<\/strong><br data-start=\"907\" data-end=\"910\" \/>As canecas s\u00e3o ideais para o caf\u00e9 compartilhado ou o ch\u00e1 da noite. Os bastidores decoram com leveza e personalidade. O arranjo transmite presen\u00e7a, mesmo \u00e0 dist\u00e2ncia. E as cartinhas eternizam o sentimento com palavras que aquecem o cora\u00e7\u00e3o.<\/p>\n<p data-start=\"1151\" data-end=\"1341\"><strong data-start=\"1151\" data-end=\"1175\">Detalhes importantes<\/strong><br data-start=\"1175\" data-end=\"1178\" \/>Itens enviados separadamente por seguran\u00e7a, para que voc\u00ea mesmo possa montar o presente<br data-start=\"1265\" data-end=\"1268\" \/>Acompanha embalagem de luxo cartonada com tag Mimor\u00e1vel e fita de cetim<\/p>\n<p data-start=\"1343\" data-end=\"1521\"><strong data-start=\"1343\" data-end=\"1364\">Quando presentear<\/strong><br data-start=\"1364\" data-end=\"1367\" \/>No Dia dos Av\u00f3s<br data-start=\"1382\" data-end=\"1385\" \/>Como gesto de carinho e gratid\u00e3o<br data-start=\"1417\" data-end=\"1420\" \/>Para surpreender os dois com um momento especial<br data-start=\"1468\" data-end=\"1471\" \/>Em anivers\u00e1rios ou visitas com saudade acumulada<\/p>","protected":false},"excerpt":{"rendered":"<p>Para o Dia dos Av\u00f3s<\/p>\n<p>Personalize com nome no verso da caneca<\/p>\n<p>Abaixo voc\u00ea pode preencher os campos de texto com informa\u00e7\u00f5es sobre nomes e textos das cartinhas.<\/p>","protected":false},"featured_media":5572,"comment_status":"open","ping_status":"closed","template":"","meta":{"_acf_changed":false,"_joinchat":[]},"product_brand":[],"product_cat":[142],"product_tag":[],"class_list":{"0":"post-5580","1":"product","2":"type-product","3":"status-publish","4":"has-post-thumbnail","6":"product_cat-kits","7":"product_shipping_class-envios","8":"wcpa_has_options","10":"first","11":"onbackorder","12":"taxable","13":"shipping-taxable","14":"purchasable","15":"product-type-simple","swatches":"rey-swatches","show_selected":""},"acf":[],"yoast_head":"<!-- This site is optimized with the Yoast SEO plugin v24.4 - https:\/\/yoast.com\/wordpress\/plugins\/seo\/ -->\n<title>Kit Cantinho da Vov\u00f3 e do Vov\u00f4 - mimoravel.com.br<\/title>\n<meta name=\"description\" content=\"O Kit Cantinho da Vov\u00f3 e do Vov\u00f4 traz caneca, fotos, bastidor bordado, arranjo afetivo e cartinha com frase Mimor\u00e1vel. Um presente completo, cheio de afeto.\" \/>\n<meta name=\"robots\" content=\"index, follow, max-snippet:-1, max-image-preview:large, max-video-preview:-1\" \/>\n<link rel=\"canonical\" href=\"https:\/\/mimoravel.com.br\/en\/product\/kit-cantinho-da-vovo-e-do-vovo\/\" \/>\n<meta property=\"og:locale\" content=\"en_US\" \/>\n<meta property=\"og:type\" content=\"article\" \/>\n<meta property=\"og:title\" content=\"Kit Cantinho da Vov\u00f3 e do Vov\u00f4 - mimoravel.com.br\" \/>\n<meta property=\"og:description\" content=\"O Kit Cantinho da Vov\u00f3 e do Vov\u00f4 traz caneca, fotos, bastidor bordado, arranjo afetivo e cartinha com frase Mimor\u00e1vel. Um presente completo, cheio de afeto.\" \/>\n<meta property=\"og:url\" content=\"https:\/\/mimoravel.com.br\/en\/product\/kit-cantinho-da-vovo-e-do-vovo\/\" \/>\n<meta property=\"og:site_name\" content=\"mimoravel.com.br\" \/>\n<meta property=\"article:publisher\" content=\"https:\/\/www.instagram.com\/mimoravel_\/\" \/>\n<meta property=\"article:modified_time\" content=\"2025-07-07T20:43:55+00:00\" \/>\n<meta property=\"og:image\" content=\"https:\/\/mimoravel.com.br\/wp-content\/uploads\/2025\/07\/5-_MG_5780.jpg\" \/>\n\t<meta property=\"og:image:width\" content=\"1280\" \/>\n\t<meta property=\"og:image:height\" content=\"1920\" \/>\n\t<meta property=\"og:image:type\" content=\"image\/jpeg\" \/>\n<meta name=\"twitter:card\" content=\"summary_large_image\" \/>\n<meta name=\"twitter:label1\" content=\"Est. reading time\" \/>\n\t<meta name=\"twitter:data1\" content=\"2 minutes\" \/>\n<script type=\"application\/ld+json\" class=\"yoast-schema-graph\">{\"@context\":\"https:\/\/schema.org\",\"@graph\":[{\"@type\":\"WebPage\",\"@id\":\"https:\/\/mimoravel.com.br\/product\/kit-cantinho-da-vovo-e-do-vovo\/\",\"url\":\"https:\/\/mimoravel.com.br\/product\/kit-cantinho-da-vovo-e-do-vovo\/\",\"name\":\"Kit Cantinho da Vov\u00f3 e do Vov\u00f4 - mimoravel.com.br\",\"isPartOf\":{\"@id\":\"https:\/\/mimoravel.com.br\/#website\"},\"primaryImageOfPage\":{\"@id\":\"https:\/\/mimoravel.com.br\/product\/kit-cantinho-da-vovo-e-do-vovo\/#primaryimage\"},\"image\":{\"@id\":\"https:\/\/mimoravel.com.br\/product\/kit-cantinho-da-vovo-e-do-vovo\/#primaryimage\"},\"thumbnailUrl\":\"https:\/\/mimoravel.com.br\/wp-content\/uploads\/2025\/07\/5-_MG_5780.jpg\",\"datePublished\":\"2025-07-07T20:36:46+00:00\",\"dateModified\":\"2025-07-07T20:43:55+00:00\",\"description\":\"O Kit Cantinho da Vov\u00f3 e do Vov\u00f4 traz caneca, fotos, bastidor bordado, arranjo afetivo e cartinha com frase Mimor\u00e1vel. Um presente completo, cheio de afeto.\",\"breadcrumb\":{\"@id\":\"https:\/\/mimoravel.com.br\/product\/kit-cantinho-da-vovo-e-do-vovo\/#breadcrumb\"},\"inLanguage\":\"en-US\",\"potentialAction\":[{\"@type\":\"ReadAction\",\"target\":[\"https:\/\/mimoravel.com.br\/product\/kit-cantinho-da-vovo-e-do-vovo\/\"]}]},{\"@type\":\"ImageObject\",\"inLanguage\":\"en-US\",\"@id\":\"https:\/\/mimoravel.com.br\/product\/kit-cantinho-da-vovo-e-do-vovo\/#primaryimage\",\"url\":\"https:\/\/mimoravel.com.br\/wp-content\/uploads\/2025\/07\/5-_MG_5780.jpg\",\"contentUrl\":\"https:\/\/mimoravel.com.br\/wp-content\/uploads\/2025\/07\/5-_MG_5780.jpg\",\"width\":1280,\"height\":1920,\"caption\":\"Kit Cantinho da Vov\u00f3 e do Vov\u00f4\"},{\"@type\":\"BreadcrumbList\",\"@id\":\"https:\/\/mimoravel.com.br\/product\/kit-cantinho-da-vovo-e-do-vovo\/#breadcrumb\",\"itemListElement\":[{\"@type\":\"ListItem\",\"position\":1,\"name\":\"Home\",\"item\":\"https:\/\/mimoravel.com.br\/\"},{\"@type\":\"ListItem\",\"position\":2,\"name\":\"Loja\",\"item\":\"https:\/\/mimoravel.com.br\/loja\/\"},{\"@type\":\"ListItem\",\"position\":3,\"name\":\"Kit Cantinho da Vov\u00f3 e do Vov\u00f4\"}]},{\"@type\":\"WebSite\",\"@id\":\"https:\/\/mimoravel.com.br\/#website\",\"url\":\"https:\/\/mimoravel.com.br\/\",\"name\":\"mimoravel.com.br\",\"description\":\"\",\"publisher\":{\"@id\":\"https:\/\/mimoravel.com.br\/#organization\"},\"potentialAction\":[{\"@type\":\"SearchAction\",\"target\":{\"@type\":\"EntryPoint\",\"urlTemplate\":\"https:\/\/mimoravel.com.br\/?s={search_term_string}\"},\"query-input\":{\"@type\":\"PropertyValueSpecification\",\"valueRequired\":true,\"valueName\":\"search_term_string\"}}],\"inLanguage\":\"en-US\"},{\"@type\":\"Organization\",\"@id\":\"https:\/\/mimoravel.com.br\/#organization\",\"name\":\"Mimor\u00e1vel\",\"url\":\"https:\/\/mimoravel.com.br\/\",\"logo\":{\"@type\":\"ImageObject\",\"inLanguage\":\"en-US\",\"@id\":\"https:\/\/mimoravel.com.br\/#\/schema\/logo\/image\/\",\"url\":\"https:\/\/mimoravel.com.br\/wp-content\/uploads\/2024\/10\/logo_verde-scaled.webp\",\"contentUrl\":\"https:\/\/mimoravel.com.br\/wp-content\/uploads\/2024\/10\/logo_verde-scaled.webp\",\"width\":2560,\"height\":757,\"caption\":\"Mimor\u00e1vel\"},\"image\":{\"@id\":\"https:\/\/mimoravel.com.br\/#\/schema\/logo\/image\/\"},\"sameAs\":[\"https:\/\/www.instagram.com\/mimoravel_\/\",\"https:\/\/br.pinterest.com\/mimoravel\/\"]}]}<\/script>\n<!-- \/ Yoast SEO plugin. -->","yoast_head_json":{"title":"Kit Cantinho da Vov\u00f3 e do Vov\u00f4 - mimoravel.com.br","description":"O Kit Cantinho da Vov\u00f3 e do Vov\u00f4 traz caneca, fotos, bastidor bordado, arranjo afetivo e cartinha com frase Mimor\u00e1vel. Um presente completo, cheio de afeto.","robots":{"index":"index","follow":"follow","max-snippet":"max-snippet:-1","max-image-preview":"max-image-preview:large","max-video-preview":"max-video-preview:-1"},"canonical":"https:\/\/mimoravel.com.br\/en\/product\/kit-cantinho-da-vovo-e-do-vovo\/","og_locale":"en_US","og_type":"article","og_title":"Kit Cantinho da Vov\u00f3 e do Vov\u00f4 - mimoravel.com.br","og_description":"O Kit Cantinho da Vov\u00f3 e do Vov\u00f4 traz caneca, fotos, bastidor bordado, arranjo afetivo e cartinha com frase Mimor\u00e1vel. Um presente completo, cheio de afeto.","og_url":"https:\/\/mimoravel.com.br\/en\/product\/kit-cantinho-da-vovo-e-do-vovo\/","og_site_name":"mimoravel.com.br","article_publisher":"https:\/\/www.instagram.com\/mimoravel_\/","article_modified_time":"2025-07-07T20:43:55+00:00","og_image":[{"width":1280,"height":1920,"url":"https:\/\/mimoravel.com.br\/wp-content\/uploads\/2025\/07\/5-_MG_5780.jpg","type":"image\/jpeg"}],"twitter_card":"summary_large_image","twitter_misc":{"Est. reading time":"2 minutes"},"schema":{"@context":"https:\/\/schema.org","@graph":[{"@type":"WebPage","@id":"https:\/\/mimoravel.com.br\/product\/kit-cantinho-da-vovo-e-do-vovo\/","url":"https:\/\/mimoravel.com.br\/product\/kit-cantinho-da-vovo-e-do-vovo\/","name":"Kit Cantinho da Vov\u00f3 e do Vov\u00f4 - mimoravel.com.br","isPartOf":{"@id":"https:\/\/mimoravel.com.br\/#website"},"primaryImageOfPage":{"@id":"https:\/\/mimoravel.com.br\/product\/kit-cantinho-da-vovo-e-do-vovo\/#primaryimage"},"image":{"@id":"https:\/\/mimoravel.com.br\/product\/kit-cantinho-da-vovo-e-do-vovo\/#primaryimage"},"thumbnailUrl":"https:\/\/mimoravel.com.br\/wp-content\/uploads\/2025\/07\/5-_MG_5780.jpg","datePublished":"2025-07-07T20:36:46+00:00","dateModified":"2025-07-07T20:43:55+00:00","description":"O Kit Cantinho da Vov\u00f3 e do Vov\u00f4 traz caneca, fotos, bastidor bordado, arranjo afetivo e cartinha com frase Mimor\u00e1vel. Um presente completo, cheio de afeto.","breadcrumb":{"@id":"https:\/\/mimoravel.com.br\/product\/kit-cantinho-da-vovo-e-do-vovo\/#breadcrumb"},"inLanguage":"en-US","potentialAction":[{"@type":"ReadAction","target":["https:\/\/mimoravel.com.br\/product\/kit-cantinho-da-vovo-e-do-vovo\/"]}]},{"@type":"ImageObject","inLanguage":"en-US","@id":"https:\/\/mimoravel.com.br\/product\/kit-cantinho-da-vovo-e-do-vovo\/#primaryimage","url":"https:\/\/mimoravel.com.br\/wp-content\/uploads\/2025\/07\/5-_MG_5780.jpg","contentUrl":"https:\/\/mimoravel.com.br\/wp-content\/uploads\/2025\/07\/5-_MG_5780.jpg","width":1280,"height":1920,"caption":"Kit Cantinho da Vov\u00f3 e do Vov\u00f4"},{"@type":"BreadcrumbList","@id":"https:\/\/mimoravel.com.br\/product\/kit-cantinho-da-vovo-e-do-vovo\/#breadcrumb","itemListElement":[{"@type":"ListItem","position":1,"name":"Home","item":"https:\/\/mimoravel.com.br\/"},{"@type":"ListItem","position":2,"name":"Loja","item":"https:\/\/mimoravel.com.br\/loja\/"},{"@type":"ListItem","position":3,"name":"Kit Cantinho da Vov\u00f3 e do Vov\u00f4"}]},{"@type":"WebSite","@id":"https:\/\/mimoravel.com.br\/#website","url":"https:\/\/mimoravel.com.br\/","name":"mimoravel.com.br","description":"","publisher":{"@id":"https:\/\/mimoravel.com.br\/#organization"},"potentialAction":[{"@type":"SearchAction","target":{"@type":"EntryPoint","urlTemplate":"https:\/\/mimoravel.com.br\/?s={search_term_string}"},"query-input":{"@type":"PropertyValueSpecification","valueRequired":true,"valueName":"search_term_string"}}],"inLanguage":"en-US"},{"@type":"Organization","@id":"https:\/\/mimoravel.com.br\/#organization","name":"Mimor\u00e1vel","url":"https:\/\/mimoravel.com.br\/","logo":{"@type":"ImageObject","inLanguage":"en-US","@id":"https:\/\/mimoravel.com.br\/#\/schema\/logo\/image\/","url":"https:\/\/mimoravel.com.br\/wp-content\/uploads\/2024\/10\/logo_verde-scaled.webp","contentUrl":"https:\/\/mimoravel.com.br\/wp-content\/uploads\/2024\/10\/logo_verde-scaled.webp","width":2560,"height":757,"caption":"Mimor\u00e1vel"},"image":{"@id":"https:\/\/mimoravel.com.br\/#\/schema\/logo\/image\/"},"sameAs":["https:\/\/www.instagram.com\/mimoravel_\/","https:\/\/br.pinterest.com\/mimoravel\/"]}]}},"_links":{"self":[{"href":"https:\/\/mimoravel.com.br\/en\/wp-json\/wp\/v2\/product\/5580","targetHints":{"allow":["GET"]}}],"collection":[{"href":"https:\/\/mimoravel.com.br\/en\/wp-json\/wp\/v2\/product"}],"about":[{"href":"https:\/\/mimoravel.com.br\/en\/wp-json\/wp\/v2\/types\/product"}],"replies":[{"embeddable":true,"href":"https:\/\/mimoravel.com.br\/en\/wp-json\/wp\/v2\/comments?post=5580"}],"version-history":[{"count":1,"href":"https:\/\/mimoravel.com.br\/en\/wp-json\/wp\/v2\/product\/5580\/revisions"}],"predecessor-version":[{"id":5581,"href":"https:\/\/mimoravel.com.br\/en\/wp-json\/wp\/v2\/product\/5580\/revisions\/5581"}],"wp:featuredmedia":[{"embeddable":true,"href":"https:\/\/mimoravel.com.br\/en\/wp-json\/wp\/v2\/media\/5572"}],"wp:attachment":[{"href":"https:\/\/mimoravel.com.br\/en\/wp-json\/wp\/v2\/media?parent=5580"}],"wp:term":[{"taxonomy":"product_brand","embeddable":true,"href":"https:\/\/mimoravel.com.br\/en\/wp-json\/wp\/v2\/product_brand?post=5580"},{"taxonomy":"product_cat","embeddable":true,"href":"https:\/\/mimoravel.com.br\/en\/wp-json\/wp\/v2\/product_cat?post=5580"},{"taxonomy":"product_tag","embeddable":true,"href":"https:\/\/mimoravel.com.br\/en\/wp-json\/wp\/v2\/product_tag?post=5580"}],"curies":[{"name":"wp","href":"https:\/\/api.w.org\/{rel}","templated":true}]}}