{"id":5544,"date":"2025-07-07T15:57:34","date_gmt":"2025-07-07T15:57:34","guid":{"rendered":"https:\/\/mimoravel.com.br\/?post_type=product&#038;p=5544"},"modified":"2026-01-07T18:30:59","modified_gmt":"2026-01-07T18:30:59","slug":"caneca-pixutinha-abraco-do-vovo","status":"publish","type":"product","link":"https:\/\/mimoravel.com.br\/en\/product\/caneca-pixutinha-abraco-do-vovo\/","title":{"rendered":"Caneca Pixutinha &#8211; Abra\u00e7o do Vov\u00f4"},"content":{"rendered":"<p data-start=\"283\" data-end=\"850\">Estampa autoral Mimor\u00e1vel inspirada no abra\u00e7o mais seguro do mundo. A <strong data-start=\"1536\" data-end=\"1578\">Caneca Pixutinha &#8211; Abra\u00e7o do Vov\u00f4<\/strong> (180ml) traz uma mensagem calorosa em caligrafia autoral Mimor\u00e1vel:<br data-start=\"509\" data-end=\"512\" \/><strong data-start=\"512\" data-end=\"579\">\u201cQuem dera todos os lugares do mundo fossem como o teu abra\u00e7o.\u201d<\/strong><br data-start=\"579\" data-end=\"582\" \/>Um carinho que virou frase, para ser lido com os olhos e sentido com o cora\u00e7\u00e3o \u2014 todos os dias.<\/p>\n<p data-start=\"679\" data-end=\"830\">Com ilustra\u00e7\u00f5es delicadas de <strong data-start=\"708\" data-end=\"744\">sol, c\u00e9u, folhas e um avi\u00e3ozinho<\/strong>, a estampa desenha um lugar on\u00edrico e simb\u00f3lico, onde o afeto \u00e9 o verdadeiro destino.<\/p>\n<hr data-start=\"852\" data-end=\"855\" \/>\n<p data-start=\"857\" data-end=\"1178\">Design funcional com afeto autoral<br data-start=\"891\" data-end=\"894\" \/>A <strong data-start=\"896\" data-end=\"938\">Caneca Pixutinha \u2013 Abra\u00e7o do Vov\u00f4<\/strong>\u00a0\u00e9 feita em cer\u00e2mica de alta qualidade, com 180ml, ideal para um cafezinho da tarde, um ch\u00e1 reconfortante ou at\u00e9 para decorar a casa com charme e afeto. A al\u00e7a confort\u00e1vel e o tamanho delicado tornam essa pe\u00e7a perfeita para m\u00e3os carinhosas.<\/p>\n<hr data-start=\"1180\" data-end=\"1183\" \/>\n<p data-start=\"1185\" data-end=\"1473\">Por que essa caneca \u00e9 t\u00e3o especial<br data-start=\"1219\" data-end=\"1222\" \/>estampa ilustrada pela Mimor\u00e1vel com exclusividade<br data-start=\"1272\" data-end=\"1275\" \/>caligrafia autoral na frase com significado profundo<br data-start=\"1327\" data-end=\"1330\" \/>acabamento interno e al\u00e7a em rosa suave<br data-start=\"1369\" data-end=\"1372\" \/>tamanho ideal para momentos de pausa, gratid\u00e3o e mem\u00f3ria<br data-start=\"1428\" data-end=\"1431\" \/>pode ser usada sozinha ou em kits afetivos<\/p>\n<hr data-start=\"1475\" data-end=\"1478\" \/>\n<p data-start=\"1480\" data-end=\"1779\">Mais que uma caneca: um elogio em forma de presente<br data-start=\"1531\" data-end=\"1534\" \/>A <strong data-start=\"1536\" data-end=\"1578\">Caneca Pixutinha &#8211; Abra\u00e7o do Vov\u00f4<\/strong>\u00a0\u00e9 um presente ideal para netos que desejam retribuir carinho com algo \u00fanico. \u00c9 a tradu\u00e7\u00e3o visual de um sentimento que n\u00e3o cabe em palavras, mas que pode ser vivido em um gole de caf\u00e9 servido com amor.<\/p>\n<hr data-start=\"1781\" data-end=\"1784\" \/>\n<p data-start=\"1786\" data-end=\"1969\">Quando presentear<br data-start=\"1803\" data-end=\"1806\" \/>No Dia dos Av\u00f3s<br data-start=\"1821\" data-end=\"1824\" \/>Em anivers\u00e1rios ou visitas especiais<br data-start=\"1934\" data-end=\"1937\" \/>Em kits personalizados Mimor\u00e1vel<\/p>","protected":false},"excerpt":{"rendered":"<p>Personalize com nome no verso da caneca!<\/p>","protected":false},"featured_media":5536,"comment_status":"open","ping_status":"closed","template":"","meta":{"_acf_changed":false,"_joinchat":[]},"product_brand":[],"product_cat":[70],"product_tag":[],"class_list":{"0":"post-5544","1":"product","2":"type-product","3":"status-publish","4":"has-post-thumbnail","6":"product_cat-produto-caneca-personalizada","7":"product_shipping_class-envios","8":"wcpa_has_options","10":"first","11":"onbackorder","12":"taxable","13":"shipping-taxable","14":"purchasable","15":"product-type-simple","swatches":"rey-swatches","show_selected":""},"acf":[],"yoast_head":"<!-- This site is optimized with the Yoast SEO plugin v24.4 - https:\/\/yoast.com\/wordpress\/plugins\/seo\/ -->\n<title>Caneca Pixutinha - Abra\u00e7o do Vov\u00f4 - mimoravel.com.br<\/title>\n<meta name=\"description\" content=\"A Caneca Pixutinha \u2013 Abra\u00e7o da Vov\u00f4 tem estampa autoral Mimor\u00e1vel com frase afetiva e design delicado. Um presente cheio de significado e carinho.\" \/>\n<meta name=\"robots\" content=\"index, follow, max-snippet:-1, max-image-preview:large, max-video-preview:-1\" \/>\n<link rel=\"canonical\" href=\"https:\/\/mimoravel.com.br\/en\/product\/caneca-pixutinha-abraco-do-vovo\/\" \/>\n<meta property=\"og:locale\" content=\"en_US\" \/>\n<meta property=\"og:type\" content=\"article\" \/>\n<meta property=\"og:title\" content=\"Caneca Pixutinha Vermelha - Flora Roses\" \/>\n<meta property=\"og:description\" content=\"Com tra\u00e7os delicados e exclusivos, essa estampa floral une o vermelho das rosas a folhas suaves em verde sutil, criando uma combina\u00e7\u00e3o serena e encantadora.\" \/>\n<meta property=\"og:url\" content=\"https:\/\/mimoravel.com.br\/en\/product\/caneca-pixutinha-abraco-do-vovo\/\" \/>\n<meta property=\"og:site_name\" content=\"mimoravel.com.br\" \/>\n<meta property=\"article:publisher\" content=\"https:\/\/www.instagram.com\/mimoravel_\/\" \/>\n<meta property=\"article:modified_time\" content=\"2026-01-07T18:30:59+00:00\" \/>\n<meta property=\"og:image\" content=\"https:\/\/mimoravel.com.br\/wp-content\/uploads\/2025\/06\/MG_5500-scaled.jpg\" \/>\n\t<meta property=\"og:image:width\" content=\"1707\" \/>\n\t<meta property=\"og:image:height\" content=\"2560\" \/>\n\t<meta property=\"og:image:type\" content=\"image\/jpeg\" \/>\n<meta name=\"twitter:card\" content=\"summary_large_image\" \/>\n<meta name=\"twitter:label1\" content=\"Est. reading time\" \/>\n\t<meta name=\"twitter:data1\" content=\"2 minutes\" \/>\n<script type=\"application\/ld+json\" class=\"yoast-schema-graph\">{\"@context\":\"https:\/\/schema.org\",\"@graph\":[{\"@type\":\"WebPage\",\"@id\":\"https:\/\/mimoravel.com.br\/product\/caneca-pixutinha-abraco-do-vovo\/\",\"url\":\"https:\/\/mimoravel.com.br\/product\/caneca-pixutinha-abraco-do-vovo\/\",\"name\":\"Caneca Pixutinha - Abra\u00e7o do Vov\u00f4 - mimoravel.com.br\",\"isPartOf\":{\"@id\":\"https:\/\/mimoravel.com.br\/#website\"},\"primaryImageOfPage\":{\"@id\":\"https:\/\/mimoravel.com.br\/product\/caneca-pixutinha-abraco-do-vovo\/#primaryimage\"},\"image\":{\"@id\":\"https:\/\/mimoravel.com.br\/product\/caneca-pixutinha-abraco-do-vovo\/#primaryimage\"},\"thumbnailUrl\":\"https:\/\/mimoravel.com.br\/wp-content\/uploads\/2025\/07\/1-_MG_5770.jpg\",\"datePublished\":\"2025-07-07T15:57:34+00:00\",\"dateModified\":\"2026-01-07T18:30:59+00:00\",\"description\":\"A Caneca Pixutinha \u2013 Abra\u00e7o da Vov\u00f4 tem estampa autoral Mimor\u00e1vel com frase afetiva e design delicado. Um presente cheio de significado e carinho.\",\"breadcrumb\":{\"@id\":\"https:\/\/mimoravel.com.br\/product\/caneca-pixutinha-abraco-do-vovo\/#breadcrumb\"},\"inLanguage\":\"en-US\",\"potentialAction\":[{\"@type\":\"ReadAction\",\"target\":[\"https:\/\/mimoravel.com.br\/product\/caneca-pixutinha-abraco-do-vovo\/\"]}]},{\"@type\":\"ImageObject\",\"inLanguage\":\"en-US\",\"@id\":\"https:\/\/mimoravel.com.br\/product\/caneca-pixutinha-abraco-do-vovo\/#primaryimage\",\"url\":\"https:\/\/mimoravel.com.br\/wp-content\/uploads\/2025\/07\/1-_MG_5770.jpg\",\"contentUrl\":\"https:\/\/mimoravel.com.br\/wp-content\/uploads\/2025\/07\/1-_MG_5770.jpg\",\"width\":1280,\"height\":1920,\"caption\":\"Pixutinha do Vov\u00f4\"},{\"@type\":\"BreadcrumbList\",\"@id\":\"https:\/\/mimoravel.com.br\/product\/caneca-pixutinha-abraco-do-vovo\/#breadcrumb\",\"itemListElement\":[{\"@type\":\"ListItem\",\"position\":1,\"name\":\"Home\",\"item\":\"https:\/\/mimoravel.com.br\/\"},{\"@type\":\"ListItem\",\"position\":2,\"name\":\"Loja\",\"item\":\"https:\/\/mimoravel.com.br\/loja\/\"},{\"@type\":\"ListItem\",\"position\":3,\"name\":\"Caneca Pixutinha &#8211; Abra\u00e7o do Vov\u00f4\"}]},{\"@type\":\"WebSite\",\"@id\":\"https:\/\/mimoravel.com.br\/#website\",\"url\":\"https:\/\/mimoravel.com.br\/\",\"name\":\"mimoravel.com.br\",\"description\":\"\",\"publisher\":{\"@id\":\"https:\/\/mimoravel.com.br\/#organization\"},\"potentialAction\":[{\"@type\":\"SearchAction\",\"target\":{\"@type\":\"EntryPoint\",\"urlTemplate\":\"https:\/\/mimoravel.com.br\/?s={search_term_string}\"},\"query-input\":{\"@type\":\"PropertyValueSpecification\",\"valueRequired\":true,\"valueName\":\"search_term_string\"}}],\"inLanguage\":\"en-US\"},{\"@type\":\"Organization\",\"@id\":\"https:\/\/mimoravel.com.br\/#organization\",\"name\":\"Mimor\u00e1vel\",\"url\":\"https:\/\/mimoravel.com.br\/\",\"logo\":{\"@type\":\"ImageObject\",\"inLanguage\":\"en-US\",\"@id\":\"https:\/\/mimoravel.com.br\/#\/schema\/logo\/image\/\",\"url\":\"https:\/\/mimoravel.com.br\/wp-content\/uploads\/2024\/10\/logo_verde-scaled.webp\",\"contentUrl\":\"https:\/\/mimoravel.com.br\/wp-content\/uploads\/2024\/10\/logo_verde-scaled.webp\",\"width\":2560,\"height\":757,\"caption\":\"Mimor\u00e1vel\"},\"image\":{\"@id\":\"https:\/\/mimoravel.com.br\/#\/schema\/logo\/image\/\"},\"sameAs\":[\"https:\/\/www.instagram.com\/mimoravel_\/\",\"https:\/\/br.pinterest.com\/mimoravel\/\"]}]}<\/script>\n<!-- \/ Yoast SEO plugin. -->","yoast_head_json":{"title":"Caneca Pixutinha - Abra\u00e7o do Vov\u00f4 - mimoravel.com.br","description":"A Caneca Pixutinha \u2013 Abra\u00e7o da Vov\u00f4 tem estampa autoral Mimor\u00e1vel com frase afetiva e design delicado. Um presente cheio de significado e carinho.","robots":{"index":"index","follow":"follow","max-snippet":"max-snippet:-1","max-image-preview":"max-image-preview:large","max-video-preview":"max-video-preview:-1"},"canonical":"https:\/\/mimoravel.com.br\/en\/product\/caneca-pixutinha-abraco-do-vovo\/","og_locale":"en_US","og_type":"article","og_title":"Caneca Pixutinha Vermelha - Flora Roses","og_description":"Com tra\u00e7os delicados e exclusivos, essa estampa floral une o vermelho das rosas a folhas suaves em verde sutil, criando uma combina\u00e7\u00e3o serena e encantadora.","og_url":"https:\/\/mimoravel.com.br\/en\/product\/caneca-pixutinha-abraco-do-vovo\/","og_site_name":"mimoravel.com.br","article_publisher":"https:\/\/www.instagram.com\/mimoravel_\/","article_modified_time":"2026-01-07T18:30:59+00:00","og_image":[{"width":1707,"height":2560,"url":"https:\/\/mimoravel.com.br\/wp-content\/uploads\/2025\/06\/MG_5500-scaled.jpg","type":"image\/jpeg"}],"twitter_card":"summary_large_image","twitter_misc":{"Est. reading time":"2 minutes"},"schema":{"@context":"https:\/\/schema.org","@graph":[{"@type":"WebPage","@id":"https:\/\/mimoravel.com.br\/product\/caneca-pixutinha-abraco-do-vovo\/","url":"https:\/\/mimoravel.com.br\/product\/caneca-pixutinha-abraco-do-vovo\/","name":"Caneca Pixutinha - Abra\u00e7o do Vov\u00f4 - mimoravel.com.br","isPartOf":{"@id":"https:\/\/mimoravel.com.br\/#website"},"primaryImageOfPage":{"@id":"https:\/\/mimoravel.com.br\/product\/caneca-pixutinha-abraco-do-vovo\/#primaryimage"},"image":{"@id":"https:\/\/mimoravel.com.br\/product\/caneca-pixutinha-abraco-do-vovo\/#primaryimage"},"thumbnailUrl":"https:\/\/mimoravel.com.br\/wp-content\/uploads\/2025\/07\/1-_MG_5770.jpg","datePublished":"2025-07-07T15:57:34+00:00","dateModified":"2026-01-07T18:30:59+00:00","description":"A Caneca Pixutinha \u2013 Abra\u00e7o da Vov\u00f4 tem estampa autoral Mimor\u00e1vel com frase afetiva e design delicado. Um presente cheio de significado e carinho.","breadcrumb":{"@id":"https:\/\/mimoravel.com.br\/product\/caneca-pixutinha-abraco-do-vovo\/#breadcrumb"},"inLanguage":"en-US","potentialAction":[{"@type":"ReadAction","target":["https:\/\/mimoravel.com.br\/product\/caneca-pixutinha-abraco-do-vovo\/"]}]},{"@type":"ImageObject","inLanguage":"en-US","@id":"https:\/\/mimoravel.com.br\/product\/caneca-pixutinha-abraco-do-vovo\/#primaryimage","url":"https:\/\/mimoravel.com.br\/wp-content\/uploads\/2025\/07\/1-_MG_5770.jpg","contentUrl":"https:\/\/mimoravel.com.br\/wp-content\/uploads\/2025\/07\/1-_MG_5770.jpg","width":1280,"height":1920,"caption":"Pixutinha do Vov\u00f4"},{"@type":"BreadcrumbList","@id":"https:\/\/mimoravel.com.br\/product\/caneca-pixutinha-abraco-do-vovo\/#breadcrumb","itemListElement":[{"@type":"ListItem","position":1,"name":"Home","item":"https:\/\/mimoravel.com.br\/"},{"@type":"ListItem","position":2,"name":"Loja","item":"https:\/\/mimoravel.com.br\/loja\/"},{"@type":"ListItem","position":3,"name":"Caneca Pixutinha &#8211; Abra\u00e7o do Vov\u00f4"}]},{"@type":"WebSite","@id":"https:\/\/mimoravel.com.br\/#website","url":"https:\/\/mimoravel.com.br\/","name":"mimoravel.com.br","description":"","publisher":{"@id":"https:\/\/mimoravel.com.br\/#organization"},"potentialAction":[{"@type":"SearchAction","target":{"@type":"EntryPoint","urlTemplate":"https:\/\/mimoravel.com.br\/?s={search_term_string}"},"query-input":{"@type":"PropertyValueSpecification","valueRequired":true,"valueName":"search_term_string"}}],"inLanguage":"en-US"},{"@type":"Organization","@id":"https:\/\/mimoravel.com.br\/#organization","name":"Mimor\u00e1vel","url":"https:\/\/mimoravel.com.br\/","logo":{"@type":"ImageObject","inLanguage":"en-US","@id":"https:\/\/mimoravel.com.br\/#\/schema\/logo\/image\/","url":"https:\/\/mimoravel.com.br\/wp-content\/uploads\/2024\/10\/logo_verde-scaled.webp","contentUrl":"https:\/\/mimoravel.com.br\/wp-content\/uploads\/2024\/10\/logo_verde-scaled.webp","width":2560,"height":757,"caption":"Mimor\u00e1vel"},"image":{"@id":"https:\/\/mimoravel.com.br\/#\/schema\/logo\/image\/"},"sameAs":["https:\/\/www.instagram.com\/mimoravel_\/","https:\/\/br.pinterest.com\/mimoravel\/"]}]}},"_links":{"self":[{"href":"https:\/\/mimoravel.com.br\/en\/wp-json\/wp\/v2\/product\/5544","targetHints":{"allow":["GET"]}}],"collection":[{"href":"https:\/\/mimoravel.com.br\/en\/wp-json\/wp\/v2\/product"}],"about":[{"href":"https:\/\/mimoravel.com.br\/en\/wp-json\/wp\/v2\/types\/product"}],"replies":[{"embeddable":true,"href":"https:\/\/mimoravel.com.br\/en\/wp-json\/wp\/v2\/comments?post=5544"}],"version-history":[{"count":1,"href":"https:\/\/mimoravel.com.br\/en\/wp-json\/wp\/v2\/product\/5544\/revisions"}],"predecessor-version":[{"id":5545,"href":"https:\/\/mimoravel.com.br\/en\/wp-json\/wp\/v2\/product\/5544\/revisions\/5545"}],"wp:featuredmedia":[{"embeddable":true,"href":"https:\/\/mimoravel.com.br\/en\/wp-json\/wp\/v2\/media\/5536"}],"wp:attachment":[{"href":"https:\/\/mimoravel.com.br\/en\/wp-json\/wp\/v2\/media?parent=5544"}],"wp:term":[{"taxonomy":"product_brand","embeddable":true,"href":"https:\/\/mimoravel.com.br\/en\/wp-json\/wp\/v2\/product_brand?post=5544"},{"taxonomy":"product_cat","embeddable":true,"href":"https:\/\/mimoravel.com.br\/en\/wp-json\/wp\/v2\/product_cat?post=5544"},{"taxonomy":"product_tag","embeddable":true,"href":"https:\/\/mimoravel.com.br\/en\/wp-json\/wp\/v2\/product_tag?post=5544"}],"curies":[{"name":"wp","href":"https:\/\/api.w.org\/{rel}","templated":true}]}}