{"id":5144,"date":"2025-02-28T13:42:44","date_gmt":"2025-02-28T13:42:44","guid":{"rendered":"https:\/\/mimoravel.com.br\/?post_type=product&#038;p=5144"},"modified":"2025-02-28T13:54:18","modified_gmt":"2025-02-28T13:54:18","slug":"botton-dia-da-mulher","status":"publish","type":"product","link":"https:\/\/mimoravel.com.br\/en\/product\/botton-dia-da-mulher\/","title":{"rendered":"Botton Dia da Mulher"},"content":{"rendered":"<p>Nosso Botton Dia da Mulher foi estampado com nossa caligrafia autoral que descreve uma das mensagens mais usadas por nossa marca: &#8220;Voc\u00ea fica t\u00e3o linda quando se veste si!&#8221; Uma mensagem que se preocupa na individualidade feminina e que abra\u00e7a o que h\u00e1 de mais aut\u00eantico em cada uma, deixando de lado padr\u00f5es impostos.<\/p>\n<h5>Caracter\u00edsticas:<\/h5>\n<ul>\n<li>Impresso em papel fotogr\u00e1fico com alta nitidez;<\/li>\n<li>Imagem com lamina\u00e7\u00e3o, para longa durabilidade e sem desbotamento causado por incid\u00eancia solar e umidade;<\/li>\n<li>Suporte da agulha em pl\u00e1stico resistente, evitando ferrugens que acontecem em bottons de suporte de metal;<\/li>\n<li>Suporte da imagem em alum\u00ednio resistente.<\/li>\n<\/ul>\n<p>&nbsp;<\/p>","protected":false},"excerpt":{"rendered":"<p>Nosso Botton Dia da Mulher foi estampado com nossa caligrafia autoral que descreve uma das mensagens mais usadas por nossa marca: &#8220;Voc\u00ea fica t\u00e3o linda quando se veste si!&#8221; Uma mensagem que se preocupa na individualidade feminina e que abra\u00e7a o que h\u00e1 de mais aut\u00eantico em cada uma, deixando de lado padr\u00f5es impostos. [&hellip;]<\/p>","protected":false},"featured_media":5147,"comment_status":"open","ping_status":"closed","template":"","meta":{"_acf_changed":false,"_joinchat":[]},"product_brand":[],"product_cat":[119],"product_tag":[],"class_list":{"0":"post-5144","1":"product","2":"type-product","3":"status-publish","4":"has-post-thumbnail","6":"product_cat-papelaria","8":"first","9":"instock","10":"taxable","11":"shipping-taxable","12":"purchasable","13":"product-type-variable","swatches":"rey-swatches","show_selected":""},"acf":[],"yoast_head":"<!-- This site is optimized with the Yoast SEO plugin v24.4 - https:\/\/yoast.com\/wordpress\/plugins\/seo\/ -->\n<title>Botton Dia da Mulher - mimoravel.com.br<\/title>\n<meta name=\"description\" content=\"Nosso Botton Dia da Mulher foi estampado com uma das mensagens mais usadas por nossa marca: Voc\u00ea fica t\u00e3o linda quando se veste si!\" \/>\n<meta name=\"robots\" content=\"index, follow, max-snippet:-1, max-image-preview:large, max-video-preview:-1\" \/>\n<link rel=\"canonical\" href=\"https:\/\/mimoravel.com.br\/en\/product\/botton-dia-da-mulher\/\" \/>\n<meta property=\"og:locale\" content=\"en_US\" \/>\n<meta property=\"og:type\" content=\"article\" \/>\n<meta property=\"og:title\" content=\"Botton Dia da Mulher\" \/>\n<meta property=\"og:description\" content=\"Nosso Botton Dia da Mulher foi estampado com uma das mensagens mais usadas por nossa marca: Voc\u00ea fica t\u00e3o linda quando se veste si!\" \/>\n<meta property=\"og:url\" content=\"https:\/\/mimoravel.com.br\/en\/product\/botton-dia-da-mulher\/\" \/>\n<meta property=\"og:site_name\" content=\"mimoravel.com.br\" \/>\n<meta property=\"article:publisher\" content=\"https:\/\/www.instagram.com\/mimoravel_\/\" \/>\n<meta property=\"article:modified_time\" content=\"2025-02-28T13:54:18+00:00\" \/>\n<meta property=\"og:image\" content=\"https:\/\/mimoravel.com.br\/wp-content\/uploads\/2025\/02\/3-_MG_3061.jpg\" \/>\n\t<meta property=\"og:image:width\" content=\"1365\" \/>\n\t<meta property=\"og:image:height\" content=\"2048\" \/>\n\t<meta property=\"og:image:type\" content=\"image\/jpeg\" \/>\n<meta name=\"twitter:card\" content=\"summary_large_image\" \/>\n<meta name=\"twitter:label1\" content=\"Est. reading time\" \/>\n\t<meta name=\"twitter:data1\" content=\"1 minute\" \/>\n<script type=\"application\/ld+json\" class=\"yoast-schema-graph\">{\"@context\":\"https:\/\/schema.org\",\"@graph\":[{\"@type\":\"WebPage\",\"@id\":\"https:\/\/mimoravel.com.br\/product\/botton-dia-da-mulher\/\",\"url\":\"https:\/\/mimoravel.com.br\/product\/botton-dia-da-mulher\/\",\"name\":\"Botton Dia da Mulher - mimoravel.com.br\",\"isPartOf\":{\"@id\":\"https:\/\/mimoravel.com.br\/#website\"},\"primaryImageOfPage\":{\"@id\":\"https:\/\/mimoravel.com.br\/product\/botton-dia-da-mulher\/#primaryimage\"},\"image\":{\"@id\":\"https:\/\/mimoravel.com.br\/product\/botton-dia-da-mulher\/#primaryimage\"},\"thumbnailUrl\":\"https:\/\/mimoravel.com.br\/wp-content\/uploads\/2025\/02\/3-_MG_3061.jpg\",\"datePublished\":\"2025-02-28T13:42:44+00:00\",\"dateModified\":\"2025-02-28T13:54:18+00:00\",\"description\":\"Nosso Botton Dia da Mulher foi estampado com uma das mensagens mais usadas por nossa marca: Voc\u00ea fica t\u00e3o linda quando se veste si!\",\"breadcrumb\":{\"@id\":\"https:\/\/mimoravel.com.br\/product\/botton-dia-da-mulher\/#breadcrumb\"},\"inLanguage\":\"en-US\",\"potentialAction\":[{\"@type\":\"ReadAction\",\"target\":[\"https:\/\/mimoravel.com.br\/product\/botton-dia-da-mulher\/\"]}]},{\"@type\":\"ImageObject\",\"inLanguage\":\"en-US\",\"@id\":\"https:\/\/mimoravel.com.br\/product\/botton-dia-da-mulher\/#primaryimage\",\"url\":\"https:\/\/mimoravel.com.br\/wp-content\/uploads\/2025\/02\/3-_MG_3061.jpg\",\"contentUrl\":\"https:\/\/mimoravel.com.br\/wp-content\/uploads\/2025\/02\/3-_MG_3061.jpg\",\"width\":1365,\"height\":2048,\"caption\":\"Botton Dia da Mulher\"},{\"@type\":\"BreadcrumbList\",\"@id\":\"https:\/\/mimoravel.com.br\/product\/botton-dia-da-mulher\/#breadcrumb\",\"itemListElement\":[{\"@type\":\"ListItem\",\"position\":1,\"name\":\"Home\",\"item\":\"https:\/\/mimoravel.com.br\/\"},{\"@type\":\"ListItem\",\"position\":2,\"name\":\"Loja\",\"item\":\"https:\/\/mimoravel.com.br\/loja\/\"},{\"@type\":\"ListItem\",\"position\":3,\"name\":\"Botton Dia da Mulher\"}]},{\"@type\":\"WebSite\",\"@id\":\"https:\/\/mimoravel.com.br\/#website\",\"url\":\"https:\/\/mimoravel.com.br\/\",\"name\":\"mimoravel.com.br\",\"description\":\"\",\"publisher\":{\"@id\":\"https:\/\/mimoravel.com.br\/#organization\"},\"potentialAction\":[{\"@type\":\"SearchAction\",\"target\":{\"@type\":\"EntryPoint\",\"urlTemplate\":\"https:\/\/mimoravel.com.br\/?s={search_term_string}\"},\"query-input\":{\"@type\":\"PropertyValueSpecification\",\"valueRequired\":true,\"valueName\":\"search_term_string\"}}],\"inLanguage\":\"en-US\"},{\"@type\":\"Organization\",\"@id\":\"https:\/\/mimoravel.com.br\/#organization\",\"name\":\"Mimor\u00e1vel\",\"url\":\"https:\/\/mimoravel.com.br\/\",\"logo\":{\"@type\":\"ImageObject\",\"inLanguage\":\"en-US\",\"@id\":\"https:\/\/mimoravel.com.br\/#\/schema\/logo\/image\/\",\"url\":\"https:\/\/mimoravel.com.br\/wp-content\/uploads\/2024\/10\/logo_verde-scaled.webp\",\"contentUrl\":\"https:\/\/mimoravel.com.br\/wp-content\/uploads\/2024\/10\/logo_verde-scaled.webp\",\"width\":2560,\"height\":757,\"caption\":\"Mimor\u00e1vel\"},\"image\":{\"@id\":\"https:\/\/mimoravel.com.br\/#\/schema\/logo\/image\/\"},\"sameAs\":[\"https:\/\/www.instagram.com\/mimoravel_\/\",\"https:\/\/br.pinterest.com\/mimoravel\/\"]}]}<\/script>\n<!-- \/ Yoast SEO plugin. -->","yoast_head_json":{"title":"Botton Dia da Mulher - mimoravel.com.br","description":"Nosso Botton Dia da Mulher foi estampado com uma das mensagens mais usadas por nossa marca: Voc\u00ea fica t\u00e3o linda quando se veste si!","robots":{"index":"index","follow":"follow","max-snippet":"max-snippet:-1","max-image-preview":"max-image-preview:large","max-video-preview":"max-video-preview:-1"},"canonical":"https:\/\/mimoravel.com.br\/en\/product\/botton-dia-da-mulher\/","og_locale":"en_US","og_type":"article","og_title":"Botton Dia da Mulher","og_description":"Nosso Botton Dia da Mulher foi estampado com uma das mensagens mais usadas por nossa marca: Voc\u00ea fica t\u00e3o linda quando se veste si!","og_url":"https:\/\/mimoravel.com.br\/en\/product\/botton-dia-da-mulher\/","og_site_name":"mimoravel.com.br","article_publisher":"https:\/\/www.instagram.com\/mimoravel_\/","article_modified_time":"2025-02-28T13:54:18+00:00","og_image":[{"width":1365,"height":2048,"url":"https:\/\/mimoravel.com.br\/wp-content\/uploads\/2025\/02\/3-_MG_3061.jpg","type":"image\/jpeg"}],"twitter_card":"summary_large_image","twitter_misc":{"Est. reading time":"1 minute"},"schema":{"@context":"https:\/\/schema.org","@graph":[{"@type":"WebPage","@id":"https:\/\/mimoravel.com.br\/product\/botton-dia-da-mulher\/","url":"https:\/\/mimoravel.com.br\/product\/botton-dia-da-mulher\/","name":"Botton Dia da Mulher - mimoravel.com.br","isPartOf":{"@id":"https:\/\/mimoravel.com.br\/#website"},"primaryImageOfPage":{"@id":"https:\/\/mimoravel.com.br\/product\/botton-dia-da-mulher\/#primaryimage"},"image":{"@id":"https:\/\/mimoravel.com.br\/product\/botton-dia-da-mulher\/#primaryimage"},"thumbnailUrl":"https:\/\/mimoravel.com.br\/wp-content\/uploads\/2025\/02\/3-_MG_3061.jpg","datePublished":"2025-02-28T13:42:44+00:00","dateModified":"2025-02-28T13:54:18+00:00","description":"Nosso Botton Dia da Mulher foi estampado com uma das mensagens mais usadas por nossa marca: Voc\u00ea fica t\u00e3o linda quando se veste si!","breadcrumb":{"@id":"https:\/\/mimoravel.com.br\/product\/botton-dia-da-mulher\/#breadcrumb"},"inLanguage":"en-US","potentialAction":[{"@type":"ReadAction","target":["https:\/\/mimoravel.com.br\/product\/botton-dia-da-mulher\/"]}]},{"@type":"ImageObject","inLanguage":"en-US","@id":"https:\/\/mimoravel.com.br\/product\/botton-dia-da-mulher\/#primaryimage","url":"https:\/\/mimoravel.com.br\/wp-content\/uploads\/2025\/02\/3-_MG_3061.jpg","contentUrl":"https:\/\/mimoravel.com.br\/wp-content\/uploads\/2025\/02\/3-_MG_3061.jpg","width":1365,"height":2048,"caption":"Botton Dia da Mulher"},{"@type":"BreadcrumbList","@id":"https:\/\/mimoravel.com.br\/product\/botton-dia-da-mulher\/#breadcrumb","itemListElement":[{"@type":"ListItem","position":1,"name":"Home","item":"https:\/\/mimoravel.com.br\/"},{"@type":"ListItem","position":2,"name":"Loja","item":"https:\/\/mimoravel.com.br\/loja\/"},{"@type":"ListItem","position":3,"name":"Botton Dia da Mulher"}]},{"@type":"WebSite","@id":"https:\/\/mimoravel.com.br\/#website","url":"https:\/\/mimoravel.com.br\/","name":"mimoravel.com.br","description":"","publisher":{"@id":"https:\/\/mimoravel.com.br\/#organization"},"potentialAction":[{"@type":"SearchAction","target":{"@type":"EntryPoint","urlTemplate":"https:\/\/mimoravel.com.br\/?s={search_term_string}"},"query-input":{"@type":"PropertyValueSpecification","valueRequired":true,"valueName":"search_term_string"}}],"inLanguage":"en-US"},{"@type":"Organization","@id":"https:\/\/mimoravel.com.br\/#organization","name":"Mimor\u00e1vel","url":"https:\/\/mimoravel.com.br\/","logo":{"@type":"ImageObject","inLanguage":"en-US","@id":"https:\/\/mimoravel.com.br\/#\/schema\/logo\/image\/","url":"https:\/\/mimoravel.com.br\/wp-content\/uploads\/2024\/10\/logo_verde-scaled.webp","contentUrl":"https:\/\/mimoravel.com.br\/wp-content\/uploads\/2024\/10\/logo_verde-scaled.webp","width":2560,"height":757,"caption":"Mimor\u00e1vel"},"image":{"@id":"https:\/\/mimoravel.com.br\/#\/schema\/logo\/image\/"},"sameAs":["https:\/\/www.instagram.com\/mimoravel_\/","https:\/\/br.pinterest.com\/mimoravel\/"]}]}},"_links":{"self":[{"href":"https:\/\/mimoravel.com.br\/en\/wp-json\/wp\/v2\/product\/5144","targetHints":{"allow":["GET"]}}],"collection":[{"href":"https:\/\/mimoravel.com.br\/en\/wp-json\/wp\/v2\/product"}],"about":[{"href":"https:\/\/mimoravel.com.br\/en\/wp-json\/wp\/v2\/types\/product"}],"replies":[{"embeddable":true,"href":"https:\/\/mimoravel.com.br\/en\/wp-json\/wp\/v2\/comments?post=5144"}],"version-history":[{"count":3,"href":"https:\/\/mimoravel.com.br\/en\/wp-json\/wp\/v2\/product\/5144\/revisions"}],"predecessor-version":[{"id":5151,"href":"https:\/\/mimoravel.com.br\/en\/wp-json\/wp\/v2\/product\/5144\/revisions\/5151"}],"wp:featuredmedia":[{"embeddable":true,"href":"https:\/\/mimoravel.com.br\/en\/wp-json\/wp\/v2\/media\/5147"}],"wp:attachment":[{"href":"https:\/\/mimoravel.com.br\/en\/wp-json\/wp\/v2\/media?parent=5144"}],"wp:term":[{"taxonomy":"product_brand","embeddable":true,"href":"https:\/\/mimoravel.com.br\/en\/wp-json\/wp\/v2\/product_brand?post=5144"},{"taxonomy":"product_cat","embeddable":true,"href":"https:\/\/mimoravel.com.br\/en\/wp-json\/wp\/v2\/product_cat?post=5144"},{"taxonomy":"product_tag","embeddable":true,"href":"https:\/\/mimoravel.com.br\/en\/wp-json\/wp\/v2\/product_tag?post=5144"}],"curies":[{"name":"wp","href":"https:\/\/api.w.org\/{rel}","templated":true}]}}