{"id":5053,"date":"2025-02-25T21:25:28","date_gmt":"2025-02-25T21:25:28","guid":{"rendered":"https:\/\/mimoravel.com.br\/?post_type=product&#038;p=5053"},"modified":"2025-07-01T20:03:29","modified_gmt":"2025-07-01T20:03:29","slug":"bastidor-maternidade","status":"publish","type":"product","link":"https:\/\/mimoravel.com.br\/en\/product\/bastidor-maternidade\/","title":{"rendered":"Bastidor Maternidade"},"content":{"rendered":"<p>O Bastidor Maternidade da Mimor\u00e1vel foi estampado com padr\u00f5es bot\u00e2nicos de folhagens que transitam entre verde, marfim e dourado evidenciando naturalismo e eleg\u00e2ncia. Um pequeno p\u00e1ssaro e um sol que nasce sobre as folhagens representam um novo nascimento e a inoc\u00eancia. Presenteie com nosso trabalho autoral personalizado com um nome de sua escolha.<\/p>\n<h5>Ocasi\u00f5es para presentear o Bastidor Maternidade:<\/h5>\n<ul>\n<li>Para porta ou mesa de maternidade<\/li>\n<li>Dia das m\u00e3es<\/li>\n<li>Porta do quarto do beb\u00ea<\/li>\n<li>Para presentear um casal amigo que est\u00e1 para dar a luz<\/li>\n<li>Ch\u00e1 de beb\u00ea<\/li>\n<\/ul>\n<h5>Caracter\u00edsticas:<\/h5>\n<ul>\n<li>16cm de di\u00e2metro<\/li>\n<li>Bastidor de mdf<\/li>\n<li>Tecido Algod\u00e3o Cru simples<\/li>\n<li>Bordado eletr\u00f4nico com design autoral<\/li>\n<li>Verso do bordado protegido com feltro<\/li>\n<\/ul>","protected":false},"excerpt":{"rendered":"<p>O Bastidor Maternidade da Mimor\u00e1vel foi estampado com padr\u00f5es bot\u00e2nicos de folhagens que transitam entre verde, marfim e dourado evidenciando naturalismo e eleg\u00e2ncia. Um pequeno p\u00e1ssaro e um sol que nasce sobre as folhagens representam um novo nascimento e a inoc\u00eancia. Presenteie com nosso trabalho autoral personalizado com um nome de sua escolha. Ocasi\u00f5es [&hellip;]<\/p>","protected":false},"featured_media":5060,"comment_status":"open","ping_status":"closed","template":"","meta":{"_acf_changed":false,"_joinchat":[]},"product_brand":[],"product_cat":[68],"product_tag":[],"class_list":{"0":"post-5053","1":"product","2":"type-product","3":"status-publish","4":"has-post-thumbnail","6":"product_cat-bordados","7":"wcpa_has_options","9":"first","10":"instock","11":"taxable","12":"shipping-taxable","13":"purchasable","14":"product-type-variable","swatches":"rey-swatches","show_selected":""},"acf":[],"yoast_head":"<!-- This site is optimized with the Yoast SEO plugin v24.4 - https:\/\/yoast.com\/wordpress\/plugins\/seo\/ -->\n<title>Bastidor Maternidade - mimoravel.com.br<\/title>\n<meta name=\"description\" content=\"O Bastidor Maternidade da Mimor\u00e1vel foi estampado com padr\u00f5es bot\u00e2nicos de folhagens, evidenciando naturalismo e eleg\u00e2ncia.\" \/>\n<meta name=\"robots\" content=\"index, follow, max-snippet:-1, max-image-preview:large, max-video-preview:-1\" \/>\n<link rel=\"canonical\" href=\"https:\/\/mimoravel.com.br\/en\/product\/bastidor-maternidade\/\" \/>\n<meta property=\"og:locale\" content=\"en_US\" \/>\n<meta property=\"og:type\" content=\"article\" \/>\n<meta property=\"og:title\" content=\"Bastidor Maternidade\" \/>\n<meta property=\"og:description\" content=\"O Bastidor Maternidade da Mimor\u00e1vel foi estampado com padr\u00f5es bot\u00e2nicos de folhagens, evidenciando naturalismo e eleg\u00e2ncia.\" \/>\n<meta property=\"og:url\" content=\"https:\/\/mimoravel.com.br\/en\/product\/bastidor-maternidade\/\" \/>\n<meta property=\"og:site_name\" content=\"mimoravel.com.br\" \/>\n<meta property=\"article:publisher\" content=\"https:\/\/www.instagram.com\/mimoravel_\/\" \/>\n<meta property=\"article:modified_time\" content=\"2025-07-01T20:03:29+00:00\" \/>\n<meta property=\"og:image\" content=\"https:\/\/mimoravel.com.br\/wp-content\/uploads\/2025\/02\/6-_MG_3473.jpg\" \/>\n\t<meta property=\"og:image:width\" content=\"1365\" \/>\n\t<meta property=\"og:image:height\" content=\"2048\" \/>\n\t<meta property=\"og:image:type\" content=\"image\/jpeg\" \/>\n<meta name=\"twitter:card\" content=\"summary_large_image\" \/>\n<meta name=\"twitter:label1\" content=\"Est. reading time\" \/>\n\t<meta name=\"twitter:data1\" content=\"1 minute\" \/>\n<script type=\"application\/ld+json\" class=\"yoast-schema-graph\">{\"@context\":\"https:\/\/schema.org\",\"@graph\":[{\"@type\":\"WebPage\",\"@id\":\"https:\/\/mimoravel.com.br\/product\/bastidor-maternidade\/\",\"url\":\"https:\/\/mimoravel.com.br\/product\/bastidor-maternidade\/\",\"name\":\"Bastidor Maternidade - mimoravel.com.br\",\"isPartOf\":{\"@id\":\"https:\/\/mimoravel.com.br\/#website\"},\"primaryImageOfPage\":{\"@id\":\"https:\/\/mimoravel.com.br\/product\/bastidor-maternidade\/#primaryimage\"},\"image\":{\"@id\":\"https:\/\/mimoravel.com.br\/product\/bastidor-maternidade\/#primaryimage\"},\"thumbnailUrl\":\"https:\/\/mimoravel.com.br\/wp-content\/uploads\/2025\/02\/5-_MG_3476.jpg\",\"datePublished\":\"2025-02-25T21:25:28+00:00\",\"dateModified\":\"2025-07-01T20:03:29+00:00\",\"description\":\"O Bastidor Maternidade da Mimor\u00e1vel foi estampado com padr\u00f5es bot\u00e2nicos de folhagens, evidenciando naturalismo e eleg\u00e2ncia.\",\"breadcrumb\":{\"@id\":\"https:\/\/mimoravel.com.br\/product\/bastidor-maternidade\/#breadcrumb\"},\"inLanguage\":\"en-US\",\"potentialAction\":[{\"@type\":\"ReadAction\",\"target\":[\"https:\/\/mimoravel.com.br\/product\/bastidor-maternidade\/\"]}]},{\"@type\":\"ImageObject\",\"inLanguage\":\"en-US\",\"@id\":\"https:\/\/mimoravel.com.br\/product\/bastidor-maternidade\/#primaryimage\",\"url\":\"https:\/\/mimoravel.com.br\/wp-content\/uploads\/2025\/02\/5-_MG_3476.jpg\",\"contentUrl\":\"https:\/\/mimoravel.com.br\/wp-content\/uploads\/2025\/02\/5-_MG_3476.jpg\",\"width\":1365,\"height\":2048,\"caption\":\"Bastidor Maternidade\"},{\"@type\":\"BreadcrumbList\",\"@id\":\"https:\/\/mimoravel.com.br\/product\/bastidor-maternidade\/#breadcrumb\",\"itemListElement\":[{\"@type\":\"ListItem\",\"position\":1,\"name\":\"Home\",\"item\":\"https:\/\/mimoravel.com.br\/\"},{\"@type\":\"ListItem\",\"position\":2,\"name\":\"Loja\",\"item\":\"https:\/\/mimoravel.com.br\/loja\/\"},{\"@type\":\"ListItem\",\"position\":3,\"name\":\"Bastidor Maternidade\"}]},{\"@type\":\"WebSite\",\"@id\":\"https:\/\/mimoravel.com.br\/#website\",\"url\":\"https:\/\/mimoravel.com.br\/\",\"name\":\"mimoravel.com.br\",\"description\":\"\",\"publisher\":{\"@id\":\"https:\/\/mimoravel.com.br\/#organization\"},\"potentialAction\":[{\"@type\":\"SearchAction\",\"target\":{\"@type\":\"EntryPoint\",\"urlTemplate\":\"https:\/\/mimoravel.com.br\/?s={search_term_string}\"},\"query-input\":{\"@type\":\"PropertyValueSpecification\",\"valueRequired\":true,\"valueName\":\"search_term_string\"}}],\"inLanguage\":\"en-US\"},{\"@type\":\"Organization\",\"@id\":\"https:\/\/mimoravel.com.br\/#organization\",\"name\":\"Mimor\u00e1vel\",\"url\":\"https:\/\/mimoravel.com.br\/\",\"logo\":{\"@type\":\"ImageObject\",\"inLanguage\":\"en-US\",\"@id\":\"https:\/\/mimoravel.com.br\/#\/schema\/logo\/image\/\",\"url\":\"https:\/\/mimoravel.com.br\/wp-content\/uploads\/2024\/10\/logo_verde-scaled.webp\",\"contentUrl\":\"https:\/\/mimoravel.com.br\/wp-content\/uploads\/2024\/10\/logo_verde-scaled.webp\",\"width\":2560,\"height\":757,\"caption\":\"Mimor\u00e1vel\"},\"image\":{\"@id\":\"https:\/\/mimoravel.com.br\/#\/schema\/logo\/image\/\"},\"sameAs\":[\"https:\/\/www.instagram.com\/mimoravel_\/\",\"https:\/\/br.pinterest.com\/mimoravel\/\"]}]}<\/script>\n<!-- \/ Yoast SEO plugin. -->","yoast_head_json":{"title":"Bastidor Maternidade - mimoravel.com.br","description":"O Bastidor Maternidade da Mimor\u00e1vel foi estampado com padr\u00f5es bot\u00e2nicos de folhagens, evidenciando naturalismo e eleg\u00e2ncia.","robots":{"index":"index","follow":"follow","max-snippet":"max-snippet:-1","max-image-preview":"max-image-preview:large","max-video-preview":"max-video-preview:-1"},"canonical":"https:\/\/mimoravel.com.br\/en\/product\/bastidor-maternidade\/","og_locale":"en_US","og_type":"article","og_title":"Bastidor Maternidade","og_description":"O Bastidor Maternidade da Mimor\u00e1vel foi estampado com padr\u00f5es bot\u00e2nicos de folhagens, evidenciando naturalismo e eleg\u00e2ncia.","og_url":"https:\/\/mimoravel.com.br\/en\/product\/bastidor-maternidade\/","og_site_name":"mimoravel.com.br","article_publisher":"https:\/\/www.instagram.com\/mimoravel_\/","article_modified_time":"2025-07-01T20:03:29+00:00","og_image":[{"width":1365,"height":2048,"url":"https:\/\/mimoravel.com.br\/wp-content\/uploads\/2025\/02\/6-_MG_3473.jpg","type":"image\/jpeg"}],"twitter_card":"summary_large_image","twitter_misc":{"Est. reading time":"1 minute"},"schema":{"@context":"https:\/\/schema.org","@graph":[{"@type":"WebPage","@id":"https:\/\/mimoravel.com.br\/product\/bastidor-maternidade\/","url":"https:\/\/mimoravel.com.br\/product\/bastidor-maternidade\/","name":"Bastidor Maternidade - mimoravel.com.br","isPartOf":{"@id":"https:\/\/mimoravel.com.br\/#website"},"primaryImageOfPage":{"@id":"https:\/\/mimoravel.com.br\/product\/bastidor-maternidade\/#primaryimage"},"image":{"@id":"https:\/\/mimoravel.com.br\/product\/bastidor-maternidade\/#primaryimage"},"thumbnailUrl":"https:\/\/mimoravel.com.br\/wp-content\/uploads\/2025\/02\/5-_MG_3476.jpg","datePublished":"2025-02-25T21:25:28+00:00","dateModified":"2025-07-01T20:03:29+00:00","description":"O Bastidor Maternidade da Mimor\u00e1vel foi estampado com padr\u00f5es bot\u00e2nicos de folhagens, evidenciando naturalismo e eleg\u00e2ncia.","breadcrumb":{"@id":"https:\/\/mimoravel.com.br\/product\/bastidor-maternidade\/#breadcrumb"},"inLanguage":"en-US","potentialAction":[{"@type":"ReadAction","target":["https:\/\/mimoravel.com.br\/product\/bastidor-maternidade\/"]}]},{"@type":"ImageObject","inLanguage":"en-US","@id":"https:\/\/mimoravel.com.br\/product\/bastidor-maternidade\/#primaryimage","url":"https:\/\/mimoravel.com.br\/wp-content\/uploads\/2025\/02\/5-_MG_3476.jpg","contentUrl":"https:\/\/mimoravel.com.br\/wp-content\/uploads\/2025\/02\/5-_MG_3476.jpg","width":1365,"height":2048,"caption":"Bastidor Maternidade"},{"@type":"BreadcrumbList","@id":"https:\/\/mimoravel.com.br\/product\/bastidor-maternidade\/#breadcrumb","itemListElement":[{"@type":"ListItem","position":1,"name":"Home","item":"https:\/\/mimoravel.com.br\/"},{"@type":"ListItem","position":2,"name":"Loja","item":"https:\/\/mimoravel.com.br\/loja\/"},{"@type":"ListItem","position":3,"name":"Bastidor Maternidade"}]},{"@type":"WebSite","@id":"https:\/\/mimoravel.com.br\/#website","url":"https:\/\/mimoravel.com.br\/","name":"mimoravel.com.br","description":"","publisher":{"@id":"https:\/\/mimoravel.com.br\/#organization"},"potentialAction":[{"@type":"SearchAction","target":{"@type":"EntryPoint","urlTemplate":"https:\/\/mimoravel.com.br\/?s={search_term_string}"},"query-input":{"@type":"PropertyValueSpecification","valueRequired":true,"valueName":"search_term_string"}}],"inLanguage":"en-US"},{"@type":"Organization","@id":"https:\/\/mimoravel.com.br\/#organization","name":"Mimor\u00e1vel","url":"https:\/\/mimoravel.com.br\/","logo":{"@type":"ImageObject","inLanguage":"en-US","@id":"https:\/\/mimoravel.com.br\/#\/schema\/logo\/image\/","url":"https:\/\/mimoravel.com.br\/wp-content\/uploads\/2024\/10\/logo_verde-scaled.webp","contentUrl":"https:\/\/mimoravel.com.br\/wp-content\/uploads\/2024\/10\/logo_verde-scaled.webp","width":2560,"height":757,"caption":"Mimor\u00e1vel"},"image":{"@id":"https:\/\/mimoravel.com.br\/#\/schema\/logo\/image\/"},"sameAs":["https:\/\/www.instagram.com\/mimoravel_\/","https:\/\/br.pinterest.com\/mimoravel\/"]}]}},"_links":{"self":[{"href":"https:\/\/mimoravel.com.br\/en\/wp-json\/wp\/v2\/product\/5053","targetHints":{"allow":["GET"]}}],"collection":[{"href":"https:\/\/mimoravel.com.br\/en\/wp-json\/wp\/v2\/product"}],"about":[{"href":"https:\/\/mimoravel.com.br\/en\/wp-json\/wp\/v2\/types\/product"}],"replies":[{"embeddable":true,"href":"https:\/\/mimoravel.com.br\/en\/wp-json\/wp\/v2\/comments?post=5053"}],"version-history":[{"count":3,"href":"https:\/\/mimoravel.com.br\/en\/wp-json\/wp\/v2\/product\/5053\/revisions"}],"predecessor-version":[{"id":5067,"href":"https:\/\/mimoravel.com.br\/en\/wp-json\/wp\/v2\/product\/5053\/revisions\/5067"}],"wp:featuredmedia":[{"embeddable":true,"href":"https:\/\/mimoravel.com.br\/en\/wp-json\/wp\/v2\/media\/5060"}],"wp:attachment":[{"href":"https:\/\/mimoravel.com.br\/en\/wp-json\/wp\/v2\/media?parent=5053"}],"wp:term":[{"taxonomy":"product_brand","embeddable":true,"href":"https:\/\/mimoravel.com.br\/en\/wp-json\/wp\/v2\/product_brand?post=5053"},{"taxonomy":"product_cat","embeddable":true,"href":"https:\/\/mimoravel.com.br\/en\/wp-json\/wp\/v2\/product_cat?post=5053"},{"taxonomy":"product_tag","embeddable":true,"href":"https:\/\/mimoravel.com.br\/en\/wp-json\/wp\/v2\/product_tag?post=5053"}],"curies":[{"name":"wp","href":"https:\/\/api.w.org\/{rel}","templated":true}]}}