{"id":4974,"date":"2025-02-19T00:38:03","date_gmt":"2025-02-19T00:38:03","guid":{"rendered":"https:\/\/mimoravel.com.br\/?post_type=product&#038;p=4974"},"modified":"2025-02-19T01:25:28","modified_gmt":"2025-02-19T01:25:28","slug":"caneca-gratidao-mae-2","status":"publish","type":"product","link":"https:\/\/mimoravel.com.br\/en\/product\/caneca-gratidao-mae-2\/","title":{"rendered":"Caneca Gratid\u00e3o M\u00e3e"},"content":{"rendered":"<p>A Caneca Gratid\u00e3o M\u00e3e foi estampada com florais e caligrafia autoral Mimor\u00e1vel para expressar t\u00e3o grande amor de nossa m\u00e3e.<\/p>\n<h5>Ocasi\u00f5es para presentear:<\/h5>\n<ul>\n<li>Dia das m\u00e3es<\/li>\n<li>Dia dos av\u00f3s<\/li>\n<li>Dia da sogra<\/li>\n<li>Anivers\u00e1rio<\/li>\n<li>Reencontros<\/li>\n<\/ul>\n<h5>Caracter\u00edsticas:<\/h5>\n<ul>\n<li>325ml<\/li>\n<li>Cer\u00e2mica<\/li>\n<li>Estampagem por sublima\u00e7\u00e3o<\/li>\n<li>Compat\u00edvel com a <a href=\"https:\/\/mimoravel.com.br\/en\/product\/tampa-de-bambu-hermetica\/\">Tampa de bambu para caneca (clique para acessar).<\/a><\/li>\n<\/ul>","protected":false},"excerpt":{"rendered":"<p>A Caneca Gratid\u00e3o M\u00e3e foi estampada com florais e caligrafia autoral Mimor\u00e1vel para expressar t\u00e3o grande amor de nossa m\u00e3e. Ocasi\u00f5es para presentear: Dia das m\u00e3es Dia dos av\u00f3s Dia da sogra Anivers\u00e1rio Reencontros Caracter\u00edsticas: 325ml Cer\u00e2mica Estampagem por sublima\u00e7\u00e3o Compat\u00edvel com a Tampa de bambu para caneca (clique para acessar).<\/p>","protected":false},"featured_media":4984,"comment_status":"open","ping_status":"closed","template":"","meta":{"_acf_changed":false,"_joinchat":[]},"product_brand":[],"product_cat":[70],"product_tag":[140],"class_list":{"0":"post-4974","1":"product","2":"type-product","3":"status-publish","4":"has-post-thumbnail","6":"product_cat-produto-caneca-personalizada","7":"product_tag-mae","9":"first","10":"instock","11":"taxable","12":"shipping-taxable","13":"purchasable","14":"product-type-simple","swatches":"rey-swatches","show_selected":""},"acf":[],"yoast_head":"<!-- This site is optimized with the Yoast SEO plugin v24.4 - https:\/\/yoast.com\/wordpress\/plugins\/seo\/ -->\n<title>Caneca Gratid\u00e3o M\u00e3e - mimoravel.com.br<\/title>\n<meta name=\"description\" content=\"A Caneca Gratid\u00e3o M\u00e3e foi estampada com florais e caligrafia autoral Mimor\u00e1vel para expressar t\u00e3o grande amor de nossa m\u00e3e.\" \/>\n<meta name=\"robots\" content=\"index, follow, max-snippet:-1, max-image-preview:large, max-video-preview:-1\" \/>\n<link rel=\"canonical\" href=\"https:\/\/mimoravel.com.br\/en\/product\/caneca-gratidao-mae-2\/\" \/>\n<meta property=\"og:locale\" content=\"en_US\" \/>\n<meta property=\"og:type\" content=\"article\" \/>\n<meta property=\"og:title\" content=\"Caneca Gratid\u00e3o M\u00e3e\" \/>\n<meta property=\"og:description\" content=\"A Caneca Gratid\u00e3o M\u00e3e foi estampada com florais e caligrafia autoral Mimor\u00e1vel para expressar t\u00e3o grande amor de nossa m\u00e3e.\" \/>\n<meta property=\"og:url\" content=\"https:\/\/mimoravel.com.br\/en\/product\/caneca-gratidao-mae-2\/\" \/>\n<meta property=\"og:site_name\" content=\"mimoravel.com.br\" \/>\n<meta property=\"article:publisher\" content=\"https:\/\/www.instagram.com\/mimoravel_\/\" \/>\n<meta property=\"article:modified_time\" content=\"2025-02-19T01:25:28+00:00\" \/>\n<meta property=\"og:image\" content=\"https:\/\/mimoravel.com.br\/wp-content\/uploads\/2025\/02\/20-20231229100351__MG_7815-e1739926544485.jpg\" \/>\n\t<meta property=\"og:image:width\" content=\"1070\" \/>\n\t<meta property=\"og:image:height\" content=\"1707\" \/>\n\t<meta property=\"og:image:type\" content=\"image\/jpeg\" \/>\n<meta name=\"twitter:card\" content=\"summary_large_image\" \/>\n<meta name=\"twitter:label1\" content=\"Est. reading time\" \/>\n\t<meta name=\"twitter:data1\" content=\"1 minute\" \/>\n<script type=\"application\/ld+json\" class=\"yoast-schema-graph\">{\"@context\":\"https:\/\/schema.org\",\"@graph\":[{\"@type\":\"WebPage\",\"@id\":\"https:\/\/mimoravel.com.br\/product\/caneca-gratidao-mae-2\/\",\"url\":\"https:\/\/mimoravel.com.br\/product\/caneca-gratidao-mae-2\/\",\"name\":\"Caneca Gratid\u00e3o M\u00e3e - mimoravel.com.br\",\"isPartOf\":{\"@id\":\"https:\/\/mimoravel.com.br\/#website\"},\"primaryImageOfPage\":{\"@id\":\"https:\/\/mimoravel.com.br\/product\/caneca-gratidao-mae-2\/#primaryimage\"},\"image\":{\"@id\":\"https:\/\/mimoravel.com.br\/product\/caneca-gratidao-mae-2\/#primaryimage\"},\"thumbnailUrl\":\"https:\/\/mimoravel.com.br\/wp-content\/uploads\/2025\/02\/20-20231229100351__MG_7815-1-e1739928319762.jpg\",\"datePublished\":\"2025-02-19T00:38:03+00:00\",\"dateModified\":\"2025-02-19T01:25:28+00:00\",\"description\":\"A Caneca Gratid\u00e3o M\u00e3e foi estampada com florais e caligrafia autoral Mimor\u00e1vel para expressar t\u00e3o grande amor de nossa m\u00e3e.\",\"breadcrumb\":{\"@id\":\"https:\/\/mimoravel.com.br\/product\/caneca-gratidao-mae-2\/#breadcrumb\"},\"inLanguage\":\"en-US\",\"potentialAction\":[{\"@type\":\"ReadAction\",\"target\":[\"https:\/\/mimoravel.com.br\/product\/caneca-gratidao-mae-2\/\"]}]},{\"@type\":\"ImageObject\",\"inLanguage\":\"en-US\",\"@id\":\"https:\/\/mimoravel.com.br\/product\/caneca-gratidao-mae-2\/#primaryimage\",\"url\":\"https:\/\/mimoravel.com.br\/wp-content\/uploads\/2025\/02\/20-20231229100351__MG_7815-1-e1739928319762.jpg\",\"contentUrl\":\"https:\/\/mimoravel.com.br\/wp-content\/uploads\/2025\/02\/20-20231229100351__MG_7815-1-e1739928319762.jpg\",\"width\":1138,\"height\":1707,\"caption\":\"Caneca Gratid\u00e3o M\u00e3e\"},{\"@type\":\"BreadcrumbList\",\"@id\":\"https:\/\/mimoravel.com.br\/product\/caneca-gratidao-mae-2\/#breadcrumb\",\"itemListElement\":[{\"@type\":\"ListItem\",\"position\":1,\"name\":\"Home\",\"item\":\"https:\/\/mimoravel.com.br\/\"},{\"@type\":\"ListItem\",\"position\":2,\"name\":\"Loja\",\"item\":\"https:\/\/mimoravel.com.br\/loja\/\"},{\"@type\":\"ListItem\",\"position\":3,\"name\":\"Caneca Gratid\u00e3o M\u00e3e\"}]},{\"@type\":\"WebSite\",\"@id\":\"https:\/\/mimoravel.com.br\/#website\",\"url\":\"https:\/\/mimoravel.com.br\/\",\"name\":\"mimoravel.com.br\",\"description\":\"\",\"publisher\":{\"@id\":\"https:\/\/mimoravel.com.br\/#organization\"},\"potentialAction\":[{\"@type\":\"SearchAction\",\"target\":{\"@type\":\"EntryPoint\",\"urlTemplate\":\"https:\/\/mimoravel.com.br\/?s={search_term_string}\"},\"query-input\":{\"@type\":\"PropertyValueSpecification\",\"valueRequired\":true,\"valueName\":\"search_term_string\"}}],\"inLanguage\":\"en-US\"},{\"@type\":\"Organization\",\"@id\":\"https:\/\/mimoravel.com.br\/#organization\",\"name\":\"Mimor\u00e1vel\",\"url\":\"https:\/\/mimoravel.com.br\/\",\"logo\":{\"@type\":\"ImageObject\",\"inLanguage\":\"en-US\",\"@id\":\"https:\/\/mimoravel.com.br\/#\/schema\/logo\/image\/\",\"url\":\"https:\/\/mimoravel.com.br\/wp-content\/uploads\/2024\/10\/logo_verde-scaled.webp\",\"contentUrl\":\"https:\/\/mimoravel.com.br\/wp-content\/uploads\/2024\/10\/logo_verde-scaled.webp\",\"width\":2560,\"height\":757,\"caption\":\"Mimor\u00e1vel\"},\"image\":{\"@id\":\"https:\/\/mimoravel.com.br\/#\/schema\/logo\/image\/\"},\"sameAs\":[\"https:\/\/www.instagram.com\/mimoravel_\/\",\"https:\/\/br.pinterest.com\/mimoravel\/\"]}]}<\/script>\n<!-- \/ Yoast SEO plugin. -->","yoast_head_json":{"title":"Caneca Gratid\u00e3o M\u00e3e - mimoravel.com.br","description":"A Caneca Gratid\u00e3o M\u00e3e foi estampada com florais e caligrafia autoral Mimor\u00e1vel para expressar t\u00e3o grande amor de nossa m\u00e3e.","robots":{"index":"index","follow":"follow","max-snippet":"max-snippet:-1","max-image-preview":"max-image-preview:large","max-video-preview":"max-video-preview:-1"},"canonical":"https:\/\/mimoravel.com.br\/en\/product\/caneca-gratidao-mae-2\/","og_locale":"en_US","og_type":"article","og_title":"Caneca Gratid\u00e3o M\u00e3e","og_description":"A Caneca Gratid\u00e3o M\u00e3e foi estampada com florais e caligrafia autoral Mimor\u00e1vel para expressar t\u00e3o grande amor de nossa m\u00e3e.","og_url":"https:\/\/mimoravel.com.br\/en\/product\/caneca-gratidao-mae-2\/","og_site_name":"mimoravel.com.br","article_publisher":"https:\/\/www.instagram.com\/mimoravel_\/","article_modified_time":"2025-02-19T01:25:28+00:00","og_image":[{"width":1070,"height":1707,"url":"https:\/\/mimoravel.com.br\/wp-content\/uploads\/2025\/02\/20-20231229100351__MG_7815-e1739926544485.jpg","type":"image\/jpeg"}],"twitter_card":"summary_large_image","twitter_misc":{"Est. reading time":"1 minute"},"schema":{"@context":"https:\/\/schema.org","@graph":[{"@type":"WebPage","@id":"https:\/\/mimoravel.com.br\/product\/caneca-gratidao-mae-2\/","url":"https:\/\/mimoravel.com.br\/product\/caneca-gratidao-mae-2\/","name":"Caneca Gratid\u00e3o M\u00e3e - mimoravel.com.br","isPartOf":{"@id":"https:\/\/mimoravel.com.br\/#website"},"primaryImageOfPage":{"@id":"https:\/\/mimoravel.com.br\/product\/caneca-gratidao-mae-2\/#primaryimage"},"image":{"@id":"https:\/\/mimoravel.com.br\/product\/caneca-gratidao-mae-2\/#primaryimage"},"thumbnailUrl":"https:\/\/mimoravel.com.br\/wp-content\/uploads\/2025\/02\/20-20231229100351__MG_7815-1-e1739928319762.jpg","datePublished":"2025-02-19T00:38:03+00:00","dateModified":"2025-02-19T01:25:28+00:00","description":"A Caneca Gratid\u00e3o M\u00e3e foi estampada com florais e caligrafia autoral Mimor\u00e1vel para expressar t\u00e3o grande amor de nossa m\u00e3e.","breadcrumb":{"@id":"https:\/\/mimoravel.com.br\/product\/caneca-gratidao-mae-2\/#breadcrumb"},"inLanguage":"en-US","potentialAction":[{"@type":"ReadAction","target":["https:\/\/mimoravel.com.br\/product\/caneca-gratidao-mae-2\/"]}]},{"@type":"ImageObject","inLanguage":"en-US","@id":"https:\/\/mimoravel.com.br\/product\/caneca-gratidao-mae-2\/#primaryimage","url":"https:\/\/mimoravel.com.br\/wp-content\/uploads\/2025\/02\/20-20231229100351__MG_7815-1-e1739928319762.jpg","contentUrl":"https:\/\/mimoravel.com.br\/wp-content\/uploads\/2025\/02\/20-20231229100351__MG_7815-1-e1739928319762.jpg","width":1138,"height":1707,"caption":"Caneca Gratid\u00e3o M\u00e3e"},{"@type":"BreadcrumbList","@id":"https:\/\/mimoravel.com.br\/product\/caneca-gratidao-mae-2\/#breadcrumb","itemListElement":[{"@type":"ListItem","position":1,"name":"Home","item":"https:\/\/mimoravel.com.br\/"},{"@type":"ListItem","position":2,"name":"Loja","item":"https:\/\/mimoravel.com.br\/loja\/"},{"@type":"ListItem","position":3,"name":"Caneca Gratid\u00e3o M\u00e3e"}]},{"@type":"WebSite","@id":"https:\/\/mimoravel.com.br\/#website","url":"https:\/\/mimoravel.com.br\/","name":"mimoravel.com.br","description":"","publisher":{"@id":"https:\/\/mimoravel.com.br\/#organization"},"potentialAction":[{"@type":"SearchAction","target":{"@type":"EntryPoint","urlTemplate":"https:\/\/mimoravel.com.br\/?s={search_term_string}"},"query-input":{"@type":"PropertyValueSpecification","valueRequired":true,"valueName":"search_term_string"}}],"inLanguage":"en-US"},{"@type":"Organization","@id":"https:\/\/mimoravel.com.br\/#organization","name":"Mimor\u00e1vel","url":"https:\/\/mimoravel.com.br\/","logo":{"@type":"ImageObject","inLanguage":"en-US","@id":"https:\/\/mimoravel.com.br\/#\/schema\/logo\/image\/","url":"https:\/\/mimoravel.com.br\/wp-content\/uploads\/2024\/10\/logo_verde-scaled.webp","contentUrl":"https:\/\/mimoravel.com.br\/wp-content\/uploads\/2024\/10\/logo_verde-scaled.webp","width":2560,"height":757,"caption":"Mimor\u00e1vel"},"image":{"@id":"https:\/\/mimoravel.com.br\/#\/schema\/logo\/image\/"},"sameAs":["https:\/\/www.instagram.com\/mimoravel_\/","https:\/\/br.pinterest.com\/mimoravel\/"]}]}},"_links":{"self":[{"href":"https:\/\/mimoravel.com.br\/en\/wp-json\/wp\/v2\/product\/4974","targetHints":{"allow":["GET"]}}],"collection":[{"href":"https:\/\/mimoravel.com.br\/en\/wp-json\/wp\/v2\/product"}],"about":[{"href":"https:\/\/mimoravel.com.br\/en\/wp-json\/wp\/v2\/types\/product"}],"replies":[{"embeddable":true,"href":"https:\/\/mimoravel.com.br\/en\/wp-json\/wp\/v2\/comments?post=4974"}],"version-history":[{"count":5,"href":"https:\/\/mimoravel.com.br\/en\/wp-json\/wp\/v2\/product\/4974\/revisions"}],"predecessor-version":[{"id":4979,"href":"https:\/\/mimoravel.com.br\/en\/wp-json\/wp\/v2\/product\/4974\/revisions\/4979"}],"wp:featuredmedia":[{"embeddable":true,"href":"https:\/\/mimoravel.com.br\/en\/wp-json\/wp\/v2\/media\/4984"}],"wp:attachment":[{"href":"https:\/\/mimoravel.com.br\/en\/wp-json\/wp\/v2\/media?parent=4974"}],"wp:term":[{"taxonomy":"product_brand","embeddable":true,"href":"https:\/\/mimoravel.com.br\/en\/wp-json\/wp\/v2\/product_brand?post=4974"},{"taxonomy":"product_cat","embeddable":true,"href":"https:\/\/mimoravel.com.br\/en\/wp-json\/wp\/v2\/product_cat?post=4974"},{"taxonomy":"product_tag","embeddable":true,"href":"https:\/\/mimoravel.com.br\/en\/wp-json\/wp\/v2\/product_tag?post=4974"}],"curies":[{"name":"wp","href":"https:\/\/api.w.org\/{rel}","templated":true}]}}