{"id":4967,"date":"2025-02-18T16:52:37","date_gmt":"2025-02-18T16:52:37","guid":{"rendered":"https:\/\/mimoravel.com.br\/?post_type=product&#038;p=4967"},"modified":"2025-02-18T16:52:37","modified_gmt":"2025-02-18T16:52:37","slug":"pano-de-copa-casa-porto","status":"publish","type":"product","link":"https:\/\/mimoravel.com.br\/en\/product\/pano-de-copa-casa-porto\/","title":{"rendered":"Pano de copa &#8211; Casa Porto"},"content":{"rendered":"<p>Pano de copa &#8211; Casa Porto, foi feito com bordado autoral representando o passado do bairro hist\u00f3rico, Jaragu\u00e1 &#8211; Macei\u00f3, com a exporta\u00e7\u00e3o de algod\u00e3o e pesca.<\/p>","protected":false},"excerpt":{"rendered":"<p>Pano de copa &#8211; Casa Porto, foi feito com bordado autoral representando o passado do bairro hist\u00f3rico, Jaragu\u00e1 &#8211; Macei\u00f3, com a exporta\u00e7\u00e3o de algod\u00e3o e pesca.<\/p>","protected":false},"featured_media":4802,"comment_status":"open","ping_status":"closed","template":"","meta":{"_acf_changed":false,"_joinchat":[]},"product_brand":[],"product_cat":[68],"product_tag":[],"class_list":{"0":"post-4967","1":"product","2":"type-product","3":"status-publish","4":"has-post-thumbnail","6":"product_cat-bordados","8":"first","9":"instock","10":"sale","11":"taxable","12":"shipping-taxable","13":"purchasable","14":"product-type-simple","swatches":"rey-swatches","show_selected":""},"acf":[],"yoast_head":"<!-- This site is optimized with the Yoast SEO plugin v24.4 - https:\/\/yoast.com\/wordpress\/plugins\/seo\/ -->\n<title>Pano de copa - Casa Porto - mimoravel.com.br<\/title>\n<meta name=\"description\" content=\"Pano de copa - Casa Porto, foi feito com bordado autoral representando o passado do bairro hist\u00f3rico, Jaragu\u00e1 - Macei\u00f3, com a exporta\u00e7\u00e3o de algod\u00e3o e pesca.\" \/>\n<meta name=\"robots\" content=\"index, follow, max-snippet:-1, max-image-preview:large, max-video-preview:-1\" \/>\n<link rel=\"canonical\" href=\"https:\/\/mimoravel.com.br\/en\/product\/pano-de-copa-casa-porto\/\" \/>\n<meta property=\"og:locale\" content=\"en_US\" \/>\n<meta property=\"og:type\" content=\"article\" \/>\n<meta property=\"og:title\" content=\"Pano de copa - Casa Porto - mimoravel.com.br\" \/>\n<meta property=\"og:description\" content=\"Pano de copa - Casa Porto, foi feito com bordado autoral representando o passado do bairro hist\u00f3rico, Jaragu\u00e1 - Macei\u00f3, com a exporta\u00e7\u00e3o de algod\u00e3o e pesca.\" \/>\n<meta property=\"og:url\" content=\"https:\/\/mimoravel.com.br\/en\/product\/pano-de-copa-casa-porto\/\" \/>\n<meta property=\"og:site_name\" content=\"mimoravel.com.br\" \/>\n<meta property=\"article:publisher\" content=\"https:\/\/www.instagram.com\/mimoravel_\/\" \/>\n<meta property=\"og:image\" content=\"https:\/\/mimoravel.com.br\/wp-content\/uploads\/2025\/02\/41-_MG_0973.jpg\" \/>\n\t<meta property=\"og:image:width\" content=\"1280\" \/>\n\t<meta property=\"og:image:height\" content=\"1920\" \/>\n\t<meta property=\"og:image:type\" content=\"image\/jpeg\" \/>\n<meta name=\"twitter:card\" content=\"summary_large_image\" \/>\n<meta name=\"twitter:label1\" content=\"Est. reading time\" \/>\n\t<meta name=\"twitter:data1\" content=\"1 minute\" \/>\n<script type=\"application\/ld+json\" class=\"yoast-schema-graph\">{\"@context\":\"https:\/\/schema.org\",\"@graph\":[{\"@type\":\"WebPage\",\"@id\":\"https:\/\/mimoravel.com.br\/product\/pano-de-copa-casa-porto\/\",\"url\":\"https:\/\/mimoravel.com.br\/product\/pano-de-copa-casa-porto\/\",\"name\":\"Pano de copa - Casa Porto - mimoravel.com.br\",\"isPartOf\":{\"@id\":\"https:\/\/mimoravel.com.br\/#website\"},\"primaryImageOfPage\":{\"@id\":\"https:\/\/mimoravel.com.br\/product\/pano-de-copa-casa-porto\/#primaryimage\"},\"image\":{\"@id\":\"https:\/\/mimoravel.com.br\/product\/pano-de-copa-casa-porto\/#primaryimage\"},\"thumbnailUrl\":\"https:\/\/mimoravel.com.br\/wp-content\/uploads\/2025\/02\/41-_MG_0973.jpg\",\"datePublished\":\"2025-02-18T16:52:37+00:00\",\"description\":\"Pano de copa - Casa Porto, foi feito com bordado autoral representando o passado do bairro hist\u00f3rico, Jaragu\u00e1 - Macei\u00f3, com a exporta\u00e7\u00e3o de algod\u00e3o e pesca.\",\"breadcrumb\":{\"@id\":\"https:\/\/mimoravel.com.br\/product\/pano-de-copa-casa-porto\/#breadcrumb\"},\"inLanguage\":\"en-US\",\"potentialAction\":[{\"@type\":\"ReadAction\",\"target\":[\"https:\/\/mimoravel.com.br\/product\/pano-de-copa-casa-porto\/\"]}]},{\"@type\":\"ImageObject\",\"inLanguage\":\"en-US\",\"@id\":\"https:\/\/mimoravel.com.br\/product\/pano-de-copa-casa-porto\/#primaryimage\",\"url\":\"https:\/\/mimoravel.com.br\/wp-content\/uploads\/2025\/02\/41-_MG_0973.jpg\",\"contentUrl\":\"https:\/\/mimoravel.com.br\/wp-content\/uploads\/2025\/02\/41-_MG_0973.jpg\",\"width\":1280,\"height\":1920,\"caption\":\"Pano de copa Casa Porto\"},{\"@type\":\"BreadcrumbList\",\"@id\":\"https:\/\/mimoravel.com.br\/product\/pano-de-copa-casa-porto\/#breadcrumb\",\"itemListElement\":[{\"@type\":\"ListItem\",\"position\":1,\"name\":\"Home\",\"item\":\"https:\/\/mimoravel.com.br\/\"},{\"@type\":\"ListItem\",\"position\":2,\"name\":\"Loja\",\"item\":\"https:\/\/mimoravel.com.br\/loja\/\"},{\"@type\":\"ListItem\",\"position\":3,\"name\":\"Pano de copa &#8211; Casa Porto\"}]},{\"@type\":\"WebSite\",\"@id\":\"https:\/\/mimoravel.com.br\/#website\",\"url\":\"https:\/\/mimoravel.com.br\/\",\"name\":\"mimoravel.com.br\",\"description\":\"\",\"publisher\":{\"@id\":\"https:\/\/mimoravel.com.br\/#organization\"},\"potentialAction\":[{\"@type\":\"SearchAction\",\"target\":{\"@type\":\"EntryPoint\",\"urlTemplate\":\"https:\/\/mimoravel.com.br\/?s={search_term_string}\"},\"query-input\":{\"@type\":\"PropertyValueSpecification\",\"valueRequired\":true,\"valueName\":\"search_term_string\"}}],\"inLanguage\":\"en-US\"},{\"@type\":\"Organization\",\"@id\":\"https:\/\/mimoravel.com.br\/#organization\",\"name\":\"Mimor\u00e1vel\",\"url\":\"https:\/\/mimoravel.com.br\/\",\"logo\":{\"@type\":\"ImageObject\",\"inLanguage\":\"en-US\",\"@id\":\"https:\/\/mimoravel.com.br\/#\/schema\/logo\/image\/\",\"url\":\"https:\/\/mimoravel.com.br\/wp-content\/uploads\/2024\/10\/logo_verde-scaled.webp\",\"contentUrl\":\"https:\/\/mimoravel.com.br\/wp-content\/uploads\/2024\/10\/logo_verde-scaled.webp\",\"width\":2560,\"height\":757,\"caption\":\"Mimor\u00e1vel\"},\"image\":{\"@id\":\"https:\/\/mimoravel.com.br\/#\/schema\/logo\/image\/\"},\"sameAs\":[\"https:\/\/www.instagram.com\/mimoravel_\/\",\"https:\/\/br.pinterest.com\/mimoravel\/\"]}]}<\/script>\n<!-- \/ Yoast SEO plugin. -->","yoast_head_json":{"title":"Pano de copa - Casa Porto - mimoravel.com.br","description":"Pano de copa - Casa Porto, foi feito com bordado autoral representando o passado do bairro hist\u00f3rico, Jaragu\u00e1 - Macei\u00f3, com a exporta\u00e7\u00e3o de algod\u00e3o e pesca.","robots":{"index":"index","follow":"follow","max-snippet":"max-snippet:-1","max-image-preview":"max-image-preview:large","max-video-preview":"max-video-preview:-1"},"canonical":"https:\/\/mimoravel.com.br\/en\/product\/pano-de-copa-casa-porto\/","og_locale":"en_US","og_type":"article","og_title":"Pano de copa - Casa Porto - mimoravel.com.br","og_description":"Pano de copa - Casa Porto, foi feito com bordado autoral representando o passado do bairro hist\u00f3rico, Jaragu\u00e1 - Macei\u00f3, com a exporta\u00e7\u00e3o de algod\u00e3o e pesca.","og_url":"https:\/\/mimoravel.com.br\/en\/product\/pano-de-copa-casa-porto\/","og_site_name":"mimoravel.com.br","article_publisher":"https:\/\/www.instagram.com\/mimoravel_\/","og_image":[{"width":1280,"height":1920,"url":"https:\/\/mimoravel.com.br\/wp-content\/uploads\/2025\/02\/41-_MG_0973.jpg","type":"image\/jpeg"}],"twitter_card":"summary_large_image","twitter_misc":{"Est. reading time":"1 minute"},"schema":{"@context":"https:\/\/schema.org","@graph":[{"@type":"WebPage","@id":"https:\/\/mimoravel.com.br\/product\/pano-de-copa-casa-porto\/","url":"https:\/\/mimoravel.com.br\/product\/pano-de-copa-casa-porto\/","name":"Pano de copa - Casa Porto - mimoravel.com.br","isPartOf":{"@id":"https:\/\/mimoravel.com.br\/#website"},"primaryImageOfPage":{"@id":"https:\/\/mimoravel.com.br\/product\/pano-de-copa-casa-porto\/#primaryimage"},"image":{"@id":"https:\/\/mimoravel.com.br\/product\/pano-de-copa-casa-porto\/#primaryimage"},"thumbnailUrl":"https:\/\/mimoravel.com.br\/wp-content\/uploads\/2025\/02\/41-_MG_0973.jpg","datePublished":"2025-02-18T16:52:37+00:00","description":"Pano de copa - Casa Porto, foi feito com bordado autoral representando o passado do bairro hist\u00f3rico, Jaragu\u00e1 - Macei\u00f3, com a exporta\u00e7\u00e3o de algod\u00e3o e pesca.","breadcrumb":{"@id":"https:\/\/mimoravel.com.br\/product\/pano-de-copa-casa-porto\/#breadcrumb"},"inLanguage":"en-US","potentialAction":[{"@type":"ReadAction","target":["https:\/\/mimoravel.com.br\/product\/pano-de-copa-casa-porto\/"]}]},{"@type":"ImageObject","inLanguage":"en-US","@id":"https:\/\/mimoravel.com.br\/product\/pano-de-copa-casa-porto\/#primaryimage","url":"https:\/\/mimoravel.com.br\/wp-content\/uploads\/2025\/02\/41-_MG_0973.jpg","contentUrl":"https:\/\/mimoravel.com.br\/wp-content\/uploads\/2025\/02\/41-_MG_0973.jpg","width":1280,"height":1920,"caption":"Pano de copa Casa Porto"},{"@type":"BreadcrumbList","@id":"https:\/\/mimoravel.com.br\/product\/pano-de-copa-casa-porto\/#breadcrumb","itemListElement":[{"@type":"ListItem","position":1,"name":"Home","item":"https:\/\/mimoravel.com.br\/"},{"@type":"ListItem","position":2,"name":"Loja","item":"https:\/\/mimoravel.com.br\/loja\/"},{"@type":"ListItem","position":3,"name":"Pano de copa &#8211; Casa Porto"}]},{"@type":"WebSite","@id":"https:\/\/mimoravel.com.br\/#website","url":"https:\/\/mimoravel.com.br\/","name":"mimoravel.com.br","description":"","publisher":{"@id":"https:\/\/mimoravel.com.br\/#organization"},"potentialAction":[{"@type":"SearchAction","target":{"@type":"EntryPoint","urlTemplate":"https:\/\/mimoravel.com.br\/?s={search_term_string}"},"query-input":{"@type":"PropertyValueSpecification","valueRequired":true,"valueName":"search_term_string"}}],"inLanguage":"en-US"},{"@type":"Organization","@id":"https:\/\/mimoravel.com.br\/#organization","name":"Mimor\u00e1vel","url":"https:\/\/mimoravel.com.br\/","logo":{"@type":"ImageObject","inLanguage":"en-US","@id":"https:\/\/mimoravel.com.br\/#\/schema\/logo\/image\/","url":"https:\/\/mimoravel.com.br\/wp-content\/uploads\/2024\/10\/logo_verde-scaled.webp","contentUrl":"https:\/\/mimoravel.com.br\/wp-content\/uploads\/2024\/10\/logo_verde-scaled.webp","width":2560,"height":757,"caption":"Mimor\u00e1vel"},"image":{"@id":"https:\/\/mimoravel.com.br\/#\/schema\/logo\/image\/"},"sameAs":["https:\/\/www.instagram.com\/mimoravel_\/","https:\/\/br.pinterest.com\/mimoravel\/"]}]}},"_links":{"self":[{"href":"https:\/\/mimoravel.com.br\/en\/wp-json\/wp\/v2\/product\/4967","targetHints":{"allow":["GET"]}}],"collection":[{"href":"https:\/\/mimoravel.com.br\/en\/wp-json\/wp\/v2\/product"}],"about":[{"href":"https:\/\/mimoravel.com.br\/en\/wp-json\/wp\/v2\/types\/product"}],"replies":[{"embeddable":true,"href":"https:\/\/mimoravel.com.br\/en\/wp-json\/wp\/v2\/comments?post=4967"}],"version-history":[{"count":1,"href":"https:\/\/mimoravel.com.br\/en\/wp-json\/wp\/v2\/product\/4967\/revisions"}],"predecessor-version":[{"id":4968,"href":"https:\/\/mimoravel.com.br\/en\/wp-json\/wp\/v2\/product\/4967\/revisions\/4968"}],"wp:featuredmedia":[{"embeddable":true,"href":"https:\/\/mimoravel.com.br\/en\/wp-json\/wp\/v2\/media\/4802"}],"wp:attachment":[{"href":"https:\/\/mimoravel.com.br\/en\/wp-json\/wp\/v2\/media?parent=4967"}],"wp:term":[{"taxonomy":"product_brand","embeddable":true,"href":"https:\/\/mimoravel.com.br\/en\/wp-json\/wp\/v2\/product_brand?post=4967"},{"taxonomy":"product_cat","embeddable":true,"href":"https:\/\/mimoravel.com.br\/en\/wp-json\/wp\/v2\/product_cat?post=4967"},{"taxonomy":"product_tag","embeddable":true,"href":"https:\/\/mimoravel.com.br\/en\/wp-json\/wp\/v2\/product_tag?post=4967"}],"curies":[{"name":"wp","href":"https:\/\/api.w.org\/{rel}","templated":true}]}}