{"id":4921,"date":"2025-02-16T15:11:40","date_gmt":"2025-02-16T15:11:40","guid":{"rendered":"https:\/\/mimoravel.com.br\/?post_type=product&#038;p=4921"},"modified":"2025-02-16T15:24:37","modified_gmt":"2025-02-16T15:24:37","slug":"caneca-de-pascoa-ressureicao","status":"publish","type":"product","link":"https:\/\/mimoravel.com.br\/en\/product\/caneca-de-pascoa-ressureicao\/","title":{"rendered":"Caneca de P\u00e1scoa &#8211; Ressurei\u00e7\u00e3o"},"content":{"rendered":"<p>Descubra nossa Caneca de P\u00e1scoa &#8211; Ressurei\u00e7\u00e3o autoral desenhada com estilo naturalista e caligrafia Mimor\u00e1vel. Com a representa\u00e7\u00e3o simb\u00f3lica do cordeiro, o Senhor Jesus, o sol nascente representando um novo dia, de esperan\u00e7a e os ramos representando a entrada de Jesus na cidade. Nesta p\u00e1scoa, se destaque presenteando uma caneca Mimor\u00e1vel. Voc\u00ea pode preench\u00ea-la com pequenos chocolates e utilizar nossa tampa de bambu para fechar a caneca como se fosse um pote de surpresa.<\/p>\n<h5>Caracter\u00edsticas da Caneca:<\/h5>\n<ul>\n<li>325ml<\/li>\n<li>Estampagem por sublima\u00e7\u00e3o<\/li>\n<li>Estampa autoral<\/li>\n<li>De cer\u00e2mica<\/li>\n<\/ul>\n<h5 data-start=\"0\" data-end=\"46\"><strong data-start=\"0\" data-end=\"44\">Dicas de uso e ocasi\u00f5es para presentear a Caneca de P\u00e1scoa &#8211; Ressurei\u00e7\u00e3o:<\/strong><\/h5>\n<ul data-start=\"205\" data-end=\"1101\">\n<li data-start=\"205\" data-end=\"405\"><strong data-start=\"207\" data-end=\"231\">Celebra\u00e7\u00e3o especial:<\/strong> A P\u00e1scoa simboliza renova\u00e7\u00e3o, f\u00e9 e gratid\u00e3o. Essa caneca refor\u00e7a esse significado e combina perfeitamente com a ceia, tornando o momento ainda mais especial e emocionante.<\/li>\n<li data-start=\"406\" data-end=\"641\"><strong data-start=\"408\" data-end=\"445\">Presente para quem valoriza a f\u00e9:<\/strong> Se voc\u00ea quer emocionar algu\u00e9m especial, essa caneca vai al\u00e9m de um simples objeto decorativo. Ela carrega a mensagem de esperan\u00e7a, renascimento e amor que tornam a P\u00e1scoa uma data t\u00e3o marcante.<\/li>\n<li data-start=\"642\" data-end=\"872\"><strong data-start=\"644\" data-end=\"670\">Decora\u00e7\u00e3o inspiradora:<\/strong> No dia a dia, essa caneca pode transformar qualquer espa\u00e7o. Seja em um cantinho de ora\u00e7\u00e3o, um ambiente de reflex\u00e3o ou at\u00e9 em um local de estudos, ela se torna um lembrete constante do amor de Cristo.<\/li>\n<li data-start=\"873\" data-end=\"1101\"><strong data-start=\"875\" data-end=\"923\">Lembran\u00e7a para encontros e eventos crist\u00e3os:<\/strong> Para retiros espirituais, encontros de ora\u00e7\u00e3o ou celebra\u00e7\u00f5es em igrejas, essa caneca se torna um presente simb\u00f3lico e inesquec\u00edvel, fortalecendo ainda mais a conex\u00e3o com a f\u00e9.<\/li>\n<\/ul>\n<p data-start=\"1103\" data-end=\"1346\">Cada detalhe dessa ilustra\u00e7\u00e3o foi pensado para transmitir a grandiosidade desse momento especial. O toque artesanal da caligrafia Mimor\u00e1vel refor\u00e7a a exclusividade e transforma cada caneca em uma verdadeira obra de arte cheia de significado.<\/p>\n<p data-start=\"1348\" data-end=\"1557\" data-is-last-node=\"\">Ent\u00e3o, se voc\u00ea busca um presente cheio de prop\u00f3sito, essa caneca \u00e9 a escolha perfeita. Celebre a P\u00e1scoa com carinho, presenteie com amor e leve para quem voc\u00ea ama a verdadeira ess\u00eancia dessa data t\u00e3o especial.<\/p>","protected":false},"excerpt":{"rendered":"<div class=\"flex max-w-full flex-col flex-grow\">\n<div class=\"min-h-8 text-message flex w-full flex-col items-end gap-2 whitespace-normal break-words [.text-message+&amp;]:mt-5\" dir=\"auto\" data-message-author-role=\"assistant\" data-message-id=\"0a28fc92-b2d0-46e5-a9b9-be7c0f2caab6\" data-message-model-slug=\"gpt-4o\">\n<div class=\"flex w-full flex-col gap-1 empty:hidden first:pt-[3px]\">\n<div class=\"markdown prose w-full break-words dark:prose-invert dark\">\n<p>&nbsp;<\/p>\n<\/div>\n<\/div>\n<\/div>\n<\/div>\n<div class=\"mb-2 flex gap-3 empty:hidden -ml-2\">\n<div class=\"items-center justify-start rounded-xl p-1 flex\">\n<div class=\"flex items-center\">\n<p>&nbsp;<\/p>\n<div class=\"flex\"><\/div>\n<div class=\"flex items-center pb-0\"><\/div>\n<\/div>\n<\/div>\n<\/div>","protected":false},"featured_media":4772,"comment_status":"open","ping_status":"closed","template":"","meta":{"_acf_changed":false,"_joinchat":[]},"product_brand":[],"product_cat":[70],"product_tag":[134,133,135],"class_list":{"0":"post-4921","1":"product","2":"type-product","3":"status-publish","4":"has-post-thumbnail","6":"product_cat-produto-caneca-personalizada","7":"product_tag-crista","8":"product_tag-pascoa","9":"product_tag-ressureicao","11":"first","12":"instock","13":"taxable","14":"shipping-taxable","15":"purchasable","16":"product-type-variable","swatches":"rey-swatches","show_selected":""},"acf":[],"yoast_head":"<!-- This site is optimized with the Yoast SEO plugin v24.4 - https:\/\/yoast.com\/wordpress\/plugins\/seo\/ -->\n<title>Caneca de P\u00e1scoa - Ressurei\u00e7\u00e3o - mimoravel.com.br<\/title>\n<meta name=\"description\" content=\"Descubra a Caneca de P\u00e1scoa - Ressurei\u00e7\u00e3o autoral desenhada com estilo naturalista e caligrafia Mimor\u00e1vel para comemorar um dos dias mais sagrados do ano.\" \/>\n<meta name=\"robots\" content=\"index, follow, max-snippet:-1, max-image-preview:large, max-video-preview:-1\" \/>\n<link rel=\"canonical\" href=\"https:\/\/mimoravel.com.br\/en\/product\/caneca-de-pascoa-ressureicao\/\" \/>\n<meta property=\"og:locale\" content=\"en_US\" \/>\n<meta property=\"og:type\" content=\"article\" \/>\n<meta property=\"og:title\" content=\"Caneca de P\u00e1scoa - Ressurei\u00e7\u00e3o\" \/>\n<meta property=\"og:description\" content=\"Descubra a Caneca de P\u00e1scoa - Ressurei\u00e7\u00e3o autoral desenhada com estilo naturalista e caligrafia Mimor\u00e1vel para comemorar um dos dias mais sagrados do ano.\" \/>\n<meta property=\"og:url\" content=\"https:\/\/mimoravel.com.br\/en\/product\/caneca-de-pascoa-ressureicao\/\" \/>\n<meta property=\"og:site_name\" content=\"mimoravel.com.br\" \/>\n<meta property=\"article:publisher\" content=\"https:\/\/www.instagram.com\/mimoravel_\/\" \/>\n<meta property=\"article:modified_time\" content=\"2025-02-16T15:24:37+00:00\" \/>\n<meta property=\"og:image\" content=\"https:\/\/mimoravel.com.br\/wp-content\/uploads\/2025\/02\/11-20230330113849__MG_3482.jpg\" \/>\n\t<meta property=\"og:image:width\" content=\"1280\" \/>\n\t<meta property=\"og:image:height\" content=\"1920\" \/>\n\t<meta property=\"og:image:type\" content=\"image\/jpeg\" \/>\n<meta name=\"twitter:card\" content=\"summary_large_image\" \/>\n<meta name=\"twitter:label1\" content=\"Est. reading time\" \/>\n\t<meta name=\"twitter:data1\" content=\"2 minutes\" \/>\n<script type=\"application\/ld+json\" class=\"yoast-schema-graph\">{\"@context\":\"https:\/\/schema.org\",\"@graph\":[{\"@type\":\"WebPage\",\"@id\":\"https:\/\/mimoravel.com.br\/product\/caneca-de-pascoa-ressureicao\/\",\"url\":\"https:\/\/mimoravel.com.br\/product\/caneca-de-pascoa-ressureicao\/\",\"name\":\"Caneca de P\u00e1scoa - Ressurei\u00e7\u00e3o - mimoravel.com.br\",\"isPartOf\":{\"@id\":\"https:\/\/mimoravel.com.br\/#website\"},\"primaryImageOfPage\":{\"@id\":\"https:\/\/mimoravel.com.br\/product\/caneca-de-pascoa-ressureicao\/#primaryimage\"},\"image\":{\"@id\":\"https:\/\/mimoravel.com.br\/product\/caneca-de-pascoa-ressureicao\/#primaryimage\"},\"thumbnailUrl\":\"https:\/\/mimoravel.com.br\/wp-content\/uploads\/2025\/02\/11-20230330113849__MG_3482.jpg\",\"datePublished\":\"2025-02-16T15:11:40+00:00\",\"dateModified\":\"2025-02-16T15:24:37+00:00\",\"description\":\"Descubra a Caneca de P\u00e1scoa - Ressurei\u00e7\u00e3o autoral desenhada com estilo naturalista e caligrafia Mimor\u00e1vel para comemorar um dos dias mais sagrados do ano.\",\"breadcrumb\":{\"@id\":\"https:\/\/mimoravel.com.br\/product\/caneca-de-pascoa-ressureicao\/#breadcrumb\"},\"inLanguage\":\"en-US\",\"potentialAction\":[{\"@type\":\"ReadAction\",\"target\":[\"https:\/\/mimoravel.com.br\/product\/caneca-de-pascoa-ressureicao\/\"]}]},{\"@type\":\"ImageObject\",\"inLanguage\":\"en-US\",\"@id\":\"https:\/\/mimoravel.com.br\/product\/caneca-de-pascoa-ressureicao\/#primaryimage\",\"url\":\"https:\/\/mimoravel.com.br\/wp-content\/uploads\/2025\/02\/11-20230330113849__MG_3482.jpg\",\"contentUrl\":\"https:\/\/mimoravel.com.br\/wp-content\/uploads\/2025\/02\/11-20230330113849__MG_3482.jpg\",\"width\":1280,\"height\":1920,\"caption\":\"Caneca de P\u00e1scoa - Ressurei\u00e7\u00e3o\"},{\"@type\":\"BreadcrumbList\",\"@id\":\"https:\/\/mimoravel.com.br\/product\/caneca-de-pascoa-ressureicao\/#breadcrumb\",\"itemListElement\":[{\"@type\":\"ListItem\",\"position\":1,\"name\":\"Home\",\"item\":\"https:\/\/mimoravel.com.br\/\"},{\"@type\":\"ListItem\",\"position\":2,\"name\":\"Loja\",\"item\":\"https:\/\/mimoravel.com.br\/loja\/\"},{\"@type\":\"ListItem\",\"position\":3,\"name\":\"Caneca de P\u00e1scoa &#8211; Ressurei\u00e7\u00e3o\"}]},{\"@type\":\"WebSite\",\"@id\":\"https:\/\/mimoravel.com.br\/#website\",\"url\":\"https:\/\/mimoravel.com.br\/\",\"name\":\"mimoravel.com.br\",\"description\":\"\",\"publisher\":{\"@id\":\"https:\/\/mimoravel.com.br\/#organization\"},\"potentialAction\":[{\"@type\":\"SearchAction\",\"target\":{\"@type\":\"EntryPoint\",\"urlTemplate\":\"https:\/\/mimoravel.com.br\/?s={search_term_string}\"},\"query-input\":{\"@type\":\"PropertyValueSpecification\",\"valueRequired\":true,\"valueName\":\"search_term_string\"}}],\"inLanguage\":\"en-US\"},{\"@type\":\"Organization\",\"@id\":\"https:\/\/mimoravel.com.br\/#organization\",\"name\":\"Mimor\u00e1vel\",\"url\":\"https:\/\/mimoravel.com.br\/\",\"logo\":{\"@type\":\"ImageObject\",\"inLanguage\":\"en-US\",\"@id\":\"https:\/\/mimoravel.com.br\/#\/schema\/logo\/image\/\",\"url\":\"https:\/\/mimoravel.com.br\/wp-content\/uploads\/2024\/10\/logo_verde-scaled.webp\",\"contentUrl\":\"https:\/\/mimoravel.com.br\/wp-content\/uploads\/2024\/10\/logo_verde-scaled.webp\",\"width\":2560,\"height\":757,\"caption\":\"Mimor\u00e1vel\"},\"image\":{\"@id\":\"https:\/\/mimoravel.com.br\/#\/schema\/logo\/image\/\"},\"sameAs\":[\"https:\/\/www.instagram.com\/mimoravel_\/\",\"https:\/\/br.pinterest.com\/mimoravel\/\"]}]}<\/script>\n<!-- \/ Yoast SEO plugin. -->","yoast_head_json":{"title":"Caneca de P\u00e1scoa - Ressurei\u00e7\u00e3o - mimoravel.com.br","description":"Descubra a Caneca de P\u00e1scoa - Ressurei\u00e7\u00e3o autoral desenhada com estilo naturalista e caligrafia Mimor\u00e1vel para comemorar um dos dias mais sagrados do ano.","robots":{"index":"index","follow":"follow","max-snippet":"max-snippet:-1","max-image-preview":"max-image-preview:large","max-video-preview":"max-video-preview:-1"},"canonical":"https:\/\/mimoravel.com.br\/en\/product\/caneca-de-pascoa-ressureicao\/","og_locale":"en_US","og_type":"article","og_title":"Caneca de P\u00e1scoa - Ressurei\u00e7\u00e3o","og_description":"Descubra a Caneca de P\u00e1scoa - Ressurei\u00e7\u00e3o autoral desenhada com estilo naturalista e caligrafia Mimor\u00e1vel para comemorar um dos dias mais sagrados do ano.","og_url":"https:\/\/mimoravel.com.br\/en\/product\/caneca-de-pascoa-ressureicao\/","og_site_name":"mimoravel.com.br","article_publisher":"https:\/\/www.instagram.com\/mimoravel_\/","article_modified_time":"2025-02-16T15:24:37+00:00","og_image":[{"width":1280,"height":1920,"url":"https:\/\/mimoravel.com.br\/wp-content\/uploads\/2025\/02\/11-20230330113849__MG_3482.jpg","type":"image\/jpeg"}],"twitter_card":"summary_large_image","twitter_misc":{"Est. reading time":"2 minutes"},"schema":{"@context":"https:\/\/schema.org","@graph":[{"@type":"WebPage","@id":"https:\/\/mimoravel.com.br\/product\/caneca-de-pascoa-ressureicao\/","url":"https:\/\/mimoravel.com.br\/product\/caneca-de-pascoa-ressureicao\/","name":"Caneca de P\u00e1scoa - Ressurei\u00e7\u00e3o - mimoravel.com.br","isPartOf":{"@id":"https:\/\/mimoravel.com.br\/#website"},"primaryImageOfPage":{"@id":"https:\/\/mimoravel.com.br\/product\/caneca-de-pascoa-ressureicao\/#primaryimage"},"image":{"@id":"https:\/\/mimoravel.com.br\/product\/caneca-de-pascoa-ressureicao\/#primaryimage"},"thumbnailUrl":"https:\/\/mimoravel.com.br\/wp-content\/uploads\/2025\/02\/11-20230330113849__MG_3482.jpg","datePublished":"2025-02-16T15:11:40+00:00","dateModified":"2025-02-16T15:24:37+00:00","description":"Descubra a Caneca de P\u00e1scoa - Ressurei\u00e7\u00e3o autoral desenhada com estilo naturalista e caligrafia Mimor\u00e1vel para comemorar um dos dias mais sagrados do ano.","breadcrumb":{"@id":"https:\/\/mimoravel.com.br\/product\/caneca-de-pascoa-ressureicao\/#breadcrumb"},"inLanguage":"en-US","potentialAction":[{"@type":"ReadAction","target":["https:\/\/mimoravel.com.br\/product\/caneca-de-pascoa-ressureicao\/"]}]},{"@type":"ImageObject","inLanguage":"en-US","@id":"https:\/\/mimoravel.com.br\/product\/caneca-de-pascoa-ressureicao\/#primaryimage","url":"https:\/\/mimoravel.com.br\/wp-content\/uploads\/2025\/02\/11-20230330113849__MG_3482.jpg","contentUrl":"https:\/\/mimoravel.com.br\/wp-content\/uploads\/2025\/02\/11-20230330113849__MG_3482.jpg","width":1280,"height":1920,"caption":"Caneca de P\u00e1scoa - Ressurei\u00e7\u00e3o"},{"@type":"BreadcrumbList","@id":"https:\/\/mimoravel.com.br\/product\/caneca-de-pascoa-ressureicao\/#breadcrumb","itemListElement":[{"@type":"ListItem","position":1,"name":"Home","item":"https:\/\/mimoravel.com.br\/"},{"@type":"ListItem","position":2,"name":"Loja","item":"https:\/\/mimoravel.com.br\/loja\/"},{"@type":"ListItem","position":3,"name":"Caneca de P\u00e1scoa &#8211; Ressurei\u00e7\u00e3o"}]},{"@type":"WebSite","@id":"https:\/\/mimoravel.com.br\/#website","url":"https:\/\/mimoravel.com.br\/","name":"mimoravel.com.br","description":"","publisher":{"@id":"https:\/\/mimoravel.com.br\/#organization"},"potentialAction":[{"@type":"SearchAction","target":{"@type":"EntryPoint","urlTemplate":"https:\/\/mimoravel.com.br\/?s={search_term_string}"},"query-input":{"@type":"PropertyValueSpecification","valueRequired":true,"valueName":"search_term_string"}}],"inLanguage":"en-US"},{"@type":"Organization","@id":"https:\/\/mimoravel.com.br\/#organization","name":"Mimor\u00e1vel","url":"https:\/\/mimoravel.com.br\/","logo":{"@type":"ImageObject","inLanguage":"en-US","@id":"https:\/\/mimoravel.com.br\/#\/schema\/logo\/image\/","url":"https:\/\/mimoravel.com.br\/wp-content\/uploads\/2024\/10\/logo_verde-scaled.webp","contentUrl":"https:\/\/mimoravel.com.br\/wp-content\/uploads\/2024\/10\/logo_verde-scaled.webp","width":2560,"height":757,"caption":"Mimor\u00e1vel"},"image":{"@id":"https:\/\/mimoravel.com.br\/#\/schema\/logo\/image\/"},"sameAs":["https:\/\/www.instagram.com\/mimoravel_\/","https:\/\/br.pinterest.com\/mimoravel\/"]}]}},"_links":{"self":[{"href":"https:\/\/mimoravel.com.br\/en\/wp-json\/wp\/v2\/product\/4921","targetHints":{"allow":["GET"]}}],"collection":[{"href":"https:\/\/mimoravel.com.br\/en\/wp-json\/wp\/v2\/product"}],"about":[{"href":"https:\/\/mimoravel.com.br\/en\/wp-json\/wp\/v2\/types\/product"}],"replies":[{"embeddable":true,"href":"https:\/\/mimoravel.com.br\/en\/wp-json\/wp\/v2\/comments?post=4921"}],"version-history":[{"count":2,"href":"https:\/\/mimoravel.com.br\/en\/wp-json\/wp\/v2\/product\/4921\/revisions"}],"predecessor-version":[{"id":4925,"href":"https:\/\/mimoravel.com.br\/en\/wp-json\/wp\/v2\/product\/4921\/revisions\/4925"}],"wp:featuredmedia":[{"embeddable":true,"href":"https:\/\/mimoravel.com.br\/en\/wp-json\/wp\/v2\/media\/4772"}],"wp:attachment":[{"href":"https:\/\/mimoravel.com.br\/en\/wp-json\/wp\/v2\/media?parent=4921"}],"wp:term":[{"taxonomy":"product_brand","embeddable":true,"href":"https:\/\/mimoravel.com.br\/en\/wp-json\/wp\/v2\/product_brand?post=4921"},{"taxonomy":"product_cat","embeddable":true,"href":"https:\/\/mimoravel.com.br\/en\/wp-json\/wp\/v2\/product_cat?post=4921"},{"taxonomy":"product_tag","embeddable":true,"href":"https:\/\/mimoravel.com.br\/en\/wp-json\/wp\/v2\/product_tag?post=4921"}],"curies":[{"name":"wp","href":"https:\/\/api.w.org\/{rel}","templated":true}]}}