{"id":4915,"date":"2025-02-16T14:26:35","date_gmt":"2025-02-16T14:26:35","guid":{"rendered":"https:\/\/mimoravel.com.br\/?post_type=product&#038;p=4915"},"modified":"2025-02-16T15:34:07","modified_gmt":"2025-02-16T15:34:07","slug":"caneca-de-pascoa-coelho","status":"publish","type":"product","link":"https:\/\/mimoravel.com.br\/en\/product\/caneca-de-pascoa-coelho\/","title":{"rendered":"Caneca de P\u00e1scoa &#8211; Coelho"},"content":{"rendered":"<p>Descubra nossa caneca de p\u00e1scoa coelho autoral desenhada com estilo naturalista e caligrafia Mimor\u00e1vel. Nesta p\u00e1scoa, se destaque presenteando uma caneca Mimor\u00e1vel. Voc\u00ea pode preench\u00ea-la com pequenos chocolates e utilizar nossa tampa de bambu para fechar a caneca como se fosse um pote de surpresa.<\/p>\n<h5>Caracter\u00edsticas da Caneca:<\/h5>\n<ul>\n<li>325ml<\/li>\n<li>Estampagem por sublima\u00e7\u00e3o<\/li>\n<li>Estampa autoral<\/li>\n<li>De cer\u00e2mica<\/li>\n<\/ul>\n<h5 data-start=\"0\" data-end=\"46\"><strong data-start=\"0\" data-end=\"44\">Dicas de uso e ocasi\u00f5es para presentear a Caneca de P\u00e1scoa &#8211; Coelho:<\/strong><\/h5>\n<ul data-start=\"130\" data-end=\"903\">\n<li data-start=\"130\" data-end=\"336\"><strong data-start=\"132\" data-end=\"164\">Presente especial de P\u00e1scoa:<\/strong> Torne o momento ainda mais doce preenchendo a caneca com ovinhos de chocolate, bombons ou at\u00e9 bilhetinhos carinhosos. Al\u00e9m de linda, ela vira uma lembran\u00e7a inesquec\u00edvel.<\/li>\n<li data-start=\"337\" data-end=\"523\"><strong data-start=\"339\" data-end=\"362\">Decora\u00e7\u00e3o charmosa:<\/strong> Use a caneca como parte da mesa posta de P\u00e1scoa. Combinada com guardanapos tem\u00e1ticos e uma paleta de tons suaves, ela adiciona um toque delicado \u00e0 celebra\u00e7\u00e3o.<\/li>\n<li data-start=\"524\" data-end=\"705\"><strong data-start=\"526\" data-end=\"552\">Lembran\u00e7a corporativa:<\/strong> Surpreenda clientes e colaboradores com um presente sofisticado e cheio de personalidade. A caneca Mimor\u00e1vel transmite cuidado e aten\u00e7\u00e3o aos detalhes.<\/li>\n<li data-start=\"706\" data-end=\"903\"><strong data-start=\"708\" data-end=\"729\">Uso no dia a dia:<\/strong> Com a tampa de bambu, a caneca se transforma em um pote vers\u00e1til para armazenar biscoitos, sach\u00eas de ch\u00e1 ou pequenos itens. Um toque funcional que faz diferen\u00e7a na rotina e d\u00e1 um toque r\u00fastico \u00e0 sua refei\u00e7\u00e3o.<\/li>\n<\/ul>\n<p data-start=\"905\" data-end=\"1134\">Cada tra\u00e7o da ilustra\u00e7\u00e3o carrega o encanto da P\u00e1scoa de forma elegante e exclusiva. O coelho, desenhado com um estilo naturalista, transmite a suavidade da data sem ser infantil, tornando a caneca perfeita para todas as idades. Tamb\u00e9m, o lencinho desenhado no pesco\u00e7o do coelho simboliza a dissemina\u00e7\u00e3o do amor, carinho e cuidado.<\/p>\n<p data-start=\"1136\" data-end=\"1480\" data-is-last-node=\"\">Escolher um presente vai al\u00e9m de dar algo bonito. \u00c9 sobre criar um momento especial, transmitir carinho e fortalecer la\u00e7os. Com a Caneca de P\u00e1scoa Mimor\u00e1vel, cada gole de caf\u00e9 ou ch\u00e1 se transforma em um instante de aconchego e lembran\u00e7a. Afinal, detalhes fazem toda a diferen\u00e7a, e essa caneca tem tudo para marcar esta P\u00e1scoa de um jeito \u00fanico.<\/p>","protected":false},"excerpt":{"rendered":"<div class=\"flex max-w-full flex-col flex-grow\">\n<div class=\"min-h-8 text-message flex w-full flex-col items-end gap-2 whitespace-normal break-words [.text-message+&amp;]:mt-5\" dir=\"auto\" data-message-author-role=\"assistant\" data-message-id=\"0a28fc92-b2d0-46e5-a9b9-be7c0f2caab6\" data-message-model-slug=\"gpt-4o\">\n<div class=\"flex w-full flex-col gap-1 empty:hidden first:pt-[3px]\">\n<div class=\"markdown prose w-full break-words dark:prose-invert dark\">\n<p>&nbsp;<\/p>\n<\/div>\n<\/div>\n<\/div>\n<\/div>\n<div class=\"mb-2 flex gap-3 empty:hidden -ml-2\">\n<div class=\"items-center justify-start rounded-xl p-1 flex\">\n<div class=\"flex items-center\">\n<p>&nbsp;<\/p>\n<div class=\"flex\"><\/div>\n<div class=\"flex items-center pb-0\"><\/div>\n<\/div>\n<\/div>\n<\/div>","protected":false},"featured_media":4771,"comment_status":"open","ping_status":"closed","template":"","meta":{"_acf_changed":false,"_joinchat":[]},"product_brand":[],"product_cat":[70],"product_tag":[133],"class_list":{"0":"post-4915","1":"product","2":"type-product","3":"status-publish","4":"has-post-thumbnail","6":"product_cat-produto-caneca-personalizada","7":"product_tag-pascoa","9":"first","10":"instock","11":"taxable","12":"shipping-taxable","13":"purchasable","14":"product-type-variable","swatches":"rey-swatches","show_selected":""},"acf":[],"yoast_head":"<!-- This site is optimized with the Yoast SEO plugin v24.4 - https:\/\/yoast.com\/wordpress\/plugins\/seo\/ -->\n<title>Caneca de P\u00e1scoa - Coelho - mimoravel.com.br<\/title>\n<meta name=\"description\" content=\"Descubra nossa caneca de p\u00e1scoa coelho autoral desenhada com estilo naturalista e caligrafia Mimor\u00e1vel. Adicione a tampa de bambu e preencha com chocolate!\" \/>\n<meta name=\"robots\" content=\"index, follow, max-snippet:-1, max-image-preview:large, max-video-preview:-1\" \/>\n<link rel=\"canonical\" href=\"https:\/\/mimoravel.com.br\/en\/product\/caneca-de-pascoa-coelho\/\" \/>\n<meta property=\"og:locale\" content=\"en_US\" \/>\n<meta property=\"og:type\" content=\"article\" \/>\n<meta property=\"og:title\" content=\"Caneca de P\u00e1scoa - Coelho\" \/>\n<meta property=\"og:description\" content=\"Descubra nossa caneca de p\u00e1scoa coelho autoral desenhada com estilo naturalista e caligrafia Mimor\u00e1vel. Adicione a tampa de bambu e preencha com chocolate!\" \/>\n<meta property=\"og:url\" content=\"https:\/\/mimoravel.com.br\/en\/product\/caneca-de-pascoa-coelho\/\" \/>\n<meta property=\"og:site_name\" content=\"mimoravel.com.br\" \/>\n<meta property=\"article:publisher\" content=\"https:\/\/www.instagram.com\/mimoravel_\/\" \/>\n<meta property=\"article:modified_time\" content=\"2025-02-16T15:34:07+00:00\" \/>\n<meta property=\"og:image\" content=\"https:\/\/mimoravel.com.br\/wp-content\/uploads\/2025\/02\/10-20230328162306__MG_3479.jpg\" \/>\n\t<meta property=\"og:image:width\" content=\"1280\" \/>\n\t<meta property=\"og:image:height\" content=\"1920\" \/>\n\t<meta property=\"og:image:type\" content=\"image\/jpeg\" \/>\n<meta name=\"twitter:card\" content=\"summary_large_image\" \/>\n<meta name=\"twitter:label1\" content=\"Est. reading time\" \/>\n\t<meta name=\"twitter:data1\" content=\"2 minutes\" \/>\n<script type=\"application\/ld+json\" class=\"yoast-schema-graph\">{\"@context\":\"https:\/\/schema.org\",\"@graph\":[{\"@type\":\"WebPage\",\"@id\":\"https:\/\/mimoravel.com.br\/product\/caneca-de-pascoa-coelho\/\",\"url\":\"https:\/\/mimoravel.com.br\/product\/caneca-de-pascoa-coelho\/\",\"name\":\"Caneca de P\u00e1scoa - Coelho - mimoravel.com.br\",\"isPartOf\":{\"@id\":\"https:\/\/mimoravel.com.br\/#website\"},\"primaryImageOfPage\":{\"@id\":\"https:\/\/mimoravel.com.br\/product\/caneca-de-pascoa-coelho\/#primaryimage\"},\"image\":{\"@id\":\"https:\/\/mimoravel.com.br\/product\/caneca-de-pascoa-coelho\/#primaryimage\"},\"thumbnailUrl\":\"https:\/\/mimoravel.com.br\/wp-content\/uploads\/2025\/02\/10-20230328162306__MG_3479.jpg\",\"datePublished\":\"2025-02-16T14:26:35+00:00\",\"dateModified\":\"2025-02-16T15:34:07+00:00\",\"description\":\"Descubra nossa caneca de p\u00e1scoa coelho autoral desenhada com estilo naturalista e caligrafia Mimor\u00e1vel. Adicione a tampa de bambu e preencha com chocolate!\",\"breadcrumb\":{\"@id\":\"https:\/\/mimoravel.com.br\/product\/caneca-de-pascoa-coelho\/#breadcrumb\"},\"inLanguage\":\"en-US\",\"potentialAction\":[{\"@type\":\"ReadAction\",\"target\":[\"https:\/\/mimoravel.com.br\/product\/caneca-de-pascoa-coelho\/\"]}]},{\"@type\":\"ImageObject\",\"inLanguage\":\"en-US\",\"@id\":\"https:\/\/mimoravel.com.br\/product\/caneca-de-pascoa-coelho\/#primaryimage\",\"url\":\"https:\/\/mimoravel.com.br\/wp-content\/uploads\/2025\/02\/10-20230328162306__MG_3479.jpg\",\"contentUrl\":\"https:\/\/mimoravel.com.br\/wp-content\/uploads\/2025\/02\/10-20230328162306__MG_3479.jpg\",\"width\":1280,\"height\":1920,\"caption\":\"Caneca de P\u00e1scoa Coelho\"},{\"@type\":\"BreadcrumbList\",\"@id\":\"https:\/\/mimoravel.com.br\/product\/caneca-de-pascoa-coelho\/#breadcrumb\",\"itemListElement\":[{\"@type\":\"ListItem\",\"position\":1,\"name\":\"Home\",\"item\":\"https:\/\/mimoravel.com.br\/\"},{\"@type\":\"ListItem\",\"position\":2,\"name\":\"Loja\",\"item\":\"https:\/\/mimoravel.com.br\/loja\/\"},{\"@type\":\"ListItem\",\"position\":3,\"name\":\"Caneca de P\u00e1scoa &#8211; Coelho\"}]},{\"@type\":\"WebSite\",\"@id\":\"https:\/\/mimoravel.com.br\/#website\",\"url\":\"https:\/\/mimoravel.com.br\/\",\"name\":\"mimoravel.com.br\",\"description\":\"\",\"publisher\":{\"@id\":\"https:\/\/mimoravel.com.br\/#organization\"},\"potentialAction\":[{\"@type\":\"SearchAction\",\"target\":{\"@type\":\"EntryPoint\",\"urlTemplate\":\"https:\/\/mimoravel.com.br\/?s={search_term_string}\"},\"query-input\":{\"@type\":\"PropertyValueSpecification\",\"valueRequired\":true,\"valueName\":\"search_term_string\"}}],\"inLanguage\":\"en-US\"},{\"@type\":\"Organization\",\"@id\":\"https:\/\/mimoravel.com.br\/#organization\",\"name\":\"Mimor\u00e1vel\",\"url\":\"https:\/\/mimoravel.com.br\/\",\"logo\":{\"@type\":\"ImageObject\",\"inLanguage\":\"en-US\",\"@id\":\"https:\/\/mimoravel.com.br\/#\/schema\/logo\/image\/\",\"url\":\"https:\/\/mimoravel.com.br\/wp-content\/uploads\/2024\/10\/logo_verde-scaled.webp\",\"contentUrl\":\"https:\/\/mimoravel.com.br\/wp-content\/uploads\/2024\/10\/logo_verde-scaled.webp\",\"width\":2560,\"height\":757,\"caption\":\"Mimor\u00e1vel\"},\"image\":{\"@id\":\"https:\/\/mimoravel.com.br\/#\/schema\/logo\/image\/\"},\"sameAs\":[\"https:\/\/www.instagram.com\/mimoravel_\/\",\"https:\/\/br.pinterest.com\/mimoravel\/\"]}]}<\/script>\n<!-- \/ Yoast SEO plugin. -->","yoast_head_json":{"title":"Caneca de P\u00e1scoa - Coelho - mimoravel.com.br","description":"Descubra nossa caneca de p\u00e1scoa coelho autoral desenhada com estilo naturalista e caligrafia Mimor\u00e1vel. Adicione a tampa de bambu e preencha com chocolate!","robots":{"index":"index","follow":"follow","max-snippet":"max-snippet:-1","max-image-preview":"max-image-preview:large","max-video-preview":"max-video-preview:-1"},"canonical":"https:\/\/mimoravel.com.br\/en\/product\/caneca-de-pascoa-coelho\/","og_locale":"en_US","og_type":"article","og_title":"Caneca de P\u00e1scoa - Coelho","og_description":"Descubra nossa caneca de p\u00e1scoa coelho autoral desenhada com estilo naturalista e caligrafia Mimor\u00e1vel. Adicione a tampa de bambu e preencha com chocolate!","og_url":"https:\/\/mimoravel.com.br\/en\/product\/caneca-de-pascoa-coelho\/","og_site_name":"mimoravel.com.br","article_publisher":"https:\/\/www.instagram.com\/mimoravel_\/","article_modified_time":"2025-02-16T15:34:07+00:00","og_image":[{"width":1280,"height":1920,"url":"https:\/\/mimoravel.com.br\/wp-content\/uploads\/2025\/02\/10-20230328162306__MG_3479.jpg","type":"image\/jpeg"}],"twitter_card":"summary_large_image","twitter_misc":{"Est. reading time":"2 minutes"},"schema":{"@context":"https:\/\/schema.org","@graph":[{"@type":"WebPage","@id":"https:\/\/mimoravel.com.br\/product\/caneca-de-pascoa-coelho\/","url":"https:\/\/mimoravel.com.br\/product\/caneca-de-pascoa-coelho\/","name":"Caneca de P\u00e1scoa - Coelho - mimoravel.com.br","isPartOf":{"@id":"https:\/\/mimoravel.com.br\/#website"},"primaryImageOfPage":{"@id":"https:\/\/mimoravel.com.br\/product\/caneca-de-pascoa-coelho\/#primaryimage"},"image":{"@id":"https:\/\/mimoravel.com.br\/product\/caneca-de-pascoa-coelho\/#primaryimage"},"thumbnailUrl":"https:\/\/mimoravel.com.br\/wp-content\/uploads\/2025\/02\/10-20230328162306__MG_3479.jpg","datePublished":"2025-02-16T14:26:35+00:00","dateModified":"2025-02-16T15:34:07+00:00","description":"Descubra nossa caneca de p\u00e1scoa coelho autoral desenhada com estilo naturalista e caligrafia Mimor\u00e1vel. Adicione a tampa de bambu e preencha com chocolate!","breadcrumb":{"@id":"https:\/\/mimoravel.com.br\/product\/caneca-de-pascoa-coelho\/#breadcrumb"},"inLanguage":"en-US","potentialAction":[{"@type":"ReadAction","target":["https:\/\/mimoravel.com.br\/product\/caneca-de-pascoa-coelho\/"]}]},{"@type":"ImageObject","inLanguage":"en-US","@id":"https:\/\/mimoravel.com.br\/product\/caneca-de-pascoa-coelho\/#primaryimage","url":"https:\/\/mimoravel.com.br\/wp-content\/uploads\/2025\/02\/10-20230328162306__MG_3479.jpg","contentUrl":"https:\/\/mimoravel.com.br\/wp-content\/uploads\/2025\/02\/10-20230328162306__MG_3479.jpg","width":1280,"height":1920,"caption":"Caneca de P\u00e1scoa Coelho"},{"@type":"BreadcrumbList","@id":"https:\/\/mimoravel.com.br\/product\/caneca-de-pascoa-coelho\/#breadcrumb","itemListElement":[{"@type":"ListItem","position":1,"name":"Home","item":"https:\/\/mimoravel.com.br\/"},{"@type":"ListItem","position":2,"name":"Loja","item":"https:\/\/mimoravel.com.br\/loja\/"},{"@type":"ListItem","position":3,"name":"Caneca de P\u00e1scoa &#8211; Coelho"}]},{"@type":"WebSite","@id":"https:\/\/mimoravel.com.br\/#website","url":"https:\/\/mimoravel.com.br\/","name":"mimoravel.com.br","description":"","publisher":{"@id":"https:\/\/mimoravel.com.br\/#organization"},"potentialAction":[{"@type":"SearchAction","target":{"@type":"EntryPoint","urlTemplate":"https:\/\/mimoravel.com.br\/?s={search_term_string}"},"query-input":{"@type":"PropertyValueSpecification","valueRequired":true,"valueName":"search_term_string"}}],"inLanguage":"en-US"},{"@type":"Organization","@id":"https:\/\/mimoravel.com.br\/#organization","name":"Mimor\u00e1vel","url":"https:\/\/mimoravel.com.br\/","logo":{"@type":"ImageObject","inLanguage":"en-US","@id":"https:\/\/mimoravel.com.br\/#\/schema\/logo\/image\/","url":"https:\/\/mimoravel.com.br\/wp-content\/uploads\/2024\/10\/logo_verde-scaled.webp","contentUrl":"https:\/\/mimoravel.com.br\/wp-content\/uploads\/2024\/10\/logo_verde-scaled.webp","width":2560,"height":757,"caption":"Mimor\u00e1vel"},"image":{"@id":"https:\/\/mimoravel.com.br\/#\/schema\/logo\/image\/"},"sameAs":["https:\/\/www.instagram.com\/mimoravel_\/","https:\/\/br.pinterest.com\/mimoravel\/"]}]}},"_links":{"self":[{"href":"https:\/\/mimoravel.com.br\/en\/wp-json\/wp\/v2\/product\/4915","targetHints":{"allow":["GET"]}}],"collection":[{"href":"https:\/\/mimoravel.com.br\/en\/wp-json\/wp\/v2\/product"}],"about":[{"href":"https:\/\/mimoravel.com.br\/en\/wp-json\/wp\/v2\/types\/product"}],"replies":[{"embeddable":true,"href":"https:\/\/mimoravel.com.br\/en\/wp-json\/wp\/v2\/comments?post=4915"}],"version-history":[{"count":3,"href":"https:\/\/mimoravel.com.br\/en\/wp-json\/wp\/v2\/product\/4915\/revisions"}],"predecessor-version":[{"id":4920,"href":"https:\/\/mimoravel.com.br\/en\/wp-json\/wp\/v2\/product\/4915\/revisions\/4920"}],"wp:featuredmedia":[{"embeddable":true,"href":"https:\/\/mimoravel.com.br\/en\/wp-json\/wp\/v2\/media\/4771"}],"wp:attachment":[{"href":"https:\/\/mimoravel.com.br\/en\/wp-json\/wp\/v2\/media?parent=4915"}],"wp:term":[{"taxonomy":"product_brand","embeddable":true,"href":"https:\/\/mimoravel.com.br\/en\/wp-json\/wp\/v2\/product_brand?post=4915"},{"taxonomy":"product_cat","embeddable":true,"href":"https:\/\/mimoravel.com.br\/en\/wp-json\/wp\/v2\/product_cat?post=4915"},{"taxonomy":"product_tag","embeddable":true,"href":"https:\/\/mimoravel.com.br\/en\/wp-json\/wp\/v2\/product_tag?post=4915"}],"curies":[{"name":"wp","href":"https:\/\/api.w.org\/{rel}","templated":true}]}}