{"id":4854,"date":"2025-02-16T12:42:36","date_gmt":"2025-02-16T12:42:36","guid":{"rendered":"https:\/\/mimoravel.com.br\/?post_type=product&#038;p=4854"},"modified":"2025-02-16T15:05:58","modified_gmt":"2025-02-16T15:05:58","slug":"caneca-da-saudade-despedida","status":"publish","type":"product","link":"https:\/\/mimoravel.com.br\/en\/product\/caneca-da-saudade-despedida\/","title":{"rendered":"Caneca da Saudade &#8211; Despedida"},"content":{"rendered":"<div data-elementor-type=\"product-post\" data-elementor-id=\"4854\" class=\"elementor elementor-4854\" data-elementor-post-type=\"product\">\n\t\t\t\t<div class=\"e-con-top elementor-element elementor-element-295ec9a5 e-flex e-con-boxed e-con e-parent\" data-id=\"295ec9a5\" data-element_type=\"container\">\n\t\t\t\t\t<div class=\"e-con-inner\">\n\t\t\t\t<div class=\"elementor-element elementor-element-3cc623c8 elementor-widget elementor-widget-text-editor\" data-id=\"3cc623c8\" data-element_type=\"widget\" data-widget_type=\"text-editor.default\">\n\t\t\t\t<div class=\"elementor-widget-container\">\n\t\t\t\t\t\t\t\t\t<p>A Caneca da Saudade \u00e9 um presente de despedida, mas que refor\u00e7a os la\u00e7os que n\u00e3o se desfazem com a dist\u00e2ncia, porque as lembran\u00e7as e momentos permanecem com a gente. Com estampa autoral Mimor\u00e1vel que foi desenhada para o dia 30 de janeiro, o Dia da Saudade, mas que \u00e9 uma op\u00e7\u00e3o para qualquer ocasi\u00e3o que envolva uma despedida. Uma amiga que vai se mudar, um amor que vai trabalhar longe ou um filho que vai sair de casa. A saudade faz parte da vida, mas podemos fortalecer ainda mais a uni\u00e3o mesmo com a dist\u00e2ncia. Tudo o que \u00e9 verdadeiro, sempre permanece.<\/p>\n<h5>Caracter\u00edsticas da Caneca:<\/h5>\n<ul>\n<li>325ml<\/li>\n<li>Estampagem por sublima\u00e7\u00e3o<\/li>\n<li>Estampa autoral<\/li>\n<li>De cer\u00e2mica<\/li>\n<\/ul>\n<h5 data-start=\"0\" data-end=\"46\"><strong data-start=\"0\" data-end=\"44\">Dicas de uso e ocasi\u00f5es para presentear:<\/strong><\/h5>\n<ul data-start=\"112\" data-end=\"748\">\n<li data-start=\"112\" data-end=\"270\"><strong data-start=\"114\" data-end=\"142\">Despedidas emocionantes:<\/strong> Presenteie uma amiga que vai se mudar, um colega de trabalho que segue novos rumos ou um professor que marcou sua trajet\u00f3ria.<\/li>\n<li data-start=\"271\" data-end=\"442\"><strong data-start=\"273\" data-end=\"305\">Relacionamentos \u00e0 dist\u00e2ncia:<\/strong> Demonstre carinho por algu\u00e9m especial que est\u00e1 longe, seja um amor que foi trabalhar em outra cidade ou um familiar que mora distante.<\/li>\n<li data-start=\"443\" data-end=\"573\"><strong data-start=\"445\" data-end=\"475\">Recorda\u00e7\u00f5es inesquec\u00edveis:<\/strong> Use a caneca no dia a dia e transforme cada caf\u00e9 ou ch\u00e1 em um momento de lembran\u00e7a e aconchego.<\/li>\n<li data-start=\"574\" data-end=\"748\"><strong data-start=\"576\" data-end=\"605\">Presentes personalizados:<\/strong> Combine com outros itens da Mimor\u00e1vel, como cart\u00f5es escritos \u00e0 m\u00e3o ou embalagens especiais, para tornar o presente ainda mais significativo.<\/li>\n<\/ul>\n<p data-start=\"750\" data-end=\"938\" data-is-last-node=\"\">A Caneca da Saudade &#8211; Despedida, \u00e9 mais do que um presente. Ela carrega hist\u00f3rias, refor\u00e7a la\u00e7os e transforma a dist\u00e2ncia em um detalhe diante do que realmente importa: as mem\u00f3rias que nunca se apagam. \u00c9 tamb\u00e9m um lembrete di\u00e1rio de carinho e conex\u00e3o. Cada detalhe da ilustra\u00e7\u00e3o transmite movimento e mudan\u00e7a, ao mesmo tempo, a perman\u00eancia e a dire\u00e7\u00e3o do amor, tornando-a perfeita para come\u00e7ar o dia com boas lembran\u00e7as.<\/p>\t\t\t\t\t\t\t\t<\/div>\n\t\t\t\t<\/div>\n\t\t\t\t\t<\/div>\n\t\t\t\t<\/div>\n\t\t\t\t<\/div>","protected":false},"excerpt":{"rendered":"<div class=\"flex max-w-full flex-col flex-grow\">\n<div class=\"min-h-8 text-message flex w-full flex-col items-end gap-2 whitespace-normal break-words [.text-message+&amp;]:mt-5\" dir=\"auto\" data-message-author-role=\"assistant\" data-message-id=\"0a28fc92-b2d0-46e5-a9b9-be7c0f2caab6\" data-message-model-slug=\"gpt-4o\">\n<div class=\"flex w-full flex-col gap-1 empty:hidden first:pt-[3px]\">\n<div class=\"markdown prose w-full break-words dark:prose-invert dark\">\n<p>&nbsp;<\/p>\n<\/div>\n<\/div>\n<\/div>\n<\/div>\n<div class=\"mb-2 flex gap-3 empty:hidden -ml-2\">\n<div class=\"items-center justify-start rounded-xl p-1 flex\">\n<div class=\"flex items-center\">\n<p>&nbsp;<\/p>\n<div class=\"flex\"><\/div>\n<div class=\"flex items-center pb-0\"><\/div>\n<\/div>\n<\/div>\n<\/div>","protected":false},"featured_media":4769,"comment_status":"open","ping_status":"closed","template":"","meta":{"_acf_changed":false,"_joinchat":[]},"product_brand":[],"product_cat":[70],"product_tag":[],"class_list":{"0":"post-4854","1":"product","2":"type-product","3":"status-publish","4":"has-post-thumbnail","6":"product_cat-produto-caneca-personalizada","8":"first","9":"instock","10":"taxable","11":"shipping-taxable","12":"purchasable","13":"product-type-variable","swatches":"rey-swatches","show_selected":""},"acf":[],"yoast_head":"<!-- This site is optimized with the Yoast SEO plugin v24.4 - https:\/\/yoast.com\/wordpress\/plugins\/seo\/ -->\n<title>Caneca da Saudade - Despedida - mimoravel.com.br<\/title>\n<meta name=\"description\" content=\"A Caneca da Saudade \u00e9 um mimo de despedida, mas que refor\u00e7a os la\u00e7os que n\u00e3o se desfazem com a dist\u00e2ncia, porque os bons momentos permanecem com a gente.\" \/>\n<meta name=\"robots\" content=\"index, follow, max-snippet:-1, max-image-preview:large, max-video-preview:-1\" \/>\n<link rel=\"canonical\" href=\"https:\/\/mimoravel.com.br\/en\/product\/caneca-da-saudade-despedida\/\" \/>\n<meta property=\"og:locale\" content=\"en_US\" \/>\n<meta property=\"og:type\" content=\"article\" \/>\n<meta property=\"og:title\" content=\"Caneca da Saudade\" \/>\n<meta property=\"og:description\" content=\"Sei que te tenho aqui comigo...\" \/>\n<meta property=\"og:url\" content=\"https:\/\/mimoravel.com.br\/en\/product\/caneca-da-saudade-despedida\/\" \/>\n<meta property=\"og:site_name\" content=\"mimoravel.com.br\" \/>\n<meta property=\"article:publisher\" content=\"https:\/\/www.instagram.com\/mimoravel_\/\" \/>\n<meta property=\"article:modified_time\" content=\"2025-02-16T15:05:58+00:00\" \/>\n<meta property=\"og:image\" content=\"https:\/\/mimoravel.com.br\/wp-content\/uploads\/2025\/02\/8-20230112150702__MG_2628.jpg\" \/>\n\t<meta property=\"og:image:width\" content=\"1280\" \/>\n\t<meta property=\"og:image:height\" content=\"1920\" \/>\n\t<meta property=\"og:image:type\" content=\"image\/jpeg\" \/>\n<meta name=\"twitter:card\" content=\"summary_large_image\" \/>\n<meta name=\"twitter:label1\" content=\"Est. reading time\" \/>\n\t<meta name=\"twitter:data1\" content=\"2 minutes\" \/>\n<script type=\"application\/ld+json\" class=\"yoast-schema-graph\">{\"@context\":\"https:\/\/schema.org\",\"@graph\":[{\"@type\":\"WebPage\",\"@id\":\"https:\/\/mimoravel.com.br\/product\/caneca-da-saudade-despedida\/\",\"url\":\"https:\/\/mimoravel.com.br\/product\/caneca-da-saudade-despedida\/\",\"name\":\"Caneca da Saudade - Despedida - mimoravel.com.br\",\"isPartOf\":{\"@id\":\"https:\/\/mimoravel.com.br\/#website\"},\"primaryImageOfPage\":{\"@id\":\"https:\/\/mimoravel.com.br\/product\/caneca-da-saudade-despedida\/#primaryimage\"},\"image\":{\"@id\":\"https:\/\/mimoravel.com.br\/product\/caneca-da-saudade-despedida\/#primaryimage\"},\"thumbnailUrl\":\"https:\/\/mimoravel.com.br\/wp-content\/uploads\/2025\/02\/8-20230112150702__MG_2628.jpg\",\"datePublished\":\"2025-02-16T12:42:36+00:00\",\"dateModified\":\"2025-02-16T15:05:58+00:00\",\"description\":\"A Caneca da Saudade \u00e9 um mimo de despedida, mas que refor\u00e7a os la\u00e7os que n\u00e3o se desfazem com a dist\u00e2ncia, porque os bons momentos permanecem com a gente.\",\"breadcrumb\":{\"@id\":\"https:\/\/mimoravel.com.br\/product\/caneca-da-saudade-despedida\/#breadcrumb\"},\"inLanguage\":\"en-US\",\"potentialAction\":[{\"@type\":\"ReadAction\",\"target\":[\"https:\/\/mimoravel.com.br\/product\/caneca-da-saudade-despedida\/\"]}]},{\"@type\":\"ImageObject\",\"inLanguage\":\"en-US\",\"@id\":\"https:\/\/mimoravel.com.br\/product\/caneca-da-saudade-despedida\/#primaryimage\",\"url\":\"https:\/\/mimoravel.com.br\/wp-content\/uploads\/2025\/02\/8-20230112150702__MG_2628.jpg\",\"contentUrl\":\"https:\/\/mimoravel.com.br\/wp-content\/uploads\/2025\/02\/8-20230112150702__MG_2628.jpg\",\"width\":1280,\"height\":1920,\"caption\":\"Caneca Despedida\"},{\"@type\":\"BreadcrumbList\",\"@id\":\"https:\/\/mimoravel.com.br\/product\/caneca-da-saudade-despedida\/#breadcrumb\",\"itemListElement\":[{\"@type\":\"ListItem\",\"position\":1,\"name\":\"Home\",\"item\":\"https:\/\/mimoravel.com.br\/\"},{\"@type\":\"ListItem\",\"position\":2,\"name\":\"Loja\",\"item\":\"https:\/\/mimoravel.com.br\/loja\/\"},{\"@type\":\"ListItem\",\"position\":3,\"name\":\"Caneca da Saudade &#8211; Despedida\"}]},{\"@type\":\"WebSite\",\"@id\":\"https:\/\/mimoravel.com.br\/#website\",\"url\":\"https:\/\/mimoravel.com.br\/\",\"name\":\"mimoravel.com.br\",\"description\":\"\",\"publisher\":{\"@id\":\"https:\/\/mimoravel.com.br\/#organization\"},\"potentialAction\":[{\"@type\":\"SearchAction\",\"target\":{\"@type\":\"EntryPoint\",\"urlTemplate\":\"https:\/\/mimoravel.com.br\/?s={search_term_string}\"},\"query-input\":{\"@type\":\"PropertyValueSpecification\",\"valueRequired\":true,\"valueName\":\"search_term_string\"}}],\"inLanguage\":\"en-US\"},{\"@type\":\"Organization\",\"@id\":\"https:\/\/mimoravel.com.br\/#organization\",\"name\":\"Mimor\u00e1vel\",\"url\":\"https:\/\/mimoravel.com.br\/\",\"logo\":{\"@type\":\"ImageObject\",\"inLanguage\":\"en-US\",\"@id\":\"https:\/\/mimoravel.com.br\/#\/schema\/logo\/image\/\",\"url\":\"https:\/\/mimoravel.com.br\/wp-content\/uploads\/2024\/10\/logo_verde-scaled.webp\",\"contentUrl\":\"https:\/\/mimoravel.com.br\/wp-content\/uploads\/2024\/10\/logo_verde-scaled.webp\",\"width\":2560,\"height\":757,\"caption\":\"Mimor\u00e1vel\"},\"image\":{\"@id\":\"https:\/\/mimoravel.com.br\/#\/schema\/logo\/image\/\"},\"sameAs\":[\"https:\/\/www.instagram.com\/mimoravel_\/\",\"https:\/\/br.pinterest.com\/mimoravel\/\"]}]}<\/script>\n<!-- \/ Yoast SEO plugin. -->","yoast_head_json":{"title":"Caneca da Saudade - Despedida - mimoravel.com.br","description":"A Caneca da Saudade \u00e9 um mimo de despedida, mas que refor\u00e7a os la\u00e7os que n\u00e3o se desfazem com a dist\u00e2ncia, porque os bons momentos permanecem com a gente.","robots":{"index":"index","follow":"follow","max-snippet":"max-snippet:-1","max-image-preview":"max-image-preview:large","max-video-preview":"max-video-preview:-1"},"canonical":"https:\/\/mimoravel.com.br\/en\/product\/caneca-da-saudade-despedida\/","og_locale":"en_US","og_type":"article","og_title":"Caneca da Saudade","og_description":"Sei que te tenho aqui comigo...","og_url":"https:\/\/mimoravel.com.br\/en\/product\/caneca-da-saudade-despedida\/","og_site_name":"mimoravel.com.br","article_publisher":"https:\/\/www.instagram.com\/mimoravel_\/","article_modified_time":"2025-02-16T15:05:58+00:00","og_image":[{"width":1280,"height":1920,"url":"https:\/\/mimoravel.com.br\/wp-content\/uploads\/2025\/02\/8-20230112150702__MG_2628.jpg","type":"image\/jpeg"}],"twitter_card":"summary_large_image","twitter_misc":{"Est. reading time":"2 minutes"},"schema":{"@context":"https:\/\/schema.org","@graph":[{"@type":"WebPage","@id":"https:\/\/mimoravel.com.br\/product\/caneca-da-saudade-despedida\/","url":"https:\/\/mimoravel.com.br\/product\/caneca-da-saudade-despedida\/","name":"Caneca da Saudade - Despedida - mimoravel.com.br","isPartOf":{"@id":"https:\/\/mimoravel.com.br\/#website"},"primaryImageOfPage":{"@id":"https:\/\/mimoravel.com.br\/product\/caneca-da-saudade-despedida\/#primaryimage"},"image":{"@id":"https:\/\/mimoravel.com.br\/product\/caneca-da-saudade-despedida\/#primaryimage"},"thumbnailUrl":"https:\/\/mimoravel.com.br\/wp-content\/uploads\/2025\/02\/8-20230112150702__MG_2628.jpg","datePublished":"2025-02-16T12:42:36+00:00","dateModified":"2025-02-16T15:05:58+00:00","description":"A Caneca da Saudade \u00e9 um mimo de despedida, mas que refor\u00e7a os la\u00e7os que n\u00e3o se desfazem com a dist\u00e2ncia, porque os bons momentos permanecem com a gente.","breadcrumb":{"@id":"https:\/\/mimoravel.com.br\/product\/caneca-da-saudade-despedida\/#breadcrumb"},"inLanguage":"en-US","potentialAction":[{"@type":"ReadAction","target":["https:\/\/mimoravel.com.br\/product\/caneca-da-saudade-despedida\/"]}]},{"@type":"ImageObject","inLanguage":"en-US","@id":"https:\/\/mimoravel.com.br\/product\/caneca-da-saudade-despedida\/#primaryimage","url":"https:\/\/mimoravel.com.br\/wp-content\/uploads\/2025\/02\/8-20230112150702__MG_2628.jpg","contentUrl":"https:\/\/mimoravel.com.br\/wp-content\/uploads\/2025\/02\/8-20230112150702__MG_2628.jpg","width":1280,"height":1920,"caption":"Caneca Despedida"},{"@type":"BreadcrumbList","@id":"https:\/\/mimoravel.com.br\/product\/caneca-da-saudade-despedida\/#breadcrumb","itemListElement":[{"@type":"ListItem","position":1,"name":"Home","item":"https:\/\/mimoravel.com.br\/"},{"@type":"ListItem","position":2,"name":"Loja","item":"https:\/\/mimoravel.com.br\/loja\/"},{"@type":"ListItem","position":3,"name":"Caneca da Saudade &#8211; Despedida"}]},{"@type":"WebSite","@id":"https:\/\/mimoravel.com.br\/#website","url":"https:\/\/mimoravel.com.br\/","name":"mimoravel.com.br","description":"","publisher":{"@id":"https:\/\/mimoravel.com.br\/#organization"},"potentialAction":[{"@type":"SearchAction","target":{"@type":"EntryPoint","urlTemplate":"https:\/\/mimoravel.com.br\/?s={search_term_string}"},"query-input":{"@type":"PropertyValueSpecification","valueRequired":true,"valueName":"search_term_string"}}],"inLanguage":"en-US"},{"@type":"Organization","@id":"https:\/\/mimoravel.com.br\/#organization","name":"Mimor\u00e1vel","url":"https:\/\/mimoravel.com.br\/","logo":{"@type":"ImageObject","inLanguage":"en-US","@id":"https:\/\/mimoravel.com.br\/#\/schema\/logo\/image\/","url":"https:\/\/mimoravel.com.br\/wp-content\/uploads\/2024\/10\/logo_verde-scaled.webp","contentUrl":"https:\/\/mimoravel.com.br\/wp-content\/uploads\/2024\/10\/logo_verde-scaled.webp","width":2560,"height":757,"caption":"Mimor\u00e1vel"},"image":{"@id":"https:\/\/mimoravel.com.br\/#\/schema\/logo\/image\/"},"sameAs":["https:\/\/www.instagram.com\/mimoravel_\/","https:\/\/br.pinterest.com\/mimoravel\/"]}]}},"_links":{"self":[{"href":"https:\/\/mimoravel.com.br\/en\/wp-json\/wp\/v2\/product\/4854","targetHints":{"allow":["GET"]}}],"collection":[{"href":"https:\/\/mimoravel.com.br\/en\/wp-json\/wp\/v2\/product"}],"about":[{"href":"https:\/\/mimoravel.com.br\/en\/wp-json\/wp\/v2\/types\/product"}],"replies":[{"embeddable":true,"href":"https:\/\/mimoravel.com.br\/en\/wp-json\/wp\/v2\/comments?post=4854"}],"version-history":[{"count":9,"href":"https:\/\/mimoravel.com.br\/en\/wp-json\/wp\/v2\/product\/4854\/revisions"}],"predecessor-version":[{"id":4866,"href":"https:\/\/mimoravel.com.br\/en\/wp-json\/wp\/v2\/product\/4854\/revisions\/4866"}],"wp:featuredmedia":[{"embeddable":true,"href":"https:\/\/mimoravel.com.br\/en\/wp-json\/wp\/v2\/media\/4769"}],"wp:attachment":[{"href":"https:\/\/mimoravel.com.br\/en\/wp-json\/wp\/v2\/media?parent=4854"}],"wp:term":[{"taxonomy":"product_brand","embeddable":true,"href":"https:\/\/mimoravel.com.br\/en\/wp-json\/wp\/v2\/product_brand?post=4854"},{"taxonomy":"product_cat","embeddable":true,"href":"https:\/\/mimoravel.com.br\/en\/wp-json\/wp\/v2\/product_cat?post=4854"},{"taxonomy":"product_tag","embeddable":true,"href":"https:\/\/mimoravel.com.br\/en\/wp-json\/wp\/v2\/product_tag?post=4854"}],"curies":[{"name":"wp","href":"https:\/\/api.w.org\/{rel}","templated":true}]}}