{"id":4751,"date":"2025-02-15T23:14:48","date_gmt":"2025-02-15T23:14:48","guid":{"rendered":"https:\/\/mimoravel.com.br\/?post_type=product&#038;p=4751"},"modified":"2025-02-15T23:53:10","modified_gmt":"2025-02-15T23:53:10","slug":"caneca-nordestina-milagres","status":"publish","type":"product","link":"https:\/\/mimoravel.com.br\/en\/product\/caneca-nordestina-milagres\/","title":{"rendered":"Caneca Nordestina Milagres"},"content":{"rendered":"<p>A Caneca Nordestina Milagres foi desenhada para lembrarmos a cada novo dia, durante o caf\u00e9, de que n\u00e3o podemos desistir dos nossos sonhos. Sonhos s\u00e3o milagres e a f\u00e9 \u00e9 o prop\u00f3sito que nos impulsiona a n\u00e3o desistir da longa caminhada. A nossa caligrafia autoral escreve a frase &#8220;Quem planta f\u00e9, colhe milagres&#8221;. O cen\u00e1rio do sert\u00e3o com cactos, sol e lua, noite e dia que estampa a caneca nos inspira a crer que o milagre pode nascer em situa\u00e7\u00f5es e lugares que n\u00e3o imaginamos. Essa \u00e9 a beleza da vida de quem sonha, cr\u00ea e n\u00e3o tem pressa da colheita.<\/p>\n<h5>Caracter\u00edsticas da Caneca:<\/h5>\n<ul>\n<li>325ml<\/li>\n<li>Estampagem por sublima\u00e7\u00e3o<\/li>\n<li>Estampa autoral<\/li>\n<li>De cer\u00e2mica<\/li>\n<\/ul>\n<h5 data-start=\"0\" data-end=\"46\"><strong data-start=\"0\" data-end=\"44\">Dicas de uso e ocasi\u00f5es para presentear:<\/strong><\/h5>\n<p data-start=\"48\" data-end=\"450\">A Caneca Nordestina Milagres transforma momentos simples em lembran\u00e7as inspiradoras. Perfeita para come\u00e7ar o dia com uma dose extra de f\u00e9 e motiva\u00e7\u00e3o, ela acompanha o caf\u00e9 da manh\u00e3, o ch\u00e1 da tarde ou qualquer pausa necess\u00e1ria para recarregar as energias. Al\u00e9m disso, seu design autoral torna cada gole uma experi\u00eancia especial, conectando quem a usa com a for\u00e7a dos sonhos e a beleza da persist\u00eancia.<\/p>\n<p data-start=\"452\" data-end=\"859\">Essa caneca \u00e9 um presente ideal para diferentes ocasi\u00f5es. No Dia das M\u00e3es, por exemplo, simboliza amor, gratid\u00e3o e o poder da f\u00e9 que guia cada jornada. Em anivers\u00e1rios, surpreende amigos e familiares com uma mensagem que incentiva a nunca desistirem de seus objetivos. Para professores, torna-se uma lembran\u00e7a carregada de significado, reconhecendo seu papel essencial na constru\u00e7\u00e3o de futuros brilhantes.<\/p>","protected":false},"excerpt":{"rendered":"<div class=\"flex max-w-full flex-col flex-grow\">\n<div class=\"min-h-8 text-message flex w-full flex-col items-end gap-2 whitespace-normal break-words [.text-message+&amp;]:mt-5\" dir=\"auto\" data-message-author-role=\"assistant\" data-message-id=\"0a28fc92-b2d0-46e5-a9b9-be7c0f2caab6\" data-message-model-slug=\"gpt-4o\">\n<div class=\"flex w-full flex-col gap-1 empty:hidden first:pt-[3px]\">\n<div class=\"markdown prose w-full break-words dark:prose-invert dark\">\n<p>&nbsp;<\/p>\n<\/div>\n<\/div>\n<\/div>\n<\/div>\n<div class=\"mb-2 flex gap-3 empty:hidden -ml-2\">\n<div class=\"items-center justify-start rounded-xl p-1 flex\">\n<div class=\"flex items-center\">\n<p>&nbsp;<\/p>\n<div class=\"flex\"><\/div>\n<div class=\"flex items-center pb-0\"><\/div>\n<\/div>\n<\/div>\n<\/div>","protected":false},"featured_media":4761,"comment_status":"open","ping_status":"closed","template":"","meta":{"_acf_changed":false,"_joinchat":[]},"product_brand":[],"product_cat":[70],"product_tag":[130,132,129,131],"class_list":{"0":"post-4751","1":"product","2":"type-product","3":"status-publish","4":"has-post-thumbnail","6":"product_cat-produto-caneca-personalizada","7":"product_tag-cacto","8":"product_tag-fe","9":"product_tag-nordeste","10":"product_tag-sertao","12":"first","13":"instock","14":"taxable","15":"shipping-taxable","16":"purchasable","17":"product-type-variable","swatches":"rey-swatches","show_selected":""},"acf":[],"yoast_head":"<!-- This site is optimized with the Yoast SEO plugin v24.4 - https:\/\/yoast.com\/wordpress\/plugins\/seo\/ -->\n<title>Caneca Nordestina Milagres - mimoravel.com.br<\/title>\n<meta name=\"description\" content=\"A Caneca Nordestina Milagres foi desenhada para lembrarmos a cada novo dia, durante o caf\u00e9, de que n\u00e3o podemos desistir dos nossos sonhos.\" \/>\n<meta name=\"robots\" content=\"index, follow, max-snippet:-1, max-image-preview:large, max-video-preview:-1\" \/>\n<link rel=\"canonical\" href=\"https:\/\/mimoravel.com.br\/en\/product\/caneca-nordestina-milagres\/\" \/>\n<meta property=\"og:locale\" content=\"en_US\" \/>\n<meta property=\"og:type\" content=\"article\" \/>\n<meta property=\"og:title\" content=\"Caneca Nordestina Milagres\" \/>\n<meta property=\"og:description\" content=\"A Caneca Nordestina Milagres foi desenhada para lembrarmos a cada novo dia, durante o caf\u00e9, de que n\u00e3o podemos desistir dos nossos sonhos.\" \/>\n<meta property=\"og:url\" content=\"https:\/\/mimoravel.com.br\/en\/product\/caneca-nordestina-milagres\/\" \/>\n<meta property=\"og:site_name\" content=\"mimoravel.com.br\" \/>\n<meta property=\"article:publisher\" content=\"https:\/\/www.instagram.com\/mimoravel_\/\" \/>\n<meta property=\"article:modified_time\" content=\"2025-02-15T23:53:10+00:00\" \/>\n<meta property=\"og:image\" content=\"https:\/\/mimoravel.com.br\/wp-content\/uploads\/2025\/02\/71-_MG_2957.jpg\" \/>\n\t<meta property=\"og:image:width\" content=\"1365\" \/>\n\t<meta property=\"og:image:height\" content=\"2048\" \/>\n\t<meta property=\"og:image:type\" content=\"image\/jpeg\" \/>\n<meta name=\"twitter:card\" content=\"summary_large_image\" \/>\n<meta name=\"twitter:label1\" content=\"Est. reading time\" \/>\n\t<meta name=\"twitter:data1\" content=\"2 minutes\" \/>\n<script type=\"application\/ld+json\" class=\"yoast-schema-graph\">{\"@context\":\"https:\/\/schema.org\",\"@graph\":[{\"@type\":\"WebPage\",\"@id\":\"https:\/\/mimoravel.com.br\/product\/caneca-nordestina-milagres\/\",\"url\":\"https:\/\/mimoravel.com.br\/product\/caneca-nordestina-milagres\/\",\"name\":\"Caneca Nordestina Milagres - mimoravel.com.br\",\"isPartOf\":{\"@id\":\"https:\/\/mimoravel.com.br\/#website\"},\"primaryImageOfPage\":{\"@id\":\"https:\/\/mimoravel.com.br\/product\/caneca-nordestina-milagres\/#primaryimage\"},\"image\":{\"@id\":\"https:\/\/mimoravel.com.br\/product\/caneca-nordestina-milagres\/#primaryimage\"},\"thumbnailUrl\":\"https:\/\/mimoravel.com.br\/wp-content\/uploads\/2025\/02\/71-_MG_2957.jpg\",\"datePublished\":\"2025-02-15T23:14:48+00:00\",\"dateModified\":\"2025-02-15T23:53:10+00:00\",\"description\":\"A Caneca Nordestina Milagres foi desenhada para lembrarmos a cada novo dia, durante o caf\u00e9, de que n\u00e3o podemos desistir dos nossos sonhos.\",\"breadcrumb\":{\"@id\":\"https:\/\/mimoravel.com.br\/product\/caneca-nordestina-milagres\/#breadcrumb\"},\"inLanguage\":\"en-US\",\"potentialAction\":[{\"@type\":\"ReadAction\",\"target\":[\"https:\/\/mimoravel.com.br\/product\/caneca-nordestina-milagres\/\"]}]},{\"@type\":\"ImageObject\",\"inLanguage\":\"en-US\",\"@id\":\"https:\/\/mimoravel.com.br\/product\/caneca-nordestina-milagres\/#primaryimage\",\"url\":\"https:\/\/mimoravel.com.br\/wp-content\/uploads\/2025\/02\/71-_MG_2957.jpg\",\"contentUrl\":\"https:\/\/mimoravel.com.br\/wp-content\/uploads\/2025\/02\/71-_MG_2957.jpg\",\"width\":1365,\"height\":2048,\"caption\":\"Caneca Nordestina Milagres\"},{\"@type\":\"BreadcrumbList\",\"@id\":\"https:\/\/mimoravel.com.br\/product\/caneca-nordestina-milagres\/#breadcrumb\",\"itemListElement\":[{\"@type\":\"ListItem\",\"position\":1,\"name\":\"Home\",\"item\":\"https:\/\/mimoravel.com.br\/\"},{\"@type\":\"ListItem\",\"position\":2,\"name\":\"Loja\",\"item\":\"https:\/\/mimoravel.com.br\/loja\/\"},{\"@type\":\"ListItem\",\"position\":3,\"name\":\"Caneca Nordestina Milagres\"}]},{\"@type\":\"WebSite\",\"@id\":\"https:\/\/mimoravel.com.br\/#website\",\"url\":\"https:\/\/mimoravel.com.br\/\",\"name\":\"mimoravel.com.br\",\"description\":\"\",\"publisher\":{\"@id\":\"https:\/\/mimoravel.com.br\/#organization\"},\"potentialAction\":[{\"@type\":\"SearchAction\",\"target\":{\"@type\":\"EntryPoint\",\"urlTemplate\":\"https:\/\/mimoravel.com.br\/?s={search_term_string}\"},\"query-input\":{\"@type\":\"PropertyValueSpecification\",\"valueRequired\":true,\"valueName\":\"search_term_string\"}}],\"inLanguage\":\"en-US\"},{\"@type\":\"Organization\",\"@id\":\"https:\/\/mimoravel.com.br\/#organization\",\"name\":\"Mimor\u00e1vel\",\"url\":\"https:\/\/mimoravel.com.br\/\",\"logo\":{\"@type\":\"ImageObject\",\"inLanguage\":\"en-US\",\"@id\":\"https:\/\/mimoravel.com.br\/#\/schema\/logo\/image\/\",\"url\":\"https:\/\/mimoravel.com.br\/wp-content\/uploads\/2024\/10\/logo_verde-scaled.webp\",\"contentUrl\":\"https:\/\/mimoravel.com.br\/wp-content\/uploads\/2024\/10\/logo_verde-scaled.webp\",\"width\":2560,\"height\":757,\"caption\":\"Mimor\u00e1vel\"},\"image\":{\"@id\":\"https:\/\/mimoravel.com.br\/#\/schema\/logo\/image\/\"},\"sameAs\":[\"https:\/\/www.instagram.com\/mimoravel_\/\",\"https:\/\/br.pinterest.com\/mimoravel\/\"]}]}<\/script>\n<!-- \/ Yoast SEO plugin. -->","yoast_head_json":{"title":"Caneca Nordestina Milagres - mimoravel.com.br","description":"A Caneca Nordestina Milagres foi desenhada para lembrarmos a cada novo dia, durante o caf\u00e9, de que n\u00e3o podemos desistir dos nossos sonhos.","robots":{"index":"index","follow":"follow","max-snippet":"max-snippet:-1","max-image-preview":"max-image-preview:large","max-video-preview":"max-video-preview:-1"},"canonical":"https:\/\/mimoravel.com.br\/en\/product\/caneca-nordestina-milagres\/","og_locale":"en_US","og_type":"article","og_title":"Caneca Nordestina Milagres","og_description":"A Caneca Nordestina Milagres foi desenhada para lembrarmos a cada novo dia, durante o caf\u00e9, de que n\u00e3o podemos desistir dos nossos sonhos.","og_url":"https:\/\/mimoravel.com.br\/en\/product\/caneca-nordestina-milagres\/","og_site_name":"mimoravel.com.br","article_publisher":"https:\/\/www.instagram.com\/mimoravel_\/","article_modified_time":"2025-02-15T23:53:10+00:00","og_image":[{"width":1365,"height":2048,"url":"https:\/\/mimoravel.com.br\/wp-content\/uploads\/2025\/02\/71-_MG_2957.jpg","type":"image\/jpeg"}],"twitter_card":"summary_large_image","twitter_misc":{"Est. reading time":"2 minutes"},"schema":{"@context":"https:\/\/schema.org","@graph":[{"@type":"WebPage","@id":"https:\/\/mimoravel.com.br\/product\/caneca-nordestina-milagres\/","url":"https:\/\/mimoravel.com.br\/product\/caneca-nordestina-milagres\/","name":"Caneca Nordestina Milagres - mimoravel.com.br","isPartOf":{"@id":"https:\/\/mimoravel.com.br\/#website"},"primaryImageOfPage":{"@id":"https:\/\/mimoravel.com.br\/product\/caneca-nordestina-milagres\/#primaryimage"},"image":{"@id":"https:\/\/mimoravel.com.br\/product\/caneca-nordestina-milagres\/#primaryimage"},"thumbnailUrl":"https:\/\/mimoravel.com.br\/wp-content\/uploads\/2025\/02\/71-_MG_2957.jpg","datePublished":"2025-02-15T23:14:48+00:00","dateModified":"2025-02-15T23:53:10+00:00","description":"A Caneca Nordestina Milagres foi desenhada para lembrarmos a cada novo dia, durante o caf\u00e9, de que n\u00e3o podemos desistir dos nossos sonhos.","breadcrumb":{"@id":"https:\/\/mimoravel.com.br\/product\/caneca-nordestina-milagres\/#breadcrumb"},"inLanguage":"en-US","potentialAction":[{"@type":"ReadAction","target":["https:\/\/mimoravel.com.br\/product\/caneca-nordestina-milagres\/"]}]},{"@type":"ImageObject","inLanguage":"en-US","@id":"https:\/\/mimoravel.com.br\/product\/caneca-nordestina-milagres\/#primaryimage","url":"https:\/\/mimoravel.com.br\/wp-content\/uploads\/2025\/02\/71-_MG_2957.jpg","contentUrl":"https:\/\/mimoravel.com.br\/wp-content\/uploads\/2025\/02\/71-_MG_2957.jpg","width":1365,"height":2048,"caption":"Caneca Nordestina Milagres"},{"@type":"BreadcrumbList","@id":"https:\/\/mimoravel.com.br\/product\/caneca-nordestina-milagres\/#breadcrumb","itemListElement":[{"@type":"ListItem","position":1,"name":"Home","item":"https:\/\/mimoravel.com.br\/"},{"@type":"ListItem","position":2,"name":"Loja","item":"https:\/\/mimoravel.com.br\/loja\/"},{"@type":"ListItem","position":3,"name":"Caneca Nordestina Milagres"}]},{"@type":"WebSite","@id":"https:\/\/mimoravel.com.br\/#website","url":"https:\/\/mimoravel.com.br\/","name":"mimoravel.com.br","description":"","publisher":{"@id":"https:\/\/mimoravel.com.br\/#organization"},"potentialAction":[{"@type":"SearchAction","target":{"@type":"EntryPoint","urlTemplate":"https:\/\/mimoravel.com.br\/?s={search_term_string}"},"query-input":{"@type":"PropertyValueSpecification","valueRequired":true,"valueName":"search_term_string"}}],"inLanguage":"en-US"},{"@type":"Organization","@id":"https:\/\/mimoravel.com.br\/#organization","name":"Mimor\u00e1vel","url":"https:\/\/mimoravel.com.br\/","logo":{"@type":"ImageObject","inLanguage":"en-US","@id":"https:\/\/mimoravel.com.br\/#\/schema\/logo\/image\/","url":"https:\/\/mimoravel.com.br\/wp-content\/uploads\/2024\/10\/logo_verde-scaled.webp","contentUrl":"https:\/\/mimoravel.com.br\/wp-content\/uploads\/2024\/10\/logo_verde-scaled.webp","width":2560,"height":757,"caption":"Mimor\u00e1vel"},"image":{"@id":"https:\/\/mimoravel.com.br\/#\/schema\/logo\/image\/"},"sameAs":["https:\/\/www.instagram.com\/mimoravel_\/","https:\/\/br.pinterest.com\/mimoravel\/"]}]}},"_links":{"self":[{"href":"https:\/\/mimoravel.com.br\/en\/wp-json\/wp\/v2\/product\/4751","targetHints":{"allow":["GET"]}}],"collection":[{"href":"https:\/\/mimoravel.com.br\/en\/wp-json\/wp\/v2\/product"}],"about":[{"href":"https:\/\/mimoravel.com.br\/en\/wp-json\/wp\/v2\/types\/product"}],"replies":[{"embeddable":true,"href":"https:\/\/mimoravel.com.br\/en\/wp-json\/wp\/v2\/comments?post=4751"}],"version-history":[{"count":7,"href":"https:\/\/mimoravel.com.br\/en\/wp-json\/wp\/v2\/product\/4751\/revisions"}],"predecessor-version":[{"id":4820,"href":"https:\/\/mimoravel.com.br\/en\/wp-json\/wp\/v2\/product\/4751\/revisions\/4820"}],"wp:featuredmedia":[{"embeddable":true,"href":"https:\/\/mimoravel.com.br\/en\/wp-json\/wp\/v2\/media\/4761"}],"wp:attachment":[{"href":"https:\/\/mimoravel.com.br\/en\/wp-json\/wp\/v2\/media?parent=4751"}],"wp:term":[{"taxonomy":"product_brand","embeddable":true,"href":"https:\/\/mimoravel.com.br\/en\/wp-json\/wp\/v2\/product_brand?post=4751"},{"taxonomy":"product_cat","embeddable":true,"href":"https:\/\/mimoravel.com.br\/en\/wp-json\/wp\/v2\/product_cat?post=4751"},{"taxonomy":"product_tag","embeddable":true,"href":"https:\/\/mimoravel.com.br\/en\/wp-json\/wp\/v2\/product_tag?post=4751"}],"curies":[{"name":"wp","href":"https:\/\/api.w.org\/{rel}","templated":true}]}}