{"id":4746,"date":"2025-02-15T17:08:05","date_gmt":"2025-02-15T17:08:05","guid":{"rendered":"https:\/\/mimoravel.com.br\/?post_type=product&#038;p=4746"},"modified":"2025-02-20T12:36:49","modified_gmt":"2025-02-20T12:36:49","slug":"garrafa-termica-van-gogh","status":"publish","type":"product","link":"https:\/\/mimoravel.com.br\/en\/product\/garrafa-termica-van-gogh\/","title":{"rendered":"Garrafa T\u00e9rmica &#8211; Van Gogh"},"content":{"rendered":"<p>A Garrafa T\u00e9rmica &#8211; Van Gogh foi feita para os que apreciam a arte e fazem dela parte da sua ess\u00eancia. Gravada a laser com nossa caligrafia autoral e girass\u00f3is que evocam as pinturas do artista.<\/p>\n<h5>Caracter\u00edsticas:<\/h5>\n<ul>\n<li>T\u00e9rmica<\/li>\n<li>Grava\u00e7\u00e3o \u00e0 laser<\/li>\n<li>Anodizado Preto<\/li>\n<li>500ml<\/li>\n<\/ul>\n<h5>Dicas de uso e ocasi\u00f5es para presentear:<\/h5>\n<p data-start=\"136\" data-end=\"471\">A Garrafa T\u00e9rmica &#8211; Van Gogh \u00e9 ideal para quem busca praticidade sem abrir m\u00e3o da arte. Ela pode ser usada no trabalho, na academia ou durante passeios ao ar livre, mantendo suas bebidas na temperatura ideal por v\u00e1rias horas. Al\u00e9m disso, ela \u00e9 uma companheira indispens\u00e1vel em viagens, oferecendo tanto funcionalidade quanto estilo.<\/p>\n<p data-start=\"473\" data-end=\"857\">Esse produto \u00e9 uma escolha incr\u00edvel para presentear em diferentes ocasi\u00f5es. Se voc\u00ea est\u00e1 em busca de algo especial para o Dia das M\u00e3es, por exemplo, essa garrafa encantar\u00e1 com sua delicadeza e exclusividade. Da mesma forma, ela \u00e9 uma \u00f3tima op\u00e7\u00e3o para anivers\u00e1rios ou comemora\u00e7\u00f5es de datas significativas, surpreendendo amigos e familiares com um presente que combina arte e utilidade.<\/p>\n<p data-start=\"859\" data-end=\"1117\">Al\u00e9m disso, empresas podem utiliz\u00e1-la como brinde para clientes ou colaboradores, marcando um momento de celebra\u00e7\u00e3o ou agradecimento. Se voc\u00ea quer algo ainda mais especial, pode presente\u00e1-la a professores, demonstrando seu carinho e apre\u00e7o por seu trabalho.<\/p>","protected":false},"excerpt":{"rendered":"<p>\u00c9 pelo carinho que sentimos por nossas clientes Psic\u00f3logas que produzimos esta garrafa t\u00e9rmica para o curso de Psicologia.<\/p>","protected":false},"featured_media":4585,"comment_status":"open","ping_status":"closed","template":"","meta":{"_acf_changed":false,"_joinchat":[]},"product_brand":[],"product_cat":[67,72],"product_tag":[116,115,114],"class_list":{"0":"post-4746","1":"product","2":"type-product","3":"status-publish","4":"has-post-thumbnail","6":"product_cat-garrafas","7":"product_cat-laser","8":"product_tag-garrafa-termica","9":"product_tag-psicologa","10":"product_tag-psicologia","11":"pa_cor-preta","13":"first","14":"instock","15":"taxable","16":"shipping-taxable","17":"purchasable","18":"product-type-simple","swatches":"rey-swatches","show_selected":""},"acf":[],"yoast_head":"<!-- This site is optimized with the Yoast SEO plugin v24.4 - https:\/\/yoast.com\/wordpress\/plugins\/seo\/ -->\n<title>Garrafa T\u00e9rmica - Van Gogh - mimoravel.com.br<\/title>\n<meta name=\"description\" content=\"A Garrafa T\u00e9rmica - Van Gogh foi feita para os que apreciam a arte e fazem dela parte da sua ess\u00eancia. Gravada a laser com nossa caligrafia autoral\" \/>\n<meta name=\"robots\" content=\"index, follow, max-snippet:-1, max-image-preview:large, max-video-preview:-1\" \/>\n<link rel=\"canonical\" href=\"https:\/\/mimoravel.com.br\/en\/product\/garrafa-termica-van-gogh\/\" \/>\n<meta property=\"og:locale\" content=\"en_US\" \/>\n<meta property=\"og:type\" content=\"article\" \/>\n<meta property=\"og:title\" content=\"A Garrafa T\u00e9rmica - Van Gogh\" \/>\n<meta property=\"og:description\" content=\"A Garrafa T\u00e9rmica - Van Gogh foi feita para os que apreciam a arte e fazem dela parte da sua ess\u00eancia. Gravada a laser com nossa caligrafia autoral\" \/>\n<meta property=\"og:url\" content=\"https:\/\/mimoravel.com.br\/en\/product\/garrafa-termica-van-gogh\/\" \/>\n<meta property=\"og:site_name\" content=\"mimoravel.com.br\" \/>\n<meta property=\"article:publisher\" content=\"https:\/\/www.instagram.com\/mimoravel_\/\" \/>\n<meta property=\"article:modified_time\" content=\"2025-02-20T12:36:49+00:00\" \/>\n<meta property=\"og:image\" content=\"https:\/\/mimoravel.com.br\/wp-content\/uploads\/2025\/02\/MG_1125.jpg\" \/>\n\t<meta property=\"og:image:width\" content=\"1280\" \/>\n\t<meta property=\"og:image:height\" content=\"1920\" \/>\n\t<meta property=\"og:image:type\" content=\"image\/jpeg\" \/>\n<meta name=\"twitter:card\" content=\"summary_large_image\" \/>\n<meta name=\"twitter:label1\" content=\"Est. reading time\" \/>\n\t<meta name=\"twitter:data1\" content=\"2 minutes\" \/>\n<script type=\"application\/ld+json\" class=\"yoast-schema-graph\">{\"@context\":\"https:\/\/schema.org\",\"@graph\":[{\"@type\":\"WebPage\",\"@id\":\"https:\/\/mimoravel.com.br\/product\/garrafa-termica-van-gogh\/\",\"url\":\"https:\/\/mimoravel.com.br\/product\/garrafa-termica-van-gogh\/\",\"name\":\"Garrafa T\u00e9rmica - Van Gogh - mimoravel.com.br\",\"isPartOf\":{\"@id\":\"https:\/\/mimoravel.com.br\/#website\"},\"primaryImageOfPage\":{\"@id\":\"https:\/\/mimoravel.com.br\/product\/garrafa-termica-van-gogh\/#primaryimage\"},\"image\":{\"@id\":\"https:\/\/mimoravel.com.br\/product\/garrafa-termica-van-gogh\/#primaryimage\"},\"thumbnailUrl\":\"https:\/\/mimoravel.com.br\/wp-content\/uploads\/2025\/02\/MG_1125.jpg\",\"datePublished\":\"2025-02-15T17:08:05+00:00\",\"dateModified\":\"2025-02-20T12:36:49+00:00\",\"description\":\"A Garrafa T\u00e9rmica - Van Gogh foi feita para os que apreciam a arte e fazem dela parte da sua ess\u00eancia. Gravada a laser com nossa caligrafia autoral\",\"breadcrumb\":{\"@id\":\"https:\/\/mimoravel.com.br\/product\/garrafa-termica-van-gogh\/#breadcrumb\"},\"inLanguage\":\"en-US\",\"potentialAction\":[{\"@type\":\"ReadAction\",\"target\":[\"https:\/\/mimoravel.com.br\/product\/garrafa-termica-van-gogh\/\"]}]},{\"@type\":\"ImageObject\",\"inLanguage\":\"en-US\",\"@id\":\"https:\/\/mimoravel.com.br\/product\/garrafa-termica-van-gogh\/#primaryimage\",\"url\":\"https:\/\/mimoravel.com.br\/wp-content\/uploads\/2025\/02\/MG_1125.jpg\",\"contentUrl\":\"https:\/\/mimoravel.com.br\/wp-content\/uploads\/2025\/02\/MG_1125.jpg\",\"width\":1280,\"height\":1920,\"caption\":\"Garrafa T\u00e9rmica Van Gogh com girass\u00f3is\"},{\"@type\":\"BreadcrumbList\",\"@id\":\"https:\/\/mimoravel.com.br\/product\/garrafa-termica-van-gogh\/#breadcrumb\",\"itemListElement\":[{\"@type\":\"ListItem\",\"position\":1,\"name\":\"Home\",\"item\":\"https:\/\/mimoravel.com.br\/\"},{\"@type\":\"ListItem\",\"position\":2,\"name\":\"Loja\",\"item\":\"https:\/\/mimoravel.com.br\/loja\/\"},{\"@type\":\"ListItem\",\"position\":3,\"name\":\"Garrafa T\u00e9rmica &#8211; Van Gogh\"}]},{\"@type\":\"WebSite\",\"@id\":\"https:\/\/mimoravel.com.br\/#website\",\"url\":\"https:\/\/mimoravel.com.br\/\",\"name\":\"mimoravel.com.br\",\"description\":\"\",\"publisher\":{\"@id\":\"https:\/\/mimoravel.com.br\/#organization\"},\"potentialAction\":[{\"@type\":\"SearchAction\",\"target\":{\"@type\":\"EntryPoint\",\"urlTemplate\":\"https:\/\/mimoravel.com.br\/?s={search_term_string}\"},\"query-input\":{\"@type\":\"PropertyValueSpecification\",\"valueRequired\":true,\"valueName\":\"search_term_string\"}}],\"inLanguage\":\"en-US\"},{\"@type\":\"Organization\",\"@id\":\"https:\/\/mimoravel.com.br\/#organization\",\"name\":\"Mimor\u00e1vel\",\"url\":\"https:\/\/mimoravel.com.br\/\",\"logo\":{\"@type\":\"ImageObject\",\"inLanguage\":\"en-US\",\"@id\":\"https:\/\/mimoravel.com.br\/#\/schema\/logo\/image\/\",\"url\":\"https:\/\/mimoravel.com.br\/wp-content\/uploads\/2024\/10\/logo_verde-scaled.webp\",\"contentUrl\":\"https:\/\/mimoravel.com.br\/wp-content\/uploads\/2024\/10\/logo_verde-scaled.webp\",\"width\":2560,\"height\":757,\"caption\":\"Mimor\u00e1vel\"},\"image\":{\"@id\":\"https:\/\/mimoravel.com.br\/#\/schema\/logo\/image\/\"},\"sameAs\":[\"https:\/\/www.instagram.com\/mimoravel_\/\",\"https:\/\/br.pinterest.com\/mimoravel\/\"]}]}<\/script>\n<!-- \/ Yoast SEO plugin. -->","yoast_head_json":{"title":"Garrafa T\u00e9rmica - Van Gogh - mimoravel.com.br","description":"A Garrafa T\u00e9rmica - Van Gogh foi feita para os que apreciam a arte e fazem dela parte da sua ess\u00eancia. Gravada a laser com nossa caligrafia autoral","robots":{"index":"index","follow":"follow","max-snippet":"max-snippet:-1","max-image-preview":"max-image-preview:large","max-video-preview":"max-video-preview:-1"},"canonical":"https:\/\/mimoravel.com.br\/en\/product\/garrafa-termica-van-gogh\/","og_locale":"en_US","og_type":"article","og_title":"A Garrafa T\u00e9rmica - Van Gogh","og_description":"A Garrafa T\u00e9rmica - Van Gogh foi feita para os que apreciam a arte e fazem dela parte da sua ess\u00eancia. Gravada a laser com nossa caligrafia autoral","og_url":"https:\/\/mimoravel.com.br\/en\/product\/garrafa-termica-van-gogh\/","og_site_name":"mimoravel.com.br","article_publisher":"https:\/\/www.instagram.com\/mimoravel_\/","article_modified_time":"2025-02-20T12:36:49+00:00","og_image":[{"width":1280,"height":1920,"url":"https:\/\/mimoravel.com.br\/wp-content\/uploads\/2025\/02\/MG_1125.jpg","type":"image\/jpeg"}],"twitter_card":"summary_large_image","twitter_misc":{"Est. reading time":"2 minutes"},"schema":{"@context":"https:\/\/schema.org","@graph":[{"@type":"WebPage","@id":"https:\/\/mimoravel.com.br\/product\/garrafa-termica-van-gogh\/","url":"https:\/\/mimoravel.com.br\/product\/garrafa-termica-van-gogh\/","name":"Garrafa T\u00e9rmica - Van Gogh - mimoravel.com.br","isPartOf":{"@id":"https:\/\/mimoravel.com.br\/#website"},"primaryImageOfPage":{"@id":"https:\/\/mimoravel.com.br\/product\/garrafa-termica-van-gogh\/#primaryimage"},"image":{"@id":"https:\/\/mimoravel.com.br\/product\/garrafa-termica-van-gogh\/#primaryimage"},"thumbnailUrl":"https:\/\/mimoravel.com.br\/wp-content\/uploads\/2025\/02\/MG_1125.jpg","datePublished":"2025-02-15T17:08:05+00:00","dateModified":"2025-02-20T12:36:49+00:00","description":"A Garrafa T\u00e9rmica - Van Gogh foi feita para os que apreciam a arte e fazem dela parte da sua ess\u00eancia. Gravada a laser com nossa caligrafia autoral","breadcrumb":{"@id":"https:\/\/mimoravel.com.br\/product\/garrafa-termica-van-gogh\/#breadcrumb"},"inLanguage":"en-US","potentialAction":[{"@type":"ReadAction","target":["https:\/\/mimoravel.com.br\/product\/garrafa-termica-van-gogh\/"]}]},{"@type":"ImageObject","inLanguage":"en-US","@id":"https:\/\/mimoravel.com.br\/product\/garrafa-termica-van-gogh\/#primaryimage","url":"https:\/\/mimoravel.com.br\/wp-content\/uploads\/2025\/02\/MG_1125.jpg","contentUrl":"https:\/\/mimoravel.com.br\/wp-content\/uploads\/2025\/02\/MG_1125.jpg","width":1280,"height":1920,"caption":"Garrafa T\u00e9rmica Van Gogh com girass\u00f3is"},{"@type":"BreadcrumbList","@id":"https:\/\/mimoravel.com.br\/product\/garrafa-termica-van-gogh\/#breadcrumb","itemListElement":[{"@type":"ListItem","position":1,"name":"Home","item":"https:\/\/mimoravel.com.br\/"},{"@type":"ListItem","position":2,"name":"Loja","item":"https:\/\/mimoravel.com.br\/loja\/"},{"@type":"ListItem","position":3,"name":"Garrafa T\u00e9rmica &#8211; Van Gogh"}]},{"@type":"WebSite","@id":"https:\/\/mimoravel.com.br\/#website","url":"https:\/\/mimoravel.com.br\/","name":"mimoravel.com.br","description":"","publisher":{"@id":"https:\/\/mimoravel.com.br\/#organization"},"potentialAction":[{"@type":"SearchAction","target":{"@type":"EntryPoint","urlTemplate":"https:\/\/mimoravel.com.br\/?s={search_term_string}"},"query-input":{"@type":"PropertyValueSpecification","valueRequired":true,"valueName":"search_term_string"}}],"inLanguage":"en-US"},{"@type":"Organization","@id":"https:\/\/mimoravel.com.br\/#organization","name":"Mimor\u00e1vel","url":"https:\/\/mimoravel.com.br\/","logo":{"@type":"ImageObject","inLanguage":"en-US","@id":"https:\/\/mimoravel.com.br\/#\/schema\/logo\/image\/","url":"https:\/\/mimoravel.com.br\/wp-content\/uploads\/2024\/10\/logo_verde-scaled.webp","contentUrl":"https:\/\/mimoravel.com.br\/wp-content\/uploads\/2024\/10\/logo_verde-scaled.webp","width":2560,"height":757,"caption":"Mimor\u00e1vel"},"image":{"@id":"https:\/\/mimoravel.com.br\/#\/schema\/logo\/image\/"},"sameAs":["https:\/\/www.instagram.com\/mimoravel_\/","https:\/\/br.pinterest.com\/mimoravel\/"]}]}},"_links":{"self":[{"href":"https:\/\/mimoravel.com.br\/en\/wp-json\/wp\/v2\/product\/4746","targetHints":{"allow":["GET"]}}],"collection":[{"href":"https:\/\/mimoravel.com.br\/en\/wp-json\/wp\/v2\/product"}],"about":[{"href":"https:\/\/mimoravel.com.br\/en\/wp-json\/wp\/v2\/types\/product"}],"replies":[{"embeddable":true,"href":"https:\/\/mimoravel.com.br\/en\/wp-json\/wp\/v2\/comments?post=4746"}],"version-history":[{"count":4,"href":"https:\/\/mimoravel.com.br\/en\/wp-json\/wp\/v2\/product\/4746\/revisions"}],"predecessor-version":[{"id":4750,"href":"https:\/\/mimoravel.com.br\/en\/wp-json\/wp\/v2\/product\/4746\/revisions\/4750"}],"wp:featuredmedia":[{"embeddable":true,"href":"https:\/\/mimoravel.com.br\/en\/wp-json\/wp\/v2\/media\/4585"}],"wp:attachment":[{"href":"https:\/\/mimoravel.com.br\/en\/wp-json\/wp\/v2\/media?parent=4746"}],"wp:term":[{"taxonomy":"product_brand","embeddable":true,"href":"https:\/\/mimoravel.com.br\/en\/wp-json\/wp\/v2\/product_brand?post=4746"},{"taxonomy":"product_cat","embeddable":true,"href":"https:\/\/mimoravel.com.br\/en\/wp-json\/wp\/v2\/product_cat?post=4746"},{"taxonomy":"product_tag","embeddable":true,"href":"https:\/\/mimoravel.com.br\/en\/wp-json\/wp\/v2\/product_tag?post=4746"}],"curies":[{"name":"wp","href":"https:\/\/api.w.org\/{rel}","templated":true}]}}