{"id":4314,"date":"2025-02-13T19:33:28","date_gmt":"2025-02-13T19:33:28","guid":{"rendered":"https:\/\/mimoravel.com.br\/?post_type=product&#038;p=4314"},"modified":"2025-02-15T23:06:12","modified_gmt":"2025-02-15T23:06:12","slug":"garrafa-personalizada-verde-caligrafica-sonhos","status":"publish","type":"product","link":"https:\/\/mimoravel.com.br\/en\/product\/garrafa-personalizada-verde-caligrafica-sonhos\/","title":{"rendered":"Garrafa Personalizada Verde Caligr\u00e1fica &#8211; Sonhos"},"content":{"rendered":"<p data-start=\"0\" data-end=\"452\">Nossa garrafa personalizada vai muito al\u00e9m da funcionalidade. Afinal, ela se torna um acess\u00f3rio cheio de estilo, praticidade e significado. Al\u00e9m disso, seu material resistente e leve a torna ideal para acompanhar a rotina. Seja no trabalho, na academia ou nos momentos de lazer, ela est\u00e1 sempre presente. Mais do que isso, uma garrafa personalizada reflete a personalidade de quem a carrega, tornando cada uso ainda mais especial.<\/p>\n<p data-start=\"454\" data-end=\"998\">A arte dessa garrafa traz a frase &#8220;\u00c9 sobre tirar sonhos do papel&#8221;, um lembrete inspirador para quem busca realizar seus objetivos. Por esse motivo, ela se torna um presente perfeito para diversas ocasi\u00f5es. No ambiente corporativo, por exemplo, motiva equipes e clientes a seguirem em frente com seus projetos. Da mesma forma, em anivers\u00e1rios e formaturas, representa novos come\u00e7os e conquistas. J\u00e1 para empreendedores, estudantes e criativos, refor\u00e7a a import\u00e2ncia de acreditar e agir para transformar ideias em realidade.<\/p>\n<p data-start=\"1000\" data-end=\"1299\">Outro ponto positivo \u00e9 a sustentabilidade. Ao optar por uma garrafa reutiliz\u00e1vel, reduzimos o consumo de pl\u00e1sticos descart\u00e1veis, incentivando h\u00e1bitos mais ecol\u00f3gicos no dia a dia. Dessa forma, al\u00e9m de carregar inspira\u00e7\u00e3o, ela tamb\u00e9m contribui para um impacto positivo no meio ambiente.<\/p>\n<p data-start=\"1301\" data-end=\"1585\" data-is-last-node=\"\">Seja para uso pr\u00f3prio ou como um presente especial, essa garrafa carrega mais do que l\u00edquidos: ela leva consigo uma mensagem poderosa. Com um design exclusivo e uma frase motivadora, ela se torna um incentivo di\u00e1rio para tirar os sonhos do papel e transform\u00e1-los em realidade.<\/p>\n<h5>Caracter\u00edsticas da Garrafa Personalizada:<\/h5>\n<ul>\n<li>Capacidade 600 ml;<\/li>\n<li>Cor verde;<\/li>\n<li>Material Alum\u00ednio;<\/li>\n<li>N\u00e3o \u00e9 t\u00e9rmica.<\/li>\n<\/ul>","protected":false},"excerpt":{"rendered":"<p>Nossa garrafa personalizada vai muito al\u00e9m da funcionalidade. Afinal, ela se torna um acess\u00f3rio cheio de estilo, praticidade e significado. Al\u00e9m disso, seu material resistente e leve a torna ideal para acompanhar a rotina. Seja no trabalho, na academia ou nos momentos de lazer, ela est\u00e1 sempre presente. Mais do que isso, uma garrafa [&hellip;]<\/p>","protected":false},"featured_media":4313,"comment_status":"open","ping_status":"closed","template":"","meta":{"_acf_changed":false,"_joinchat":[]},"product_brand":[],"product_cat":[67],"product_tag":[],"class_list":{"0":"post-4314","1":"product","2":"type-product","3":"status-publish","4":"has-post-thumbnail","6":"product_cat-garrafas","8":"first","9":"instock","10":"taxable","11":"shipping-taxable","12":"purchasable","13":"product-type-simple","swatches":"rey-swatches","show_selected":""},"acf":[],"yoast_head":"<!-- This site is optimized with the Yoast SEO plugin v24.4 - https:\/\/yoast.com\/wordpress\/plugins\/seo\/ -->\n<title>Garrafa Personalizada Verde Caligr\u00e1fica - Sonhos - mimoravel.com.br<\/title>\n<meta name=\"description\" content=\"Garrafa personalizada verde com estampa autoral Mimor\u00e1vel \u2013 exclusividade e charme em cada detalhe. Perfeita para presentear com afeto!\" \/>\n<meta name=\"robots\" content=\"index, follow, max-snippet:-1, max-image-preview:large, max-video-preview:-1\" \/>\n<link rel=\"canonical\" href=\"https:\/\/mimoravel.com.br\/en\/product\/garrafa-personalizada-verde-caligrafica-sonhos\/\" \/>\n<meta property=\"og:locale\" content=\"en_US\" \/>\n<meta property=\"og:type\" content=\"article\" \/>\n<meta property=\"og:title\" content=\"Garrafa Personalizada Mimor\u00e1vel\" \/>\n<meta property=\"og:description\" content=\"Com estampa autoral Mimor\u00e1vel \u2013 exclusividade e charme em cada detalhe. Perfeita para presentear com afeto!\" \/>\n<meta property=\"og:url\" content=\"https:\/\/mimoravel.com.br\/en\/product\/garrafa-personalizada-verde-caligrafica-sonhos\/\" \/>\n<meta property=\"og:site_name\" content=\"mimoravel.com.br\" \/>\n<meta property=\"article:publisher\" content=\"https:\/\/www.instagram.com\/mimoravel_\/\" \/>\n<meta property=\"article:modified_time\" content=\"2025-02-15T23:06:12+00:00\" \/>\n<meta property=\"og:image\" content=\"https:\/\/mimoravel.com.br\/wp-content\/uploads\/2025\/02\/MG_1250.jpg\" \/>\n\t<meta property=\"og:image:width\" content=\"1280\" \/>\n\t<meta property=\"og:image:height\" content=\"1920\" \/>\n\t<meta property=\"og:image:type\" content=\"image\/jpeg\" \/>\n<meta name=\"twitter:card\" content=\"summary_large_image\" \/>\n<meta name=\"twitter:label1\" content=\"Est. reading time\" \/>\n\t<meta name=\"twitter:data1\" content=\"2 minutes\" \/>\n<script type=\"application\/ld+json\" class=\"yoast-schema-graph\">{\"@context\":\"https:\/\/schema.org\",\"@graph\":[{\"@type\":\"WebPage\",\"@id\":\"https:\/\/mimoravel.com.br\/product\/garrafa-personalizada-verde-caligrafica-sonhos\/\",\"url\":\"https:\/\/mimoravel.com.br\/product\/garrafa-personalizada-verde-caligrafica-sonhos\/\",\"name\":\"Garrafa Personalizada Verde Caligr\u00e1fica - Sonhos - mimoravel.com.br\",\"isPartOf\":{\"@id\":\"https:\/\/mimoravel.com.br\/#website\"},\"primaryImageOfPage\":{\"@id\":\"https:\/\/mimoravel.com.br\/product\/garrafa-personalizada-verde-caligrafica-sonhos\/#primaryimage\"},\"image\":{\"@id\":\"https:\/\/mimoravel.com.br\/product\/garrafa-personalizada-verde-caligrafica-sonhos\/#primaryimage\"},\"thumbnailUrl\":\"https:\/\/mimoravel.com.br\/wp-content\/uploads\/2025\/02\/MG_1250.jpg\",\"datePublished\":\"2025-02-13T19:33:28+00:00\",\"dateModified\":\"2025-02-15T23:06:12+00:00\",\"description\":\"Garrafa personalizada verde com estampa autoral Mimor\u00e1vel \u2013 exclusividade e charme em cada detalhe. Perfeita para presentear com afeto!\",\"breadcrumb\":{\"@id\":\"https:\/\/mimoravel.com.br\/product\/garrafa-personalizada-verde-caligrafica-sonhos\/#breadcrumb\"},\"inLanguage\":\"en-US\",\"potentialAction\":[{\"@type\":\"ReadAction\",\"target\":[\"https:\/\/mimoravel.com.br\/product\/garrafa-personalizada-verde-caligrafica-sonhos\/\"]}]},{\"@type\":\"ImageObject\",\"inLanguage\":\"en-US\",\"@id\":\"https:\/\/mimoravel.com.br\/product\/garrafa-personalizada-verde-caligrafica-sonhos\/#primaryimage\",\"url\":\"https:\/\/mimoravel.com.br\/wp-content\/uploads\/2025\/02\/MG_1250.jpg\",\"contentUrl\":\"https:\/\/mimoravel.com.br\/wp-content\/uploads\/2025\/02\/MG_1250.jpg\",\"width\":1280,\"height\":1920,\"caption\":\"Garrafa personalizada\"},{\"@type\":\"BreadcrumbList\",\"@id\":\"https:\/\/mimoravel.com.br\/product\/garrafa-personalizada-verde-caligrafica-sonhos\/#breadcrumb\",\"itemListElement\":[{\"@type\":\"ListItem\",\"position\":1,\"name\":\"Home\",\"item\":\"https:\/\/mimoravel.com.br\/\"},{\"@type\":\"ListItem\",\"position\":2,\"name\":\"Loja\",\"item\":\"https:\/\/mimoravel.com.br\/loja\/\"},{\"@type\":\"ListItem\",\"position\":3,\"name\":\"Garrafa Personalizada Verde Caligr\u00e1fica &#8211; Sonhos\"}]},{\"@type\":\"WebSite\",\"@id\":\"https:\/\/mimoravel.com.br\/#website\",\"url\":\"https:\/\/mimoravel.com.br\/\",\"name\":\"mimoravel.com.br\",\"description\":\"\",\"publisher\":{\"@id\":\"https:\/\/mimoravel.com.br\/#organization\"},\"potentialAction\":[{\"@type\":\"SearchAction\",\"target\":{\"@type\":\"EntryPoint\",\"urlTemplate\":\"https:\/\/mimoravel.com.br\/?s={search_term_string}\"},\"query-input\":{\"@type\":\"PropertyValueSpecification\",\"valueRequired\":true,\"valueName\":\"search_term_string\"}}],\"inLanguage\":\"en-US\"},{\"@type\":\"Organization\",\"@id\":\"https:\/\/mimoravel.com.br\/#organization\",\"name\":\"Mimor\u00e1vel\",\"url\":\"https:\/\/mimoravel.com.br\/\",\"logo\":{\"@type\":\"ImageObject\",\"inLanguage\":\"en-US\",\"@id\":\"https:\/\/mimoravel.com.br\/#\/schema\/logo\/image\/\",\"url\":\"https:\/\/mimoravel.com.br\/wp-content\/uploads\/2024\/10\/logo_verde-scaled.webp\",\"contentUrl\":\"https:\/\/mimoravel.com.br\/wp-content\/uploads\/2024\/10\/logo_verde-scaled.webp\",\"width\":2560,\"height\":757,\"caption\":\"Mimor\u00e1vel\"},\"image\":{\"@id\":\"https:\/\/mimoravel.com.br\/#\/schema\/logo\/image\/\"},\"sameAs\":[\"https:\/\/www.instagram.com\/mimoravel_\/\",\"https:\/\/br.pinterest.com\/mimoravel\/\"]}]}<\/script>\n<!-- \/ Yoast SEO plugin. -->","yoast_head_json":{"title":"Garrafa Personalizada Verde Caligr\u00e1fica - Sonhos - mimoravel.com.br","description":"Garrafa personalizada verde com estampa autoral Mimor\u00e1vel \u2013 exclusividade e charme em cada detalhe. Perfeita para presentear com afeto!","robots":{"index":"index","follow":"follow","max-snippet":"max-snippet:-1","max-image-preview":"max-image-preview:large","max-video-preview":"max-video-preview:-1"},"canonical":"https:\/\/mimoravel.com.br\/en\/product\/garrafa-personalizada-verde-caligrafica-sonhos\/","og_locale":"en_US","og_type":"article","og_title":"Garrafa Personalizada Mimor\u00e1vel","og_description":"Com estampa autoral Mimor\u00e1vel \u2013 exclusividade e charme em cada detalhe. Perfeita para presentear com afeto!","og_url":"https:\/\/mimoravel.com.br\/en\/product\/garrafa-personalizada-verde-caligrafica-sonhos\/","og_site_name":"mimoravel.com.br","article_publisher":"https:\/\/www.instagram.com\/mimoravel_\/","article_modified_time":"2025-02-15T23:06:12+00:00","og_image":[{"width":1280,"height":1920,"url":"https:\/\/mimoravel.com.br\/wp-content\/uploads\/2025\/02\/MG_1250.jpg","type":"image\/jpeg"}],"twitter_card":"summary_large_image","twitter_misc":{"Est. reading time":"2 minutes"},"schema":{"@context":"https:\/\/schema.org","@graph":[{"@type":"WebPage","@id":"https:\/\/mimoravel.com.br\/product\/garrafa-personalizada-verde-caligrafica-sonhos\/","url":"https:\/\/mimoravel.com.br\/product\/garrafa-personalizada-verde-caligrafica-sonhos\/","name":"Garrafa Personalizada Verde Caligr\u00e1fica - Sonhos - mimoravel.com.br","isPartOf":{"@id":"https:\/\/mimoravel.com.br\/#website"},"primaryImageOfPage":{"@id":"https:\/\/mimoravel.com.br\/product\/garrafa-personalizada-verde-caligrafica-sonhos\/#primaryimage"},"image":{"@id":"https:\/\/mimoravel.com.br\/product\/garrafa-personalizada-verde-caligrafica-sonhos\/#primaryimage"},"thumbnailUrl":"https:\/\/mimoravel.com.br\/wp-content\/uploads\/2025\/02\/MG_1250.jpg","datePublished":"2025-02-13T19:33:28+00:00","dateModified":"2025-02-15T23:06:12+00:00","description":"Garrafa personalizada verde com estampa autoral Mimor\u00e1vel \u2013 exclusividade e charme em cada detalhe. Perfeita para presentear com afeto!","breadcrumb":{"@id":"https:\/\/mimoravel.com.br\/product\/garrafa-personalizada-verde-caligrafica-sonhos\/#breadcrumb"},"inLanguage":"en-US","potentialAction":[{"@type":"ReadAction","target":["https:\/\/mimoravel.com.br\/product\/garrafa-personalizada-verde-caligrafica-sonhos\/"]}]},{"@type":"ImageObject","inLanguage":"en-US","@id":"https:\/\/mimoravel.com.br\/product\/garrafa-personalizada-verde-caligrafica-sonhos\/#primaryimage","url":"https:\/\/mimoravel.com.br\/wp-content\/uploads\/2025\/02\/MG_1250.jpg","contentUrl":"https:\/\/mimoravel.com.br\/wp-content\/uploads\/2025\/02\/MG_1250.jpg","width":1280,"height":1920,"caption":"Garrafa personalizada"},{"@type":"BreadcrumbList","@id":"https:\/\/mimoravel.com.br\/product\/garrafa-personalizada-verde-caligrafica-sonhos\/#breadcrumb","itemListElement":[{"@type":"ListItem","position":1,"name":"Home","item":"https:\/\/mimoravel.com.br\/"},{"@type":"ListItem","position":2,"name":"Loja","item":"https:\/\/mimoravel.com.br\/loja\/"},{"@type":"ListItem","position":3,"name":"Garrafa Personalizada Verde Caligr\u00e1fica &#8211; Sonhos"}]},{"@type":"WebSite","@id":"https:\/\/mimoravel.com.br\/#website","url":"https:\/\/mimoravel.com.br\/","name":"mimoravel.com.br","description":"","publisher":{"@id":"https:\/\/mimoravel.com.br\/#organization"},"potentialAction":[{"@type":"SearchAction","target":{"@type":"EntryPoint","urlTemplate":"https:\/\/mimoravel.com.br\/?s={search_term_string}"},"query-input":{"@type":"PropertyValueSpecification","valueRequired":true,"valueName":"search_term_string"}}],"inLanguage":"en-US"},{"@type":"Organization","@id":"https:\/\/mimoravel.com.br\/#organization","name":"Mimor\u00e1vel","url":"https:\/\/mimoravel.com.br\/","logo":{"@type":"ImageObject","inLanguage":"en-US","@id":"https:\/\/mimoravel.com.br\/#\/schema\/logo\/image\/","url":"https:\/\/mimoravel.com.br\/wp-content\/uploads\/2024\/10\/logo_verde-scaled.webp","contentUrl":"https:\/\/mimoravel.com.br\/wp-content\/uploads\/2024\/10\/logo_verde-scaled.webp","width":2560,"height":757,"caption":"Mimor\u00e1vel"},"image":{"@id":"https:\/\/mimoravel.com.br\/#\/schema\/logo\/image\/"},"sameAs":["https:\/\/www.instagram.com\/mimoravel_\/","https:\/\/br.pinterest.com\/mimoravel\/"]}]}},"_links":{"self":[{"href":"https:\/\/mimoravel.com.br\/en\/wp-json\/wp\/v2\/product\/4314","targetHints":{"allow":["GET"]}}],"collection":[{"href":"https:\/\/mimoravel.com.br\/en\/wp-json\/wp\/v2\/product"}],"about":[{"href":"https:\/\/mimoravel.com.br\/en\/wp-json\/wp\/v2\/types\/product"}],"replies":[{"embeddable":true,"href":"https:\/\/mimoravel.com.br\/en\/wp-json\/wp\/v2\/comments?post=4314"}],"version-history":[{"count":3,"href":"https:\/\/mimoravel.com.br\/en\/wp-json\/wp\/v2\/product\/4314\/revisions"}],"predecessor-version":[{"id":4528,"href":"https:\/\/mimoravel.com.br\/en\/wp-json\/wp\/v2\/product\/4314\/revisions\/4528"}],"wp:featuredmedia":[{"embeddable":true,"href":"https:\/\/mimoravel.com.br\/en\/wp-json\/wp\/v2\/media\/4313"}],"wp:attachment":[{"href":"https:\/\/mimoravel.com.br\/en\/wp-json\/wp\/v2\/media?parent=4314"}],"wp:term":[{"taxonomy":"product_brand","embeddable":true,"href":"https:\/\/mimoravel.com.br\/en\/wp-json\/wp\/v2\/product_brand?post=4314"},{"taxonomy":"product_cat","embeddable":true,"href":"https:\/\/mimoravel.com.br\/en\/wp-json\/wp\/v2\/product_cat?post=4314"},{"taxonomy":"product_tag","embeddable":true,"href":"https:\/\/mimoravel.com.br\/en\/wp-json\/wp\/v2\/product_tag?post=4314"}],"curies":[{"name":"wp","href":"https:\/\/api.w.org\/{rel}","templated":true}]}}