{"id":4147,"date":"2025-02-06T23:42:41","date_gmt":"2025-02-06T23:42:41","guid":{"rendered":"https:\/\/mimoravel.com.br\/?post_type=product&#038;p=4147"},"modified":"2025-02-20T14:09:07","modified_gmt":"2025-02-20T14:09:07","slug":"chaveiro-inox-personalizado","status":"publish","type":"product","link":"https:\/\/mimoravel.com.br\/en\/product\/chaveiro-inox-personalizado\/","title":{"rendered":"Chaveiro Inox &#8211; Personalizado"},"content":{"rendered":"<p>Chaveiro Inox Personalizado com mensagem do lindo vers\u00edculo 1 Tessalonicenses 5:18; Acreditamos que tudo na vida tem um prop\u00f3sito. E que assim como os momentos dif\u00edceis chegam, tamb\u00e9m v\u00e3o embora. E o que fica \u00e9 o aprendizado, a supera\u00e7\u00e3o e nossa evolu\u00e7\u00e3o como ser humano. Logo, em tudo dai gra\u00e7as. Desenhado com caligrafia autoral da nossa marca.<\/p>\n<p>Mais do que um chaveiro, \u00e9 uma lembran\u00e7a de for\u00e7a para dias de luta.<\/p>\n<p><strong>D\u00favida frequente: A estampa do chaveiro de inox personalizado preto fica na cor dourada como na foto?<\/strong><\/p>\n<p><strong>Resposta: N\u00e3o. A estampa revela o inox que est\u00e1 por baixo do anodizado preto, a cor do inox se assemelha a cor prata. A ilus\u00e3o da cor dourada que aparece nas fotos \u00e9 o reflexo da luz amarela que foi utilizada pelo est\u00fadio de fotografia.\u00a0<\/strong><\/p>\n<p>Descri\u00e7\u00e3o do chaveiro:<\/p>\n<ul>\n<li>De Inox Anodizado (a cor n\u00e3o \u00e9 do metal, mas sim do revestimento anodizado);<\/li>\n<li>Personaliza\u00e7\u00e3o \u00e0 laser;<\/li>\n<li>A estampa gravada se destaca dependendo da ilumina\u00e7\u00e3o ambiente;<\/li>\n<li>Personaliza\u00e7\u00e3o via whatsapp (maior tempo de produ\u00e7\u00e3o).<\/li>\n<\/ul>\n<h5>Boas novas:<\/h5>\n<div class=\"flex max-w-full flex-col flex-grow\">\n<div class=\"min-h-8 text-message flex w-full flex-col items-end gap-2 whitespace-normal break-words text-start [.text-message+&amp;]:mt-5\" dir=\"auto\" data-message-author-role=\"assistant\" data-message-id=\"74861944-ab4a-4891-bf53-c87632d2a3a8\" data-message-model-slug=\"gpt-4o\">\n<div class=\"flex w-full flex-col gap-1 empty:hidden first:pt-[3px]\">\n<div class=\"markdown prose w-full break-words dark:prose-invert light\">\n<p data-start=\"0\" data-end=\"289\">O chaveiro de inox personalizado oferece resist\u00eancia, sofistica\u00e7\u00e3o e um toque especial a qualquer ocasi\u00e3o. Mais duradouro que outros metais, como alum\u00ednio, garantindo um acess\u00f3rio dur\u00e1vel e sempre elegante. Al\u00e9m disso, a grava\u00e7\u00e3o a laser destaca cada detalhe com precis\u00e3o, tornando cada pe\u00e7a \u00fanica.<\/p>\n<p data-start=\"291\" data-end=\"637\">Esse presente se encaixa perfeitamente em diversas situa\u00e7\u00f5es. No ambiente corporativo, fortalece rela\u00e7\u00f5es ao demonstrar apre\u00e7o por clientes e colaboradores. Em casamentos e anivers\u00e1rios, eterniza momentos especiais de forma significativa. J\u00e1 para amigos e familiares, transmite carinho ao trazer nomes, frases inspiradoras ou datas importantes.<\/p>\n<p data-start=\"639\" data-end=\"975\" data-is-last-node=\"\">Outro ponto positivo \u00e9 a versatilidade. O chaveiro combina com diferentes estilos e acompanha a rotina de qualquer pessoa. Assim, al\u00e9m de funcional, ele se torna uma lembran\u00e7a carregada de valor emocional. Seja para presentear ou para uso pr\u00f3prio, essa escolha une praticidade e exclusividade, tornando cada detalhe ainda mais especial.<\/p>\n<\/div>\n<\/div>\n<\/div>\n<\/div>","protected":false},"excerpt":{"rendered":"<p style=\"text-align: left;\"><a style=\"display: inline-block; background: #7DA19E; color: #ffffff; padding: 8px 24px; text-align: center; font-weight: bold; text-decoration: none; text-transform: uppercase; border-radius: 3px; transition: background 0.3s ease, transform 1s ease; line-height: 1;\" href=\"https:\/\/wa.me\/5582988834239?text=Ol\u00e1! Quero personalizar este produto: https:\/\/mimoravel.com.br\/product\/chaveiro-inox-personalizado\/\" target=\"_blank\" rel=\"noopener\">PERSONALIZE NO WHATSAPP<br \/>\n<\/a><\/p>","protected":false},"featured_media":4154,"comment_status":"open","ping_status":"closed","template":"","meta":{"_acf_changed":false,"_joinchat":[]},"product_brand":[],"product_cat":[128,72],"product_tag":[],"class_list":{"0":"post-4147","1":"product","2":"type-product","3":"status-publish","4":"has-post-thumbnail","6":"product_cat-chaveiros","7":"product_cat-laser","9":"first","10":"instock","11":"taxable","12":"shipping-taxable","13":"purchasable","14":"product-type-variable","15":"has-default-attributes","swatches":"rey-swatches","show_selected":""},"acf":[],"yoast_head":"<!-- This site is optimized with the Yoast SEO plugin v24.4 - https:\/\/yoast.com\/wordpress\/plugins\/seo\/ -->\n<title>Chaveiro Inox - Personalizado - mimoravel.com.br<\/title>\n<meta name=\"description\" content=\"Chaveiro inox personalizado com grava\u00e7\u00e3o a laser. Elegante e \u00fanico, perfeito para presentes especiais. Personalize o seu agora! Temos 3 cores dispon\u00edveis!\" \/>\n<meta name=\"robots\" content=\"index, follow, max-snippet:-1, max-image-preview:large, max-video-preview:-1\" \/>\n<link rel=\"canonical\" href=\"https:\/\/mimoravel.com.br\/en\/product\/chaveiro-inox-personalizado\/\" \/>\n<meta property=\"og:locale\" content=\"en_US\" \/>\n<meta property=\"og:type\" content=\"article\" \/>\n<meta property=\"og:title\" content=\"Chaveiro Inox Personalizado\" \/>\n<meta property=\"og:description\" content=\"Chaveiro inox personalizado com grava\u00e7\u00e3o a laser. Elegante e \u00fanico, perfeito para presentes especiais. Personalize o seu agora! Temos 3 cores dispon\u00edveis!\" \/>\n<meta property=\"og:url\" content=\"https:\/\/mimoravel.com.br\/en\/product\/chaveiro-inox-personalizado\/\" \/>\n<meta property=\"og:site_name\" content=\"mimoravel.com.br\" \/>\n<meta property=\"article:publisher\" content=\"https:\/\/www.instagram.com\/mimoravel_\/\" \/>\n<meta property=\"article:modified_time\" content=\"2025-02-20T14:09:07+00:00\" \/>\n<meta property=\"og:image\" content=\"https:\/\/mimoravel.com.br\/wp-content\/uploads\/2025\/02\/4-_MG_2682.jpg\" \/>\n\t<meta property=\"og:image:width\" content=\"1365\" \/>\n\t<meta property=\"og:image:height\" content=\"2048\" \/>\n\t<meta property=\"og:image:type\" content=\"image\/jpeg\" \/>\n<meta name=\"twitter:card\" content=\"summary_large_image\" \/>\n<meta name=\"twitter:label1\" content=\"Est. reading time\" \/>\n\t<meta name=\"twitter:data1\" content=\"2 minutes\" \/>\n<script type=\"application\/ld+json\" class=\"yoast-schema-graph\">{\"@context\":\"https:\/\/schema.org\",\"@graph\":[{\"@type\":\"WebPage\",\"@id\":\"https:\/\/mimoravel.com.br\/product\/chaveiro-inox-personalizado\/\",\"url\":\"https:\/\/mimoravel.com.br\/product\/chaveiro-inox-personalizado\/\",\"name\":\"Chaveiro Inox - Personalizado - mimoravel.com.br\",\"isPartOf\":{\"@id\":\"https:\/\/mimoravel.com.br\/#website\"},\"primaryImageOfPage\":{\"@id\":\"https:\/\/mimoravel.com.br\/product\/chaveiro-inox-personalizado\/#primaryimage\"},\"image\":{\"@id\":\"https:\/\/mimoravel.com.br\/product\/chaveiro-inox-personalizado\/#primaryimage\"},\"thumbnailUrl\":\"https:\/\/mimoravel.com.br\/wp-content\/uploads\/2025\/02\/4-_MG_2682.jpg\",\"datePublished\":\"2025-02-06T23:42:41+00:00\",\"dateModified\":\"2025-02-20T14:09:07+00:00\",\"description\":\"Chaveiro inox personalizado com grava\u00e7\u00e3o a laser. Elegante e \u00fanico, perfeito para presentes especiais. Personalize o seu agora! Temos 3 cores dispon\u00edveis!\",\"breadcrumb\":{\"@id\":\"https:\/\/mimoravel.com.br\/product\/chaveiro-inox-personalizado\/#breadcrumb\"},\"inLanguage\":\"en-US\",\"potentialAction\":[{\"@type\":\"ReadAction\",\"target\":[\"https:\/\/mimoravel.com.br\/product\/chaveiro-inox-personalizado\/\"]}]},{\"@type\":\"ImageObject\",\"inLanguage\":\"en-US\",\"@id\":\"https:\/\/mimoravel.com.br\/product\/chaveiro-inox-personalizado\/#primaryimage\",\"url\":\"https:\/\/mimoravel.com.br\/wp-content\/uploads\/2025\/02\/4-_MG_2682.jpg\",\"contentUrl\":\"https:\/\/mimoravel.com.br\/wp-content\/uploads\/2025\/02\/4-_MG_2682.jpg\",\"width\":1365,\"height\":2048},{\"@type\":\"BreadcrumbList\",\"@id\":\"https:\/\/mimoravel.com.br\/product\/chaveiro-inox-personalizado\/#breadcrumb\",\"itemListElement\":[{\"@type\":\"ListItem\",\"position\":1,\"name\":\"Home\",\"item\":\"https:\/\/mimoravel.com.br\/\"},{\"@type\":\"ListItem\",\"position\":2,\"name\":\"Loja\",\"item\":\"https:\/\/mimoravel.com.br\/loja\/\"},{\"@type\":\"ListItem\",\"position\":3,\"name\":\"Chaveiro Inox &#8211; Personalizado\"}]},{\"@type\":\"WebSite\",\"@id\":\"https:\/\/mimoravel.com.br\/#website\",\"url\":\"https:\/\/mimoravel.com.br\/\",\"name\":\"mimoravel.com.br\",\"description\":\"\",\"publisher\":{\"@id\":\"https:\/\/mimoravel.com.br\/#organization\"},\"potentialAction\":[{\"@type\":\"SearchAction\",\"target\":{\"@type\":\"EntryPoint\",\"urlTemplate\":\"https:\/\/mimoravel.com.br\/?s={search_term_string}\"},\"query-input\":{\"@type\":\"PropertyValueSpecification\",\"valueRequired\":true,\"valueName\":\"search_term_string\"}}],\"inLanguage\":\"en-US\"},{\"@type\":\"Organization\",\"@id\":\"https:\/\/mimoravel.com.br\/#organization\",\"name\":\"Mimor\u00e1vel\",\"url\":\"https:\/\/mimoravel.com.br\/\",\"logo\":{\"@type\":\"ImageObject\",\"inLanguage\":\"en-US\",\"@id\":\"https:\/\/mimoravel.com.br\/#\/schema\/logo\/image\/\",\"url\":\"https:\/\/mimoravel.com.br\/wp-content\/uploads\/2024\/10\/logo_verde-scaled.webp\",\"contentUrl\":\"https:\/\/mimoravel.com.br\/wp-content\/uploads\/2024\/10\/logo_verde-scaled.webp\",\"width\":2560,\"height\":757,\"caption\":\"Mimor\u00e1vel\"},\"image\":{\"@id\":\"https:\/\/mimoravel.com.br\/#\/schema\/logo\/image\/\"},\"sameAs\":[\"https:\/\/www.instagram.com\/mimoravel_\/\",\"https:\/\/br.pinterest.com\/mimoravel\/\"]}]}<\/script>\n<!-- \/ Yoast SEO plugin. -->","yoast_head_json":{"title":"Chaveiro Inox - Personalizado - mimoravel.com.br","description":"Chaveiro inox personalizado com grava\u00e7\u00e3o a laser. Elegante e \u00fanico, perfeito para presentes especiais. Personalize o seu agora! Temos 3 cores dispon\u00edveis!","robots":{"index":"index","follow":"follow","max-snippet":"max-snippet:-1","max-image-preview":"max-image-preview:large","max-video-preview":"max-video-preview:-1"},"canonical":"https:\/\/mimoravel.com.br\/en\/product\/chaveiro-inox-personalizado\/","og_locale":"en_US","og_type":"article","og_title":"Chaveiro Inox Personalizado","og_description":"Chaveiro inox personalizado com grava\u00e7\u00e3o a laser. Elegante e \u00fanico, perfeito para presentes especiais. Personalize o seu agora! Temos 3 cores dispon\u00edveis!","og_url":"https:\/\/mimoravel.com.br\/en\/product\/chaveiro-inox-personalizado\/","og_site_name":"mimoravel.com.br","article_publisher":"https:\/\/www.instagram.com\/mimoravel_\/","article_modified_time":"2025-02-20T14:09:07+00:00","og_image":[{"width":1365,"height":2048,"url":"https:\/\/mimoravel.com.br\/wp-content\/uploads\/2025\/02\/4-_MG_2682.jpg","type":"image\/jpeg"}],"twitter_card":"summary_large_image","twitter_misc":{"Est. reading time":"2 minutes"},"schema":{"@context":"https:\/\/schema.org","@graph":[{"@type":"WebPage","@id":"https:\/\/mimoravel.com.br\/product\/chaveiro-inox-personalizado\/","url":"https:\/\/mimoravel.com.br\/product\/chaveiro-inox-personalizado\/","name":"Chaveiro Inox - Personalizado - mimoravel.com.br","isPartOf":{"@id":"https:\/\/mimoravel.com.br\/#website"},"primaryImageOfPage":{"@id":"https:\/\/mimoravel.com.br\/product\/chaveiro-inox-personalizado\/#primaryimage"},"image":{"@id":"https:\/\/mimoravel.com.br\/product\/chaveiro-inox-personalizado\/#primaryimage"},"thumbnailUrl":"https:\/\/mimoravel.com.br\/wp-content\/uploads\/2025\/02\/4-_MG_2682.jpg","datePublished":"2025-02-06T23:42:41+00:00","dateModified":"2025-02-20T14:09:07+00:00","description":"Chaveiro inox personalizado com grava\u00e7\u00e3o a laser. Elegante e \u00fanico, perfeito para presentes especiais. Personalize o seu agora! Temos 3 cores dispon\u00edveis!","breadcrumb":{"@id":"https:\/\/mimoravel.com.br\/product\/chaveiro-inox-personalizado\/#breadcrumb"},"inLanguage":"en-US","potentialAction":[{"@type":"ReadAction","target":["https:\/\/mimoravel.com.br\/product\/chaveiro-inox-personalizado\/"]}]},{"@type":"ImageObject","inLanguage":"en-US","@id":"https:\/\/mimoravel.com.br\/product\/chaveiro-inox-personalizado\/#primaryimage","url":"https:\/\/mimoravel.com.br\/wp-content\/uploads\/2025\/02\/4-_MG_2682.jpg","contentUrl":"https:\/\/mimoravel.com.br\/wp-content\/uploads\/2025\/02\/4-_MG_2682.jpg","width":1365,"height":2048},{"@type":"BreadcrumbList","@id":"https:\/\/mimoravel.com.br\/product\/chaveiro-inox-personalizado\/#breadcrumb","itemListElement":[{"@type":"ListItem","position":1,"name":"Home","item":"https:\/\/mimoravel.com.br\/"},{"@type":"ListItem","position":2,"name":"Loja","item":"https:\/\/mimoravel.com.br\/loja\/"},{"@type":"ListItem","position":3,"name":"Chaveiro Inox &#8211; Personalizado"}]},{"@type":"WebSite","@id":"https:\/\/mimoravel.com.br\/#website","url":"https:\/\/mimoravel.com.br\/","name":"mimoravel.com.br","description":"","publisher":{"@id":"https:\/\/mimoravel.com.br\/#organization"},"potentialAction":[{"@type":"SearchAction","target":{"@type":"EntryPoint","urlTemplate":"https:\/\/mimoravel.com.br\/?s={search_term_string}"},"query-input":{"@type":"PropertyValueSpecification","valueRequired":true,"valueName":"search_term_string"}}],"inLanguage":"en-US"},{"@type":"Organization","@id":"https:\/\/mimoravel.com.br\/#organization","name":"Mimor\u00e1vel","url":"https:\/\/mimoravel.com.br\/","logo":{"@type":"ImageObject","inLanguage":"en-US","@id":"https:\/\/mimoravel.com.br\/#\/schema\/logo\/image\/","url":"https:\/\/mimoravel.com.br\/wp-content\/uploads\/2024\/10\/logo_verde-scaled.webp","contentUrl":"https:\/\/mimoravel.com.br\/wp-content\/uploads\/2024\/10\/logo_verde-scaled.webp","width":2560,"height":757,"caption":"Mimor\u00e1vel"},"image":{"@id":"https:\/\/mimoravel.com.br\/#\/schema\/logo\/image\/"},"sameAs":["https:\/\/www.instagram.com\/mimoravel_\/","https:\/\/br.pinterest.com\/mimoravel\/"]}]}},"_links":{"self":[{"href":"https:\/\/mimoravel.com.br\/en\/wp-json\/wp\/v2\/product\/4147","targetHints":{"allow":["GET"]}}],"collection":[{"href":"https:\/\/mimoravel.com.br\/en\/wp-json\/wp\/v2\/product"}],"about":[{"href":"https:\/\/mimoravel.com.br\/en\/wp-json\/wp\/v2\/types\/product"}],"replies":[{"embeddable":true,"href":"https:\/\/mimoravel.com.br\/en\/wp-json\/wp\/v2\/comments?post=4147"}],"version-history":[{"count":12,"href":"https:\/\/mimoravel.com.br\/en\/wp-json\/wp\/v2\/product\/4147\/revisions"}],"predecessor-version":[{"id":4972,"href":"https:\/\/mimoravel.com.br\/en\/wp-json\/wp\/v2\/product\/4147\/revisions\/4972"}],"wp:featuredmedia":[{"embeddable":true,"href":"https:\/\/mimoravel.com.br\/en\/wp-json\/wp\/v2\/media\/4154"}],"wp:attachment":[{"href":"https:\/\/mimoravel.com.br\/en\/wp-json\/wp\/v2\/media?parent=4147"}],"wp:term":[{"taxonomy":"product_brand","embeddable":true,"href":"https:\/\/mimoravel.com.br\/en\/wp-json\/wp\/v2\/product_brand?post=4147"},{"taxonomy":"product_cat","embeddable":true,"href":"https:\/\/mimoravel.com.br\/en\/wp-json\/wp\/v2\/product_cat?post=4147"},{"taxonomy":"product_tag","embeddable":true,"href":"https:\/\/mimoravel.com.br\/en\/wp-json\/wp\/v2\/product_tag?post=4147"}],"curies":[{"name":"wp","href":"https:\/\/api.w.org\/{rel}","templated":true}]}}