{"id":4135,"date":"2025-02-06T01:13:23","date_gmt":"2025-02-06T01:13:23","guid":{"rendered":"https:\/\/mimoravel.com.br\/?post_type=product&#038;p=4135"},"modified":"2025-02-15T23:07:27","modified_gmt":"2025-02-15T23:07:27","slug":"mini-bloquinho-dia-da-mulher-brinde-corporativo-10-und","status":"publish","type":"product","link":"https:\/\/mimoravel.com.br\/en\/product\/mini-bloquinho-dia-da-mulher-brinde-corporativo-10-und\/","title":{"rendered":"Bloquinho de Anota\u00e7\u00f5es Dia da Mulher &#8211; Brinde Corporativo &#8211; 10 und."},"content":{"rendered":"<div data-elementor-type=\"product-post\" data-elementor-id=\"4135\" class=\"elementor elementor-4135\" data-elementor-post-type=\"product\">\n\t\t\t\t<div class=\"e-con-top elementor-element elementor-element-5d87d720 e-flex e-con-boxed e-con e-parent\" data-id=\"5d87d720\" data-element_type=\"container\">\n\t\t\t\t\t<div class=\"e-con-inner\">\n\t\t\t\t<div class=\"elementor-element elementor-element-4b539c7 elementor-widget elementor-widget-text-editor\" data-id=\"4b539c7\" data-element_type=\"widget\" data-widget_type=\"text-editor.default\">\n\t\t\t\t<div class=\"elementor-widget-container\">\n\t\t\t\t\t\t\t\t\t<p>Uma op\u00e7\u00e3o de brinde corporativo para o dia da mulher simples e funcional. Ser mulher \u00e9 ser do jeitinho que ela \u00e9! Essa \u00e9 uma cria\u00e7\u00e3o autoral Mimor\u00e1vel que foi desenhada com carinho para que as empresas possam presentear na campanha de 8 de mar\u00e7o, o Dia da Mulher, de forma afetiva e que valoriza a individualidade de cada mulher.<\/p><h5>Caracter\u00edsticas do Mini Bloquinho:<\/h5><ul><li>Tamanho A7;<\/li><li>60 folhas cor rosa;<\/li><li>Capa dura com lamina\u00e7\u00e3o fosca;<\/li><li>10 unidades (se for querer 20 unidades, adicione 2 no carrinho);<\/li><li>Personaliza\u00e7\u00e3o<\/li><\/ul><h5>Boas novas:<\/h5><div class=\"flex max-w-full flex-col flex-grow\"><div class=\"min-h-8 text-message flex w-full flex-col items-end gap-2 whitespace-normal break-words text-start [.text-message+&amp;]:mt-5\" dir=\"auto\" data-message-author-role=\"assistant\" data-message-id=\"50e9242a-4d84-459d-932f-464921a10d33\" data-message-model-slug=\"gpt-4o\"><div class=\"flex w-full flex-col gap-1 empty:hidden first:pt-[3px]\"><div class=\"markdown prose w-full break-words dark:prose-invert light\"><p data-start=\"0\" data-end=\"371\">Registrar ideias, sonhos e pensamentos faz parte da rotina de muitas mulheres. Por isso, os Bloquinhos de Anota\u00e7\u00f5es para o Dia da Mulher s\u00e3o mais do que simples acess\u00f3rios; na verdade, eles carregam significado, inspira\u00e7\u00e3o e beleza. Com uma estampa autoral exclusiva, esses bloquinhos celebram a for\u00e7a, a criatividade e a ess\u00eancia feminina de maneira \u00fanica.<\/p><p data-start=\"373\" data-end=\"794\">Al\u00e9m do design delicado e cheio de personalidade, esses bloquinhos s\u00e3o pr\u00e1ticos e vers\u00e1teis. Por serem compactos, s\u00e3o perfeitos para levar na bolsa, usar no trabalho ou deixar sempre \u00e0 m\u00e3o. Assim, ajudam a anotar compromissos, listas e reflex\u00f5es com facilidade. Seja para organizar o dia a dia ou escrever mensagens especiais, eles transformam cada anota\u00e7\u00e3o em um pequeno gesto de cuidado consigo mesma.<\/p><p data-start=\"796\" data-end=\"1290\">Al\u00e9m disso, esses bloquinhos s\u00e3o uma excelente op\u00e7\u00e3o de presente. No Dia da Mulher, por exemplo, gestos simb\u00f3licos fazem toda a diferen\u00e7a. Dessa forma, presentear com um bloquinho exclusivo demonstra reconhecimento e admira\u00e7\u00e3o. Seja para amigas, colegas de trabalho, clientes ou qualquer mulher especial na sua vida, esse presente carrega um significado poderoso. Afinal, pequenos detalhes transmitem grandes mensagens e mostram o quanto cada mulher merece ser valorizada.<\/p><p data-start=\"1292\" data-end=\"1627\" data-is-last-node=\"\">Outro ponto importante \u00e9 o apoio ao design criativo. Ao escolher um bloquinho com estampa autoral, voc\u00ea valoriza o feito \u00e0 m\u00e3o e incentiva a arte independente. Por isso, esses Bloquinhos de Anota\u00e7\u00f5es para o Dia da Mulher v\u00e3o al\u00e9m da utilidade; eles s\u00e3o uma homenagem ao poder e \u00e0 inspira\u00e7\u00e3o que cada mulher carrega consigo<\/p><\/div><\/div><\/div><\/div>\t\t\t\t\t\t\t\t<\/div>\n\t\t\t\t<\/div>\n\t\t\t\t\t<\/div>\n\t\t\t\t<\/div>\n\t\t\t\t<\/div>","protected":false},"excerpt":{"rendered":"<p style=\"text-align: left;\"><a style=\"display: inline-block; background: #7DA19E; color: #ffffff; padding: 8px 24px; text-align: center; font-weight: bold; text-decoration: none; text-transform: uppercase; border-radius: 3px; transition: background 0.3s ease, transform 1s ease; line-height: 1;\" href=\"https:\/\/wa.me\/5582988834239?text=Ol\u00e1! Quero personalizar este produto: https:\/\/mimoravel.com.br\/product\/mini-bloquinho-dia-da-mulher-brinde-corporativo-10-und\/\" target=\"_blank\" rel=\"noopener\">PERSONALIZAR NO WHATSAPP<br \/>\n<\/a><\/p>","protected":false},"featured_media":4136,"comment_status":"open","ping_status":"closed","template":"","meta":{"_acf_changed":false,"_joinchat":[]},"product_brand":[],"product_cat":[119],"product_tag":[],"class_list":{"0":"post-4135","1":"product","2":"type-product","3":"status-publish","4":"has-post-thumbnail","6":"product_cat-papelaria","8":"first","9":"onbackorder","10":"taxable","11":"shipping-taxable","12":"purchasable","13":"product-type-variable","14":"has-default-attributes","swatches":"rey-swatches","show_selected":""},"acf":[],"yoast_head":"<!-- This site is optimized with the Yoast SEO plugin v24.4 - https:\/\/yoast.com\/wordpress\/plugins\/seo\/ -->\n<title>Brinde corporativo dia da mulher<\/title>\n<meta name=\"description\" content=\"Brinde corporativo para celebrar o Dia da Mulher com bloquinhos de anota\u00e7\u00f5es exclusivos Com estampa autoral, floral e com frase inspiradora.\" \/>\n<meta name=\"robots\" content=\"index, follow, max-snippet:-1, max-image-preview:large, max-video-preview:-1\" \/>\n<link rel=\"canonical\" href=\"https:\/\/mimoravel.com.br\/en\/product\/mini-bloquinho-dia-da-mulher-brinde-corporativo-10-und\/\" \/>\n<meta property=\"og:locale\" content=\"en_US\" \/>\n<meta property=\"og:type\" content=\"article\" \/>\n<meta property=\"og:title\" content=\"Bloquinho de Anota\u00e7\u00f5es Dia da Mulher - Brinde Corporativo - 10 und.\" \/>\n<meta property=\"og:description\" content=\"Uma op\u00e7\u00e3o de brinde corporativo para o dia da mulher simples e funcional. Ser mulher \u00e9 ser do jeitinho que ela \u00e9! Essa \u00e9 uma cria\u00e7\u00e3o autoral Mimor\u00e1vel que foi desenhada com carinho para que as empresas possam presentear na campanha de 8 de mar\u00e7o, o Dia da Mulher, de forma afetiva e que valoriza a individualidade de cada mulher.\" \/>\n<meta property=\"og:url\" content=\"https:\/\/mimoravel.com.br\/en\/product\/mini-bloquinho-dia-da-mulher-brinde-corporativo-10-und\/\" \/>\n<meta property=\"og:site_name\" content=\"mimoravel.com.br\" \/>\n<meta property=\"article:publisher\" content=\"https:\/\/www.instagram.com\/mimoravel_\/\" \/>\n<meta property=\"article:modified_time\" content=\"2025-02-15T23:07:27+00:00\" \/>\n<meta property=\"og:image\" content=\"https:\/\/mimoravel.com.br\/wp-content\/uploads\/2025\/02\/3-_MG_2627.jpg\" \/>\n\t<meta property=\"og:image:width\" content=\"1365\" \/>\n\t<meta property=\"og:image:height\" content=\"2048\" \/>\n\t<meta property=\"og:image:type\" content=\"image\/jpeg\" \/>\n<meta name=\"twitter:card\" content=\"summary_large_image\" \/>\n<meta name=\"twitter:label1\" content=\"Est. reading time\" \/>\n\t<meta name=\"twitter:data1\" content=\"3 minutes\" \/>\n<script type=\"application\/ld+json\" class=\"yoast-schema-graph\">{\"@context\":\"https:\/\/schema.org\",\"@graph\":[{\"@type\":\"WebPage\",\"@id\":\"https:\/\/mimoravel.com.br\/product\/mini-bloquinho-dia-da-mulher-brinde-corporativo-10-und\/\",\"url\":\"https:\/\/mimoravel.com.br\/product\/mini-bloquinho-dia-da-mulher-brinde-corporativo-10-und\/\",\"name\":\"Brinde corporativo dia da mulher\",\"isPartOf\":{\"@id\":\"https:\/\/mimoravel.com.br\/#website\"},\"primaryImageOfPage\":{\"@id\":\"https:\/\/mimoravel.com.br\/product\/mini-bloquinho-dia-da-mulher-brinde-corporativo-10-und\/#primaryimage\"},\"image\":{\"@id\":\"https:\/\/mimoravel.com.br\/product\/mini-bloquinho-dia-da-mulher-brinde-corporativo-10-und\/#primaryimage\"},\"thumbnailUrl\":\"https:\/\/mimoravel.com.br\/wp-content\/uploads\/2025\/02\/3-_MG_2627.jpg\",\"datePublished\":\"2025-02-06T01:13:23+00:00\",\"dateModified\":\"2025-02-15T23:07:27+00:00\",\"description\":\"Brinde corporativo para celebrar o Dia da Mulher com bloquinhos de anota\u00e7\u00f5es exclusivos Com estampa autoral, floral e com frase inspiradora.\",\"breadcrumb\":{\"@id\":\"https:\/\/mimoravel.com.br\/product\/mini-bloquinho-dia-da-mulher-brinde-corporativo-10-und\/#breadcrumb\"},\"inLanguage\":\"en-US\",\"potentialAction\":[{\"@type\":\"ReadAction\",\"target\":[\"https:\/\/mimoravel.com.br\/product\/mini-bloquinho-dia-da-mulher-brinde-corporativo-10-und\/\"]}]},{\"@type\":\"ImageObject\",\"inLanguage\":\"en-US\",\"@id\":\"https:\/\/mimoravel.com.br\/product\/mini-bloquinho-dia-da-mulher-brinde-corporativo-10-und\/#primaryimage\",\"url\":\"https:\/\/mimoravel.com.br\/wp-content\/uploads\/2025\/02\/3-_MG_2627.jpg\",\"contentUrl\":\"https:\/\/mimoravel.com.br\/wp-content\/uploads\/2025\/02\/3-_MG_2627.jpg\",\"width\":1365,\"height\":2048,\"caption\":\"Bloquinho de anota\u00e7\u00e3o para o dia da mulher como brinde corporativo.\"},{\"@type\":\"BreadcrumbList\",\"@id\":\"https:\/\/mimoravel.com.br\/product\/mini-bloquinho-dia-da-mulher-brinde-corporativo-10-und\/#breadcrumb\",\"itemListElement\":[{\"@type\":\"ListItem\",\"position\":1,\"name\":\"Home\",\"item\":\"https:\/\/mimoravel.com.br\/\"},{\"@type\":\"ListItem\",\"position\":2,\"name\":\"Loja\",\"item\":\"https:\/\/mimoravel.com.br\/loja\/\"},{\"@type\":\"ListItem\",\"position\":3,\"name\":\"Bloquinho de Anota\u00e7\u00f5es Dia da Mulher &#8211; Brinde Corporativo &#8211; 10 und.\"}]},{\"@type\":\"WebSite\",\"@id\":\"https:\/\/mimoravel.com.br\/#website\",\"url\":\"https:\/\/mimoravel.com.br\/\",\"name\":\"mimoravel.com.br\",\"description\":\"\",\"publisher\":{\"@id\":\"https:\/\/mimoravel.com.br\/#organization\"},\"potentialAction\":[{\"@type\":\"SearchAction\",\"target\":{\"@type\":\"EntryPoint\",\"urlTemplate\":\"https:\/\/mimoravel.com.br\/?s={search_term_string}\"},\"query-input\":{\"@type\":\"PropertyValueSpecification\",\"valueRequired\":true,\"valueName\":\"search_term_string\"}}],\"inLanguage\":\"en-US\"},{\"@type\":\"Organization\",\"@id\":\"https:\/\/mimoravel.com.br\/#organization\",\"name\":\"Mimor\u00e1vel\",\"url\":\"https:\/\/mimoravel.com.br\/\",\"logo\":{\"@type\":\"ImageObject\",\"inLanguage\":\"en-US\",\"@id\":\"https:\/\/mimoravel.com.br\/#\/schema\/logo\/image\/\",\"url\":\"https:\/\/mimoravel.com.br\/wp-content\/uploads\/2024\/10\/logo_verde-scaled.webp\",\"contentUrl\":\"https:\/\/mimoravel.com.br\/wp-content\/uploads\/2024\/10\/logo_verde-scaled.webp\",\"width\":2560,\"height\":757,\"caption\":\"Mimor\u00e1vel\"},\"image\":{\"@id\":\"https:\/\/mimoravel.com.br\/#\/schema\/logo\/image\/\"},\"sameAs\":[\"https:\/\/www.instagram.com\/mimoravel_\/\",\"https:\/\/br.pinterest.com\/mimoravel\/\"]}]}<\/script>\n<!-- \/ Yoast SEO plugin. -->","yoast_head_json":{"title":"Brinde corporativo dia da mulher","description":"Brinde corporativo para celebrar o Dia da Mulher com bloquinhos de anota\u00e7\u00f5es exclusivos Com estampa autoral, floral e com frase inspiradora.","robots":{"index":"index","follow":"follow","max-snippet":"max-snippet:-1","max-image-preview":"max-image-preview:large","max-video-preview":"max-video-preview:-1"},"canonical":"https:\/\/mimoravel.com.br\/en\/product\/mini-bloquinho-dia-da-mulher-brinde-corporativo-10-und\/","og_locale":"en_US","og_type":"article","og_title":"Bloquinho de Anota\u00e7\u00f5es Dia da Mulher - Brinde Corporativo - 10 und.","og_description":"Uma op\u00e7\u00e3o de brinde corporativo para o dia da mulher simples e funcional. Ser mulher \u00e9 ser do jeitinho que ela \u00e9! Essa \u00e9 uma cria\u00e7\u00e3o autoral Mimor\u00e1vel que foi desenhada com carinho para que as empresas possam presentear na campanha de 8 de mar\u00e7o, o Dia da Mulher, de forma afetiva e que valoriza a individualidade de cada mulher.","og_url":"https:\/\/mimoravel.com.br\/en\/product\/mini-bloquinho-dia-da-mulher-brinde-corporativo-10-und\/","og_site_name":"mimoravel.com.br","article_publisher":"https:\/\/www.instagram.com\/mimoravel_\/","article_modified_time":"2025-02-15T23:07:27+00:00","og_image":[{"width":1365,"height":2048,"url":"https:\/\/mimoravel.com.br\/wp-content\/uploads\/2025\/02\/3-_MG_2627.jpg","type":"image\/jpeg"}],"twitter_card":"summary_large_image","twitter_misc":{"Est. reading time":"3 minutes"},"schema":{"@context":"https:\/\/schema.org","@graph":[{"@type":"WebPage","@id":"https:\/\/mimoravel.com.br\/product\/mini-bloquinho-dia-da-mulher-brinde-corporativo-10-und\/","url":"https:\/\/mimoravel.com.br\/product\/mini-bloquinho-dia-da-mulher-brinde-corporativo-10-und\/","name":"Brinde corporativo dia da mulher","isPartOf":{"@id":"https:\/\/mimoravel.com.br\/#website"},"primaryImageOfPage":{"@id":"https:\/\/mimoravel.com.br\/product\/mini-bloquinho-dia-da-mulher-brinde-corporativo-10-und\/#primaryimage"},"image":{"@id":"https:\/\/mimoravel.com.br\/product\/mini-bloquinho-dia-da-mulher-brinde-corporativo-10-und\/#primaryimage"},"thumbnailUrl":"https:\/\/mimoravel.com.br\/wp-content\/uploads\/2025\/02\/3-_MG_2627.jpg","datePublished":"2025-02-06T01:13:23+00:00","dateModified":"2025-02-15T23:07:27+00:00","description":"Brinde corporativo para celebrar o Dia da Mulher com bloquinhos de anota\u00e7\u00f5es exclusivos Com estampa autoral, floral e com frase inspiradora.","breadcrumb":{"@id":"https:\/\/mimoravel.com.br\/product\/mini-bloquinho-dia-da-mulher-brinde-corporativo-10-und\/#breadcrumb"},"inLanguage":"en-US","potentialAction":[{"@type":"ReadAction","target":["https:\/\/mimoravel.com.br\/product\/mini-bloquinho-dia-da-mulher-brinde-corporativo-10-und\/"]}]},{"@type":"ImageObject","inLanguage":"en-US","@id":"https:\/\/mimoravel.com.br\/product\/mini-bloquinho-dia-da-mulher-brinde-corporativo-10-und\/#primaryimage","url":"https:\/\/mimoravel.com.br\/wp-content\/uploads\/2025\/02\/3-_MG_2627.jpg","contentUrl":"https:\/\/mimoravel.com.br\/wp-content\/uploads\/2025\/02\/3-_MG_2627.jpg","width":1365,"height":2048,"caption":"Bloquinho de anota\u00e7\u00e3o para o dia da mulher como brinde corporativo."},{"@type":"BreadcrumbList","@id":"https:\/\/mimoravel.com.br\/product\/mini-bloquinho-dia-da-mulher-brinde-corporativo-10-und\/#breadcrumb","itemListElement":[{"@type":"ListItem","position":1,"name":"Home","item":"https:\/\/mimoravel.com.br\/"},{"@type":"ListItem","position":2,"name":"Loja","item":"https:\/\/mimoravel.com.br\/loja\/"},{"@type":"ListItem","position":3,"name":"Bloquinho de Anota\u00e7\u00f5es Dia da Mulher &#8211; Brinde Corporativo &#8211; 10 und."}]},{"@type":"WebSite","@id":"https:\/\/mimoravel.com.br\/#website","url":"https:\/\/mimoravel.com.br\/","name":"mimoravel.com.br","description":"","publisher":{"@id":"https:\/\/mimoravel.com.br\/#organization"},"potentialAction":[{"@type":"SearchAction","target":{"@type":"EntryPoint","urlTemplate":"https:\/\/mimoravel.com.br\/?s={search_term_string}"},"query-input":{"@type":"PropertyValueSpecification","valueRequired":true,"valueName":"search_term_string"}}],"inLanguage":"en-US"},{"@type":"Organization","@id":"https:\/\/mimoravel.com.br\/#organization","name":"Mimor\u00e1vel","url":"https:\/\/mimoravel.com.br\/","logo":{"@type":"ImageObject","inLanguage":"en-US","@id":"https:\/\/mimoravel.com.br\/#\/schema\/logo\/image\/","url":"https:\/\/mimoravel.com.br\/wp-content\/uploads\/2024\/10\/logo_verde-scaled.webp","contentUrl":"https:\/\/mimoravel.com.br\/wp-content\/uploads\/2024\/10\/logo_verde-scaled.webp","width":2560,"height":757,"caption":"Mimor\u00e1vel"},"image":{"@id":"https:\/\/mimoravel.com.br\/#\/schema\/logo\/image\/"},"sameAs":["https:\/\/www.instagram.com\/mimoravel_\/","https:\/\/br.pinterest.com\/mimoravel\/"]}]}},"_links":{"self":[{"href":"https:\/\/mimoravel.com.br\/en\/wp-json\/wp\/v2\/product\/4135","targetHints":{"allow":["GET"]}}],"collection":[{"href":"https:\/\/mimoravel.com.br\/en\/wp-json\/wp\/v2\/product"}],"about":[{"href":"https:\/\/mimoravel.com.br\/en\/wp-json\/wp\/v2\/types\/product"}],"replies":[{"embeddable":true,"href":"https:\/\/mimoravel.com.br\/en\/wp-json\/wp\/v2\/comments?post=4135"}],"version-history":[{"count":13,"href":"https:\/\/mimoravel.com.br\/en\/wp-json\/wp\/v2\/product\/4135\/revisions"}],"predecessor-version":[{"id":4532,"href":"https:\/\/mimoravel.com.br\/en\/wp-json\/wp\/v2\/product\/4135\/revisions\/4532"}],"wp:featuredmedia":[{"embeddable":true,"href":"https:\/\/mimoravel.com.br\/en\/wp-json\/wp\/v2\/media\/4136"}],"wp:attachment":[{"href":"https:\/\/mimoravel.com.br\/en\/wp-json\/wp\/v2\/media?parent=4135"}],"wp:term":[{"taxonomy":"product_brand","embeddable":true,"href":"https:\/\/mimoravel.com.br\/en\/wp-json\/wp\/v2\/product_brand?post=4135"},{"taxonomy":"product_cat","embeddable":true,"href":"https:\/\/mimoravel.com.br\/en\/wp-json\/wp\/v2\/product_cat?post=4135"},{"taxonomy":"product_tag","embeddable":true,"href":"https:\/\/mimoravel.com.br\/en\/wp-json\/wp\/v2\/product_tag?post=4135"}],"curies":[{"name":"wp","href":"https:\/\/api.w.org\/{rel}","templated":true}]}}