{"id":3917,"date":"2025-02-01T11:34:59","date_gmt":"2025-02-01T11:34:59","guid":{"rendered":"https:\/\/mimoravel.com.br\/?post_type=product&#038;p=3917"},"modified":"2025-07-02T15:58:14","modified_gmt":"2025-07-02T15:58:14","slug":"tampa-de-bambu-hermetica","status":"publish","type":"product","link":"https:\/\/mimoravel.com.br\/en\/product\/tampa-de-bambu-hermetica\/","title":{"rendered":"Tampa de bambu para caneca"},"content":{"rendered":"<p>A tampa de bambu para caneca herm\u00e9tica \u00e9 utilizada para conservar a temperatura de bebidas frias ou quentes por mais tempo na sua caneca ou x\u00edcara. Ajuda a proteger contra poss\u00edveis contamina\u00e7\u00f5es como insetos, cabelo ou poeiras. Nos ch\u00e1s, as tampas de bambu ajudam no processo de infus\u00e3o. Al\u00e9m de dar um toque r\u00fastico e elegante para a sua bebida.<\/p>\n<p><strong>Medidas:<\/strong> Elas cabem em x\u00edcaras ou canecas com um di\u00e2metro interno da boca com 7,5cm at\u00e9 7,8cm.<\/p>\n<h5>Boas novas:<\/h5>\n<p data-start=\"127\" data-end=\"364\">Pequenos detalhes fazem toda a diferen\u00e7a no dia a dia. A <strong data-start=\"184\" data-end=\"224\">Tampa de Bambu para Caneca Herm\u00e9tica<\/strong> combina funcionalidade e est\u00e9tica, proporcionando uma experi\u00eancia mais pr\u00e1tica e sofisticada para quem ama apreciar bebidas com conforto.<\/p>\n<p data-start=\"366\" data-end=\"747\">Feita de bambu, essa tampa \u00e9 uma alternativa sustent\u00e1vel e dur\u00e1vel. Al\u00e9m de ajudar a manter a temperatura da bebida por mais tempo, tamb\u00e9m protege contra poeira e evita derramamentos. Assim, voc\u00ea pode levar sua caneca para diferentes ambientes sem preocupa\u00e7\u00f5es. Seja no escrit\u00f3rio, em casa ou at\u00e9 em momentos de lazer ao ar livre, essa tampa garante mais seguran\u00e7a e praticidade.<\/p>\n<p data-start=\"749\" data-end=\"1062\">Outro grande diferencial \u00e9 o design elegante e natural do bambu. Ele traz um toque sofisticado e harmoniza perfeitamente com diferentes estilos de canecas. Al\u00e9m disso, a tampa \u00e9 leve, resistente e f\u00e1cil de limpar, tornando-se uma excelente escolha para quem busca um acess\u00f3rio funcional sem abrir m\u00e3o da beleza.<\/p>\n<p data-start=\"1064\" data-end=\"1381\">Essa tampa tamb\u00e9m \u00e9 uma \u00f3tima op\u00e7\u00e3o de presente. Afinal, pequenos acess\u00f3rios personalizados agregam valor e tornam cada uso ainda mais especial. Seja para um amigo que ama caf\u00e9, um colega de trabalho que sempre tem uma bebida quente por perto ou at\u00e9 para voc\u00ea mesmo, ela se encaixa perfeitamente em qualquer rotina.<\/p>\n<p data-start=\"1383\" data-end=\"1603\">Seja para preservar sua bebida, evitar sujeiras ou adicionar um charme extra \u00e0 sua caneca, a <strong data-start=\"1476\" data-end=\"1516\">Tampa de Bambu para Caneca Herm\u00e9tica<\/strong> \u00e9 um item indispens\u00e1vel. Praticidade, eleg\u00e2ncia e sustentabilidade em um s\u00f3 produto.<\/p>","protected":false},"excerpt":{"rendered":"<p>Para proteger, conservar a temperatura, ajudar no processo de infus\u00e3o ou dar um toque elegante para a sua bebida na caneca ou x\u00edcara.<\/p>","protected":false},"featured_media":3921,"comment_status":"open","ping_status":"closed","template":"","meta":{"_acf_changed":false,"_joinchat":[]},"product_brand":[],"product_cat":[70,64],"product_tag":[],"class_list":{"0":"post-3917","1":"product","2":"type-product","3":"status-publish","4":"has-post-thumbnail","6":"product_cat-produto-caneca-personalizada","7":"product_cat-produtos-de-madeira","8":"wcpa_has_options","10":"first","11":"instock","12":"taxable","13":"shipping-taxable","14":"purchasable","15":"product-type-variable","swatches":"rey-swatches","show_selected":""},"acf":[],"yoast_head":"<!-- This site is optimized with the Yoast SEO plugin v24.4 - https:\/\/yoast.com\/wordpress\/plugins\/seo\/ -->\n<title>Tampa de bambu para caneca - mimoravel.com.br<\/title>\n<meta name=\"description\" content=\"Complemente sua caneca herm\u00e9tica com a Tampa de Bambu. Sustent\u00e1vel, elegante e funcional, ela mant\u00e9m sua bebida protegida e na temperatura ideal.\" \/>\n<meta name=\"robots\" content=\"index, follow, max-snippet:-1, max-image-preview:large, max-video-preview:-1\" \/>\n<link rel=\"canonical\" href=\"https:\/\/mimoravel.com.br\/en\/product\/tampa-de-bambu-hermetica\/\" \/>\n<meta property=\"og:locale\" content=\"en_US\" \/>\n<meta property=\"og:type\" content=\"article\" \/>\n<meta property=\"og:title\" content=\"Tampa de bambu para caneca - mimoravel.com.br\" \/>\n<meta property=\"og:description\" content=\"Complemente sua caneca herm\u00e9tica com a Tampa de Bambu. Sustent\u00e1vel, elegante e funcional, ela mant\u00e9m sua bebida protegida e na temperatura ideal.\" \/>\n<meta property=\"og:url\" content=\"https:\/\/mimoravel.com.br\/en\/product\/tampa-de-bambu-hermetica\/\" \/>\n<meta property=\"og:site_name\" content=\"mimoravel.com.br\" \/>\n<meta property=\"article:publisher\" content=\"https:\/\/www.instagram.com\/mimoravel_\/\" \/>\n<meta property=\"article:modified_time\" content=\"2025-07-02T15:58:14+00:00\" \/>\n<meta property=\"og:image\" content=\"https:\/\/mimoravel.com.br\/wp-content\/uploads\/2025\/02\/MG_2595-scaled.jpg\" \/>\n\t<meta property=\"og:image:width\" content=\"1707\" \/>\n\t<meta property=\"og:image:height\" content=\"2560\" \/>\n\t<meta property=\"og:image:type\" content=\"image\/jpeg\" \/>\n<meta name=\"twitter:card\" content=\"summary_large_image\" \/>\n<meta name=\"twitter:label1\" content=\"Est. reading time\" \/>\n\t<meta name=\"twitter:data1\" content=\"2 minutes\" \/>\n<script type=\"application\/ld+json\" class=\"yoast-schema-graph\">{\"@context\":\"https:\/\/schema.org\",\"@graph\":[{\"@type\":\"WebPage\",\"@id\":\"https:\/\/mimoravel.com.br\/product\/tampa-de-bambu-hermetica\/\",\"url\":\"https:\/\/mimoravel.com.br\/product\/tampa-de-bambu-hermetica\/\",\"name\":\"Tampa de bambu para caneca - mimoravel.com.br\",\"isPartOf\":{\"@id\":\"https:\/\/mimoravel.com.br\/#website\"},\"primaryImageOfPage\":{\"@id\":\"https:\/\/mimoravel.com.br\/product\/tampa-de-bambu-hermetica\/#primaryimage\"},\"image\":{\"@id\":\"https:\/\/mimoravel.com.br\/product\/tampa-de-bambu-hermetica\/#primaryimage\"},\"thumbnailUrl\":\"https:\/\/mimoravel.com.br\/wp-content\/uploads\/2025\/02\/MG_2595-scaled.jpg\",\"datePublished\":\"2025-02-01T11:34:59+00:00\",\"dateModified\":\"2025-07-02T15:58:14+00:00\",\"description\":\"Complemente sua caneca herm\u00e9tica com a Tampa de Bambu. Sustent\u00e1vel, elegante e funcional, ela mant\u00e9m sua bebida protegida e na temperatura ideal.\",\"breadcrumb\":{\"@id\":\"https:\/\/mimoravel.com.br\/product\/tampa-de-bambu-hermetica\/#breadcrumb\"},\"inLanguage\":\"en-US\",\"potentialAction\":[{\"@type\":\"ReadAction\",\"target\":[\"https:\/\/mimoravel.com.br\/product\/tampa-de-bambu-hermetica\/\"]}]},{\"@type\":\"ImageObject\",\"inLanguage\":\"en-US\",\"@id\":\"https:\/\/mimoravel.com.br\/product\/tampa-de-bambu-hermetica\/#primaryimage\",\"url\":\"https:\/\/mimoravel.com.br\/wp-content\/uploads\/2025\/02\/MG_2595-scaled.jpg\",\"contentUrl\":\"https:\/\/mimoravel.com.br\/wp-content\/uploads\/2025\/02\/MG_2595-scaled.jpg\",\"width\":1707,\"height\":2560,\"caption\":\"Tampa de bambu para caneca herm\u00e9tica\"},{\"@type\":\"BreadcrumbList\",\"@id\":\"https:\/\/mimoravel.com.br\/product\/tampa-de-bambu-hermetica\/#breadcrumb\",\"itemListElement\":[{\"@type\":\"ListItem\",\"position\":1,\"name\":\"Home\",\"item\":\"https:\/\/mimoravel.com.br\/\"},{\"@type\":\"ListItem\",\"position\":2,\"name\":\"Loja\",\"item\":\"https:\/\/mimoravel.com.br\/loja\/\"},{\"@type\":\"ListItem\",\"position\":3,\"name\":\"Tampa de bambu para caneca\"}]},{\"@type\":\"WebSite\",\"@id\":\"https:\/\/mimoravel.com.br\/#website\",\"url\":\"https:\/\/mimoravel.com.br\/\",\"name\":\"mimoravel.com.br\",\"description\":\"\",\"publisher\":{\"@id\":\"https:\/\/mimoravel.com.br\/#organization\"},\"potentialAction\":[{\"@type\":\"SearchAction\",\"target\":{\"@type\":\"EntryPoint\",\"urlTemplate\":\"https:\/\/mimoravel.com.br\/?s={search_term_string}\"},\"query-input\":{\"@type\":\"PropertyValueSpecification\",\"valueRequired\":true,\"valueName\":\"search_term_string\"}}],\"inLanguage\":\"en-US\"},{\"@type\":\"Organization\",\"@id\":\"https:\/\/mimoravel.com.br\/#organization\",\"name\":\"Mimor\u00e1vel\",\"url\":\"https:\/\/mimoravel.com.br\/\",\"logo\":{\"@type\":\"ImageObject\",\"inLanguage\":\"en-US\",\"@id\":\"https:\/\/mimoravel.com.br\/#\/schema\/logo\/image\/\",\"url\":\"https:\/\/mimoravel.com.br\/wp-content\/uploads\/2024\/10\/logo_verde-scaled.webp\",\"contentUrl\":\"https:\/\/mimoravel.com.br\/wp-content\/uploads\/2024\/10\/logo_verde-scaled.webp\",\"width\":2560,\"height\":757,\"caption\":\"Mimor\u00e1vel\"},\"image\":{\"@id\":\"https:\/\/mimoravel.com.br\/#\/schema\/logo\/image\/\"},\"sameAs\":[\"https:\/\/www.instagram.com\/mimoravel_\/\",\"https:\/\/br.pinterest.com\/mimoravel\/\"]}]}<\/script>\n<!-- \/ Yoast SEO plugin. -->","yoast_head_json":{"title":"Tampa de bambu para caneca - mimoravel.com.br","description":"Complemente sua caneca herm\u00e9tica com a Tampa de Bambu. Sustent\u00e1vel, elegante e funcional, ela mant\u00e9m sua bebida protegida e na temperatura ideal.","robots":{"index":"index","follow":"follow","max-snippet":"max-snippet:-1","max-image-preview":"max-image-preview:large","max-video-preview":"max-video-preview:-1"},"canonical":"https:\/\/mimoravel.com.br\/en\/product\/tampa-de-bambu-hermetica\/","og_locale":"en_US","og_type":"article","og_title":"Tampa de bambu para caneca - mimoravel.com.br","og_description":"Complemente sua caneca herm\u00e9tica com a Tampa de Bambu. Sustent\u00e1vel, elegante e funcional, ela mant\u00e9m sua bebida protegida e na temperatura ideal.","og_url":"https:\/\/mimoravel.com.br\/en\/product\/tampa-de-bambu-hermetica\/","og_site_name":"mimoravel.com.br","article_publisher":"https:\/\/www.instagram.com\/mimoravel_\/","article_modified_time":"2025-07-02T15:58:14+00:00","og_image":[{"width":1707,"height":2560,"url":"https:\/\/mimoravel.com.br\/wp-content\/uploads\/2025\/02\/MG_2595-scaled.jpg","type":"image\/jpeg"}],"twitter_card":"summary_large_image","twitter_misc":{"Est. reading time":"2 minutes"},"schema":{"@context":"https:\/\/schema.org","@graph":[{"@type":"WebPage","@id":"https:\/\/mimoravel.com.br\/product\/tampa-de-bambu-hermetica\/","url":"https:\/\/mimoravel.com.br\/product\/tampa-de-bambu-hermetica\/","name":"Tampa de bambu para caneca - mimoravel.com.br","isPartOf":{"@id":"https:\/\/mimoravel.com.br\/#website"},"primaryImageOfPage":{"@id":"https:\/\/mimoravel.com.br\/product\/tampa-de-bambu-hermetica\/#primaryimage"},"image":{"@id":"https:\/\/mimoravel.com.br\/product\/tampa-de-bambu-hermetica\/#primaryimage"},"thumbnailUrl":"https:\/\/mimoravel.com.br\/wp-content\/uploads\/2025\/02\/MG_2595-scaled.jpg","datePublished":"2025-02-01T11:34:59+00:00","dateModified":"2025-07-02T15:58:14+00:00","description":"Complemente sua caneca herm\u00e9tica com a Tampa de Bambu. Sustent\u00e1vel, elegante e funcional, ela mant\u00e9m sua bebida protegida e na temperatura ideal.","breadcrumb":{"@id":"https:\/\/mimoravel.com.br\/product\/tampa-de-bambu-hermetica\/#breadcrumb"},"inLanguage":"en-US","potentialAction":[{"@type":"ReadAction","target":["https:\/\/mimoravel.com.br\/product\/tampa-de-bambu-hermetica\/"]}]},{"@type":"ImageObject","inLanguage":"en-US","@id":"https:\/\/mimoravel.com.br\/product\/tampa-de-bambu-hermetica\/#primaryimage","url":"https:\/\/mimoravel.com.br\/wp-content\/uploads\/2025\/02\/MG_2595-scaled.jpg","contentUrl":"https:\/\/mimoravel.com.br\/wp-content\/uploads\/2025\/02\/MG_2595-scaled.jpg","width":1707,"height":2560,"caption":"Tampa de bambu para caneca herm\u00e9tica"},{"@type":"BreadcrumbList","@id":"https:\/\/mimoravel.com.br\/product\/tampa-de-bambu-hermetica\/#breadcrumb","itemListElement":[{"@type":"ListItem","position":1,"name":"Home","item":"https:\/\/mimoravel.com.br\/"},{"@type":"ListItem","position":2,"name":"Loja","item":"https:\/\/mimoravel.com.br\/loja\/"},{"@type":"ListItem","position":3,"name":"Tampa de bambu para caneca"}]},{"@type":"WebSite","@id":"https:\/\/mimoravel.com.br\/#website","url":"https:\/\/mimoravel.com.br\/","name":"mimoravel.com.br","description":"","publisher":{"@id":"https:\/\/mimoravel.com.br\/#organization"},"potentialAction":[{"@type":"SearchAction","target":{"@type":"EntryPoint","urlTemplate":"https:\/\/mimoravel.com.br\/?s={search_term_string}"},"query-input":{"@type":"PropertyValueSpecification","valueRequired":true,"valueName":"search_term_string"}}],"inLanguage":"en-US"},{"@type":"Organization","@id":"https:\/\/mimoravel.com.br\/#organization","name":"Mimor\u00e1vel","url":"https:\/\/mimoravel.com.br\/","logo":{"@type":"ImageObject","inLanguage":"en-US","@id":"https:\/\/mimoravel.com.br\/#\/schema\/logo\/image\/","url":"https:\/\/mimoravel.com.br\/wp-content\/uploads\/2024\/10\/logo_verde-scaled.webp","contentUrl":"https:\/\/mimoravel.com.br\/wp-content\/uploads\/2024\/10\/logo_verde-scaled.webp","width":2560,"height":757,"caption":"Mimor\u00e1vel"},"image":{"@id":"https:\/\/mimoravel.com.br\/#\/schema\/logo\/image\/"},"sameAs":["https:\/\/www.instagram.com\/mimoravel_\/","https:\/\/br.pinterest.com\/mimoravel\/"]}]}},"_links":{"self":[{"href":"https:\/\/mimoravel.com.br\/en\/wp-json\/wp\/v2\/product\/3917","targetHints":{"allow":["GET"]}}],"collection":[{"href":"https:\/\/mimoravel.com.br\/en\/wp-json\/wp\/v2\/product"}],"about":[{"href":"https:\/\/mimoravel.com.br\/en\/wp-json\/wp\/v2\/types\/product"}],"replies":[{"embeddable":true,"href":"https:\/\/mimoravel.com.br\/en\/wp-json\/wp\/v2\/comments?post=3917"}],"version-history":[{"count":2,"href":"https:\/\/mimoravel.com.br\/en\/wp-json\/wp\/v2\/product\/3917\/revisions"}],"predecessor-version":[{"id":5018,"href":"https:\/\/mimoravel.com.br\/en\/wp-json\/wp\/v2\/product\/3917\/revisions\/5018"}],"wp:featuredmedia":[{"embeddable":true,"href":"https:\/\/mimoravel.com.br\/en\/wp-json\/wp\/v2\/media\/3921"}],"wp:attachment":[{"href":"https:\/\/mimoravel.com.br\/en\/wp-json\/wp\/v2\/media?parent=3917"}],"wp:term":[{"taxonomy":"product_brand","embeddable":true,"href":"https:\/\/mimoravel.com.br\/en\/wp-json\/wp\/v2\/product_brand?post=3917"},{"taxonomy":"product_cat","embeddable":true,"href":"https:\/\/mimoravel.com.br\/en\/wp-json\/wp\/v2\/product_cat?post=3917"},{"taxonomy":"product_tag","embeddable":true,"href":"https:\/\/mimoravel.com.br\/en\/wp-json\/wp\/v2\/product_tag?post=3917"}],"curies":[{"name":"wp","href":"https:\/\/api.w.org\/{rel}","templated":true}]}}