{"id":2475,"date":"2024-11-28T16:50:35","date_gmt":"2024-11-28T16:50:35","guid":{"rendered":"https:\/\/mimoravel.com.br\/?post_type=product&#038;p=2475"},"modified":"2025-02-20T12:37:20","modified_gmt":"2025-02-20T12:37:20","slug":"garrafa-termica-curso-psicologia","status":"publish","type":"product","link":"https:\/\/mimoravel.com.br\/en\/product\/garrafa-termica-curso-psicologia\/","title":{"rendered":"Garrafa T\u00e9rmica &#8211; Curso Psicologia"},"content":{"rendered":"<p>A Garrafa T\u00e9rmica &#8211; Curso Psicologia foi desenhada pelo carinho que sentimos por nossas clientes que s\u00e3o da \u00e1rea de Psicologia. Acreditamos na capacidade de criar um mundo iluminado e pr\u00f3spero atrav\u00e9s do conhecimento e do zelo da nossa sa\u00fade mental, principalmente quando h\u00e1 um prop\u00f3sito definido. Por isso desenvolvemos esta grava\u00e7\u00e3o autoral trazendo o s\u00edmbolo do curso de Psicologia trabalhado com ramos que representam crescimento e prosperidade envoltos de pontos luminosos como as estrelas, o sol e a lua, representando a curiosidade e os novos conhecimento que tra\u00e7ar\u00e3o a carreira de novas psic\u00f3logas. O nome &#8220;Psicologia&#8221; foi desenhado a m\u00e3o, para expressar humanidade, eleg\u00e2ncia e exclusividade.<\/p>\n<p>A Garrafa T\u00e9rmica &#8211; Curso Psicologia foi gravada a laser, revelando o brilho met\u00e1lico que destaca o design iluminado das estrelas e dos astros.<\/p>\n<h5>Caracter\u00edsticas:<\/h5>\n<ul>\n<li>T\u00e9rmica<\/li>\n<li>Grava\u00e7\u00e3o \u00e0 laser<\/li>\n<li>Anodizado Preto<\/li>\n<li>500ml<\/li>\n<\/ul>\n<h5>Dicas de uso e ocasi\u00f5es para presentear:<\/h5>\n<p data-start=\"46\" data-end=\"399\">A Garrafa T\u00e9rmica &#8211; Curso Psicologia \u00e9 ideal para acompanhar psic\u00f3logas em seu dia a dia, seja no trabalho, durante atendimentos ou enquanto estudam. Al\u00e9m disso, ela mant\u00e9m suas bebidas na temperatura ideal por horas, garantindo conforto e praticidade. Voc\u00ea pode us\u00e1-la tanto no consult\u00f3rio quanto em casa ou at\u00e9 mesmo em eventos e palestras.<\/p>\n<p data-start=\"401\" data-end=\"806\">Esse presente \u00e9 ideal para diversas ocasi\u00f5es. Por exemplo, \u00e9 uma \u00f3tima escolha para formaturas em Psicologia, anivers\u00e1rios de psic\u00f3logas ou para comemorar um novo ciclo profissional. Al\u00e9m disso, a garrafa pode ser um presente marcante para colegas de trabalho ou at\u00e9 mesmo para se dar de presente, simbolizando o cuidado com a sa\u00fade mental e o compromisso com o crescimento pessoal e profissional.<\/p>\n<p data-start=\"808\" data-end=\"1218\" data-is-last-node=\"\">Se preferir, voc\u00ea pode dar a garrafa como um gesto simb\u00f3lico para quem est\u00e1 come\u00e7ando a carreira. Dessa forma, ela vai servir de incentivo para trilhar o caminho iluminado e pr\u00f3spero da Psicologia, ao mesmo tempo em que traz um toque de exclusividade e eleg\u00e2ncia. Em resumo, a garrafa \u00e9 um presente funcional, bonito e cheio de significado, perfeito para quem valoriza o conhecimento e o bem-estar.<\/p>","protected":false},"excerpt":{"rendered":"<p>\u00c9 pelo carinho que sentimos por nossas clientes Psic\u00f3logas que produzimos esta garrafa t\u00e9rmica para o curso de Psicologia.<\/p>","protected":false},"featured_media":3893,"comment_status":"open","ping_status":"closed","template":"","meta":{"_acf_changed":false,"_joinchat":[]},"product_brand":[],"product_cat":[67,72],"product_tag":[116,115,114],"class_list":{"0":"post-2475","1":"product","2":"type-product","3":"status-publish","4":"has-post-thumbnail","6":"product_cat-garrafas","7":"product_cat-laser","8":"product_tag-garrafa-termica","9":"product_tag-psicologa","10":"product_tag-psicologia","11":"pa_cor-preta","13":"first","14":"instock","15":"taxable","16":"shipping-taxable","17":"purchasable","18":"product-type-simple","swatches":"rey-swatches","show_selected":""},"acf":[],"yoast_head":"<!-- This site is optimized with the Yoast SEO plugin v24.4 - https:\/\/yoast.com\/wordpress\/plugins\/seo\/ -->\n<title>Garrafa T\u00e9rmica - Curso Psicologia - mimoravel.com.br<\/title>\n<meta name=\"description\" content=\"A Garrafa T\u00e9rmica - Curso Psicologia traz um design exclusivo, com grava\u00e7\u00e3o a laser do s\u00edmbolo da Psicologia, adornado por ramos, estrelas e astros.\" \/>\n<meta name=\"robots\" content=\"index, follow, max-snippet:-1, max-image-preview:large, max-video-preview:-1\" \/>\n<link rel=\"canonical\" href=\"https:\/\/mimoravel.com.br\/en\/product\/garrafa-termica-curso-psicologia\/\" \/>\n<meta property=\"og:locale\" content=\"en_US\" \/>\n<meta property=\"og:type\" content=\"article\" \/>\n<meta property=\"og:title\" content=\"A Garrafa T\u00e9rmica - Curso Psicologia\" \/>\n<meta property=\"og:description\" content=\"A Garrafa T\u00e9rmica - Curso Psicologia traz um design exclusivo, com grava\u00e7\u00e3o a laser do s\u00edmbolo da Psicologia, adornado por ramos, estrelas e astros.\" \/>\n<meta property=\"og:url\" content=\"https:\/\/mimoravel.com.br\/en\/product\/garrafa-termica-curso-psicologia\/\" \/>\n<meta property=\"og:site_name\" content=\"mimoravel.com.br\" \/>\n<meta property=\"article:publisher\" content=\"https:\/\/www.instagram.com\/mimoravel_\/\" \/>\n<meta property=\"article:modified_time\" content=\"2025-02-20T12:37:20+00:00\" \/>\n<meta property=\"og:image\" content=\"https:\/\/mimoravel.com.br\/wp-content\/uploads\/2024\/11\/MG_2243.jpg\" \/>\n\t<meta property=\"og:image:width\" content=\"1280\" \/>\n\t<meta property=\"og:image:height\" content=\"1920\" \/>\n\t<meta property=\"og:image:type\" content=\"image\/jpeg\" \/>\n<meta name=\"twitter:card\" content=\"summary_large_image\" \/>\n<meta name=\"twitter:label1\" content=\"Est. reading time\" \/>\n\t<meta name=\"twitter:data1\" content=\"3 minutes\" \/>\n<script type=\"application\/ld+json\" class=\"yoast-schema-graph\">{\"@context\":\"https:\/\/schema.org\",\"@graph\":[{\"@type\":\"WebPage\",\"@id\":\"https:\/\/mimoravel.com.br\/product\/garrafa-termica-curso-psicologia\/\",\"url\":\"https:\/\/mimoravel.com.br\/product\/garrafa-termica-curso-psicologia\/\",\"name\":\"Garrafa T\u00e9rmica - Curso Psicologia - mimoravel.com.br\",\"isPartOf\":{\"@id\":\"https:\/\/mimoravel.com.br\/#website\"},\"primaryImageOfPage\":{\"@id\":\"https:\/\/mimoravel.com.br\/product\/garrafa-termica-curso-psicologia\/#primaryimage\"},\"image\":{\"@id\":\"https:\/\/mimoravel.com.br\/product\/garrafa-termica-curso-psicologia\/#primaryimage\"},\"thumbnailUrl\":\"https:\/\/mimoravel.com.br\/wp-content\/uploads\/2024\/11\/MG_2243.jpg\",\"datePublished\":\"2024-11-28T16:50:35+00:00\",\"dateModified\":\"2025-02-20T12:37:20+00:00\",\"description\":\"A Garrafa T\u00e9rmica - Curso Psicologia traz um design exclusivo, com grava\u00e7\u00e3o a laser do s\u00edmbolo da Psicologia, adornado por ramos, estrelas e astros.\",\"breadcrumb\":{\"@id\":\"https:\/\/mimoravel.com.br\/product\/garrafa-termica-curso-psicologia\/#breadcrumb\"},\"inLanguage\":\"en-US\",\"potentialAction\":[{\"@type\":\"ReadAction\",\"target\":[\"https:\/\/mimoravel.com.br\/product\/garrafa-termica-curso-psicologia\/\"]}]},{\"@type\":\"ImageObject\",\"inLanguage\":\"en-US\",\"@id\":\"https:\/\/mimoravel.com.br\/product\/garrafa-termica-curso-psicologia\/#primaryimage\",\"url\":\"https:\/\/mimoravel.com.br\/wp-content\/uploads\/2024\/11\/MG_2243.jpg\",\"contentUrl\":\"https:\/\/mimoravel.com.br\/wp-content\/uploads\/2024\/11\/MG_2243.jpg\",\"width\":1280,\"height\":1920,\"caption\":\"A Garrafa T\u00e9rmica - Curso Psicologia\"},{\"@type\":\"BreadcrumbList\",\"@id\":\"https:\/\/mimoravel.com.br\/product\/garrafa-termica-curso-psicologia\/#breadcrumb\",\"itemListElement\":[{\"@type\":\"ListItem\",\"position\":1,\"name\":\"Home\",\"item\":\"https:\/\/mimoravel.com.br\/\"},{\"@type\":\"ListItem\",\"position\":2,\"name\":\"Loja\",\"item\":\"https:\/\/mimoravel.com.br\/loja\/\"},{\"@type\":\"ListItem\",\"position\":3,\"name\":\"Garrafa T\u00e9rmica &#8211; Curso Psicologia\"}]},{\"@type\":\"WebSite\",\"@id\":\"https:\/\/mimoravel.com.br\/#website\",\"url\":\"https:\/\/mimoravel.com.br\/\",\"name\":\"mimoravel.com.br\",\"description\":\"\",\"publisher\":{\"@id\":\"https:\/\/mimoravel.com.br\/#organization\"},\"potentialAction\":[{\"@type\":\"SearchAction\",\"target\":{\"@type\":\"EntryPoint\",\"urlTemplate\":\"https:\/\/mimoravel.com.br\/?s={search_term_string}\"},\"query-input\":{\"@type\":\"PropertyValueSpecification\",\"valueRequired\":true,\"valueName\":\"search_term_string\"}}],\"inLanguage\":\"en-US\"},{\"@type\":\"Organization\",\"@id\":\"https:\/\/mimoravel.com.br\/#organization\",\"name\":\"Mimor\u00e1vel\",\"url\":\"https:\/\/mimoravel.com.br\/\",\"logo\":{\"@type\":\"ImageObject\",\"inLanguage\":\"en-US\",\"@id\":\"https:\/\/mimoravel.com.br\/#\/schema\/logo\/image\/\",\"url\":\"https:\/\/mimoravel.com.br\/wp-content\/uploads\/2024\/10\/logo_verde-scaled.webp\",\"contentUrl\":\"https:\/\/mimoravel.com.br\/wp-content\/uploads\/2024\/10\/logo_verde-scaled.webp\",\"width\":2560,\"height\":757,\"caption\":\"Mimor\u00e1vel\"},\"image\":{\"@id\":\"https:\/\/mimoravel.com.br\/#\/schema\/logo\/image\/\"},\"sameAs\":[\"https:\/\/www.instagram.com\/mimoravel_\/\",\"https:\/\/br.pinterest.com\/mimoravel\/\"]}]}<\/script>\n<!-- \/ Yoast SEO plugin. -->","yoast_head_json":{"title":"Garrafa T\u00e9rmica - Curso Psicologia - mimoravel.com.br","description":"A Garrafa T\u00e9rmica - Curso Psicologia traz um design exclusivo, com grava\u00e7\u00e3o a laser do s\u00edmbolo da Psicologia, adornado por ramos, estrelas e astros.","robots":{"index":"index","follow":"follow","max-snippet":"max-snippet:-1","max-image-preview":"max-image-preview:large","max-video-preview":"max-video-preview:-1"},"canonical":"https:\/\/mimoravel.com.br\/en\/product\/garrafa-termica-curso-psicologia\/","og_locale":"en_US","og_type":"article","og_title":"A Garrafa T\u00e9rmica - Curso Psicologia","og_description":"A Garrafa T\u00e9rmica - Curso Psicologia traz um design exclusivo, com grava\u00e7\u00e3o a laser do s\u00edmbolo da Psicologia, adornado por ramos, estrelas e astros.","og_url":"https:\/\/mimoravel.com.br\/en\/product\/garrafa-termica-curso-psicologia\/","og_site_name":"mimoravel.com.br","article_publisher":"https:\/\/www.instagram.com\/mimoravel_\/","article_modified_time":"2025-02-20T12:37:20+00:00","og_image":[{"width":1280,"height":1920,"url":"https:\/\/mimoravel.com.br\/wp-content\/uploads\/2024\/11\/MG_2243.jpg","type":"image\/jpeg"}],"twitter_card":"summary_large_image","twitter_misc":{"Est. reading time":"3 minutes"},"schema":{"@context":"https:\/\/schema.org","@graph":[{"@type":"WebPage","@id":"https:\/\/mimoravel.com.br\/product\/garrafa-termica-curso-psicologia\/","url":"https:\/\/mimoravel.com.br\/product\/garrafa-termica-curso-psicologia\/","name":"Garrafa T\u00e9rmica - Curso Psicologia - mimoravel.com.br","isPartOf":{"@id":"https:\/\/mimoravel.com.br\/#website"},"primaryImageOfPage":{"@id":"https:\/\/mimoravel.com.br\/product\/garrafa-termica-curso-psicologia\/#primaryimage"},"image":{"@id":"https:\/\/mimoravel.com.br\/product\/garrafa-termica-curso-psicologia\/#primaryimage"},"thumbnailUrl":"https:\/\/mimoravel.com.br\/wp-content\/uploads\/2024\/11\/MG_2243.jpg","datePublished":"2024-11-28T16:50:35+00:00","dateModified":"2025-02-20T12:37:20+00:00","description":"A Garrafa T\u00e9rmica - Curso Psicologia traz um design exclusivo, com grava\u00e7\u00e3o a laser do s\u00edmbolo da Psicologia, adornado por ramos, estrelas e astros.","breadcrumb":{"@id":"https:\/\/mimoravel.com.br\/product\/garrafa-termica-curso-psicologia\/#breadcrumb"},"inLanguage":"en-US","potentialAction":[{"@type":"ReadAction","target":["https:\/\/mimoravel.com.br\/product\/garrafa-termica-curso-psicologia\/"]}]},{"@type":"ImageObject","inLanguage":"en-US","@id":"https:\/\/mimoravel.com.br\/product\/garrafa-termica-curso-psicologia\/#primaryimage","url":"https:\/\/mimoravel.com.br\/wp-content\/uploads\/2024\/11\/MG_2243.jpg","contentUrl":"https:\/\/mimoravel.com.br\/wp-content\/uploads\/2024\/11\/MG_2243.jpg","width":1280,"height":1920,"caption":"A Garrafa T\u00e9rmica - Curso Psicologia"},{"@type":"BreadcrumbList","@id":"https:\/\/mimoravel.com.br\/product\/garrafa-termica-curso-psicologia\/#breadcrumb","itemListElement":[{"@type":"ListItem","position":1,"name":"Home","item":"https:\/\/mimoravel.com.br\/"},{"@type":"ListItem","position":2,"name":"Loja","item":"https:\/\/mimoravel.com.br\/loja\/"},{"@type":"ListItem","position":3,"name":"Garrafa T\u00e9rmica &#8211; Curso Psicologia"}]},{"@type":"WebSite","@id":"https:\/\/mimoravel.com.br\/#website","url":"https:\/\/mimoravel.com.br\/","name":"mimoravel.com.br","description":"","publisher":{"@id":"https:\/\/mimoravel.com.br\/#organization"},"potentialAction":[{"@type":"SearchAction","target":{"@type":"EntryPoint","urlTemplate":"https:\/\/mimoravel.com.br\/?s={search_term_string}"},"query-input":{"@type":"PropertyValueSpecification","valueRequired":true,"valueName":"search_term_string"}}],"inLanguage":"en-US"},{"@type":"Organization","@id":"https:\/\/mimoravel.com.br\/#organization","name":"Mimor\u00e1vel","url":"https:\/\/mimoravel.com.br\/","logo":{"@type":"ImageObject","inLanguage":"en-US","@id":"https:\/\/mimoravel.com.br\/#\/schema\/logo\/image\/","url":"https:\/\/mimoravel.com.br\/wp-content\/uploads\/2024\/10\/logo_verde-scaled.webp","contentUrl":"https:\/\/mimoravel.com.br\/wp-content\/uploads\/2024\/10\/logo_verde-scaled.webp","width":2560,"height":757,"caption":"Mimor\u00e1vel"},"image":{"@id":"https:\/\/mimoravel.com.br\/#\/schema\/logo\/image\/"},"sameAs":["https:\/\/www.instagram.com\/mimoravel_\/","https:\/\/br.pinterest.com\/mimoravel\/"]}]}},"_links":{"self":[{"href":"https:\/\/mimoravel.com.br\/en\/wp-json\/wp\/v2\/product\/2475","targetHints":{"allow":["GET"]}}],"collection":[{"href":"https:\/\/mimoravel.com.br\/en\/wp-json\/wp\/v2\/product"}],"about":[{"href":"https:\/\/mimoravel.com.br\/en\/wp-json\/wp\/v2\/types\/product"}],"replies":[{"embeddable":true,"href":"https:\/\/mimoravel.com.br\/en\/wp-json\/wp\/v2\/comments?post=2475"}],"version-history":[{"count":2,"href":"https:\/\/mimoravel.com.br\/en\/wp-json\/wp\/v2\/product\/2475\/revisions"}],"predecessor-version":[{"id":4541,"href":"https:\/\/mimoravel.com.br\/en\/wp-json\/wp\/v2\/product\/2475\/revisions\/4541"}],"wp:featuredmedia":[{"embeddable":true,"href":"https:\/\/mimoravel.com.br\/en\/wp-json\/wp\/v2\/media\/3893"}],"wp:attachment":[{"href":"https:\/\/mimoravel.com.br\/en\/wp-json\/wp\/v2\/media?parent=2475"}],"wp:term":[{"taxonomy":"product_brand","embeddable":true,"href":"https:\/\/mimoravel.com.br\/en\/wp-json\/wp\/v2\/product_brand?post=2475"},{"taxonomy":"product_cat","embeddable":true,"href":"https:\/\/mimoravel.com.br\/en\/wp-json\/wp\/v2\/product_cat?post=2475"},{"taxonomy":"product_tag","embeddable":true,"href":"https:\/\/mimoravel.com.br\/en\/wp-json\/wp\/v2\/product_tag?post=2475"}],"curies":[{"name":"wp","href":"https:\/\/api.w.org\/{rel}","templated":true}]}}