{"id":2468,"date":"2024-11-27T19:25:58","date_gmt":"2024-11-27T19:25:58","guid":{"rendered":"https:\/\/mimoravel.com.br\/?post_type=product&#038;p=2468"},"modified":"2025-02-14T19:08:13","modified_gmt":"2025-02-14T19:08:13","slug":"garrafa-maceio-ponta-verde","status":"publish","type":"product","link":"https:\/\/mimoravel.com.br\/en\/product\/garrafa-maceio-ponta-verde\/","title":{"rendered":"Garrafa Macei\u00f3 &#8211; Ponta Verde"},"content":{"rendered":"<p>A Garrafa Macei\u00f3 &#8211; Ponta Verde \u00e9 um produto limitado e sem reposi\u00e7\u00e3o ap\u00f3s o fim da sua produ\u00e7\u00e3o. Sua estampa remonta ao sucesso de vendas da Caneca Macei\u00f3 &#8211; Ponta Verde que evoca as caracter\u00edsticas da praia da capital alagoana. \u00c9\u00a0uma das estampas mais valorizadas pelos nossos clientes maceioenses. De in\u00edcio, feita para o natal, mas que h\u00e1 3 anos \u00e9 encomendada em toda \u00e9poca do ano. Desenhada no Natal de 2021, com o intuito de valorizar as caracter\u00edsticas peculiares do Natal em Macei\u00f3. Um Natal sem neve, com brisa quente, coqueiros dan\u00e7antes substituem os pinheiros, o farol da Ponta Verde \u00e9 a nossa vela de luz, as jangadas imitam os gorros vermelhos e o sol brilhante \u00e9 a nossa estrela. A nossa caligrafia autoral nos lembra dos momentos inesquec\u00edveis, a celebra\u00e7\u00e3o da vida, nos momentos simples ou cheios de alegria.<\/p>\n<h5>Caracter\u00edsticas:<\/h5>\n<ul>\n<li>De alum\u00ednio<\/li>\n<li>N\u00e3o \u00e9 t\u00e9rmica<\/li>\n<li>Estampagem por sublima\u00e7\u00e3o<\/li>\n<li>600ml<\/li>\n<\/ul>\n<h5 data-start=\"257\" data-end=\"307\"><strong data-start=\"261\" data-end=\"305\">Dicas de uso e ocasi\u00f5es para presentear:<\/strong><\/h5>\n<p data-start=\"309\" data-end=\"730\">A Garrafa Macei\u00f3 &#8211; Ponta Verde \u00e9 uma excelente escolha para quem deseja carregar um pedacinho de Macei\u00f3 consigo. Al\u00e9m de pr\u00e1tica, sua estampa exclusiva destaca as belezas naturais da cidade, tornando-a ideal para o dia a dia, passeios ao ar livre e momentos de lazer na praia. Por ser leve e resistente, pode ser usada tanto em caminhadas quanto no trabalho ou nos estudos, garantindo hidrata\u00e7\u00e3o com estilo.<\/p>\n<p data-start=\"732\" data-end=\"1092\">Se voc\u00ea busca um presente especial, essa garrafa \u00e9 uma \u00f3tima op\u00e7\u00e3o. Por exemplo, turistas podem lev\u00e1-la como lembran\u00e7a de Macei\u00f3, enquanto moradores apaixonados pela cidade encontram nela uma forma de expressar seu amor pela capital alagoana. Al\u00e9m disso, ela \u00e9 ideal para presentear amigos, familiares e at\u00e9 clientes que valorizam a cultura local.<\/p>\n<p data-start=\"1094\" data-end=\"1323\" data-is-last-node=\"\">Outra vantagem \u00e9 seu design aut\u00eantico, que combina nostalgia e exclusividade. Dessa forma, a garrafa se torna um presente \u00fanico para qualquer ocasi\u00e3o, refor\u00e7ando a conex\u00e3o com o mar, o sol e a ess\u00eancia vibrante de Macei\u00f3.<\/p>","protected":false},"excerpt":{"rendered":"<p>A Garrafa Macei\u00f3 &#8211; Ponta Verde \u00e9 um produto limitado e sem reposi\u00e7\u00e3o ap\u00f3s o fim da sua produ\u00e7\u00e3o. Sua estampa remonta ao sucesso de vendas da Caneca Macei\u00f3 &#8211; Ponta Verde que evoca as caracter\u00edsticas da praia da capital alagoana. \u00c9\u00a0uma das estampas mais valorizadas pelos nossos clientes maceioenses. De in\u00edcio, feita para [&hellip;]<\/p>","protected":false},"featured_media":2474,"comment_status":"open","ping_status":"closed","template":"","meta":{"_acf_changed":false,"_joinchat":[]},"product_brand":[],"product_cat":[67],"product_tag":[],"class_list":{"0":"post-2468","1":"product","2":"type-product","3":"status-publish","4":"has-post-thumbnail","6":"product_cat-garrafas","7":"wcpa_has_options","9":"first","10":"instock","11":"taxable","12":"shipping-taxable","13":"purchasable","14":"product-type-variable","swatches":"rey-swatches","show_selected":""},"acf":[],"yoast_head":"<!-- This site is optimized with the Yoast SEO plugin v24.4 - https:\/\/yoast.com\/wordpress\/plugins\/seo\/ -->\n<title>Garrafa Macei\u00f3 - Ponta Verde - mimoravel.com.br<\/title>\n<meta name=\"description\" content=\"A Garrafa Macei\u00f3 - Ponta Verde com estampa exclusiva que celebra as belezas da cidade. Perfeita para quem ama Macei\u00f3 e quer levar essa lembran\u00e7a por perto.\" \/>\n<meta name=\"robots\" content=\"index, follow, max-snippet:-1, max-image-preview:large, max-video-preview:-1\" \/>\n<link rel=\"canonical\" href=\"https:\/\/mimoravel.com.br\/en\/product\/garrafa-maceio-ponta-verde\/\" \/>\n<meta property=\"og:locale\" content=\"en_US\" \/>\n<meta property=\"og:type\" content=\"article\" \/>\n<meta property=\"og:title\" content=\"Garrafa Macei\u00f3 - Ponta Verde\" \/>\n<meta property=\"og:description\" content=\"A Garrafa Macei\u00f3 - Ponta Verde com estampa exclusiva que celebra as belezas da cidade. Perfeita para quem ama Macei\u00f3 e quer levar essa lembran\u00e7a por perto.\" \/>\n<meta property=\"og:url\" content=\"https:\/\/mimoravel.com.br\/en\/product\/garrafa-maceio-ponta-verde\/\" \/>\n<meta property=\"og:site_name\" content=\"mimoravel.com.br\" \/>\n<meta property=\"article:publisher\" content=\"https:\/\/www.instagram.com\/mimoravel_\/\" \/>\n<meta property=\"article:modified_time\" content=\"2025-02-14T19:08:13+00:00\" \/>\n<meta property=\"og:image\" content=\"https:\/\/mimoravel.com.br\/wp-content\/uploads\/2024\/11\/MG_9876.jpg\" \/>\n\t<meta property=\"og:image:width\" content=\"1280\" \/>\n\t<meta property=\"og:image:height\" content=\"1920\" \/>\n\t<meta property=\"og:image:type\" content=\"image\/jpeg\" \/>\n<meta name=\"twitter:card\" content=\"summary_large_image\" \/>\n<meta name=\"twitter:label1\" content=\"Est. reading time\" \/>\n\t<meta name=\"twitter:data1\" content=\"2 minutes\" \/>\n<script type=\"application\/ld+json\" class=\"yoast-schema-graph\">{\"@context\":\"https:\/\/schema.org\",\"@graph\":[{\"@type\":\"WebPage\",\"@id\":\"https:\/\/mimoravel.com.br\/product\/garrafa-maceio-ponta-verde\/\",\"url\":\"https:\/\/mimoravel.com.br\/product\/garrafa-maceio-ponta-verde\/\",\"name\":\"Garrafa Macei\u00f3 - Ponta Verde - mimoravel.com.br\",\"isPartOf\":{\"@id\":\"https:\/\/mimoravel.com.br\/#website\"},\"primaryImageOfPage\":{\"@id\":\"https:\/\/mimoravel.com.br\/product\/garrafa-maceio-ponta-verde\/#primaryimage\"},\"image\":{\"@id\":\"https:\/\/mimoravel.com.br\/product\/garrafa-maceio-ponta-verde\/#primaryimage\"},\"thumbnailUrl\":\"https:\/\/mimoravel.com.br\/wp-content\/uploads\/2024\/11\/MG_9876.jpg\",\"datePublished\":\"2024-11-27T19:25:58+00:00\",\"dateModified\":\"2025-02-14T19:08:13+00:00\",\"description\":\"A Garrafa Macei\u00f3 - Ponta Verde com estampa exclusiva que celebra as belezas da cidade. Perfeita para quem ama Macei\u00f3 e quer levar essa lembran\u00e7a por perto.\",\"breadcrumb\":{\"@id\":\"https:\/\/mimoravel.com.br\/product\/garrafa-maceio-ponta-verde\/#breadcrumb\"},\"inLanguage\":\"en-US\",\"potentialAction\":[{\"@type\":\"ReadAction\",\"target\":[\"https:\/\/mimoravel.com.br\/product\/garrafa-maceio-ponta-verde\/\"]}]},{\"@type\":\"ImageObject\",\"inLanguage\":\"en-US\",\"@id\":\"https:\/\/mimoravel.com.br\/product\/garrafa-maceio-ponta-verde\/#primaryimage\",\"url\":\"https:\/\/mimoravel.com.br\/wp-content\/uploads\/2024\/11\/MG_9876.jpg\",\"contentUrl\":\"https:\/\/mimoravel.com.br\/wp-content\/uploads\/2024\/11\/MG_9876.jpg\",\"width\":1280,\"height\":1920,\"caption\":\"Garrafa Macei\u00f3 - Ponta Verde\"},{\"@type\":\"BreadcrumbList\",\"@id\":\"https:\/\/mimoravel.com.br\/product\/garrafa-maceio-ponta-verde\/#breadcrumb\",\"itemListElement\":[{\"@type\":\"ListItem\",\"position\":1,\"name\":\"Home\",\"item\":\"https:\/\/mimoravel.com.br\/\"},{\"@type\":\"ListItem\",\"position\":2,\"name\":\"Loja\",\"item\":\"https:\/\/mimoravel.com.br\/loja\/\"},{\"@type\":\"ListItem\",\"position\":3,\"name\":\"Garrafa Macei\u00f3 &#8211; Ponta Verde\"}]},{\"@type\":\"WebSite\",\"@id\":\"https:\/\/mimoravel.com.br\/#website\",\"url\":\"https:\/\/mimoravel.com.br\/\",\"name\":\"mimoravel.com.br\",\"description\":\"\",\"publisher\":{\"@id\":\"https:\/\/mimoravel.com.br\/#organization\"},\"potentialAction\":[{\"@type\":\"SearchAction\",\"target\":{\"@type\":\"EntryPoint\",\"urlTemplate\":\"https:\/\/mimoravel.com.br\/?s={search_term_string}\"},\"query-input\":{\"@type\":\"PropertyValueSpecification\",\"valueRequired\":true,\"valueName\":\"search_term_string\"}}],\"inLanguage\":\"en-US\"},{\"@type\":\"Organization\",\"@id\":\"https:\/\/mimoravel.com.br\/#organization\",\"name\":\"Mimor\u00e1vel\",\"url\":\"https:\/\/mimoravel.com.br\/\",\"logo\":{\"@type\":\"ImageObject\",\"inLanguage\":\"en-US\",\"@id\":\"https:\/\/mimoravel.com.br\/#\/schema\/logo\/image\/\",\"url\":\"https:\/\/mimoravel.com.br\/wp-content\/uploads\/2024\/10\/logo_verde-scaled.webp\",\"contentUrl\":\"https:\/\/mimoravel.com.br\/wp-content\/uploads\/2024\/10\/logo_verde-scaled.webp\",\"width\":2560,\"height\":757,\"caption\":\"Mimor\u00e1vel\"},\"image\":{\"@id\":\"https:\/\/mimoravel.com.br\/#\/schema\/logo\/image\/\"},\"sameAs\":[\"https:\/\/www.instagram.com\/mimoravel_\/\",\"https:\/\/br.pinterest.com\/mimoravel\/\"]}]}<\/script>\n<!-- \/ Yoast SEO plugin. -->","yoast_head_json":{"title":"Garrafa Macei\u00f3 - Ponta Verde - mimoravel.com.br","description":"A Garrafa Macei\u00f3 - Ponta Verde com estampa exclusiva que celebra as belezas da cidade. Perfeita para quem ama Macei\u00f3 e quer levar essa lembran\u00e7a por perto.","robots":{"index":"index","follow":"follow","max-snippet":"max-snippet:-1","max-image-preview":"max-image-preview:large","max-video-preview":"max-video-preview:-1"},"canonical":"https:\/\/mimoravel.com.br\/en\/product\/garrafa-maceio-ponta-verde\/","og_locale":"en_US","og_type":"article","og_title":"Garrafa Macei\u00f3 - Ponta Verde","og_description":"A Garrafa Macei\u00f3 - Ponta Verde com estampa exclusiva que celebra as belezas da cidade. Perfeita para quem ama Macei\u00f3 e quer levar essa lembran\u00e7a por perto.","og_url":"https:\/\/mimoravel.com.br\/en\/product\/garrafa-maceio-ponta-verde\/","og_site_name":"mimoravel.com.br","article_publisher":"https:\/\/www.instagram.com\/mimoravel_\/","article_modified_time":"2025-02-14T19:08:13+00:00","og_image":[{"width":1280,"height":1920,"url":"https:\/\/mimoravel.com.br\/wp-content\/uploads\/2024\/11\/MG_9876.jpg","type":"image\/jpeg"}],"twitter_card":"summary_large_image","twitter_misc":{"Est. reading time":"2 minutes"},"schema":{"@context":"https:\/\/schema.org","@graph":[{"@type":"WebPage","@id":"https:\/\/mimoravel.com.br\/product\/garrafa-maceio-ponta-verde\/","url":"https:\/\/mimoravel.com.br\/product\/garrafa-maceio-ponta-verde\/","name":"Garrafa Macei\u00f3 - Ponta Verde - mimoravel.com.br","isPartOf":{"@id":"https:\/\/mimoravel.com.br\/#website"},"primaryImageOfPage":{"@id":"https:\/\/mimoravel.com.br\/product\/garrafa-maceio-ponta-verde\/#primaryimage"},"image":{"@id":"https:\/\/mimoravel.com.br\/product\/garrafa-maceio-ponta-verde\/#primaryimage"},"thumbnailUrl":"https:\/\/mimoravel.com.br\/wp-content\/uploads\/2024\/11\/MG_9876.jpg","datePublished":"2024-11-27T19:25:58+00:00","dateModified":"2025-02-14T19:08:13+00:00","description":"A Garrafa Macei\u00f3 - Ponta Verde com estampa exclusiva que celebra as belezas da cidade. Perfeita para quem ama Macei\u00f3 e quer levar essa lembran\u00e7a por perto.","breadcrumb":{"@id":"https:\/\/mimoravel.com.br\/product\/garrafa-maceio-ponta-verde\/#breadcrumb"},"inLanguage":"en-US","potentialAction":[{"@type":"ReadAction","target":["https:\/\/mimoravel.com.br\/product\/garrafa-maceio-ponta-verde\/"]}]},{"@type":"ImageObject","inLanguage":"en-US","@id":"https:\/\/mimoravel.com.br\/product\/garrafa-maceio-ponta-verde\/#primaryimage","url":"https:\/\/mimoravel.com.br\/wp-content\/uploads\/2024\/11\/MG_9876.jpg","contentUrl":"https:\/\/mimoravel.com.br\/wp-content\/uploads\/2024\/11\/MG_9876.jpg","width":1280,"height":1920,"caption":"Garrafa Macei\u00f3 - Ponta Verde"},{"@type":"BreadcrumbList","@id":"https:\/\/mimoravel.com.br\/product\/garrafa-maceio-ponta-verde\/#breadcrumb","itemListElement":[{"@type":"ListItem","position":1,"name":"Home","item":"https:\/\/mimoravel.com.br\/"},{"@type":"ListItem","position":2,"name":"Loja","item":"https:\/\/mimoravel.com.br\/loja\/"},{"@type":"ListItem","position":3,"name":"Garrafa Macei\u00f3 &#8211; Ponta Verde"}]},{"@type":"WebSite","@id":"https:\/\/mimoravel.com.br\/#website","url":"https:\/\/mimoravel.com.br\/","name":"mimoravel.com.br","description":"","publisher":{"@id":"https:\/\/mimoravel.com.br\/#organization"},"potentialAction":[{"@type":"SearchAction","target":{"@type":"EntryPoint","urlTemplate":"https:\/\/mimoravel.com.br\/?s={search_term_string}"},"query-input":{"@type":"PropertyValueSpecification","valueRequired":true,"valueName":"search_term_string"}}],"inLanguage":"en-US"},{"@type":"Organization","@id":"https:\/\/mimoravel.com.br\/#organization","name":"Mimor\u00e1vel","url":"https:\/\/mimoravel.com.br\/","logo":{"@type":"ImageObject","inLanguage":"en-US","@id":"https:\/\/mimoravel.com.br\/#\/schema\/logo\/image\/","url":"https:\/\/mimoravel.com.br\/wp-content\/uploads\/2024\/10\/logo_verde-scaled.webp","contentUrl":"https:\/\/mimoravel.com.br\/wp-content\/uploads\/2024\/10\/logo_verde-scaled.webp","width":2560,"height":757,"caption":"Mimor\u00e1vel"},"image":{"@id":"https:\/\/mimoravel.com.br\/#\/schema\/logo\/image\/"},"sameAs":["https:\/\/www.instagram.com\/mimoravel_\/","https:\/\/br.pinterest.com\/mimoravel\/"]}]}},"_links":{"self":[{"href":"https:\/\/mimoravel.com.br\/en\/wp-json\/wp\/v2\/product\/2468","targetHints":{"allow":["GET"]}}],"collection":[{"href":"https:\/\/mimoravel.com.br\/en\/wp-json\/wp\/v2\/product"}],"about":[{"href":"https:\/\/mimoravel.com.br\/en\/wp-json\/wp\/v2\/types\/product"}],"replies":[{"embeddable":true,"href":"https:\/\/mimoravel.com.br\/en\/wp-json\/wp\/v2\/comments?post=2468"}],"version-history":[{"count":5,"href":"https:\/\/mimoravel.com.br\/en\/wp-json\/wp\/v2\/product\/2468\/revisions"}],"predecessor-version":[{"id":4552,"href":"https:\/\/mimoravel.com.br\/en\/wp-json\/wp\/v2\/product\/2468\/revisions\/4552"}],"wp:featuredmedia":[{"embeddable":true,"href":"https:\/\/mimoravel.com.br\/en\/wp-json\/wp\/v2\/media\/2474"}],"wp:attachment":[{"href":"https:\/\/mimoravel.com.br\/en\/wp-json\/wp\/v2\/media?parent=2468"}],"wp:term":[{"taxonomy":"product_brand","embeddable":true,"href":"https:\/\/mimoravel.com.br\/en\/wp-json\/wp\/v2\/product_brand?post=2468"},{"taxonomy":"product_cat","embeddable":true,"href":"https:\/\/mimoravel.com.br\/en\/wp-json\/wp\/v2\/product_cat?post=2468"},{"taxonomy":"product_tag","embeddable":true,"href":"https:\/\/mimoravel.com.br\/en\/wp-json\/wp\/v2\/product_tag?post=2468"}],"curies":[{"name":"wp","href":"https:\/\/api.w.org\/{rel}","templated":true}]}}