{"id":2460,"date":"2024-11-27T19:06:20","date_gmt":"2024-11-27T19:06:20","guid":{"rendered":"https:\/\/mimoravel.com.br\/?post_type=product&#038;p=2460"},"modified":"2025-02-17T18:56:30","modified_gmt":"2025-02-17T18:56:30","slug":"velinhas-maternidade-30g__trashed","status":"publish","type":"product","link":"https:\/\/mimoravel.com.br\/en\/product\/velinhas-maternidade-30g__trashed\/","title":{"rendered":"Velinhas Maternidade C\/10unidades 30g"},"content":{"rendered":"<p>A chegada de uma vida \u00e9 luz para toda a fam\u00edlia. Celebre o nascimento com nossa velinhas maternidade arom\u00e1ticas com r\u00f3tulo personaliz\u00e1vel.<\/p>\n<p>A personaliza\u00e7\u00e3o do r\u00f3tulo, tag e aroma \u00e9 acertada atrav\u00e9s do nosso atendimento humanizado via Whatsapp ap\u00f3s a confirma\u00e7\u00e3o do pagamento.<\/p>\n<h5>Caracter\u00edsticas das Velinhas:<\/h5>\n<ul>\n<li>Cera Vegetal de C\u00f4co (livre de queima t\u00f3xica);<\/li>\n<li>Potinho de Vidro com rolha;<\/li>\n<li>Cord\u00e3o Colorido de Cetim de dupla volta;<\/li>\n<li>R\u00f3tulo transparente de 5 x 2 cm personaliz\u00e1vel;<\/li>\n<li>Tag com mensagem pequena personaliz\u00e1vel.<\/li>\n<li>Vai embalada em um saquinho transparente.<\/li>\n<\/ul>\n<h5>Boas novas:<\/h5>\n<p data-start=\"87\" data-end=\"396\">Celebrar a chegada de um beb\u00ea \u00e9 um momento especial e inesquec\u00edvel. Por isso, escolher a lembrancinha certa faz toda a diferen\u00e7a. As <strong data-start=\"220\" data-end=\"258\">Velinhas Arom\u00e1ticas de Maternidade<\/strong> encantam n\u00e3o apenas pela delicadeza, mas tamb\u00e9m pelo aroma suave e aconchegante, criando uma mem\u00f3ria afetiva \u00fanica para cada convidado.<\/p>\n<p data-start=\"398\" data-end=\"766\">Al\u00e9m de perfumar o ambiente, essas velinhas carregam um significado especial. Afinal, representam luz, renova\u00e7\u00e3o e o calor do amor familiar. Com op\u00e7\u00f5es de fragr\u00e2ncias que transmitem serenidade, elas tornam cada lembran\u00e7a ainda mais marcante. Como s\u00e3o compactas e elegantes, combinam perfeitamente com diferentes decora\u00e7\u00f5es, desde maternidades at\u00e9 quartinhos de beb\u00ea.<\/p>\n<p data-start=\"768\" data-end=\"1083\">Essas velinhas v\u00e3o muito al\u00e9m da maternidade. S\u00e3o \u00f3timas para presentear madrinhas, av\u00f3s e at\u00e9 visitantes que chegam para conhecer o beb\u00ea. Al\u00e9m disso, funcionam como mimos em ch\u00e1s de beb\u00ea, batizados e at\u00e9 anivers\u00e1rios infantis. Quem recebe uma lembran\u00e7a assim leva consigo um pedacinho desse momento t\u00e3o especial.<\/p>\n<p data-start=\"1085\" data-end=\"1297\">Outra grande vantagem est\u00e1 na personaliza\u00e7\u00e3o. Com detalhes que combinam com o tema da ocasi\u00e3o, cada velinha se torna \u00fanica, agregando ainda mais valor ao presente. Afinal, pequenos gestos criam grandes emo\u00e7\u00f5es.<\/p>\n<p data-start=\"1299\" data-end=\"1558\">Seja para agradecer a presen\u00e7a de quem compartilha esse momento ou para espalhar boas energias, as <strong data-start=\"1398\" data-end=\"1436\">Velinhas Arom\u00e1ticas de Maternidade<\/strong> s\u00e3o a escolha perfeita. Delicadas, perfumadas e cheias de significado, elas tornam cada celebra\u00e7\u00e3o ainda mais especial.<\/p>","protected":false},"excerpt":{"rendered":"<p>A chegada de uma vida \u00e9 luz para toda a fam\u00edlia. Celebre o nascimento com nossa velinhas maternidade arom\u00e1ticas com r\u00f3tulo personaliz\u00e1vel. A personaliza\u00e7\u00e3o do r\u00f3tulo, tag e aroma \u00e9 acertada atrav\u00e9s do nosso atendimento humanizado via Whatsapp ap\u00f3s a confirma\u00e7\u00e3o do pagamento. Caracter\u00edsticas das Velinhas: Cera Vegetal de C\u00f4co (livre de queima t\u00f3xica); [&hellip;]<\/p>","protected":false},"featured_media":3898,"comment_status":"open","ping_status":"closed","template":"","meta":{"_acf_changed":false,"_joinchat":[]},"product_brand":[],"product_cat":[66],"product_tag":[118,117],"class_list":{"0":"post-2460","1":"product","2":"type-product","3":"status-publish","4":"has-post-thumbnail","6":"product_cat-autocuidado","7":"product_tag-maternidade","8":"product_tag-velas","10":"first","11":"onbackorder","12":"sale","13":"taxable","14":"shipping-taxable","15":"purchasable","16":"product-type-simple","swatches":"rey-swatches","show_selected":""},"acf":[],"yoast_head":"<!-- This site is optimized with the Yoast SEO plugin v24.4 - https:\/\/yoast.com\/wordpress\/plugins\/seo\/ -->\n<title>Velinhas Maternidade C\/10unidades 30g - mimoravel.com.br<\/title>\n<meta name=\"description\" content=\"Encante com as Velinhas Arom\u00e1ticas de Maternidade! Feitas com carinho, elas perfumam e simbolizam aconchego. Perfeitas para lembrancinhas cheias de afeto\" \/>\n<meta name=\"robots\" content=\"index, follow, max-snippet:-1, max-image-preview:large, max-video-preview:-1\" \/>\n<link rel=\"canonical\" href=\"https:\/\/mimoravel.com.br\/en\/product\/velinhas-maternidade-30g__trashed\/\" \/>\n<meta property=\"og:locale\" content=\"en_US\" \/>\n<meta property=\"og:type\" content=\"article\" \/>\n<meta property=\"og:title\" content=\"Velinhas Maternidade C\/10unidades 30g - mimoravel.com.br\" \/>\n<meta property=\"og:description\" content=\"Encante com as Velinhas Arom\u00e1ticas de Maternidade! Feitas com carinho, elas perfumam e simbolizam aconchego. Perfeitas para lembrancinhas cheias de afeto\" \/>\n<meta property=\"og:url\" content=\"https:\/\/mimoravel.com.br\/en\/product\/velinhas-maternidade-30g__trashed\/\" \/>\n<meta property=\"og:site_name\" content=\"mimoravel.com.br\" \/>\n<meta property=\"article:publisher\" content=\"https:\/\/www.instagram.com\/mimoravel_\/\" \/>\n<meta property=\"article:modified_time\" content=\"2025-02-17T18:56:30+00:00\" \/>\n<meta property=\"og:image\" content=\"https:\/\/mimoravel.com.br\/wp-content\/uploads\/2024\/11\/MG_2549-scaled.jpg\" \/>\n\t<meta property=\"og:image:width\" content=\"1707\" \/>\n\t<meta property=\"og:image:height\" content=\"2560\" \/>\n\t<meta property=\"og:image:type\" content=\"image\/jpeg\" \/>\n<meta name=\"twitter:card\" content=\"summary_large_image\" \/>\n<meta name=\"twitter:label1\" content=\"Est. reading time\" \/>\n\t<meta name=\"twitter:data1\" content=\"2 minutes\" \/>\n<script type=\"application\/ld+json\" class=\"yoast-schema-graph\">{\"@context\":\"https:\/\/schema.org\",\"@graph\":[{\"@type\":\"WebPage\",\"@id\":\"https:\/\/mimoravel.com.br\/product\/velinhas-maternidade-30g__trashed\/\",\"url\":\"https:\/\/mimoravel.com.br\/product\/velinhas-maternidade-30g__trashed\/\",\"name\":\"Velinhas Maternidade C\/10unidades 30g - mimoravel.com.br\",\"isPartOf\":{\"@id\":\"https:\/\/mimoravel.com.br\/#website\"},\"primaryImageOfPage\":{\"@id\":\"https:\/\/mimoravel.com.br\/product\/velinhas-maternidade-30g__trashed\/#primaryimage\"},\"image\":{\"@id\":\"https:\/\/mimoravel.com.br\/product\/velinhas-maternidade-30g__trashed\/#primaryimage\"},\"thumbnailUrl\":\"https:\/\/mimoravel.com.br\/wp-content\/uploads\/2024\/11\/MG_2549-scaled.jpg\",\"datePublished\":\"2024-11-27T19:06:20+00:00\",\"dateModified\":\"2025-02-17T18:56:30+00:00\",\"description\":\"Encante com as Velinhas Arom\u00e1ticas de Maternidade! Feitas com carinho, elas perfumam e simbolizam aconchego. Perfeitas para lembrancinhas cheias de afeto\",\"breadcrumb\":{\"@id\":\"https:\/\/mimoravel.com.br\/product\/velinhas-maternidade-30g__trashed\/#breadcrumb\"},\"inLanguage\":\"en-US\",\"potentialAction\":[{\"@type\":\"ReadAction\",\"target\":[\"https:\/\/mimoravel.com.br\/product\/velinhas-maternidade-30g__trashed\/\"]}]},{\"@type\":\"ImageObject\",\"inLanguage\":\"en-US\",\"@id\":\"https:\/\/mimoravel.com.br\/product\/velinhas-maternidade-30g__trashed\/#primaryimage\",\"url\":\"https:\/\/mimoravel.com.br\/wp-content\/uploads\/2024\/11\/MG_2549-scaled.jpg\",\"contentUrl\":\"https:\/\/mimoravel.com.br\/wp-content\/uploads\/2024\/11\/MG_2549-scaled.jpg\",\"width\":1707,\"height\":2560,\"caption\":\"Velinhas maternidade arom\u00e1ticas para celebrar a chegada de uma nova vida na fam\u00edlia.\"},{\"@type\":\"BreadcrumbList\",\"@id\":\"https:\/\/mimoravel.com.br\/product\/velinhas-maternidade-30g__trashed\/#breadcrumb\",\"itemListElement\":[{\"@type\":\"ListItem\",\"position\":1,\"name\":\"Home\",\"item\":\"https:\/\/mimoravel.com.br\/\"},{\"@type\":\"ListItem\",\"position\":2,\"name\":\"Loja\",\"item\":\"https:\/\/mimoravel.com.br\/loja\/\"},{\"@type\":\"ListItem\",\"position\":3,\"name\":\"Velinhas Maternidade C\/10unidades 30g\"}]},{\"@type\":\"WebSite\",\"@id\":\"https:\/\/mimoravel.com.br\/#website\",\"url\":\"https:\/\/mimoravel.com.br\/\",\"name\":\"mimoravel.com.br\",\"description\":\"\",\"publisher\":{\"@id\":\"https:\/\/mimoravel.com.br\/#organization\"},\"potentialAction\":[{\"@type\":\"SearchAction\",\"target\":{\"@type\":\"EntryPoint\",\"urlTemplate\":\"https:\/\/mimoravel.com.br\/?s={search_term_string}\"},\"query-input\":{\"@type\":\"PropertyValueSpecification\",\"valueRequired\":true,\"valueName\":\"search_term_string\"}}],\"inLanguage\":\"en-US\"},{\"@type\":\"Organization\",\"@id\":\"https:\/\/mimoravel.com.br\/#organization\",\"name\":\"Mimor\u00e1vel\",\"url\":\"https:\/\/mimoravel.com.br\/\",\"logo\":{\"@type\":\"ImageObject\",\"inLanguage\":\"en-US\",\"@id\":\"https:\/\/mimoravel.com.br\/#\/schema\/logo\/image\/\",\"url\":\"https:\/\/mimoravel.com.br\/wp-content\/uploads\/2024\/10\/logo_verde-scaled.webp\",\"contentUrl\":\"https:\/\/mimoravel.com.br\/wp-content\/uploads\/2024\/10\/logo_verde-scaled.webp\",\"width\":2560,\"height\":757,\"caption\":\"Mimor\u00e1vel\"},\"image\":{\"@id\":\"https:\/\/mimoravel.com.br\/#\/schema\/logo\/image\/\"},\"sameAs\":[\"https:\/\/www.instagram.com\/mimoravel_\/\",\"https:\/\/br.pinterest.com\/mimoravel\/\"]}]}<\/script>\n<!-- \/ Yoast SEO plugin. -->","yoast_head_json":{"title":"Velinhas Maternidade C\/10unidades 30g - mimoravel.com.br","description":"Encante com as Velinhas Arom\u00e1ticas de Maternidade! Feitas com carinho, elas perfumam e simbolizam aconchego. Perfeitas para lembrancinhas cheias de afeto","robots":{"index":"index","follow":"follow","max-snippet":"max-snippet:-1","max-image-preview":"max-image-preview:large","max-video-preview":"max-video-preview:-1"},"canonical":"https:\/\/mimoravel.com.br\/en\/product\/velinhas-maternidade-30g__trashed\/","og_locale":"en_US","og_type":"article","og_title":"Velinhas Maternidade C\/10unidades 30g - mimoravel.com.br","og_description":"Encante com as Velinhas Arom\u00e1ticas de Maternidade! Feitas com carinho, elas perfumam e simbolizam aconchego. Perfeitas para lembrancinhas cheias de afeto","og_url":"https:\/\/mimoravel.com.br\/en\/product\/velinhas-maternidade-30g__trashed\/","og_site_name":"mimoravel.com.br","article_publisher":"https:\/\/www.instagram.com\/mimoravel_\/","article_modified_time":"2025-02-17T18:56:30+00:00","og_image":[{"width":1707,"height":2560,"url":"https:\/\/mimoravel.com.br\/wp-content\/uploads\/2024\/11\/MG_2549-scaled.jpg","type":"image\/jpeg"}],"twitter_card":"summary_large_image","twitter_misc":{"Est. reading time":"2 minutes"},"schema":{"@context":"https:\/\/schema.org","@graph":[{"@type":"WebPage","@id":"https:\/\/mimoravel.com.br\/product\/velinhas-maternidade-30g__trashed\/","url":"https:\/\/mimoravel.com.br\/product\/velinhas-maternidade-30g__trashed\/","name":"Velinhas Maternidade C\/10unidades 30g - mimoravel.com.br","isPartOf":{"@id":"https:\/\/mimoravel.com.br\/#website"},"primaryImageOfPage":{"@id":"https:\/\/mimoravel.com.br\/product\/velinhas-maternidade-30g__trashed\/#primaryimage"},"image":{"@id":"https:\/\/mimoravel.com.br\/product\/velinhas-maternidade-30g__trashed\/#primaryimage"},"thumbnailUrl":"https:\/\/mimoravel.com.br\/wp-content\/uploads\/2024\/11\/MG_2549-scaled.jpg","datePublished":"2024-11-27T19:06:20+00:00","dateModified":"2025-02-17T18:56:30+00:00","description":"Encante com as Velinhas Arom\u00e1ticas de Maternidade! Feitas com carinho, elas perfumam e simbolizam aconchego. Perfeitas para lembrancinhas cheias de afeto","breadcrumb":{"@id":"https:\/\/mimoravel.com.br\/product\/velinhas-maternidade-30g__trashed\/#breadcrumb"},"inLanguage":"en-US","potentialAction":[{"@type":"ReadAction","target":["https:\/\/mimoravel.com.br\/product\/velinhas-maternidade-30g__trashed\/"]}]},{"@type":"ImageObject","inLanguage":"en-US","@id":"https:\/\/mimoravel.com.br\/product\/velinhas-maternidade-30g__trashed\/#primaryimage","url":"https:\/\/mimoravel.com.br\/wp-content\/uploads\/2024\/11\/MG_2549-scaled.jpg","contentUrl":"https:\/\/mimoravel.com.br\/wp-content\/uploads\/2024\/11\/MG_2549-scaled.jpg","width":1707,"height":2560,"caption":"Velinhas maternidade arom\u00e1ticas para celebrar a chegada de uma nova vida na fam\u00edlia."},{"@type":"BreadcrumbList","@id":"https:\/\/mimoravel.com.br\/product\/velinhas-maternidade-30g__trashed\/#breadcrumb","itemListElement":[{"@type":"ListItem","position":1,"name":"Home","item":"https:\/\/mimoravel.com.br\/"},{"@type":"ListItem","position":2,"name":"Loja","item":"https:\/\/mimoravel.com.br\/loja\/"},{"@type":"ListItem","position":3,"name":"Velinhas Maternidade C\/10unidades 30g"}]},{"@type":"WebSite","@id":"https:\/\/mimoravel.com.br\/#website","url":"https:\/\/mimoravel.com.br\/","name":"mimoravel.com.br","description":"","publisher":{"@id":"https:\/\/mimoravel.com.br\/#organization"},"potentialAction":[{"@type":"SearchAction","target":{"@type":"EntryPoint","urlTemplate":"https:\/\/mimoravel.com.br\/?s={search_term_string}"},"query-input":{"@type":"PropertyValueSpecification","valueRequired":true,"valueName":"search_term_string"}}],"inLanguage":"en-US"},{"@type":"Organization","@id":"https:\/\/mimoravel.com.br\/#organization","name":"Mimor\u00e1vel","url":"https:\/\/mimoravel.com.br\/","logo":{"@type":"ImageObject","inLanguage":"en-US","@id":"https:\/\/mimoravel.com.br\/#\/schema\/logo\/image\/","url":"https:\/\/mimoravel.com.br\/wp-content\/uploads\/2024\/10\/logo_verde-scaled.webp","contentUrl":"https:\/\/mimoravel.com.br\/wp-content\/uploads\/2024\/10\/logo_verde-scaled.webp","width":2560,"height":757,"caption":"Mimor\u00e1vel"},"image":{"@id":"https:\/\/mimoravel.com.br\/#\/schema\/logo\/image\/"},"sameAs":["https:\/\/www.instagram.com\/mimoravel_\/","https:\/\/br.pinterest.com\/mimoravel\/"]}]}},"_links":{"self":[{"href":"https:\/\/mimoravel.com.br\/en\/wp-json\/wp\/v2\/product\/2460","targetHints":{"allow":["GET"]}}],"collection":[{"href":"https:\/\/mimoravel.com.br\/en\/wp-json\/wp\/v2\/product"}],"about":[{"href":"https:\/\/mimoravel.com.br\/en\/wp-json\/wp\/v2\/types\/product"}],"replies":[{"embeddable":true,"href":"https:\/\/mimoravel.com.br\/en\/wp-json\/wp\/v2\/comments?post=2460"}],"version-history":[{"count":2,"href":"https:\/\/mimoravel.com.br\/en\/wp-json\/wp\/v2\/product\/2460\/revisions"}],"predecessor-version":[{"id":4946,"href":"https:\/\/mimoravel.com.br\/en\/wp-json\/wp\/v2\/product\/2460\/revisions\/4946"}],"wp:featuredmedia":[{"embeddable":true,"href":"https:\/\/mimoravel.com.br\/en\/wp-json\/wp\/v2\/media\/3898"}],"wp:attachment":[{"href":"https:\/\/mimoravel.com.br\/en\/wp-json\/wp\/v2\/media?parent=2460"}],"wp:term":[{"taxonomy":"product_brand","embeddable":true,"href":"https:\/\/mimoravel.com.br\/en\/wp-json\/wp\/v2\/product_brand?post=2460"},{"taxonomy":"product_cat","embeddable":true,"href":"https:\/\/mimoravel.com.br\/en\/wp-json\/wp\/v2\/product_cat?post=2460"},{"taxonomy":"product_tag","embeddable":true,"href":"https:\/\/mimoravel.com.br\/en\/wp-json\/wp\/v2\/product_tag?post=2460"}],"curies":[{"name":"wp","href":"https:\/\/api.w.org\/{rel}","templated":true}]}}