{"id":2441,"date":"2024-11-27T18:33:51","date_gmt":"2024-11-27T18:33:51","guid":{"rendered":"https:\/\/mimoravel.com.br\/?post_type=product&#038;p=2441"},"modified":"2025-02-14T18:04:08","modified_gmt":"2025-02-14T18:04:08","slug":"coadora-alba-pinus-individual","status":"publish","type":"product","link":"https:\/\/mimoravel.com.br\/en\/product\/coadora-alba-pinus-individual\/","title":{"rendered":"Coadora de Caf\u00e9 Individual &#8211; Alba Pinus"},"content":{"rendered":"<p>Transforme seu momento do caf\u00e9 em uma experi\u00eancia sensorial \u00fanica com a <em>Coadora Alba Pinus Individual Autoral<\/em>. Desenvolvida em parceria com a designer Tayn\u00e1 Kaf da WoodKaf, esta pe\u00e7a une a beleza natural da madeira de pinus com o toque sofisticado do design artesanal. Ideal para compor ambientes de caf\u00e9, escrit\u00f3rios ou cozinhas, ela traz eleg\u00e2ncia e autenticidade para o seu espa\u00e7o. Sinta o aroma, aprecie o design e torne cada caf\u00e9 uma obra de arte.<\/p>\n<h5>Caracter\u00edsticas:<\/h5>\n<ul>\n<li>Madeira Pinus com acabamento;<\/li>\n<li>Mini Filtro de algod\u00e3o;<\/li>\n<li>Design Autoral<\/li>\n<li>R\u00fastico<\/li>\n<\/ul>\n<h5>Medi\u00e7\u00e3o:<\/h5>\n<ul>\n<li>17 cm (Alt.)<\/li>\n<li>12,5cm (Comp.)<\/li>\n<li>9cm (W)<\/li>\n<\/ul>\n<p>*A medida pode variar bem sutilmente por ser um produto artesanal feito \u00e0 m\u00e3o.<\/p>\n<h5>Boas novas:<\/h5>\n<p data-start=\"123\" data-end=\"362\">Fazer caf\u00e9 vai al\u00e9m de um h\u00e1bito; \u00e9 um ritual. Por isso, a <strong data-start=\"182\" data-end=\"223\">Coadora de Caf\u00e9 Individual Alba Pinus<\/strong> torna esse momento ainda mais especial. Feita \u00e0 m\u00e3o, essa pe\u00e7a autoral combina autenticidade, funcionalidade e est\u00e9tica em cada detalhe.<\/p>\n<p data-start=\"364\" data-end=\"684\">Seja para come\u00e7ar o dia no seu ritmo ou desacelerar \u00e0 tarde, a Alba Pinus proporciona uma experi\u00eancia \u00fanica. Seu design artesanal real\u00e7a os sabores e aromas da bebida, garantindo um caf\u00e9 ainda mais saboroso. Al\u00e9m disso, como \u00e9 individual, evita desperd\u00edcios e permite que cada x\u00edcara tenha a medida perfeita para voc\u00ea.<\/p>\n<p data-start=\"686\" data-end=\"1059\">Se busca um presente memor\u00e1vel, a <strong data-start=\"720\" data-end=\"734\">Alba Pinus<\/strong> \u00e9 uma escolha certeira. Afinal, surpreende tanto amantes de caf\u00e9 quanto admiradores do feito \u00e0 m\u00e3o. Voc\u00ea pode presentear um amigo que valoriza momentos de pausa, um familiar que ama pe\u00e7as \u00fanicas ou algu\u00e9m especial que merece um toque de aconchego. Mais do que beleza, essa coadora transmite carinho e aten\u00e7\u00e3o aos detalhes.<\/p>\n<p data-start=\"1061\" data-end=\"1206\">Por fim, a <strong data-start=\"1072\" data-end=\"1094\">Coadora Alba Pinus<\/strong> convida voc\u00ea a apreciar os pequenos prazeres do dia a dia. Afinal, caf\u00e9 bom se faz com tempo, cuidado e alma.<\/p>","protected":false},"excerpt":{"rendered":"<p>Design Autoral e Elegante<\/p>","protected":false},"featured_media":3905,"comment_status":"open","ping_status":"closed","template":"","meta":{"_acf_changed":false,"_joinchat":[]},"product_brand":[],"product_cat":[64],"product_tag":[],"class_list":{"0":"post-2441","1":"product","2":"type-product","3":"status-publish","4":"has-post-thumbnail","6":"product_cat-produtos-de-madeira","8":"first","9":"instock","10":"sale","11":"taxable","12":"shipping-taxable","13":"purchasable","14":"product-type-simple","swatches":"rey-swatches","show_selected":""},"acf":[],"yoast_head":"<!-- This site is optimized with the Yoast SEO plugin v24.4 - https:\/\/yoast.com\/wordpress\/plugins\/seo\/ -->\n<title>Coadora de Caf\u00e9 Individual - Alba Pinus - mimoravel.com.br<\/title>\n<meta name=\"description\" content=\"Descubra a Coadora de Caf\u00e9 Individual Alba Pinus: feita \u00e0 m\u00e3o, exclusiva e autoral. Ideal para quem aprecia um caf\u00e9 coado com charme e autenticidade.\" \/>\n<meta name=\"robots\" content=\"index, follow, max-snippet:-1, max-image-preview:large, max-video-preview:-1\" \/>\n<link rel=\"canonical\" href=\"https:\/\/mimoravel.com.br\/en\/product\/coadora-alba-pinus-individual\/\" \/>\n<meta property=\"og:locale\" content=\"en_US\" \/>\n<meta property=\"og:type\" content=\"article\" \/>\n<meta property=\"og:title\" content=\"Coadora Autoral Alba Pinus\" \/>\n<meta property=\"og:description\" content=\"Descubra a Coadora de Caf\u00e9 Individual Alba Pinus: feita \u00e0 m\u00e3o, exclusiva e autoral. Ideal para quem aprecia um caf\u00e9 coado com charme e autenticidade.\" \/>\n<meta property=\"og:url\" content=\"https:\/\/mimoravel.com.br\/en\/product\/coadora-alba-pinus-individual\/\" \/>\n<meta property=\"og:site_name\" content=\"mimoravel.com.br\" \/>\n<meta property=\"article:publisher\" content=\"https:\/\/www.instagram.com\/mimoravel_\/\" \/>\n<meta property=\"article:modified_time\" content=\"2025-02-14T18:04:08+00:00\" \/>\n<meta property=\"og:image\" content=\"https:\/\/mimoravel.com.br\/wp-content\/uploads\/2024\/11\/MG_2563-scaled.jpg\" \/>\n\t<meta property=\"og:image:width\" content=\"1707\" \/>\n\t<meta property=\"og:image:height\" content=\"2560\" \/>\n\t<meta property=\"og:image:type\" content=\"image\/jpeg\" \/>\n<meta name=\"twitter:card\" content=\"summary_large_image\" \/>\n<meta name=\"twitter:label1\" content=\"Est. reading time\" \/>\n\t<meta name=\"twitter:data1\" content=\"2 minutes\" \/>\n<script type=\"application\/ld+json\" class=\"yoast-schema-graph\">{\"@context\":\"https:\/\/schema.org\",\"@graph\":[{\"@type\":\"WebPage\",\"@id\":\"https:\/\/mimoravel.com.br\/product\/coadora-alba-pinus-individual\/\",\"url\":\"https:\/\/mimoravel.com.br\/product\/coadora-alba-pinus-individual\/\",\"name\":\"Coadora de Caf\u00e9 Individual - Alba Pinus - mimoravel.com.br\",\"isPartOf\":{\"@id\":\"https:\/\/mimoravel.com.br\/#website\"},\"primaryImageOfPage\":{\"@id\":\"https:\/\/mimoravel.com.br\/product\/coadora-alba-pinus-individual\/#primaryimage\"},\"image\":{\"@id\":\"https:\/\/mimoravel.com.br\/product\/coadora-alba-pinus-individual\/#primaryimage\"},\"thumbnailUrl\":\"https:\/\/mimoravel.com.br\/wp-content\/uploads\/2024\/11\/MG_2563-scaled.jpg\",\"datePublished\":\"2024-11-27T18:33:51+00:00\",\"dateModified\":\"2025-02-14T18:04:08+00:00\",\"description\":\"Descubra a Coadora de Caf\u00e9 Individual Alba Pinus: feita \u00e0 m\u00e3o, exclusiva e autoral. Ideal para quem aprecia um caf\u00e9 coado com charme e autenticidade.\",\"breadcrumb\":{\"@id\":\"https:\/\/mimoravel.com.br\/product\/coadora-alba-pinus-individual\/#breadcrumb\"},\"inLanguage\":\"en-US\",\"potentialAction\":[{\"@type\":\"ReadAction\",\"target\":[\"https:\/\/mimoravel.com.br\/product\/coadora-alba-pinus-individual\/\"]}]},{\"@type\":\"ImageObject\",\"inLanguage\":\"en-US\",\"@id\":\"https:\/\/mimoravel.com.br\/product\/coadora-alba-pinus-individual\/#primaryimage\",\"url\":\"https:\/\/mimoravel.com.br\/wp-content\/uploads\/2024\/11\/MG_2563-scaled.jpg\",\"contentUrl\":\"https:\/\/mimoravel.com.br\/wp-content\/uploads\/2024\/11\/MG_2563-scaled.jpg\",\"width\":1707,\"height\":2560,\"caption\":\"Descubra a Coadora Alba Pinus: feita \u00e0 m\u00e3o, exclusiva e autoral. Ideal para quem aprecia um caf\u00e9 coado com charme e autenticidade.\"},{\"@type\":\"BreadcrumbList\",\"@id\":\"https:\/\/mimoravel.com.br\/product\/coadora-alba-pinus-individual\/#breadcrumb\",\"itemListElement\":[{\"@type\":\"ListItem\",\"position\":1,\"name\":\"Home\",\"item\":\"https:\/\/mimoravel.com.br\/\"},{\"@type\":\"ListItem\",\"position\":2,\"name\":\"Loja\",\"item\":\"https:\/\/mimoravel.com.br\/loja\/\"},{\"@type\":\"ListItem\",\"position\":3,\"name\":\"Coadora de Caf\u00e9 Individual &#8211; Alba Pinus\"}]},{\"@type\":\"WebSite\",\"@id\":\"https:\/\/mimoravel.com.br\/#website\",\"url\":\"https:\/\/mimoravel.com.br\/\",\"name\":\"mimoravel.com.br\",\"description\":\"\",\"publisher\":{\"@id\":\"https:\/\/mimoravel.com.br\/#organization\"},\"potentialAction\":[{\"@type\":\"SearchAction\",\"target\":{\"@type\":\"EntryPoint\",\"urlTemplate\":\"https:\/\/mimoravel.com.br\/?s={search_term_string}\"},\"query-input\":{\"@type\":\"PropertyValueSpecification\",\"valueRequired\":true,\"valueName\":\"search_term_string\"}}],\"inLanguage\":\"en-US\"},{\"@type\":\"Organization\",\"@id\":\"https:\/\/mimoravel.com.br\/#organization\",\"name\":\"Mimor\u00e1vel\",\"url\":\"https:\/\/mimoravel.com.br\/\",\"logo\":{\"@type\":\"ImageObject\",\"inLanguage\":\"en-US\",\"@id\":\"https:\/\/mimoravel.com.br\/#\/schema\/logo\/image\/\",\"url\":\"https:\/\/mimoravel.com.br\/wp-content\/uploads\/2024\/10\/logo_verde-scaled.webp\",\"contentUrl\":\"https:\/\/mimoravel.com.br\/wp-content\/uploads\/2024\/10\/logo_verde-scaled.webp\",\"width\":2560,\"height\":757,\"caption\":\"Mimor\u00e1vel\"},\"image\":{\"@id\":\"https:\/\/mimoravel.com.br\/#\/schema\/logo\/image\/\"},\"sameAs\":[\"https:\/\/www.instagram.com\/mimoravel_\/\",\"https:\/\/br.pinterest.com\/mimoravel\/\"]}]}<\/script>\n<!-- \/ Yoast SEO plugin. -->","yoast_head_json":{"title":"Coadora de Caf\u00e9 Individual - Alba Pinus - mimoravel.com.br","description":"Descubra a Coadora de Caf\u00e9 Individual Alba Pinus: feita \u00e0 m\u00e3o, exclusiva e autoral. Ideal para quem aprecia um caf\u00e9 coado com charme e autenticidade.","robots":{"index":"index","follow":"follow","max-snippet":"max-snippet:-1","max-image-preview":"max-image-preview:large","max-video-preview":"max-video-preview:-1"},"canonical":"https:\/\/mimoravel.com.br\/en\/product\/coadora-alba-pinus-individual\/","og_locale":"en_US","og_type":"article","og_title":"Coadora Autoral Alba Pinus","og_description":"Descubra a Coadora de Caf\u00e9 Individual Alba Pinus: feita \u00e0 m\u00e3o, exclusiva e autoral. Ideal para quem aprecia um caf\u00e9 coado com charme e autenticidade.","og_url":"https:\/\/mimoravel.com.br\/en\/product\/coadora-alba-pinus-individual\/","og_site_name":"mimoravel.com.br","article_publisher":"https:\/\/www.instagram.com\/mimoravel_\/","article_modified_time":"2025-02-14T18:04:08+00:00","og_image":[{"width":1707,"height":2560,"url":"https:\/\/mimoravel.com.br\/wp-content\/uploads\/2024\/11\/MG_2563-scaled.jpg","type":"image\/jpeg"}],"twitter_card":"summary_large_image","twitter_misc":{"Est. reading time":"2 minutes"},"schema":{"@context":"https:\/\/schema.org","@graph":[{"@type":"WebPage","@id":"https:\/\/mimoravel.com.br\/product\/coadora-alba-pinus-individual\/","url":"https:\/\/mimoravel.com.br\/product\/coadora-alba-pinus-individual\/","name":"Coadora de Caf\u00e9 Individual - Alba Pinus - mimoravel.com.br","isPartOf":{"@id":"https:\/\/mimoravel.com.br\/#website"},"primaryImageOfPage":{"@id":"https:\/\/mimoravel.com.br\/product\/coadora-alba-pinus-individual\/#primaryimage"},"image":{"@id":"https:\/\/mimoravel.com.br\/product\/coadora-alba-pinus-individual\/#primaryimage"},"thumbnailUrl":"https:\/\/mimoravel.com.br\/wp-content\/uploads\/2024\/11\/MG_2563-scaled.jpg","datePublished":"2024-11-27T18:33:51+00:00","dateModified":"2025-02-14T18:04:08+00:00","description":"Descubra a Coadora de Caf\u00e9 Individual Alba Pinus: feita \u00e0 m\u00e3o, exclusiva e autoral. Ideal para quem aprecia um caf\u00e9 coado com charme e autenticidade.","breadcrumb":{"@id":"https:\/\/mimoravel.com.br\/product\/coadora-alba-pinus-individual\/#breadcrumb"},"inLanguage":"en-US","potentialAction":[{"@type":"ReadAction","target":["https:\/\/mimoravel.com.br\/product\/coadora-alba-pinus-individual\/"]}]},{"@type":"ImageObject","inLanguage":"en-US","@id":"https:\/\/mimoravel.com.br\/product\/coadora-alba-pinus-individual\/#primaryimage","url":"https:\/\/mimoravel.com.br\/wp-content\/uploads\/2024\/11\/MG_2563-scaled.jpg","contentUrl":"https:\/\/mimoravel.com.br\/wp-content\/uploads\/2024\/11\/MG_2563-scaled.jpg","width":1707,"height":2560,"caption":"Descubra a Coadora Alba Pinus: feita \u00e0 m\u00e3o, exclusiva e autoral. Ideal para quem aprecia um caf\u00e9 coado com charme e autenticidade."},{"@type":"BreadcrumbList","@id":"https:\/\/mimoravel.com.br\/product\/coadora-alba-pinus-individual\/#breadcrumb","itemListElement":[{"@type":"ListItem","position":1,"name":"Home","item":"https:\/\/mimoravel.com.br\/"},{"@type":"ListItem","position":2,"name":"Loja","item":"https:\/\/mimoravel.com.br\/loja\/"},{"@type":"ListItem","position":3,"name":"Coadora de Caf\u00e9 Individual &#8211; Alba Pinus"}]},{"@type":"WebSite","@id":"https:\/\/mimoravel.com.br\/#website","url":"https:\/\/mimoravel.com.br\/","name":"mimoravel.com.br","description":"","publisher":{"@id":"https:\/\/mimoravel.com.br\/#organization"},"potentialAction":[{"@type":"SearchAction","target":{"@type":"EntryPoint","urlTemplate":"https:\/\/mimoravel.com.br\/?s={search_term_string}"},"query-input":{"@type":"PropertyValueSpecification","valueRequired":true,"valueName":"search_term_string"}}],"inLanguage":"en-US"},{"@type":"Organization","@id":"https:\/\/mimoravel.com.br\/#organization","name":"Mimor\u00e1vel","url":"https:\/\/mimoravel.com.br\/","logo":{"@type":"ImageObject","inLanguage":"en-US","@id":"https:\/\/mimoravel.com.br\/#\/schema\/logo\/image\/","url":"https:\/\/mimoravel.com.br\/wp-content\/uploads\/2024\/10\/logo_verde-scaled.webp","contentUrl":"https:\/\/mimoravel.com.br\/wp-content\/uploads\/2024\/10\/logo_verde-scaled.webp","width":2560,"height":757,"caption":"Mimor\u00e1vel"},"image":{"@id":"https:\/\/mimoravel.com.br\/#\/schema\/logo\/image\/"},"sameAs":["https:\/\/www.instagram.com\/mimoravel_\/","https:\/\/br.pinterest.com\/mimoravel\/"]}]}},"_links":{"self":[{"href":"https:\/\/mimoravel.com.br\/en\/wp-json\/wp\/v2\/product\/2441","targetHints":{"allow":["GET"]}}],"collection":[{"href":"https:\/\/mimoravel.com.br\/en\/wp-json\/wp\/v2\/product"}],"about":[{"href":"https:\/\/mimoravel.com.br\/en\/wp-json\/wp\/v2\/types\/product"}],"replies":[{"embeddable":true,"href":"https:\/\/mimoravel.com.br\/en\/wp-json\/wp\/v2\/comments?post=2441"}],"version-history":[{"count":2,"href":"https:\/\/mimoravel.com.br\/en\/wp-json\/wp\/v2\/product\/2441\/revisions"}],"predecessor-version":[{"id":4542,"href":"https:\/\/mimoravel.com.br\/en\/wp-json\/wp\/v2\/product\/2441\/revisions\/4542"}],"wp:featuredmedia":[{"embeddable":true,"href":"https:\/\/mimoravel.com.br\/en\/wp-json\/wp\/v2\/media\/3905"}],"wp:attachment":[{"href":"https:\/\/mimoravel.com.br\/en\/wp-json\/wp\/v2\/media?parent=2441"}],"wp:term":[{"taxonomy":"product_brand","embeddable":true,"href":"https:\/\/mimoravel.com.br\/en\/wp-json\/wp\/v2\/product_brand?post=2441"},{"taxonomy":"product_cat","embeddable":true,"href":"https:\/\/mimoravel.com.br\/en\/wp-json\/wp\/v2\/product_cat?post=2441"},{"taxonomy":"product_tag","embeddable":true,"href":"https:\/\/mimoravel.com.br\/en\/wp-json\/wp\/v2\/product_tag?post=2441"}],"curies":[{"name":"wp","href":"https:\/\/api.w.org\/{rel}","templated":true}]}}