{"id":5662,"date":"2025-11-15T23:48:22","date_gmt":"2025-11-15T23:48:22","guid":{"rendered":"https:\/\/mimoravel.com.br\/?page_id=5662"},"modified":"2025-11-18T17:18:58","modified_gmt":"2025-11-18T17:18:58","slug":"presentes-de-natal","status":"publish","type":"page","link":"https:\/\/mimoravel.com.br\/en\/presentes-de-natal\/","title":{"rendered":"Presentes de Natal"},"content":{"rendered":"<div data-elementor-type=\"wp-page\" data-elementor-id=\"5662\" class=\"elementor elementor-5662\" data-elementor-post-type=\"page\">\n\t\t\t\t<div class=\"e-con-top elementor-element elementor-element-1c9d3b7 e-flex e-con-boxed e-con e-parent\" data-id=\"1c9d3b7\" data-element_type=\"container\">\n\t\t\t\t\t<div class=\"e-con-inner\">\n\t\t\t\t<div class=\"elementor-element elementor-element-e87260f elementor-widget elementor-widget-html\" data-id=\"e87260f\" data-element_type=\"widget\" data-widget_type=\"html.default\">\n\t\t\t\t<div class=\"elementor-widget-container\">\n\t\t\t\t\t<!-- Bloco do texto + bot\u00e3o -->\r\n<div style=\"display: flex; justify-content: center; align-items: center; flex-wrap: wrap; gap: 16px; margin: 40px auto 30px; max-width: 900px; font-family: 'Baloo Tamma 2', cursive;\">\r\n  <p style=\"font-size: 17px; color: #222; margin: 0; text-transform: uppercase;\">\r\n    Sua primeira vez aqui? Temos um presente reservado para voc\u00ea.\r\n  <\/p>\r\n\r\n  <button id=\"btn-surpresa\">\r\n    Descobrir presente\r\n  <\/button>\r\n<\/div>\r\n\r\n<!-- Bloco do cupom revelado -->\r\n<div id=\"presente-revelado\">\r\n  <p style=\"margin: 0;\">\r\n    <span style=\"font-weight: 600;\">Cupom:<\/span><br>\r\n    <button id=\"copiar-cupom\">SOUMIMORAVEL<\/button><br><br>\r\n    10% de desconto na sua primeira escolha Mimor\u00e1vel.\r\n  <\/p>\r\n<\/div>\r\n\r\n<!-- Script do clique e c\u00f3pia -->\r\n<script>\r\n  document.addEventListener('DOMContentLoaded', function () {\r\n    const btn = document.getElementById('btn-surpresa');\r\n    const box = document.getElementById('presente-revelado');\r\n    const copyBtn = document.getElementById('copiar-cupom');\r\n\r\n    btn.addEventListener('click', function () {\r\n      box.style.display = 'block';\r\n      btn.style.display = 'none';\r\n    });\r\n\r\n    copyBtn.addEventListener('click', function () {\r\n      const texto = copyBtn.innerText;\r\n      navigator.clipboard.writeText(texto).then(function () {\r\n        copyBtn.innerText = 'Copiado!';\r\n        setTimeout(() => {\r\n          copyBtn.innerText = texto;\r\n        }, 1500);\r\n      });\r\n    });\r\n  });\r\n<\/script>\r\n\t\t\t\t<\/div>\n\t\t\t\t<\/div>\n\t\t\t\t\t<\/div>\n\t\t\t\t<\/div>\n\t\t<div class=\"e-con-top elementor-element elementor-element-c08dbfe e-flex e-con-boxed e-con e-parent\" data-id=\"c08dbfe\" data-element_type=\"container\">\n\t\t\t\t\t<div class=\"e-con-inner\">\n\t\t\t\t<div class=\"elementor-element elementor-element-263bfc7 elementor-widget elementor-widget-text-editor\" data-id=\"263bfc7\" data-element_type=\"widget\" data-widget_type=\"text-editor.default\">\n\t\t\t\t<div class=\"elementor-widget-container\">\n\t\t\t\t\t\t\t\t\t<p>Nossa sele\u00e7\u00e3o de produtos<\/p><p>autorais para o NATAL MIMOR\u00c1VEL<\/p>\t\t\t\t\t\t\t\t<\/div>\n\t\t\t\t<\/div>\n\t\t\t\t\t<\/div>\n\t\t\t\t<\/div>\n\t\t<div class=\"e-con-top elementor-element elementor-element-1222cc4 e-flex e-con-boxed e-con e-parent\" data-id=\"1222cc4\" data-element_type=\"container\">\n\t\t\t\t\t<div class=\"e-con-inner\">\n\t\t\t\t\t<\/div>\n\t\t\t\t<\/div>\n\t\t\t\t<\/div>","protected":false},"excerpt":{"rendered":"<p>Sua primeira vez aqui? Temos um presente reservado para voc\u00ea. Descobrir presente Cupom: SOUMIMORAVEL 10% de desconto na sua primeira escolha Mimor\u00e1vel. Nossa sele\u00e7\u00e3o de produtos autorais para o NATAL MIMOR\u00c1VEL<\/p>","protected":false},"author":2,"featured_media":0,"parent":0,"menu_order":0,"comment_status":"closed","ping_status":"closed","template":"","meta":{"_acf_changed":false,"_joinchat":[],"footnotes":""},"class_list":["post-5662","page","type-page","status-publish","hentry"],"acf":[],"yoast_head":"<!-- This site is optimized with the Yoast SEO plugin v24.4 - https:\/\/yoast.com\/wordpress\/plugins\/seo\/ -->\n<title>Presentes de Natal - mimoravel.com.br<\/title>\n<meta name=\"description\" content=\"Presentes de Natal Mimor\u00e1vel. Conhe\u00e7a nossa cole\u00e7\u00e3o de mimos de Natal com nossa caligrafia autoral. Op\u00e7\u00f5es individuais e corporativas.\" \/>\n<meta name=\"robots\" content=\"index, follow, max-snippet:-1, max-image-preview:large, max-video-preview:-1\" \/>\n<link rel=\"canonical\" href=\"https:\/\/mimoravel.com.br\/en\/presentes-de-natal\/\" \/>\n<meta property=\"og:locale\" content=\"en_US\" \/>\n<meta property=\"og:type\" content=\"article\" \/>\n<meta property=\"og:title\" content=\"Presentes de Natal - mimoravel.com.br\" \/>\n<meta property=\"og:description\" content=\"Presentes de Natal Mimor\u00e1vel. Conhe\u00e7a nossa cole\u00e7\u00e3o de mimos de Natal com nossa caligrafia autoral. Op\u00e7\u00f5es individuais e corporativas.\" \/>\n<meta property=\"og:url\" content=\"https:\/\/mimoravel.com.br\/en\/presentes-de-natal\/\" \/>\n<meta property=\"og:site_name\" content=\"mimoravel.com.br\" \/>\n<meta property=\"article:publisher\" content=\"https:\/\/www.instagram.com\/mimoravel_\/\" \/>\n<meta property=\"article:modified_time\" content=\"2025-11-18T17:18:58+00:00\" \/>\n<meta name=\"twitter:card\" content=\"summary_large_image\" \/>\n<meta name=\"twitter:label1\" content=\"Est. reading time\" \/>\n\t<meta name=\"twitter:data1\" content=\"2 minutes\" \/>\n<script type=\"application\/ld+json\" class=\"yoast-schema-graph\">{\"@context\":\"https:\/\/schema.org\",\"@graph\":[{\"@type\":\"WebPage\",\"@id\":\"https:\/\/mimoravel.com.br\/presentes-de-natal\/\",\"url\":\"https:\/\/mimoravel.com.br\/presentes-de-natal\/\",\"name\":\"Presentes de Natal - mimoravel.com.br\",\"isPartOf\":{\"@id\":\"https:\/\/mimoravel.com.br\/#website\"},\"datePublished\":\"2025-11-15T23:48:22+00:00\",\"dateModified\":\"2025-11-18T17:18:58+00:00\",\"description\":\"Presentes de Natal Mimor\u00e1vel. Conhe\u00e7a nossa cole\u00e7\u00e3o de mimos de Natal com nossa caligrafia autoral. Op\u00e7\u00f5es individuais e corporativas.\",\"breadcrumb\":{\"@id\":\"https:\/\/mimoravel.com.br\/presentes-de-natal\/#breadcrumb\"},\"inLanguage\":\"en-US\",\"potentialAction\":[{\"@type\":\"ReadAction\",\"target\":[\"https:\/\/mimoravel.com.br\/presentes-de-natal\/\"]}]},{\"@type\":\"BreadcrumbList\",\"@id\":\"https:\/\/mimoravel.com.br\/presentes-de-natal\/#breadcrumb\",\"itemListElement\":[{\"@type\":\"ListItem\",\"position\":1,\"name\":\"Home\",\"item\":\"https:\/\/mimoravel.com.br\/\"},{\"@type\":\"ListItem\",\"position\":2,\"name\":\"Presentes de Natal\"}]},{\"@type\":\"WebSite\",\"@id\":\"https:\/\/mimoravel.com.br\/#website\",\"url\":\"https:\/\/mimoravel.com.br\/\",\"name\":\"mimoravel.com.br\",\"description\":\"\",\"publisher\":{\"@id\":\"https:\/\/mimoravel.com.br\/#organization\"},\"potentialAction\":[{\"@type\":\"SearchAction\",\"target\":{\"@type\":\"EntryPoint\",\"urlTemplate\":\"https:\/\/mimoravel.com.br\/?s={search_term_string}\"},\"query-input\":{\"@type\":\"PropertyValueSpecification\",\"valueRequired\":true,\"valueName\":\"search_term_string\"}}],\"inLanguage\":\"en-US\"},{\"@type\":\"Organization\",\"@id\":\"https:\/\/mimoravel.com.br\/#organization\",\"name\":\"Mimor\u00e1vel\",\"url\":\"https:\/\/mimoravel.com.br\/\",\"logo\":{\"@type\":\"ImageObject\",\"inLanguage\":\"en-US\",\"@id\":\"https:\/\/mimoravel.com.br\/#\/schema\/logo\/image\/\",\"url\":\"https:\/\/mimoravel.com.br\/wp-content\/uploads\/2024\/10\/logo_verde-scaled.webp\",\"contentUrl\":\"https:\/\/mimoravel.com.br\/wp-content\/uploads\/2024\/10\/logo_verde-scaled.webp\",\"width\":2560,\"height\":757,\"caption\":\"Mimor\u00e1vel\"},\"image\":{\"@id\":\"https:\/\/mimoravel.com.br\/#\/schema\/logo\/image\/\"},\"sameAs\":[\"https:\/\/www.instagram.com\/mimoravel_\/\",\"https:\/\/br.pinterest.com\/mimoravel\/\"]}]}<\/script>\n<!-- \/ Yoast SEO plugin. -->","yoast_head_json":{"title":"Presentes de Natal - mimoravel.com.br","description":"Presentes de Natal Mimor\u00e1vel. Conhe\u00e7a nossa cole\u00e7\u00e3o de mimos de Natal com nossa caligrafia autoral. Op\u00e7\u00f5es individuais e corporativas.","robots":{"index":"index","follow":"follow","max-snippet":"max-snippet:-1","max-image-preview":"max-image-preview:large","max-video-preview":"max-video-preview:-1"},"canonical":"https:\/\/mimoravel.com.br\/en\/presentes-de-natal\/","og_locale":"en_US","og_type":"article","og_title":"Presentes de Natal - mimoravel.com.br","og_description":"Presentes de Natal Mimor\u00e1vel. Conhe\u00e7a nossa cole\u00e7\u00e3o de mimos de Natal com nossa caligrafia autoral. Op\u00e7\u00f5es individuais e corporativas.","og_url":"https:\/\/mimoravel.com.br\/en\/presentes-de-natal\/","og_site_name":"mimoravel.com.br","article_publisher":"https:\/\/www.instagram.com\/mimoravel_\/","article_modified_time":"2025-11-18T17:18:58+00:00","twitter_card":"summary_large_image","twitter_misc":{"Est. reading time":"2 minutes"},"schema":{"@context":"https:\/\/schema.org","@graph":[{"@type":"WebPage","@id":"https:\/\/mimoravel.com.br\/presentes-de-natal\/","url":"https:\/\/mimoravel.com.br\/presentes-de-natal\/","name":"Presentes de Natal - mimoravel.com.br","isPartOf":{"@id":"https:\/\/mimoravel.com.br\/#website"},"datePublished":"2025-11-15T23:48:22+00:00","dateModified":"2025-11-18T17:18:58+00:00","description":"Presentes de Natal Mimor\u00e1vel. Conhe\u00e7a nossa cole\u00e7\u00e3o de mimos de Natal com nossa caligrafia autoral. Op\u00e7\u00f5es individuais e corporativas.","breadcrumb":{"@id":"https:\/\/mimoravel.com.br\/presentes-de-natal\/#breadcrumb"},"inLanguage":"en-US","potentialAction":[{"@type":"ReadAction","target":["https:\/\/mimoravel.com.br\/presentes-de-natal\/"]}]},{"@type":"BreadcrumbList","@id":"https:\/\/mimoravel.com.br\/presentes-de-natal\/#breadcrumb","itemListElement":[{"@type":"ListItem","position":1,"name":"Home","item":"https:\/\/mimoravel.com.br\/"},{"@type":"ListItem","position":2,"name":"Presentes de Natal"}]},{"@type":"WebSite","@id":"https:\/\/mimoravel.com.br\/#website","url":"https:\/\/mimoravel.com.br\/","name":"mimoravel.com.br","description":"","publisher":{"@id":"https:\/\/mimoravel.com.br\/#organization"},"potentialAction":[{"@type":"SearchAction","target":{"@type":"EntryPoint","urlTemplate":"https:\/\/mimoravel.com.br\/?s={search_term_string}"},"query-input":{"@type":"PropertyValueSpecification","valueRequired":true,"valueName":"search_term_string"}}],"inLanguage":"en-US"},{"@type":"Organization","@id":"https:\/\/mimoravel.com.br\/#organization","name":"Mimor\u00e1vel","url":"https:\/\/mimoravel.com.br\/","logo":{"@type":"ImageObject","inLanguage":"en-US","@id":"https:\/\/mimoravel.com.br\/#\/schema\/logo\/image\/","url":"https:\/\/mimoravel.com.br\/wp-content\/uploads\/2024\/10\/logo_verde-scaled.webp","contentUrl":"https:\/\/mimoravel.com.br\/wp-content\/uploads\/2024\/10\/logo_verde-scaled.webp","width":2560,"height":757,"caption":"Mimor\u00e1vel"},"image":{"@id":"https:\/\/mimoravel.com.br\/#\/schema\/logo\/image\/"},"sameAs":["https:\/\/www.instagram.com\/mimoravel_\/","https:\/\/br.pinterest.com\/mimoravel\/"]}]}},"_links":{"self":[{"href":"https:\/\/mimoravel.com.br\/en\/wp-json\/wp\/v2\/pages\/5662","targetHints":{"allow":["GET"]}}],"collection":[{"href":"https:\/\/mimoravel.com.br\/en\/wp-json\/wp\/v2\/pages"}],"about":[{"href":"https:\/\/mimoravel.com.br\/en\/wp-json\/wp\/v2\/types\/page"}],"author":[{"embeddable":true,"href":"https:\/\/mimoravel.com.br\/en\/wp-json\/wp\/v2\/users\/2"}],"replies":[{"embeddable":true,"href":"https:\/\/mimoravel.com.br\/en\/wp-json\/wp\/v2\/comments?post=5662"}],"version-history":[{"count":15,"href":"https:\/\/mimoravel.com.br\/en\/wp-json\/wp\/v2\/pages\/5662\/revisions"}],"predecessor-version":[{"id":5689,"href":"https:\/\/mimoravel.com.br\/en\/wp-json\/wp\/v2\/pages\/5662\/revisions\/5689"}],"wp:attachment":[{"href":"https:\/\/mimoravel.com.br\/en\/wp-json\/wp\/v2\/media?parent=5662"}],"curies":[{"name":"wp","href":"https:\/\/api.w.org\/{rel}","templated":true}]}}