{"id":2655,"date":"2024-11-27T05:03:53","date_gmt":"2024-11-27T05:03:53","guid":{"rendered":"https:\/\/mimoravel.com.br\/our-saga\/"},"modified":"2025-02-26T12:38:02","modified_gmt":"2025-02-26T12:38:02","slug":"colecoes","status":"publish","type":"page","link":"https:\/\/mimoravel.com.br\/en\/colecoes\/","title":{"rendered":"Cole\u00e7\u00f5es"},"content":{"rendered":"<div data-elementor-type=\"wp-page\" data-elementor-id=\"2655\" class=\"elementor elementor-2655\" data-elementor-post-type=\"page\">\n\t\t\t\t<div class=\"e-con-top elementor-element elementor-element-30eed4b e-flex e-con-boxed e-con e-parent\" data-id=\"30eed4b\" data-element_type=\"container\">\n\t\t\t\t\t<div class=\"e-con-inner\">\n\t\t\t\t<div class=\"elementor-element elementor-element-1a3423a elementor-widget elementor-widget-text-editor\" data-id=\"1a3423a\" data-element_type=\"widget\" data-widget_type=\"text-editor.default\">\n\t\t\t\t<div class=\"elementor-widget-container\">\n\t\t\t\t\t\t\t\t\t<p>DESCUBRA OS PRODUTOS AUTORAIS DA MIMOR\u00c1VEL<\/p>\t\t\t\t\t\t\t\t<\/div>\n\t\t\t\t<\/div>\n\t\t<div class=\"elementor-element elementor-element-af68b04 e-con-full e-flex e-con e-child\" data-id=\"af68b04\" data-element_type=\"container\">\n\t\t\t\t<div class=\"elementor-element elementor-element-9777a9a elementor-widget elementor-widget-text-editor\" data-id=\"9777a9a\" data-element_type=\"widget\" data-widget_type=\"text-editor.default\">\n\t\t\t\t<div class=\"elementor-widget-container\">\n\t\t\t\t\t\t\t\t\t<p><span style=\"\">VEJA ABAIXO NOSSAS COLE\u00c7\u00d5ES<\/span><\/p>\t\t\t\t\t\t\t\t<\/div>\n\t\t\t\t<\/div>\n\t\t\t\t<\/div>\n\t\t\t\t\t<\/div>\n\t\t\t\t<\/div>\n\t\t<div class=\"e-con-top elementor-element elementor-element-91add0a e-flex e-con-boxed e-con e-parent\" data-id=\"91add0a\" data-element_type=\"container\">\n\t\t\t\t\t<div class=\"e-con-inner\">\n\t\t<div class=\"elementor-element elementor-element-fc5e6be e-con-full e-flex e-con e-child\" data-id=\"fc5e6be\" data-element_type=\"container\">\n\t\t\t\t<div class=\"elementor-element elementor-element-cda183d elementor-widget elementor-widget-reycore-hoverbox-distortion\" data-id=\"cda183d\" data-element_type=\"widget\" data-widget_type=\"reycore-hoverbox-distortion.default\">\n\t\t\t\t<div class=\"elementor-widget-container\">\n\t\t\t\t\t<a class=\"rey-hoverBox\" data-state=\"one\" href=\"https:\/\/mimoravel.com.br\/en\/product-category\/produto-caneca-personalizada\/\" data-css-tr=\"\">\n\t\t<div class=\"__images\">\n\n\t\t\t<img fetchpriority=\"high\" decoding=\"async\" src=\"https:\/\/mimoravel.com.br\/wp-content\/uploads\/2024\/11\/20221201101723__MG_2363-683x1024.jpg\" width=\"683\" height=\"1024\" class=\"__img __img-active\" alt=\"\">\t\t<\/div>\n\n\t\t<div class=\"__imagesBg\"><\/div>\n\t\t\n\t\t<div class=\"__text\">\n\n\t\t\t<h3 class=\"__textTop __hoverItem top-caption--always\">CANECAS<\/h3><div class=\"__btn __hoverItem captions--show\"><div class=\"btn btn-primary-outline\">VEJA MAIS<\/div>\n\t\t\t\t<\/div>\n\t\t\t\n\t\t<\/div>\n\t\t<\/a>\t\t\t\t<\/div>\n\t\t\t\t<\/div>\n\t\t\t\t<\/div>\n\t\t<div class=\"elementor-element elementor-element-3c8084e e-con-full e-flex e-con e-child\" data-id=\"3c8084e\" data-element_type=\"container\">\n\t\t\t\t<div class=\"elementor-element elementor-element-c37da88 elementor-widget elementor-widget-reycore-hoverbox-distortion\" data-id=\"c37da88\" data-element_type=\"widget\" data-widget_type=\"reycore-hoverbox-distortion.default\">\n\t\t\t\t<div class=\"elementor-widget-container\">\n\t\t\t\t\t<a class=\"rey-hoverBox\" data-state=\"one\" href=\"https:\/\/mimoravel.com.br\/en\/product-category\/garrafas\/\" data-css-tr=\"\">\n\t\t<div class=\"__images\">\n\n\t\t\t<img decoding=\"async\" src=\"https:\/\/mimoravel.com.br\/wp-content\/uploads\/2025\/02\/MG_1125-683x1024.jpg\" width=\"683\" height=\"1024\" class=\"__img __img-active\" alt=\"Garrafa T\u00e9rmica Van Gogh com girass\u00f3is\">\t\t<\/div>\n\n\t\t<div class=\"__imagesBg\"><\/div>\n\t\t\n\t\t<div class=\"__text\">\n\n\t\t\t<h3 class=\"__textTop __hoverItem top-caption--always\">GARRAFAS<\/h3><div class=\"__btn __hoverItem captions--show\"><div class=\"btn btn-primary-outline\">VEJA MAIS<\/div>\n\t\t\t\t<\/div>\n\t\t\t\n\t\t<\/div>\n\t\t<\/a>\t\t\t\t<\/div>\n\t\t\t\t<\/div>\n\t\t\t\t<\/div>\n\t\t<div class=\"elementor-element elementor-element-db74b73 e-con-full e-flex e-con e-child\" data-id=\"db74b73\" data-element_type=\"container\">\n\t\t\t\t<div class=\"elementor-element elementor-element-6edbb2a elementor-widget elementor-widget-reycore-hoverbox-distortion\" data-id=\"6edbb2a\" data-element_type=\"widget\" data-widget_type=\"reycore-hoverbox-distortion.default\">\n\t\t\t\t<div class=\"elementor-widget-container\">\n\t\t\t\t\t<a class=\"rey-hoverBox\" data-state=\"one\" href=\"https:\/\/mimoravel.com.br\/en\/product-category\/velas-aromaticas\/\" data-css-tr=\"\">\n\t\t<div class=\"__images\">\n\n\t\t\t<img decoding=\"async\" src=\"https:\/\/mimoravel.com.br\/wp-content\/uploads\/2024\/11\/MG_2549-683x1024.jpg\" width=\"683\" height=\"1024\" class=\"__img __img-active\" alt=\"Velinhas maternidade arom\u00e1ticas para celebrar a chegada de uma nova vida na fam\u00edlia.\">\t\t<\/div>\n\n\t\t<div class=\"__imagesBg\"><\/div>\n\t\t\n\t\t<div class=\"__text\">\n\n\t\t\t<h3 class=\"__textTop __hoverItem top-caption--always\">VELAS AROM\u00c1TICAS<\/h3><div class=\"__btn __hoverItem captions--show\"><div class=\"btn btn-primary-outline\">VEJA MAIS<\/div>\n\t\t\t\t<\/div>\n\t\t\t\n\t\t<\/div>\n\t\t<\/a>\t\t\t\t<\/div>\n\t\t\t\t<\/div>\n\t\t\t\t<\/div>\n\t\t<div class=\"elementor-element elementor-element-732372b e-con-full e-flex e-con e-child\" data-id=\"732372b\" data-element_type=\"container\">\n\t\t\t\t<div class=\"elementor-element elementor-element-82954ce elementor-widget elementor-widget-reycore-hoverbox-distortion\" data-id=\"82954ce\" data-element_type=\"widget\" data-widget_type=\"reycore-hoverbox-distortion.default\">\n\t\t\t\t<div class=\"elementor-widget-container\">\n\t\t\t\t\t<a class=\"rey-hoverBox\" data-state=\"one\" href=\"https:\/\/mimoravel.com.br\/en\/product-category\/laser\/\" data-css-tr=\"\">\n\t\t<div class=\"__images\">\n\n\t\t\t<img loading=\"lazy\" decoding=\"async\" src=\"https:\/\/mimoravel.com.br\/wp-content\/uploads\/2025\/02\/6-_MG_2676-683x1024.jpg\" width=\"683\" height=\"1024\" class=\"__img __img-active\" alt=\"\">\t\t<\/div>\n\n\t\t<div class=\"__imagesBg\"><\/div>\n\t\t\n\t\t<div class=\"__text\">\n\n\t\t\t<h3 class=\"__textTop __hoverItem top-caption--always\">GRAVADOS A LASER<\/h3><div class=\"__btn __hoverItem captions--show\"><div class=\"btn btn-primary-outline\">VEJA MAIS<\/div>\n\t\t\t\t<\/div>\n\t\t\t\n\t\t<\/div>\n\t\t<\/a>\t\t\t\t<\/div>\n\t\t\t\t<\/div>\n\t\t\t\t<\/div>\n\t\t\t\t\t<\/div>\n\t\t\t\t<\/div>\n\t\t<div class=\"e-con-top elementor-element elementor-element-44b5985 e-flex e-con-boxed e-con e-parent\" data-id=\"44b5985\" data-element_type=\"container\">\n\t\t\t\t\t<div class=\"e-con-inner\">\n\t\t<div class=\"elementor-element elementor-element-39464ac e-con-full e-flex e-con e-child\" data-id=\"39464ac\" data-element_type=\"container\">\n\t\t\t\t<div class=\"elementor-element elementor-element-5fd8b24 elementor-widget elementor-widget-reycore-hoverbox-distortion\" data-id=\"5fd8b24\" data-element_type=\"widget\" data-widget_type=\"reycore-hoverbox-distortion.default\">\n\t\t\t\t<div class=\"elementor-widget-container\">\n\t\t\t\t\t<a class=\"rey-hoverBox\" data-state=\"one\" href=\"https:\/\/mimoravel.com.br\/en\/product-category\/papelaria\/\" data-css-tr=\"\">\n\t\t<div class=\"__images\">\n\n\t\t\t<img loading=\"lazy\" decoding=\"async\" src=\"https:\/\/mimoravel.com.br\/wp-content\/uploads\/2025\/02\/3-_MG_2627-683x1024.jpg\" width=\"683\" height=\"1024\" class=\"__img __img-active\" alt=\"Bloquinho de anota\u00e7\u00e3o para o dia da mulher como brinde corporativo.\">\t\t<\/div>\n\n\t\t<div class=\"__imagesBg\"><\/div>\n\t\t\n\t\t<div class=\"__text\">\n\n\t\t\t<h3 class=\"__textTop __hoverItem top-caption--always\">PAPELARIA<\/h3><div class=\"__btn __hoverItem captions--show\"><div class=\"btn btn-primary-outline\">VEJA MAIS<\/div>\n\t\t\t\t<\/div>\n\t\t\t\n\t\t<\/div>\n\t\t<\/a>\t\t\t\t<\/div>\n\t\t\t\t<\/div>\n\t\t\t\t<\/div>\n\t\t<div class=\"elementor-element elementor-element-077edac e-con-full e-flex e-con e-child\" data-id=\"077edac\" data-element_type=\"container\">\n\t\t\t\t<div class=\"elementor-element elementor-element-a88c25e elementor-widget elementor-widget-reycore-hoverbox-distortion\" data-id=\"a88c25e\" data-element_type=\"widget\" data-widget_type=\"reycore-hoverbox-distortion.default\">\n\t\t\t\t<div class=\"elementor-widget-container\">\n\t\t\t\t\t<a class=\"rey-hoverBox\" data-state=\"one\" href=\"https:\/\/mimoravel.com.br\/en\/product-category\/produtos-de-madeira\/\" data-css-tr=\"\">\n\t\t<div class=\"__images\">\n\n\t\t\t<img loading=\"lazy\" decoding=\"async\" src=\"https:\/\/mimoravel.com.br\/wp-content\/uploads\/2024\/11\/MG_2563-683x1024.jpg\" width=\"683\" height=\"1024\" class=\"__img __img-active\" alt=\"Descubra a Coadora Alba Pinus: feita \u00e0 m\u00e3o, exclusiva e autoral. Ideal para quem aprecia um caf\u00e9 coado com charme e autenticidade.\">\t\t<\/div>\n\n\t\t<div class=\"__imagesBg\"><\/div>\n\t\t\n\t\t<div class=\"__text\">\n\n\t\t\t<h3 class=\"__textTop __hoverItem top-caption--always\">PRODUTOS DE MADEIRA<\/h3><div class=\"__btn __hoverItem captions--show\"><div class=\"btn btn-primary-outline\">VEJA MAIS<\/div>\n\t\t\t\t<\/div>\n\t\t\t\n\t\t<\/div>\n\t\t<\/a>\t\t\t\t<\/div>\n\t\t\t\t<\/div>\n\t\t\t\t<\/div>\n\t\t<div class=\"elementor-element elementor-element-83a0205 e-con-full e-flex e-con e-child\" data-id=\"83a0205\" data-element_type=\"container\">\n\t\t\t\t<div class=\"elementor-element elementor-element-2529be1 elementor-widget elementor-widget-reycore-hoverbox-distortion\" data-id=\"2529be1\" data-element_type=\"widget\" data-widget_type=\"reycore-hoverbox-distortion.default\">\n\t\t\t\t<div class=\"elementor-widget-container\">\n\t\t\t\t\t<a class=\"rey-hoverBox\" data-state=\"one\" href=\"https:\/\/mimoravel.com.br\/en\/product-category\/bordados\/\" data-css-tr=\"\">\n\t\t<div class=\"__images\">\n\n\t\t\t<img loading=\"lazy\" decoding=\"async\" src=\"https:\/\/mimoravel.com.br\/wp-content\/uploads\/2025\/02\/4-_MG_3479-683x1024.jpg\" width=\"683\" height=\"1024\" class=\"__img __img-active\" alt=\"Bastidor Maternidade\">\t\t<\/div>\n\n\t\t<div class=\"__imagesBg\"><\/div>\n\t\t\n\t\t<div class=\"__text\">\n\n\t\t\t<h3 class=\"__textTop __hoverItem top-caption--always\">BORDADOS<\/h3><div class=\"__btn __hoverItem captions--show\"><div class=\"btn btn-primary-outline\">VEJA MAIS<\/div>\n\t\t\t\t<\/div>\n\t\t\t\n\t\t<\/div>\n\t\t<\/a>\t\t\t\t<\/div>\n\t\t\t\t<\/div>\n\t\t\t\t<\/div>\n\t\t<div class=\"elementor-element elementor-element-beb2de3 e-con-full e-flex e-con e-child\" data-id=\"beb2de3\" data-element_type=\"container\">\n\t\t\t\t<div class=\"elementor-element elementor-element-c2edb8b elementor-widget elementor-widget-reycore-hoverbox-distortion\" data-id=\"c2edb8b\" data-element_type=\"widget\" data-widget_type=\"reycore-hoverbox-distortion.default\">\n\t\t\t\t<div class=\"elementor-widget-container\">\n\t\t\t\t\t<a class=\"rey-hoverBox\" data-state=\"one\" href=\"https:\/\/mimoravel.com.br\/en\/product-category\/chaveiros\/\" data-css-tr=\"\">\n\t\t<div class=\"__images\">\n\n\t\t\t<img loading=\"lazy\" decoding=\"async\" src=\"https:\/\/mimoravel.com.br\/wp-content\/uploads\/2025\/02\/MG_2920-683x1024.jpg\" width=\"683\" height=\"1024\" class=\"__img __img-active\" alt=\"\">\t\t<\/div>\n\n\t\t<div class=\"__imagesBg\"><\/div>\n\t\t\n\t\t<div class=\"__text\">\n\n\t\t\t<h3 class=\"__textTop __hoverItem top-caption--always\">CHAVEIROS<\/h3><div class=\"__btn __hoverItem captions--show\"><div class=\"btn btn-primary-outline\">VEJA MAIS<\/div>\n\t\t\t\t<\/div>\n\t\t\t\n\t\t<\/div>\n\t\t<\/a>\t\t\t\t<\/div>\n\t\t\t\t<\/div>\n\t\t\t\t<\/div>\n\t\t\t\t\t<\/div>\n\t\t\t\t<\/div>\n\t\t\t\t<\/div>","protected":false},"excerpt":{"rendered":"<p>DESCUBRA OS PRODUTOS AUTORAIS DA MIMOR\u00c1VEL VEJA ABAIXO NOSSAS COLE\u00c7\u00d5ES CANECAS VEJA MAIS GARRAFAS VEJA MAIS VELAS AROM\u00c1TICAS VEJA MAIS GRAVADOS A LASER VEJA MAIS PAPELARIA VEJA MAIS PRODUTOS DE MADEIRA VEJA MAIS BORDADOS VEJA MAIS CHAVEIROS VEJA MAIS<\/p>","protected":false},"author":1,"featured_media":0,"parent":0,"menu_order":0,"comment_status":"closed","ping_status":"closed","template":"template-builder.php","meta":{"_acf_changed":false,"_joinchat":[],"footnotes":""},"class_list":["post-2655","page","type-page","status-publish","hentry"],"acf":[],"yoast_head":"<!-- This site is optimized with the Yoast SEO plugin v24.4 - https:\/\/yoast.com\/wordpress\/plugins\/seo\/ -->\n<title>Cole\u00e7\u00f5es - mimoravel.com.br<\/title>\n<meta name=\"description\" content=\"Conhe\u00e7a nossas cole\u00e7\u00f5es de presentes autorais. Desenhados de forma naturalista, com foco em fazer voc\u00ea se destacar em ocasi\u00f5es especiais.\" \/>\n<meta name=\"robots\" content=\"index, follow, max-snippet:-1, max-image-preview:large, max-video-preview:-1\" \/>\n<link rel=\"canonical\" href=\"https:\/\/mimoravel.com.br\/en\/colecoes\/\" \/>\n<meta property=\"og:locale\" content=\"en_US\" \/>\n<meta property=\"og:type\" content=\"article\" \/>\n<meta property=\"og:title\" content=\"Categorias de Produtos Mimor\u00e1vel\" \/>\n<meta property=\"og:description\" content=\"Descubra nossos presentes autorais!\" \/>\n<meta property=\"og:url\" content=\"https:\/\/mimoravel.com.br\/en\/colecoes\/\" \/>\n<meta property=\"og:site_name\" content=\"mimoravel.com.br\" \/>\n<meta property=\"article:publisher\" content=\"https:\/\/www.instagram.com\/mimoravel_\/\" \/>\n<meta property=\"article:modified_time\" content=\"2025-02-26T12:38:02+00:00\" \/>\n<meta property=\"og:image\" content=\"https:\/\/mimoravel.com.br\/wp-content\/uploads\/2025\/02\/19-20231203153810__MG_7172.jpg\" \/>\n\t<meta property=\"og:image:width\" content=\"1125\" \/>\n\t<meta property=\"og:image:height\" content=\"1687\" \/>\n\t<meta property=\"og:image:type\" content=\"image\/jpeg\" \/>\n<meta name=\"twitter:card\" content=\"summary_large_image\" \/>\n<meta name=\"twitter:label1\" content=\"Est. reading time\" \/>\n\t<meta name=\"twitter:data1\" content=\"2 minutes\" \/>\n<script type=\"application\/ld+json\" class=\"yoast-schema-graph\">{\"@context\":\"https:\/\/schema.org\",\"@graph\":[{\"@type\":\"WebPage\",\"@id\":\"https:\/\/mimoravel.com.br\/colecoes\/\",\"url\":\"https:\/\/mimoravel.com.br\/colecoes\/\",\"name\":\"Cole\u00e7\u00f5es - mimoravel.com.br\",\"isPartOf\":{\"@id\":\"https:\/\/mimoravel.com.br\/#website\"},\"primaryImageOfPage\":{\"@id\":\"https:\/\/mimoravel.com.br\/colecoes\/#primaryimage\"},\"image\":{\"@id\":\"https:\/\/mimoravel.com.br\/colecoes\/#primaryimage\"},\"thumbnailUrl\":\"https:\/\/mimoravel.com.br\/wp-content\/uploads\/2024\/11\/20221201101723__MG_2363-683x1024.jpg\",\"datePublished\":\"2024-11-27T05:03:53+00:00\",\"dateModified\":\"2025-02-26T12:38:02+00:00\",\"description\":\"Conhe\u00e7a nossas cole\u00e7\u00f5es de presentes autorais. Desenhados de forma naturalista, com foco em fazer voc\u00ea se destacar em ocasi\u00f5es especiais.\",\"breadcrumb\":{\"@id\":\"https:\/\/mimoravel.com.br\/colecoes\/#breadcrumb\"},\"inLanguage\":\"en-US\",\"potentialAction\":[{\"@type\":\"ReadAction\",\"target\":[\"https:\/\/mimoravel.com.br\/colecoes\/\"]}]},{\"@type\":\"ImageObject\",\"inLanguage\":\"en-US\",\"@id\":\"https:\/\/mimoravel.com.br\/colecoes\/#primaryimage\",\"url\":\"https:\/\/mimoravel.com.br\/wp-content\/uploads\/2024\/11\/20221201101723__MG_2363-683x1024.jpg\",\"contentUrl\":\"https:\/\/mimoravel.com.br\/wp-content\/uploads\/2024\/11\/20221201101723__MG_2363-683x1024.jpg\"},{\"@type\":\"BreadcrumbList\",\"@id\":\"https:\/\/mimoravel.com.br\/colecoes\/#breadcrumb\",\"itemListElement\":[{\"@type\":\"ListItem\",\"position\":1,\"name\":\"Home\",\"item\":\"https:\/\/mimoravel.com.br\/\"},{\"@type\":\"ListItem\",\"position\":2,\"name\":\"Cole\u00e7\u00f5es\"}]},{\"@type\":\"WebSite\",\"@id\":\"https:\/\/mimoravel.com.br\/#website\",\"url\":\"https:\/\/mimoravel.com.br\/\",\"name\":\"mimoravel.com.br\",\"description\":\"\",\"publisher\":{\"@id\":\"https:\/\/mimoravel.com.br\/#organization\"},\"potentialAction\":[{\"@type\":\"SearchAction\",\"target\":{\"@type\":\"EntryPoint\",\"urlTemplate\":\"https:\/\/mimoravel.com.br\/?s={search_term_string}\"},\"query-input\":{\"@type\":\"PropertyValueSpecification\",\"valueRequired\":true,\"valueName\":\"search_term_string\"}}],\"inLanguage\":\"en-US\"},{\"@type\":\"Organization\",\"@id\":\"https:\/\/mimoravel.com.br\/#organization\",\"name\":\"Mimor\u00e1vel\",\"url\":\"https:\/\/mimoravel.com.br\/\",\"logo\":{\"@type\":\"ImageObject\",\"inLanguage\":\"en-US\",\"@id\":\"https:\/\/mimoravel.com.br\/#\/schema\/logo\/image\/\",\"url\":\"https:\/\/mimoravel.com.br\/wp-content\/uploads\/2024\/10\/logo_verde-scaled.webp\",\"contentUrl\":\"https:\/\/mimoravel.com.br\/wp-content\/uploads\/2024\/10\/logo_verde-scaled.webp\",\"width\":2560,\"height\":757,\"caption\":\"Mimor\u00e1vel\"},\"image\":{\"@id\":\"https:\/\/mimoravel.com.br\/#\/schema\/logo\/image\/\"},\"sameAs\":[\"https:\/\/www.instagram.com\/mimoravel_\/\",\"https:\/\/br.pinterest.com\/mimoravel\/\"]}]}<\/script>\n<!-- \/ Yoast SEO plugin. -->","yoast_head_json":{"title":"Cole\u00e7\u00f5es - mimoravel.com.br","description":"Conhe\u00e7a nossas cole\u00e7\u00f5es de presentes autorais. Desenhados de forma naturalista, com foco em fazer voc\u00ea se destacar em ocasi\u00f5es especiais.","robots":{"index":"index","follow":"follow","max-snippet":"max-snippet:-1","max-image-preview":"max-image-preview:large","max-video-preview":"max-video-preview:-1"},"canonical":"https:\/\/mimoravel.com.br\/en\/colecoes\/","og_locale":"en_US","og_type":"article","og_title":"Categorias de Produtos Mimor\u00e1vel","og_description":"Descubra nossos presentes autorais!","og_url":"https:\/\/mimoravel.com.br\/en\/colecoes\/","og_site_name":"mimoravel.com.br","article_publisher":"https:\/\/www.instagram.com\/mimoravel_\/","article_modified_time":"2025-02-26T12:38:02+00:00","og_image":[{"width":1125,"height":1687,"url":"https:\/\/mimoravel.com.br\/wp-content\/uploads\/2025\/02\/19-20231203153810__MG_7172.jpg","type":"image\/jpeg"}],"twitter_card":"summary_large_image","twitter_misc":{"Est. reading time":"2 minutes"},"schema":{"@context":"https:\/\/schema.org","@graph":[{"@type":"WebPage","@id":"https:\/\/mimoravel.com.br\/colecoes\/","url":"https:\/\/mimoravel.com.br\/colecoes\/","name":"Cole\u00e7\u00f5es - mimoravel.com.br","isPartOf":{"@id":"https:\/\/mimoravel.com.br\/#website"},"primaryImageOfPage":{"@id":"https:\/\/mimoravel.com.br\/colecoes\/#primaryimage"},"image":{"@id":"https:\/\/mimoravel.com.br\/colecoes\/#primaryimage"},"thumbnailUrl":"https:\/\/mimoravel.com.br\/wp-content\/uploads\/2024\/11\/20221201101723__MG_2363-683x1024.jpg","datePublished":"2024-11-27T05:03:53+00:00","dateModified":"2025-02-26T12:38:02+00:00","description":"Conhe\u00e7a nossas cole\u00e7\u00f5es de presentes autorais. Desenhados de forma naturalista, com foco em fazer voc\u00ea se destacar em ocasi\u00f5es especiais.","breadcrumb":{"@id":"https:\/\/mimoravel.com.br\/colecoes\/#breadcrumb"},"inLanguage":"en-US","potentialAction":[{"@type":"ReadAction","target":["https:\/\/mimoravel.com.br\/colecoes\/"]}]},{"@type":"ImageObject","inLanguage":"en-US","@id":"https:\/\/mimoravel.com.br\/colecoes\/#primaryimage","url":"https:\/\/mimoravel.com.br\/wp-content\/uploads\/2024\/11\/20221201101723__MG_2363-683x1024.jpg","contentUrl":"https:\/\/mimoravel.com.br\/wp-content\/uploads\/2024\/11\/20221201101723__MG_2363-683x1024.jpg"},{"@type":"BreadcrumbList","@id":"https:\/\/mimoravel.com.br\/colecoes\/#breadcrumb","itemListElement":[{"@type":"ListItem","position":1,"name":"Home","item":"https:\/\/mimoravel.com.br\/"},{"@type":"ListItem","position":2,"name":"Cole\u00e7\u00f5es"}]},{"@type":"WebSite","@id":"https:\/\/mimoravel.com.br\/#website","url":"https:\/\/mimoravel.com.br\/","name":"mimoravel.com.br","description":"","publisher":{"@id":"https:\/\/mimoravel.com.br\/#organization"},"potentialAction":[{"@type":"SearchAction","target":{"@type":"EntryPoint","urlTemplate":"https:\/\/mimoravel.com.br\/?s={search_term_string}"},"query-input":{"@type":"PropertyValueSpecification","valueRequired":true,"valueName":"search_term_string"}}],"inLanguage":"en-US"},{"@type":"Organization","@id":"https:\/\/mimoravel.com.br\/#organization","name":"Mimor\u00e1vel","url":"https:\/\/mimoravel.com.br\/","logo":{"@type":"ImageObject","inLanguage":"en-US","@id":"https:\/\/mimoravel.com.br\/#\/schema\/logo\/image\/","url":"https:\/\/mimoravel.com.br\/wp-content\/uploads\/2024\/10\/logo_verde-scaled.webp","contentUrl":"https:\/\/mimoravel.com.br\/wp-content\/uploads\/2024\/10\/logo_verde-scaled.webp","width":2560,"height":757,"caption":"Mimor\u00e1vel"},"image":{"@id":"https:\/\/mimoravel.com.br\/#\/schema\/logo\/image\/"},"sameAs":["https:\/\/www.instagram.com\/mimoravel_\/","https:\/\/br.pinterest.com\/mimoravel\/"]}]}},"_links":{"self":[{"href":"https:\/\/mimoravel.com.br\/en\/wp-json\/wp\/v2\/pages\/2655","targetHints":{"allow":["GET"]}}],"collection":[{"href":"https:\/\/mimoravel.com.br\/en\/wp-json\/wp\/v2\/pages"}],"about":[{"href":"https:\/\/mimoravel.com.br\/en\/wp-json\/wp\/v2\/types\/page"}],"author":[{"embeddable":true,"href":"https:\/\/mimoravel.com.br\/en\/wp-json\/wp\/v2\/users\/1"}],"replies":[{"embeddable":true,"href":"https:\/\/mimoravel.com.br\/en\/wp-json\/wp\/v2\/comments?post=2655"}],"version-history":[{"count":38,"href":"https:\/\/mimoravel.com.br\/en\/wp-json\/wp\/v2\/pages\/2655\/revisions"}],"predecessor-version":[{"id":5320,"href":"https:\/\/mimoravel.com.br\/en\/wp-json\/wp\/v2\/pages\/2655\/revisions\/5320"}],"wp:attachment":[{"href":"https:\/\/mimoravel.com.br\/en\/wp-json\/wp\/v2\/media?parent=2655"}],"curies":[{"name":"wp","href":"https:\/\/api.w.org\/{rel}","templated":true}]}}